{"id":1254,"date":"2025-11-12T08:08:20","date_gmt":"2025-11-12T08:08:20","guid":{"rendered":"https:\/\/www.kedali.com\/?post_type=product&#038;p=1254"},"modified":"2026-01-22T09:16:36","modified_gmt":"2026-01-22T09:16:36","slug":"wholesale-modern-minimalist-ceramic-soap-dispensers","status":"publish","type":"product","link":"https:\/\/www.kedali.com\/de\/produkt\/wholesale-modern-minimalist-ceramic-soap-dispensers\/","title":{"rendered":"Gro\u00dfhandel Keramik Seifenspender - Moderne minimalistische schwarz und wei\u00df Bad-Accessoires"},"content":{"rendered":"<div class=\"wp-block-columns is-layout-flex wp-container-core-columns-is-layout-9d6595d7 wp-block-columns-is-layout-flex\">\n<div class=\"wp-block-column is-layout-flow wp-block-column-is-layout-flow\">\n<h3 class=\"wp-block-heading\">Merkmale von Keramikseifenspendern<\/h3>\n\n\n\n<ul class=\"wp-block-list\">\n<li><strong>Einzigartiges Design:<\/strong> Gro\u00dfhandels-Keramikseifenspender zeichnen sich durch einzigartige abstrakte menschliche Figuren aus, die sie nicht nur zu praktischen Badezimmer-Accessoires, sondern auch zu einem Teil der Badezimmereinrichtung machen.<\/li>\n\n\n\n<li><strong>Qualit\u00e4t der Materialien:<\/strong> Im Vergleich zu Seifenspendern aus Kunststoff bietet Keramik eine hochwertige, solide Haptik und eine glatte, leicht zu reinigende, gl\u00e4nzende Oberfl\u00e4che.<\/li>\n\n\n\n<li><strong>Nachf\u00fcllbar:<\/strong> Da sie nachf\u00fcllbar sind, stellen sie eine nachhaltige Langzeitl\u00f6sung dar, die den st\u00e4ndigen Kauf von Einwegseifenflaschen aus Plastik \u00fcberfl\u00fcssig macht.<\/li>\n\n\n\n<li><strong>Vielseitig einsetzbar:<\/strong> Sie sind f\u00fcr eine Vielzahl von Fl\u00fcssigkeiten geeignet, darunter Handseife, Lotion, Handdesinfektionsmittel und sogar Duschgel\/Shampoo, und k\u00f6nnen vielseitig im Badezimmer oder im Waschraum verwendet werden.<\/li>\n\n\n\n<li><strong>Fabrik OEM &amp; ODM: <\/strong>Kedali ist einer der f\u00fchrenden Hersteller von Badezimmerzubeh\u00f6r in China. Wir bieten einen umfassenden Service zur Anpassung an die Kundenbed\u00fcrfnisse, einschlie\u00dflich Farbe, Form, Gr\u00f6\u00dfe und Verpackungsdesign, und unterst\u00fctzen Marken bei der Entwicklung einzigartiger Produkte.<\/li>\n<\/ul>\n\n\n\n<h3 class=\"wp-block-heading\">Kundenspezifischer Service<\/h3>\n\n\n\n<ul class=\"wp-block-list\">\n<li>OEM- und ODM-Unterst\u00fctzung<\/li>\n\n\n\n<li>Schnelle Musterlieferung.<\/li>\n\n\n\n<li>Wir bieten kundenspezifische Produktform, Farbe, Muster, Verpackung und andere kundenspezifische Dienstleistungen an.<\/li>\n<\/ul>\n<\/div>\n\n\n\n<div class=\"wp-block-column is-layout-flow wp-block-column-is-layout-flow\">\n<figure class=\"wp-block-image size-full\"><img decoding=\"async\" width=\"800\" height=\"800\" src=\"https:\/\/www.kedali.com\/wp-content\/uploads\/2025\/11\/ceramic-soap-dispenser-dimension.webp\" alt=\"Keramik Seifenspender Dimension\" class=\"wp-image-1255\" srcset=\"https:\/\/www.kedali.com\/wp-content\/uploads\/2025\/11\/ceramic-soap-dispenser-dimension.webp 800w, https:\/\/www.kedali.com\/wp-content\/uploads\/2025\/11\/ceramic-soap-dispenser-dimension-300x300.webp 300w, https:\/\/www.kedali.com\/wp-content\/uploads\/2025\/11\/ceramic-soap-dispenser-dimension-150x150.webp 150w, https:\/\/www.kedali.com\/wp-content\/uploads\/2025\/11\/ceramic-soap-dispenser-dimension-768x768.webp 768w, https:\/\/www.kedali.com\/wp-content\/uploads\/2025\/11\/ceramic-soap-dispenser-dimension-12x12.webp 12w, https:\/\/www.kedali.com\/wp-content\/uploads\/2025\/11\/ceramic-soap-dispenser-dimension-600x600.webp 600w, https:\/\/www.kedali.com\/wp-content\/uploads\/2025\/11\/ceramic-soap-dispenser-dimension-100x100.webp 100w\" sizes=\"(max-width: 800px) 100vw, 800px\" \/><\/figure>\n<\/div>\n<\/div>\n\n\n\n<div class=\"wp-block-columns is-layout-flex wp-container-core-columns-is-layout-9d6595d7 wp-block-columns-is-layout-flex\">\n<div class=\"wp-block-column is-layout-flow wp-block-column-is-layout-flow\">\n<figure class=\"wp-block-image size-full\"><img decoding=\"async\" width=\"800\" height=\"800\" src=\"https:\/\/www.kedali.com\/wp-content\/uploads\/2025\/11\/wholesale-ceramic-soap-dispensers-4.webp\" alt=\"Gro\u00dfhandel Keramik Seifenspender (4)\" class=\"wp-image-1259\" srcset=\"https:\/\/www.kedali.com\/wp-content\/uploads\/2025\/11\/wholesale-ceramic-soap-dispensers-4.webp 800w, https:\/\/www.kedali.com\/wp-content\/uploads\/2025\/11\/wholesale-ceramic-soap-dispensers-4-300x300.webp 300w, https:\/\/www.kedali.com\/wp-content\/uploads\/2025\/11\/wholesale-ceramic-soap-dispensers-4-150x150.webp 150w, https:\/\/www.kedali.com\/wp-content\/uploads\/2025\/11\/wholesale-ceramic-soap-dispensers-4-768x768.webp 768w, https:\/\/www.kedali.com\/wp-content\/uploads\/2025\/11\/wholesale-ceramic-soap-dispensers-4-12x12.webp 12w, https:\/\/www.kedali.com\/wp-content\/uploads\/2025\/11\/wholesale-ceramic-soap-dispensers-4-600x600.webp 600w, https:\/\/www.kedali.com\/wp-content\/uploads\/2025\/11\/wholesale-ceramic-soap-dispensers-4-100x100.webp 100w\" sizes=\"(max-width: 800px) 100vw, 800px\" \/><\/figure>\n<\/div>\n\n\n\n<div class=\"wp-block-column is-layout-flow wp-block-column-is-layout-flow\">\n<figure class=\"wp-block-image size-full\"><img decoding=\"async\" width=\"800\" height=\"800\" src=\"https:\/\/www.kedali.com\/wp-content\/uploads\/2025\/11\/wholesale-ceramic-soap-dispensers-5.webp\" alt=\"Gro\u00dfhandel Keramik Seifenspender (5)\" class=\"wp-image-1260\" srcset=\"https:\/\/www.kedali.com\/wp-content\/uploads\/2025\/11\/wholesale-ceramic-soap-dispensers-5.webp 800w, https:\/\/www.kedali.com\/wp-content\/uploads\/2025\/11\/wholesale-ceramic-soap-dispensers-5-300x300.webp 300w, https:\/\/www.kedali.com\/wp-content\/uploads\/2025\/11\/wholesale-ceramic-soap-dispensers-5-150x150.webp 150w, https:\/\/www.kedali.com\/wp-content\/uploads\/2025\/11\/wholesale-ceramic-soap-dispensers-5-768x768.webp 768w, https:\/\/www.kedali.com\/wp-content\/uploads\/2025\/11\/wholesale-ceramic-soap-dispensers-5-12x12.webp 12w, https:\/\/www.kedali.com\/wp-content\/uploads\/2025\/11\/wholesale-ceramic-soap-dispensers-5-600x600.webp 600w, https:\/\/www.kedali.com\/wp-content\/uploads\/2025\/11\/wholesale-ceramic-soap-dispensers-5-100x100.webp 100w\" sizes=\"(max-width: 800px) 100vw, 800px\" \/><\/figure>\n<\/div>\n<\/div>","protected":false},"excerpt":{"rendered":"<p>Willkommen zum Kauf unserer Premium-Keramikseifenspender im Gro\u00dfhandel. Diese Spender haben ein einzigartiges, abstraktes, menschenf\u00f6rmiges Design und sind in Schwarz und Wei\u00df erh\u00e4ltlich. Sie dienen nicht nur als skulpturales Kunstwerk, sondern auch als stilvoller Beh\u00e4lter f\u00fcr Handseife oder Lotion, wodurch sie einfach zu benutzen sind. Kontaktieren Sie uns f\u00fcr Werkspreise.<\/p>\n<h2>Spezifikationen des Gro\u00dfhandels keramische Seifenspender<\/h2>\n<table width=\"235\">\n<tbody>\n<tr>\n<td width=\"69\">Marke<\/td>\n<td width=\"166\">KDL<\/td>\n<\/tr>\n<tr>\n<td width=\"69\">Modell<\/td>\n<td width=\"166\">BS545-1H<\/td>\n<\/tr>\n<tr>\n<td width=\"69\">Material<\/td>\n<td width=\"166\">Keramik<\/td>\n<\/tr>\n<tr>\n<td width=\"69\">Farbe<\/td>\n<td width=\"166\">wei\u00df\/schwarz<\/td>\n<\/tr>\n<tr>\n<td width=\"69\">Anmeldung<\/td>\n<td width=\"166\">Seifenspender<\/td>\n<\/tr>\n<tr>\n<td width=\"69\">Merkmal<\/td>\n<td width=\"166\">Glasiert<\/td>\n<\/tr>\n<tr>\n<td width=\"69\">Abmessungen<\/td>\n<td width=\"166\">8,7 \u00d7 4,3 \u00d7 19 0,26KG (ohne D\u00fcse 13,5)<\/td>\n<\/tr>\n<tr>\n<td width=\"69\">Bruttogewicht (kg)<\/td>\n<td width=\"166\">0.3<\/td>\n<\/tr>\n<tr>\n<td width=\"69\">Mindestbestellmenge<\/td>\n<td width=\"166\">800 St\u00fcck<\/td>\n<\/tr>\n<\/tbody>\n<\/table>\n<p>&nbsp;<\/p>\n<p>\n<script src=\"chrome-extension:\/\/fpelahbljekknahkcaegamhcndkfpfnc\/iFrame.js\" type=\"text\/javascript\"><\/script><\/p>","protected":false},"featured_media":1256,"comment_status":"closed","ping_status":"closed","template":"","meta":{"_acf_changed":false},"product_brand":[],"product_cat":[17,43],"product_tag":[],"class_list":{"0":"post-1254","1":"product","2":"type-product","3":"status-publish","4":"has-post-thumbnail","6":"product_cat-wholesale-ceramic-bathroom-accessories","7":"product_cat-wholesale-ceramic-soap-dispensers","9":"first","10":"instock","11":"shipping-taxable","12":"product-type-simple"},"acf":[],"_links":{"self":[{"href":"https:\/\/www.kedali.com\/de\/wp-json\/wp\/v2\/product\/1254","targetHints":{"allow":["GET"]}}],"collection":[{"href":"https:\/\/www.kedali.com\/de\/wp-json\/wp\/v2\/product"}],"about":[{"href":"https:\/\/www.kedali.com\/de\/wp-json\/wp\/v2\/types\/product"}],"replies":[{"embeddable":true,"href":"https:\/\/www.kedali.com\/de\/wp-json\/wp\/v2\/comments?post=1254"}],"wp:featuredmedia":[{"embeddable":true,"href":"https:\/\/www.kedali.com\/de\/wp-json\/wp\/v2\/media\/1256"}],"wp:attachment":[{"href":"https:\/\/www.kedali.com\/de\/wp-json\/wp\/v2\/media?parent=1254"}],"wp:term":[{"taxonomy":"product_brand","embeddable":true,"href":"https:\/\/www.kedali.com\/de\/wp-json\/wp\/v2\/product_brand?post=1254"},{"taxonomy":"product_cat","embeddable":true,"href":"https:\/\/www.kedali.com\/de\/wp-json\/wp\/v2\/product_cat?post=1254"},{"taxonomy":"product_tag","embeddable":true,"href":"https:\/\/www.kedali.com\/de\/wp-json\/wp\/v2\/product_tag?post=1254"}],"curies":[{"name":"wp","href":"https:\/\/api.w.org\/{rel}","templated":true}]}}