{"id":1261,"date":"2025-11-12T08:34:59","date_gmt":"2025-11-12T08:34:59","guid":{"rendered":"https:\/\/www.kedali.com\/?post_type=product&#038;p=1261"},"modified":"2026-01-22T08:55:30","modified_gmt":"2026-01-22T08:55:30","slug":"wholesale-ceramic-toothbrush-holders-small-and-exquisite-manufacturer-direct-supply","status":"publish","type":"product","link":"https:\/\/www.kedali.com\/de\/produkt\/wholesale-ceramic-toothbrush-holders-small-and-exquisite-manufacturer-direct-supply\/","title":{"rendered":"Gro\u00dfhandel Keramik-Zahnb\u00fcrstenhalter, klein und exquisit - Hersteller direkte Versorgung"},"content":{"rendered":"<div class=\"wp-block-columns is-layout-flex wp-container-core-columns-is-layout-9d6595d7 wp-block-columns-is-layout-flex\">\n<div class=\"wp-block-column is-layout-flow wp-block-column-is-layout-flow\">\n<h3 class=\"wp-block-heading\">Eigenschaften von Keramik-Zahnb\u00fcrstenhaltern<\/h3>\n\n\n\n<ul class=\"wp-block-list\">\n<li><strong>\u00c4sthetische Anziehungskraft: <\/strong>Das nat\u00fcrliche Keramikmaterial wirkt edel und elegant. Dieser Zahnb\u00fcrstenhalter aus Keramik dient nicht nur zur Aufbewahrung von Zahnb\u00fcrsten und Pinseln, sondern auch als dekoratives Element, das den Gesamteindruck Ihres Badezimmers oder Ihres Waschtisches aufwertet.<\/li>\n\n\n\n<li><strong>Leicht zu reinigen:<\/strong> Badezimmerartikel sind anf\u00e4llig f\u00fcr Schmutzansammlungen. Die keramische Glasur dieses Zahnb\u00fcrstenhalters verhindert effektiv die Absorption von Wasser, Seifenschaum und Bakterien und erleichtert so die Reinigung.<\/li>\n\n\n\n<li><strong>Bohrerlose Konstruktion: <\/strong>Er kann ohne Bohren direkt auf die Arbeitsplatte gestellt werden. Durch seine hohe Belastbarkeit ist er auch f\u00fcr kleine B\u00e4der oder Mietobjekte geeignet.<\/li>\n\n\n\n<li><strong>Individuelle Anpassung m\u00f6glich: <\/strong>Als <strong><a href=\"https:\/\/www.kedali.com\/de\/produkt-kategorie\/wholesale-ceramic-bathroom-accessories\/\" target=\"_blank\" rel=\"noreferrer noopener\">Professioneller Hersteller von Badezimmerzubeh\u00f6r<\/a><\/strong>, Wir bieten Gro\u00dfhandelspreise an und k\u00f6nnen die Produkte an Ihre Bed\u00fcrfnisse anpassen.<\/li>\n<\/ul>\n\n\n\n<h3 class=\"wp-block-heading\">Kundenspezifischer Service<\/h3>\n\n\n\n<ul class=\"wp-block-list\">\n<li>OEM- und ODM-Unterst\u00fctzung<\/li>\n\n\n\n<li>Schnelle Musterlieferung.<\/li>\n\n\n\n<li>Wir bieten kundenspezifische Produktform, Farbe, Muster, Verpackung und andere kundenspezifische Dienstleistungen an.<\/li>\n<\/ul>\n<\/div>\n\n\n\n<div class=\"wp-block-column is-layout-flow wp-block-column-is-layout-flow\">\n<figure class=\"wp-block-image size-full\"><img decoding=\"async\" width=\"800\" height=\"800\" src=\"https:\/\/www.kedali.com\/wp-content\/uploads\/2025\/11\/ceramic-toothbrush-holder-dimension.webp\" alt=\"Keramik Zahnb\u00fcrstenhalter Dimension\" class=\"wp-image-1262\" srcset=\"https:\/\/www.kedali.com\/wp-content\/uploads\/2025\/11\/ceramic-toothbrush-holder-dimension.webp 800w, https:\/\/www.kedali.com\/wp-content\/uploads\/2025\/11\/ceramic-toothbrush-holder-dimension-300x300.webp 300w, https:\/\/www.kedali.com\/wp-content\/uploads\/2025\/11\/ceramic-toothbrush-holder-dimension-150x150.webp 150w, https:\/\/www.kedali.com\/wp-content\/uploads\/2025\/11\/ceramic-toothbrush-holder-dimension-768x768.webp 768w, https:\/\/www.kedali.com\/wp-content\/uploads\/2025\/11\/ceramic-toothbrush-holder-dimension-12x12.webp 12w, https:\/\/www.kedali.com\/wp-content\/uploads\/2025\/11\/ceramic-toothbrush-holder-dimension-600x600.webp 600w, https:\/\/www.kedali.com\/wp-content\/uploads\/2025\/11\/ceramic-toothbrush-holder-dimension-100x100.webp 100w\" sizes=\"(max-width: 800px) 100vw, 800px\" \/><\/figure>\n<\/div>\n<\/div>\n\n\n\n<div class=\"wp-block-columns is-layout-flex wp-container-core-columns-is-layout-9d6595d7 wp-block-columns-is-layout-flex\">\n<div class=\"wp-block-column is-layout-flow wp-block-column-is-layout-flow\">\n<figure class=\"wp-block-image size-full\"><img decoding=\"async\" width=\"800\" height=\"800\" src=\"https:\/\/www.kedali.com\/wp-content\/uploads\/2025\/11\/wholesale-ceramic-toothbrush-holders-6.webp\" alt=\"Gro\u00dfhandel Keramik Zahnb\u00fcrstenhalter (6)\" class=\"wp-image-1268\" srcset=\"https:\/\/www.kedali.com\/wp-content\/uploads\/2025\/11\/wholesale-ceramic-toothbrush-holders-6.webp 800w, https:\/\/www.kedali.com\/wp-content\/uploads\/2025\/11\/wholesale-ceramic-toothbrush-holders-6-300x300.webp 300w, https:\/\/www.kedali.com\/wp-content\/uploads\/2025\/11\/wholesale-ceramic-toothbrush-holders-6-150x150.webp 150w, https:\/\/www.kedali.com\/wp-content\/uploads\/2025\/11\/wholesale-ceramic-toothbrush-holders-6-768x768.webp 768w, https:\/\/www.kedali.com\/wp-content\/uploads\/2025\/11\/wholesale-ceramic-toothbrush-holders-6-12x12.webp 12w, https:\/\/www.kedali.com\/wp-content\/uploads\/2025\/11\/wholesale-ceramic-toothbrush-holders-6-600x600.webp 600w, https:\/\/www.kedali.com\/wp-content\/uploads\/2025\/11\/wholesale-ceramic-toothbrush-holders-6-100x100.webp 100w\" sizes=\"(max-width: 800px) 100vw, 800px\" \/><\/figure>\n<\/div>\n\n\n\n<div class=\"wp-block-column is-layout-flow wp-block-column-is-layout-flow\">\n<figure class=\"wp-block-image size-full\"><img decoding=\"async\" width=\"800\" height=\"800\" src=\"https:\/\/www.kedali.com\/wp-content\/uploads\/2025\/11\/wholesale-ceramic-toothbrush-holders-7.webp\" alt=\"Gro\u00dfhandel Keramik Zahnb\u00fcrstenhalter (7)\" class=\"wp-image-1269\" srcset=\"https:\/\/www.kedali.com\/wp-content\/uploads\/2025\/11\/wholesale-ceramic-toothbrush-holders-7.webp 800w, https:\/\/www.kedali.com\/wp-content\/uploads\/2025\/11\/wholesale-ceramic-toothbrush-holders-7-300x300.webp 300w, https:\/\/www.kedali.com\/wp-content\/uploads\/2025\/11\/wholesale-ceramic-toothbrush-holders-7-150x150.webp 150w, https:\/\/www.kedali.com\/wp-content\/uploads\/2025\/11\/wholesale-ceramic-toothbrush-holders-7-768x768.webp 768w, https:\/\/www.kedali.com\/wp-content\/uploads\/2025\/11\/wholesale-ceramic-toothbrush-holders-7-12x12.webp 12w, https:\/\/www.kedali.com\/wp-content\/uploads\/2025\/11\/wholesale-ceramic-toothbrush-holders-7-600x600.webp 600w, https:\/\/www.kedali.com\/wp-content\/uploads\/2025\/11\/wholesale-ceramic-toothbrush-holders-7-100x100.webp 100w\" sizes=\"(max-width: 800px) 100vw, 800px\" \/><\/figure>\n<\/div>\n<\/div>","protected":false},"excerpt":{"rendered":"<p>Gro\u00dfhandel Keramik Zahnb\u00fcrstenhalter. Diese eleganten Zahnb\u00fcrstenhalter aus hochwertiger, langlebiger Keramik mit glatter Glasur verleihen Ihrem Badezimmer einen Hauch von europ\u00e4ischer Raffinesse.<\/p>\n<p>Als ein f\u00fchrendes <a href=\"https:\/\/www.kedali.com\/de\/produkt-kategorie\/wholesale-ceramic-bathroom-accessories\/\" target=\"_blank\" rel=\"noopener\"><strong>Hersteller von Badezimmerzubeh\u00f6r<\/strong><\/a>, bieten wir OEM- und ODM-Sonderanfertigungen an, die auf Ihre spezifischen Bed\u00fcrfnisse zugeschnitten sind, um einzigartige, qualitativ hochwertige Badaccessoires zu schaffen.<\/p>\n<h2>Spezifikationen von Keramik-Zahnb\u00fcrstenhaltern<\/h2>\n<table width=\"235\">\n<tbody>\n<tr>\n<td width=\"69\">Marke<\/td>\n<td width=\"166\">KDL<\/td>\n<\/tr>\n<tr>\n<td width=\"69\">Modell<\/td>\n<td width=\"166\">BS555-3<\/td>\n<\/tr>\n<tr>\n<td width=\"69\">Material<\/td>\n<td width=\"166\">Keramik<\/td>\n<\/tr>\n<tr>\n<td width=\"69\">Farbe<\/td>\n<td width=\"166\">anpassbar<\/td>\n<\/tr>\n<tr>\n<td width=\"69\">Anmeldung<\/td>\n<td width=\"166\">Zahnb\u00fcrstenhalter<\/td>\n<\/tr>\n<tr>\n<td width=\"69\">Merkmal<\/td>\n<td width=\"166\">Gepr\u00e4gt<\/td>\n<\/tr>\n<tr>\n<td width=\"69\">Abmessungen<\/td>\n<td width=\"166\">4,4 \u00d7 4,4 \u00d7 4,4 cm<\/td>\n<\/tr>\n<tr>\n<td width=\"69\">Bruttogewicht (kg)<\/td>\n<td width=\"166\">\/<\/td>\n<\/tr>\n<tr>\n<td width=\"69\">Mindestbestellmenge<\/td>\n<td width=\"166\">800 St\u00fcck<\/td>\n<\/tr>\n<\/tbody>\n<\/table>\n<p>&nbsp;<\/p>","protected":false},"featured_media":1263,"comment_status":"closed","ping_status":"closed","template":"","meta":{"_acf_changed":false},"product_brand":[],"product_cat":[17,42],"product_tag":[],"class_list":{"0":"post-1261","1":"product","2":"type-product","3":"status-publish","4":"has-post-thumbnail","6":"product_cat-wholesale-ceramic-bathroom-accessories","7":"product_cat-wholesale-ceramic-toothbrush-holders","9":"first","10":"instock","11":"shipping-taxable","12":"product-type-simple"},"acf":[],"_links":{"self":[{"href":"https:\/\/www.kedali.com\/de\/wp-json\/wp\/v2\/product\/1261","targetHints":{"allow":["GET"]}}],"collection":[{"href":"https:\/\/www.kedali.com\/de\/wp-json\/wp\/v2\/product"}],"about":[{"href":"https:\/\/www.kedali.com\/de\/wp-json\/wp\/v2\/types\/product"}],"replies":[{"embeddable":true,"href":"https:\/\/www.kedali.com\/de\/wp-json\/wp\/v2\/comments?post=1261"}],"wp:featuredmedia":[{"embeddable":true,"href":"https:\/\/www.kedali.com\/de\/wp-json\/wp\/v2\/media\/1263"}],"wp:attachment":[{"href":"https:\/\/www.kedali.com\/de\/wp-json\/wp\/v2\/media?parent=1261"}],"wp:term":[{"taxonomy":"product_brand","embeddable":true,"href":"https:\/\/www.kedali.com\/de\/wp-json\/wp\/v2\/product_brand?post=1261"},{"taxonomy":"product_cat","embeddable":true,"href":"https:\/\/www.kedali.com\/de\/wp-json\/wp\/v2\/product_cat?post=1261"},{"taxonomy":"product_tag","embeddable":true,"href":"https:\/\/www.kedali.com\/de\/wp-json\/wp\/v2\/product_tag?post=1261"}],"curies":[{"name":"wp","href":"https:\/\/api.w.org\/{rel}","templated":true}]}}