{"id":1270,"date":"2025-11-12T09:05:21","date_gmt":"2025-11-12T09:05:21","guid":{"rendered":"https:\/\/www.kedali.com\/?post_type=product&#038;p=1270"},"modified":"2026-01-22T09:16:51","modified_gmt":"2026-01-22T09:16:51","slug":"premium-wholesale-ceramic-soap-dispensers","status":"publish","type":"product","link":"https:\/\/www.kedali.com\/de\/produkt\/premium-wholesale-ceramic-soap-dispensers\/","title":{"rendered":"Premium-Gro\u00dfhandel keramische Seifenspender, Fabrik Bulk Supply"},"content":{"rendered":"<div class=\"wp-block-columns is-layout-flex wp-container-core-columns-is-layout-9d6595d7 wp-block-columns-is-layout-flex\">\n<div class=\"wp-block-column is-layout-flow wp-block-column-is-layout-flow\">\n<h3 class=\"wp-block-heading\">Merkmale von Keramikseifenspendern<\/h3>\n\n\n\n<ul class=\"wp-block-list\">\n<li><strong>Hochwertiges Design:<\/strong> Unsere Keramikseifenspender f\u00fcr den Gro\u00dfhandel sind aus Keramik mit einer geometrischen Struktur. Dieses Produkt \u00fcbertrifft Seifenspender aus Kunststoff oder Glas, bietet einen hervorragenden dekorativen Effekt und wertet die Einrichtung Ihres Badezimmers oder Ihrer K\u00fcche auf.<\/li>\n\n\n\n<li><strong>Mehrere Farben verf\u00fcgbar: <\/strong>Unsere Keramikseifenspender f\u00fcr den Gro\u00dfhandel sind in einer Vielzahl von Farben erh\u00e4ltlich, darunter Blau, Grau und Petrol, die zu verschiedenen Badezimmern und Einrichtungsstilen passen. Auch eine individuelle Gestaltung ist m\u00f6glich.<\/li>\n\n\n\n<li><strong>Leicht zu reinigen: <\/strong>Die porenfreie Glasur unserer Keramikseifenspender f\u00fcr den Gro\u00dfhandel macht das Abwischen und Desinfizieren einfach und sorgt f\u00fcr Hygiene und Sauberkeit in stark frequentierten Bereichen. Ideal f\u00fcr Hotels, Restaurants und andere \u00e4hnliche Einrichtungen.<\/li>\n\n\n\n<li><strong>Multi-Room-Anwendbarkeit:<\/strong> Ideal f\u00fcr die Aufbewahrung von Handseife, Sp\u00fclmittel, Lotion oder H\u00e4ndedesinfektionsmittel und somit f\u00fcr Badezimmer, K\u00fcchen und Waschr\u00e4ume geeignet.<\/li>\n\n\n\n<li><strong>Hotel\/Einzelhandel Appeal: <\/strong>Das stilvolle Design macht sie zu einer ausgezeichneten Wahl f\u00fcr Boutique-Hotels, gehobene Airbnbs, Restaurants und Einzelhandelsfl\u00e4chen, um das Kundenerlebnis zu verbessern.<\/li>\n<\/ul>\n\n\n\n<h3 class=\"wp-block-heading\">Kundenspezifischer Service<\/h3>\n\n\n\n<ul class=\"wp-block-list\">\n<li>OEM- und ODM-Unterst\u00fctzung<\/li>\n\n\n\n<li>Schnelle Musterlieferung.<\/li>\n\n\n\n<li>Wir bieten kundenspezifische Produktform, Farbe, Muster, Verpackung und andere kundenspezifische Dienstleistungen an.<\/li>\n<\/ul>\n<\/div>\n\n\n\n<div class=\"wp-block-column is-layout-flow wp-block-column-is-layout-flow\">\n<figure class=\"wp-block-image size-full\"><img decoding=\"async\" width=\"1200\" height=\"1200\" src=\"https:\/\/www.kedali.com\/wp-content\/uploads\/2025\/11\/ceramic-soap-dispenser-dimension-1.webp\" alt=\"Keramik Seifenspender Dimension\" class=\"wp-image-1271\" srcset=\"https:\/\/www.kedali.com\/wp-content\/uploads\/2025\/11\/ceramic-soap-dispenser-dimension-1.webp 1200w, https:\/\/www.kedali.com\/wp-content\/uploads\/2025\/11\/ceramic-soap-dispenser-dimension-1-300x300.webp 300w, https:\/\/www.kedali.com\/wp-content\/uploads\/2025\/11\/ceramic-soap-dispenser-dimension-1-150x150.webp 150w, https:\/\/www.kedali.com\/wp-content\/uploads\/2025\/11\/ceramic-soap-dispenser-dimension-1-768x768.webp 768w, https:\/\/www.kedali.com\/wp-content\/uploads\/2025\/11\/ceramic-soap-dispenser-dimension-1-12x12.webp 12w, https:\/\/www.kedali.com\/wp-content\/uploads\/2025\/11\/ceramic-soap-dispenser-dimension-1-600x600.webp 600w, https:\/\/www.kedali.com\/wp-content\/uploads\/2025\/11\/ceramic-soap-dispenser-dimension-1-100x100.webp 100w\" sizes=\"(max-width: 1200px) 100vw, 1200px\" \/><\/figure>\n<\/div>\n<\/div>\n\n\n\n<div class=\"wp-block-columns is-layout-flex wp-container-core-columns-is-layout-9d6595d7 wp-block-columns-is-layout-flex\">\n<div class=\"wp-block-column is-layout-flow wp-block-column-is-layout-flow\">\n<figure class=\"wp-block-image size-full\"><img decoding=\"async\" width=\"1200\" height=\"1200\" src=\"https:\/\/www.kedali.com\/wp-content\/uploads\/2025\/11\/wholesale-ceramic-soap-dispensers-4-1.webp\" alt=\"Gro\u00dfhandel Keramik Seifenspender (4)\" class=\"wp-image-1275\" srcset=\"https:\/\/www.kedali.com\/wp-content\/uploads\/2025\/11\/wholesale-ceramic-soap-dispensers-4-1.webp 1200w, https:\/\/www.kedali.com\/wp-content\/uploads\/2025\/11\/wholesale-ceramic-soap-dispensers-4-1-300x300.webp 300w, https:\/\/www.kedali.com\/wp-content\/uploads\/2025\/11\/wholesale-ceramic-soap-dispensers-4-1-150x150.webp 150w, https:\/\/www.kedali.com\/wp-content\/uploads\/2025\/11\/wholesale-ceramic-soap-dispensers-4-1-768x768.webp 768w, https:\/\/www.kedali.com\/wp-content\/uploads\/2025\/11\/wholesale-ceramic-soap-dispensers-4-1-12x12.webp 12w, https:\/\/www.kedali.com\/wp-content\/uploads\/2025\/11\/wholesale-ceramic-soap-dispensers-4-1-600x600.webp 600w, https:\/\/www.kedali.com\/wp-content\/uploads\/2025\/11\/wholesale-ceramic-soap-dispensers-4-1-100x100.webp 100w\" sizes=\"(max-width: 1200px) 100vw, 1200px\" \/><\/figure>\n<\/div>\n\n\n\n<div class=\"wp-block-column is-layout-flow wp-block-column-is-layout-flow\">\n<figure class=\"wp-block-image size-full\"><img decoding=\"async\" width=\"1200\" height=\"1200\" src=\"https:\/\/www.kedali.com\/wp-content\/uploads\/2025\/11\/wholesale-ceramic-soap-dispensers-5-1.webp\" alt=\"Gro\u00dfhandel Keramik Seifenspender (5)\" class=\"wp-image-1276\" srcset=\"https:\/\/www.kedali.com\/wp-content\/uploads\/2025\/11\/wholesale-ceramic-soap-dispensers-5-1.webp 1200w, https:\/\/www.kedali.com\/wp-content\/uploads\/2025\/11\/wholesale-ceramic-soap-dispensers-5-1-300x300.webp 300w, https:\/\/www.kedali.com\/wp-content\/uploads\/2025\/11\/wholesale-ceramic-soap-dispensers-5-1-150x150.webp 150w, https:\/\/www.kedali.com\/wp-content\/uploads\/2025\/11\/wholesale-ceramic-soap-dispensers-5-1-768x768.webp 768w, https:\/\/www.kedali.com\/wp-content\/uploads\/2025\/11\/wholesale-ceramic-soap-dispensers-5-1-12x12.webp 12w, https:\/\/www.kedali.com\/wp-content\/uploads\/2025\/11\/wholesale-ceramic-soap-dispensers-5-1-600x600.webp 600w, https:\/\/www.kedali.com\/wp-content\/uploads\/2025\/11\/wholesale-ceramic-soap-dispensers-5-1-100x100.webp 100w\" sizes=\"(max-width: 1200px) 100vw, 1200px\" \/><\/figure>\n<\/div>\n<\/div>","protected":false},"excerpt":{"rendered":"<p>Wir sind stolz darauf, unsere Gro\u00dfhandelskollektion von Seifenspendern mit Keramikpr\u00e4gung vorstellen zu k\u00f6nnen. Diese Spender zeichnen sich durch ein ausgezeichnetes Gewicht und eine hohe Stabilit\u00e4t aus, um ein Umkippen zu verhindern. Sie sind mit zuverl\u00e4ssigen, glatten Metallpumpen ausgestattet, die f\u00fcr die Verwendung mit verschiedenen Fl\u00fcssigseifen und Lotionen ausgelegt sind und eine gleichbleibende Leistung gew\u00e4hrleisten. Sie eignen sich perfekt f\u00fcr Badezimmer sowie f\u00fcr kommerzielle oder Hotel-Einrichtungen.<\/p>\n<p>Als <a href=\"https:\/\/www.kedali.com\/de\/produkt-kategorie\/wholesale-ceramic-bathroom-accessories\/\" target=\"_blank\" rel=\"noopener\"><strong>Hersteller von Badezimmerzubeh\u00f6r aus Keramik<\/strong><\/a>, Wir bieten eine breite Palette von Gro\u00dfhandel Seifenspender und bieten OEM-und ODM-Dienstleistungen. Kontaktieren Sie uns f\u00fcr weitere Informationen.<\/p>\n<h2>Spezifikationen f\u00fcr Seifenspender aus Keramik<\/h2>\n<table width=\"235\">\n<tbody>\n<tr>\n<td width=\"69\">Marke<\/td>\n<td width=\"166\">KDL<\/td>\n<\/tr>\n<tr>\n<td width=\"69\">Modell<\/td>\n<td width=\"166\">BS677-1-7543C<\/td>\n<\/tr>\n<tr>\n<td width=\"69\">Material<\/td>\n<td width=\"166\">Keramik<\/td>\n<\/tr>\n<tr>\n<td width=\"69\">Farbe<\/td>\n<td width=\"166\">anpassbar<\/td>\n<\/tr>\n<tr>\n<td width=\"69\">Anmeldung<\/td>\n<td width=\"166\">Seifenspender<\/td>\n<\/tr>\n<tr>\n<td width=\"69\">Merkmal<\/td>\n<td width=\"166\">Gepr\u00e4gt<\/td>\n<\/tr>\n<tr>\n<td width=\"69\">Abmessungen<\/td>\n<td width=\"166\">8,2 \u00d7 8,2 \u00d7 18,5 cm<\/td>\n<\/tr>\n<tr>\n<td width=\"69\">Mindestbestellmenge<\/td>\n<td width=\"166\">800 St\u00fcck<\/td>\n<\/tr>\n<\/tbody>\n<\/table>\n<p>&nbsp;<\/p>","protected":false},"featured_media":1272,"comment_status":"closed","ping_status":"closed","template":"","meta":{"_acf_changed":false},"product_brand":[],"product_cat":[17,43],"product_tag":[],"class_list":{"0":"post-1270","1":"product","2":"type-product","3":"status-publish","4":"has-post-thumbnail","6":"product_cat-wholesale-ceramic-bathroom-accessories","7":"product_cat-wholesale-ceramic-soap-dispensers","9":"first","10":"instock","11":"shipping-taxable","12":"product-type-simple"},"acf":[],"_links":{"self":[{"href":"https:\/\/www.kedali.com\/de\/wp-json\/wp\/v2\/product\/1270","targetHints":{"allow":["GET"]}}],"collection":[{"href":"https:\/\/www.kedali.com\/de\/wp-json\/wp\/v2\/product"}],"about":[{"href":"https:\/\/www.kedali.com\/de\/wp-json\/wp\/v2\/types\/product"}],"replies":[{"embeddable":true,"href":"https:\/\/www.kedali.com\/de\/wp-json\/wp\/v2\/comments?post=1270"}],"wp:featuredmedia":[{"embeddable":true,"href":"https:\/\/www.kedali.com\/de\/wp-json\/wp\/v2\/media\/1272"}],"wp:attachment":[{"href":"https:\/\/www.kedali.com\/de\/wp-json\/wp\/v2\/media?parent=1270"}],"wp:term":[{"taxonomy":"product_brand","embeddable":true,"href":"https:\/\/www.kedali.com\/de\/wp-json\/wp\/v2\/product_brand?post=1270"},{"taxonomy":"product_cat","embeddable":true,"href":"https:\/\/www.kedali.com\/de\/wp-json\/wp\/v2\/product_cat?post=1270"},{"taxonomy":"product_tag","embeddable":true,"href":"https:\/\/www.kedali.com\/de\/wp-json\/wp\/v2\/product_tag?post=1270"}],"curies":[{"name":"wp","href":"https:\/\/api.w.org\/{rel}","templated":true}]}}