{"id":1277,"date":"2025-11-12T09:47:21","date_gmt":"2025-11-12T09:47:21","guid":{"rendered":"https:\/\/www.kedali.com\/?post_type=product&#038;p=1277"},"modified":"2025-11-12T10:18:15","modified_gmt":"2025-11-12T10:18:15","slug":"elegant-six-piece-bathroom-accessories-set-wholesale","status":"publish","type":"product","link":"https:\/\/www.kedali.com\/de\/produkt\/elegant-six-piece-bathroom-accessories-set-wholesale\/","title":{"rendered":"Elegantes sechsteiliges Bad-Accessoires-Set Gro\u00dfhandel, Aufbewahrungs- und Spenderset"},"content":{"rendered":"<div class=\"wp-block-columns is-layout-flex wp-container-core-columns-is-layout-9d6595d7 wp-block-columns-is-layout-flex\">\n<div class=\"wp-block-column is-layout-flow wp-block-column-is-layout-flow\">\n<h3 class=\"wp-block-heading\">Eigenschaften des Bad-Accessoires-Sets<\/h3>\n\n\n\n<ul class=\"wp-block-list\">\n<li><strong>Umfassende Speicherung: <\/strong>Dieses sechsteilige Bad-Accessoire-Set enth\u00e4lt alle wichtigen Komponenten (Seifenspender, Zahnb\u00fcrstenhalter, gro\u00dfe und kleine Aufbewahrungsbeh\u00e4lter, Mundsp\u00fclbecher und Seifenschale), um Ihren Waschtisch ordentlich und organisiert zu halten.<\/li>\n\n\n\n<li><strong>Klassisches Design: <\/strong>Die makellose wei\u00dfe Keramik hat eine saubere, neutrale und klassische Optik, die zu fast jedem Einrichtungsstil im Bad passt.<\/li>\n\n\n\n<li><strong>Langlebiges Material: <\/strong>Seifenspender aus Keramik sind schwerer und robuster als Kunststoff und bieten eine bessere Stabilit\u00e4t auf Arbeitsfl\u00e4chen und eine l\u00e4ngere Lebensdauer.<\/li>\n\n\n\n<li><strong>Vielseitige Anwendung: <\/strong>Dieses sechsteilige Bad-Accessoire-Set ist ideal f\u00fcr Master-Badezimmer, die ein komplettes und stilvolles Aussehen erfordern, und ist auch eine perfekte Wahl f\u00fcr gehobene Hotelumgebungen.<\/li>\n<\/ul>\n\n\n\n<h3 class=\"wp-block-heading\">Kundenspezifischer Service<\/h3>\n\n\n\n<ul class=\"wp-block-list\">\n<li>OEM- und ODM-Unterst\u00fctzung<\/li>\n\n\n\n<li>Schnelle Musterlieferung.<\/li>\n\n\n\n<li>Wir bieten kundenspezifische Produktform, Farbe, Muster, Verpackung und andere kundenspezifische Dienstleistungen an.<\/li>\n<\/ul>\n<\/div>\n\n\n\n<div class=\"wp-block-column is-layout-flow wp-block-column-is-layout-flow\">\n<figure class=\"wp-block-image size-full\"><img decoding=\"async\" width=\"750\" height=\"750\" src=\"https:\/\/www.kedali.com\/wp-content\/uploads\/2025\/11\/bulk-ceramic-bathroom-accessories-set-7.webp\" alt=\"Keramik-Badezimmerzubeh\u00f6r-Set (7)\" class=\"wp-image-1284\" srcset=\"https:\/\/www.kedali.com\/wp-content\/uploads\/2025\/11\/bulk-ceramic-bathroom-accessories-set-7.webp 750w, https:\/\/www.kedali.com\/wp-content\/uploads\/2025\/11\/bulk-ceramic-bathroom-accessories-set-7-300x300.webp 300w, https:\/\/www.kedali.com\/wp-content\/uploads\/2025\/11\/bulk-ceramic-bathroom-accessories-set-7-150x150.webp 150w, https:\/\/www.kedali.com\/wp-content\/uploads\/2025\/11\/bulk-ceramic-bathroom-accessories-set-7-12x12.webp 12w, https:\/\/www.kedali.com\/wp-content\/uploads\/2025\/11\/bulk-ceramic-bathroom-accessories-set-7-600x600.webp 600w, https:\/\/www.kedali.com\/wp-content\/uploads\/2025\/11\/bulk-ceramic-bathroom-accessories-set-7-100x100.webp 100w\" sizes=\"(max-width: 750px) 100vw, 750px\" \/><\/figure>\n<\/div>\n<\/div>\n\n\n\n<div class=\"wp-block-columns is-layout-flex wp-container-core-columns-is-layout-9d6595d7 wp-block-columns-is-layout-flex\">\n<div class=\"wp-block-column is-layout-flow wp-block-column-is-layout-flow\">\n<figure class=\"wp-block-image size-full\"><img decoding=\"async\" width=\"750\" height=\"750\" src=\"https:\/\/www.kedali.com\/wp-content\/uploads\/2025\/11\/bulk-ceramic-bathroom-accessories-set-1.webp\" alt=\"Gro\u00dfes Keramik-Badezimmer-Accessoires-Set (1)\" class=\"wp-image-1278\" srcset=\"https:\/\/www.kedali.com\/wp-content\/uploads\/2025\/11\/bulk-ceramic-bathroom-accessories-set-1.webp 750w, https:\/\/www.kedali.com\/wp-content\/uploads\/2025\/11\/bulk-ceramic-bathroom-accessories-set-1-300x300.webp 300w, https:\/\/www.kedali.com\/wp-content\/uploads\/2025\/11\/bulk-ceramic-bathroom-accessories-set-1-150x150.webp 150w, https:\/\/www.kedali.com\/wp-content\/uploads\/2025\/11\/bulk-ceramic-bathroom-accessories-set-1-12x12.webp 12w, https:\/\/www.kedali.com\/wp-content\/uploads\/2025\/11\/bulk-ceramic-bathroom-accessories-set-1-600x600.webp 600w, https:\/\/www.kedali.com\/wp-content\/uploads\/2025\/11\/bulk-ceramic-bathroom-accessories-set-1-100x100.webp 100w\" sizes=\"(max-width: 750px) 100vw, 750px\" \/><\/figure>\n<\/div>\n\n\n\n<div class=\"wp-block-column is-layout-flow wp-block-column-is-layout-flow\">\n<figure class=\"wp-block-image size-full\"><img decoding=\"async\" width=\"750\" height=\"750\" src=\"https:\/\/www.kedali.com\/wp-content\/uploads\/2025\/11\/bulk-ceramic-bathroom-accessories-set-6.webp\" alt=\"Gro\u00dfes Keramik-Badezimmer-Accessoires-Set (6)\" class=\"wp-image-1283\" srcset=\"https:\/\/www.kedali.com\/wp-content\/uploads\/2025\/11\/bulk-ceramic-bathroom-accessories-set-6.webp 750w, https:\/\/www.kedali.com\/wp-content\/uploads\/2025\/11\/bulk-ceramic-bathroom-accessories-set-6-300x300.webp 300w, https:\/\/www.kedali.com\/wp-content\/uploads\/2025\/11\/bulk-ceramic-bathroom-accessories-set-6-150x150.webp 150w, https:\/\/www.kedali.com\/wp-content\/uploads\/2025\/11\/bulk-ceramic-bathroom-accessories-set-6-12x12.webp 12w, https:\/\/www.kedali.com\/wp-content\/uploads\/2025\/11\/bulk-ceramic-bathroom-accessories-set-6-600x600.webp 600w, https:\/\/www.kedali.com\/wp-content\/uploads\/2025\/11\/bulk-ceramic-bathroom-accessories-set-6-100x100.webp 100w\" sizes=\"(max-width: 750px) 100vw, 750px\" \/><\/figure>\n<\/div>\n<\/div>","protected":false},"excerpt":{"rendered":"<p data-start=\"55\" data-end=\"380\">6-teiliges Gro\u00dfhandelsset f\u00fcr Badezimmerzubeh\u00f6r aus Keramik, einschlie\u00dflich Seifenspender, Zahnb\u00fcrstenhalter, gro\u00dfe und kleine Aufbewahrungsgl\u00e4ser, Sp\u00fclbecher und Seifenschale. Dieses langlebige und leicht zu reinigende Set erf\u00fcllt alle Bed\u00fcrfnisse im Badezimmer und ist ideal f\u00fcr Haushaltswarengesch\u00e4fte, Geschenkel\u00e4den, Online-H\u00e4ndler und hochwertige Hotels f\u00fcr den Gro\u00dfeinkauf.<\/p>\n<p data-start=\"382\" data-end=\"568\" data-is-last-node=\"\" data-is-only-node=\"\">Als <a href=\"https:\/\/www.kedali.com\/de\/produkt-kategorie\/wholesale-ceramic-bathroom-accessories\/\" target=\"_blank\" rel=\"noopener\"><strong>einer der f\u00fchrenden Hersteller von Keramik-Badezimmerzubeh\u00f6r<\/strong><\/a>, bieten wir eine breite Palette von Badezimmer-Sets an und unterst\u00fctzen OEM- und ODM-Anpassungsdienste. Kontaktieren Sie uns f\u00fcr weitere Informationen.<\/p>\n<h2>Spezifikationen f\u00fcr das 6-teilige Badezimmer-Accessoires-Set<\/h2>\n<table width=\"235\">\n<tbody>\n<tr>\n<td width=\"69\">Marke<\/td>\n<td width=\"166\">KDL<\/td>\n<\/tr>\n<tr>\n<td width=\"69\">Modell<\/td>\n<td width=\"166\">BS529-F025<\/td>\n<\/tr>\n<tr>\n<td width=\"69\">Material<\/td>\n<td width=\"166\">Keramik<\/td>\n<\/tr>\n<tr>\n<td width=\"69\">Farbe<\/td>\n<td width=\"166\">wei\u00df\/schwarz<\/td>\n<\/tr>\n<tr>\n<td width=\"69\">Anmeldung<\/td>\n<td width=\"166\">Badezimmer<\/td>\n<\/tr>\n<tr>\n<td width=\"69\">Merkmal<\/td>\n<td width=\"166\">geschnitzt<\/td>\n<\/tr>\n<tr>\n<td width=\"69\">Abmessungen<\/td>\n<td width=\"166\"><strong data-start=\"20\" data-end=\"34\">Spender:<\/strong> 7 \u00d7 7 \u00d7 20 cm<br data-start=\"48\" data-end=\"51\" data-is-only-node=\"\" \/><strong data-start=\"51\" data-end=\"62\">Taumeln:<\/strong> 7,6 \u00d7 7,6 \u00d7 12 cm<br data-start=\"80\" data-end=\"83\" \/><strong data-start=\"83\" data-end=\"105\">Zahnb\u00fcrstenhalter:<\/strong> 9,8 \u00d7 7 \u00d7 11,3 cm<br data-start=\"123\" data-end=\"126\" \/><strong data-start=\"126\" data-end=\"140\">Seifenschale:<\/strong> 14 \u00d7 9,8 \u00d7 4 cm<br data-start=\"156\" data-end=\"159\" \/><strong data-start=\"159\" data-end=\"171\">Gro\u00dfes Gef\u00e4\u00df:<\/strong> 11,5 \u00d7 11,5 \u00d7 13,9 cm<br data-start=\"193\" data-end=\"196\" \/><strong data-start=\"196\" data-end=\"210\">Kleines Gef\u00e4\u00df:<\/strong> 9,3 \u00d7 9,3 \u00d7 10,5 cm<\/td>\n<\/tr>\n<tr>\n<td width=\"69\">Bruttogewicht (kg)<\/td>\n<td width=\"166\">4kg\/Satz<\/td>\n<\/tr>\n<tr>\n<td width=\"69\">Mindestbestellmenge<\/td>\n<td width=\"166\">800 Satz<\/td>\n<\/tr>\n<\/tbody>\n<\/table>\n<p>&nbsp;<\/p>","protected":false},"featured_media":1278,"comment_status":"closed","ping_status":"closed","template":"","meta":{"_acf_changed":false},"product_brand":[],"product_cat":[17,32],"product_tag":[],"class_list":{"0":"post-1277","1":"product","2":"type-product","3":"status-publish","4":"has-post-thumbnail","6":"product_cat-wholesale-ceramic-bathroom-accessories","7":"product_cat-wholesale-ceramic-bath-accessories-sets","9":"first","10":"instock","11":"shipping-taxable","12":"product-type-simple"},"acf":[],"_links":{"self":[{"href":"https:\/\/www.kedali.com\/de\/wp-json\/wp\/v2\/product\/1277","targetHints":{"allow":["GET"]}}],"collection":[{"href":"https:\/\/www.kedali.com\/de\/wp-json\/wp\/v2\/product"}],"about":[{"href":"https:\/\/www.kedali.com\/de\/wp-json\/wp\/v2\/types\/product"}],"replies":[{"embeddable":true,"href":"https:\/\/www.kedali.com\/de\/wp-json\/wp\/v2\/comments?post=1277"}],"wp:featuredmedia":[{"embeddable":true,"href":"https:\/\/www.kedali.com\/de\/wp-json\/wp\/v2\/media\/1278"}],"wp:attachment":[{"href":"https:\/\/www.kedali.com\/de\/wp-json\/wp\/v2\/media?parent=1277"}],"wp:term":[{"taxonomy":"product_brand","embeddable":true,"href":"https:\/\/www.kedali.com\/de\/wp-json\/wp\/v2\/product_brand?post=1277"},{"taxonomy":"product_cat","embeddable":true,"href":"https:\/\/www.kedali.com\/de\/wp-json\/wp\/v2\/product_cat?post=1277"},{"taxonomy":"product_tag","embeddable":true,"href":"https:\/\/www.kedali.com\/de\/wp-json\/wp\/v2\/product_tag?post=1277"}],"curies":[{"name":"wp","href":"https:\/\/api.w.org\/{rel}","templated":true}]}}