{"id":1301,"date":"2025-11-13T02:37:57","date_gmt":"2025-11-13T02:37:57","guid":{"rendered":"https:\/\/www.kedali.com\/?post_type=product&#038;p=1301"},"modified":"2025-11-13T02:59:57","modified_gmt":"2025-11-13T02:59:57","slug":"wholesale-6-piece-ceramic-bathroom-accessories-set","status":"publish","type":"product","link":"https:\/\/www.kedali.com\/de\/produkt\/wholesale-6-piece-ceramic-bathroom-accessories-set\/","title":{"rendered":"Gro\u00dfhandel 6-teilige keramische Bad-Accessoires Set mit botanischen Druck und Gold Trim"},"content":{"rendered":"<div class=\"wp-block-columns is-layout-flex wp-container-core-columns-is-layout-9d6595d7 wp-block-columns-is-layout-flex\">\n<div class=\"wp-block-column is-layout-flow wp-block-column-is-layout-flow\">\n<h3 class=\"wp-block-heading\">Eigenschaften des Keramik-Badezimmer-Accessoires-Sets<\/h3>\n\n\n\n<ul class=\"wp-block-list\">\n<li><strong>Design der Serie: <\/strong>Dieses Produktset besteht aus mehreren Artikeln wie einem Mundsp\u00fclbecher, einer Seifenflasche, einer Toilettenb\u00fcrste, einer Seifenschale und einem Tablett. Alle Artikel zeichnen sich durch eine einheitliche Designsprache aus: wei\u00dfes Porzellan, schwarze botanische Muster und goldene Verzierungen, die der Serie ein einheitliches Aussehen verleihen.<\/li>\n\n\n\n<li><strong>Vollst\u00e4ndiger Satz:<\/strong> Das Set umfasst die wichtigsten Artikel f\u00fcr den t\u00e4glichen Gebrauch im Bad und deckt den Bedarf an Wasch-, Reinigungs- und Aufbewahrungsmitteln.<\/li>\n\n\n\n<li><strong>Umweltfreundlich und gesund: <\/strong>Das langlebige Porzellan wird aus nat\u00fcrlichen Rohstoffen hergestellt und ist frei von sch\u00e4dlichen Metallr\u00fcckst\u00e4nden, was es sicher und ungiftig macht.<\/li>\n\n\n\n<li><strong>Leicht zu reinigen: <\/strong>Die glatte, porenfreie Keramikoberfl\u00e4che l\u00e4sst sich leicht abwischen und ist resistent gegen Seifenschaum und Schimmel.<\/li>\n\n\n\n<li><strong>Fabrik-Direktpreis:<\/strong> Als Hersteller von keramischen Badaccessoires bieten wir direkte Werkspreise an, die es den Kunden erm\u00f6glichen, hochwertige keramische Badezimmersets zu einem g\u00fcnstigeren Preis zu erwerben.<\/li>\n<\/ul>\n\n\n\n<h3 class=\"wp-block-heading\">Kundenspezifischer Service<\/h3>\n\n\n\n<ul class=\"wp-block-list\">\n<li>OEM- und ODM-Unterst\u00fctzung<\/li>\n\n\n\n<li>Schnelle Musterlieferung.<\/li>\n\n\n\n<li>Wir bieten kundenspezifische Produktform, Farbe, Muster, Verpackung und andere kundenspezifische Dienstleistungen an.<\/li>\n<\/ul>\n<\/div>\n\n\n\n<div class=\"wp-block-column is-layout-flow wp-block-column-is-layout-flow\">\n<figure class=\"wp-block-image size-full\"><img decoding=\"async\" width=\"800\" height=\"800\" src=\"https:\/\/www.kedali.com\/wp-content\/uploads\/2025\/11\/wholesale-6-piece-ceramic-bathroom-accessories-set-1.webp\" alt=\"Gro\u00dfhandel 6-teilige Keramik Bad Zubeh\u00f6r Set (1)\" class=\"wp-image-1303\" srcset=\"https:\/\/www.kedali.com\/wp-content\/uploads\/2025\/11\/wholesale-6-piece-ceramic-bathroom-accessories-set-1.webp 800w, https:\/\/www.kedali.com\/wp-content\/uploads\/2025\/11\/wholesale-6-piece-ceramic-bathroom-accessories-set-1-300x300.webp 300w, https:\/\/www.kedali.com\/wp-content\/uploads\/2025\/11\/wholesale-6-piece-ceramic-bathroom-accessories-set-1-150x150.webp 150w, https:\/\/www.kedali.com\/wp-content\/uploads\/2025\/11\/wholesale-6-piece-ceramic-bathroom-accessories-set-1-768x768.webp 768w, https:\/\/www.kedali.com\/wp-content\/uploads\/2025\/11\/wholesale-6-piece-ceramic-bathroom-accessories-set-1-12x12.webp 12w, https:\/\/www.kedali.com\/wp-content\/uploads\/2025\/11\/wholesale-6-piece-ceramic-bathroom-accessories-set-1-600x600.webp 600w, https:\/\/www.kedali.com\/wp-content\/uploads\/2025\/11\/wholesale-6-piece-ceramic-bathroom-accessories-set-1-100x100.webp 100w\" sizes=\"(max-width: 800px) 100vw, 800px\" \/><\/figure>\n<\/div>\n<\/div>\n\n\n\n<div class=\"wp-block-columns is-layout-flex wp-container-core-columns-is-layout-9d6595d7 wp-block-columns-is-layout-flex\">\n<div class=\"wp-block-column is-layout-flow wp-block-column-is-layout-flow\">\n<figure class=\"wp-block-image size-full\"><img decoding=\"async\" width=\"800\" height=\"800\" src=\"https:\/\/www.kedali.com\/wp-content\/uploads\/2025\/11\/wholesale-6-piece-ceramic-bathroom-accessories-set-5.webp\" alt=\"Gro\u00dfhandel 6-teilige Keramik Bad Zubeh\u00f6r Set (5)\" class=\"wp-image-1307\" srcset=\"https:\/\/www.kedali.com\/wp-content\/uploads\/2025\/11\/wholesale-6-piece-ceramic-bathroom-accessories-set-5.webp 800w, https:\/\/www.kedali.com\/wp-content\/uploads\/2025\/11\/wholesale-6-piece-ceramic-bathroom-accessories-set-5-300x300.webp 300w, https:\/\/www.kedali.com\/wp-content\/uploads\/2025\/11\/wholesale-6-piece-ceramic-bathroom-accessories-set-5-150x150.webp 150w, https:\/\/www.kedali.com\/wp-content\/uploads\/2025\/11\/wholesale-6-piece-ceramic-bathroom-accessories-set-5-768x768.webp 768w, https:\/\/www.kedali.com\/wp-content\/uploads\/2025\/11\/wholesale-6-piece-ceramic-bathroom-accessories-set-5-12x12.webp 12w, https:\/\/www.kedali.com\/wp-content\/uploads\/2025\/11\/wholesale-6-piece-ceramic-bathroom-accessories-set-5-600x600.webp 600w, https:\/\/www.kedali.com\/wp-content\/uploads\/2025\/11\/wholesale-6-piece-ceramic-bathroom-accessories-set-5-100x100.webp 100w\" sizes=\"(max-width: 800px) 100vw, 800px\" \/><\/figure>\n<\/div>\n\n\n\n<div class=\"wp-block-column is-layout-flow wp-block-column-is-layout-flow\">\n<figure class=\"wp-block-image size-full\"><img decoding=\"async\" width=\"800\" height=\"800\" src=\"https:\/\/www.kedali.com\/wp-content\/uploads\/2025\/11\/wholesale-6-piece-ceramic-bathroom-accessories-set-6.webp\" alt=\"Gro\u00dfhandel 6-teilige Keramik Bad Zubeh\u00f6r Set (6)\" class=\"wp-image-1308\" srcset=\"https:\/\/www.kedali.com\/wp-content\/uploads\/2025\/11\/wholesale-6-piece-ceramic-bathroom-accessories-set-6.webp 800w, https:\/\/www.kedali.com\/wp-content\/uploads\/2025\/11\/wholesale-6-piece-ceramic-bathroom-accessories-set-6-300x300.webp 300w, https:\/\/www.kedali.com\/wp-content\/uploads\/2025\/11\/wholesale-6-piece-ceramic-bathroom-accessories-set-6-150x150.webp 150w, https:\/\/www.kedali.com\/wp-content\/uploads\/2025\/11\/wholesale-6-piece-ceramic-bathroom-accessories-set-6-768x768.webp 768w, https:\/\/www.kedali.com\/wp-content\/uploads\/2025\/11\/wholesale-6-piece-ceramic-bathroom-accessories-set-6-12x12.webp 12w, https:\/\/www.kedali.com\/wp-content\/uploads\/2025\/11\/wholesale-6-piece-ceramic-bathroom-accessories-set-6-600x600.webp 600w, https:\/\/www.kedali.com\/wp-content\/uploads\/2025\/11\/wholesale-6-piece-ceramic-bathroom-accessories-set-6-100x100.webp 100w\" sizes=\"(max-width: 800px) 100vw, 800px\" \/><\/figure>\n<\/div>\n<\/div>","protected":false},"excerpt":{"rendered":"<p>Gro\u00dfhandel Bad-Accessoires-Sets. Dieses Keramik-Badezimmer-Accessoires-Set zeichnet sich durch einen nordisch-leichten, luxuri\u00f6sen Stil aus, mit einem wei\u00dfen Porzellank\u00f6rper und botanischen Drucken in Schwarz und Gold. Es umfasst eine ganze Reihe von Artikeln wie Zahnputzbecher, Seifenflaschen, Toilettenb\u00fcrsten und Seifenschalen. Kontaktieren Sie uns f\u00fcr ein Angebot.<\/p>\n<h2>Technische Daten des 6-teiligen Keramik-Badezimmer-Accessoires-Sets<\/h2>\n<table width=\"235\">\n<tbody>\n<tr>\n<td width=\"69\">Marke<\/td>\n<td width=\"166\">KDL<\/td>\n<\/tr>\n<tr>\n<td width=\"69\">Modell<\/td>\n<td width=\"166\">BS600<\/td>\n<\/tr>\n<tr>\n<td width=\"69\">Material<\/td>\n<td width=\"166\">Keramik<\/td>\n<\/tr>\n<tr>\n<td width=\"69\">Farbe<\/td>\n<td width=\"166\">wei\u00df<\/td>\n<\/tr>\n<tr>\n<td width=\"69\">Anmeldung<\/td>\n<td width=\"166\">Badezimmer<\/td>\n<\/tr>\n<tr>\n<td width=\"69\">Merkmal<\/td>\n<td width=\"166\">Siebdruck<\/td>\n<\/tr>\n<tr>\n<td width=\"69\">Abmessungen<\/td>\n<td width=\"166\"><strong data-start=\"34\" data-end=\"46\">Becher:<\/strong> 7,5 \u00d7 7,3 \u00d7 11,2 cm<br data-start=\"66\" data-end=\"69\" \/><strong data-start=\"69\" data-end=\"83\" data-is-only-node=\"\">Spender:<\/strong> 7,5 \u00d7 7,3 \u00d7 18,8 cm<br data-start=\"103\" data-end=\"106\" \/><strong data-start=\"106\" data-end=\"129\">Toilettenb\u00fcrstenhalter:<\/strong> 8,9 \u00d7 8,7 \u00d7 11 cm<br data-start=\"147\" data-end=\"150\" \/><strong data-start=\"150\" data-end=\"173\">Wannenf\u00f6rmige Lagerung:<\/strong> 20,5 \u00d7 10,5 \u00d7 11 cm<br data-start=\"193\" data-end=\"196\" \/><strong data-start=\"196\" data-end=\"212\">Aufbewahrungsgef\u00e4\u00df:<\/strong> 8,9 \u00d7 8,9 \u00d7 11,1 cm<br data-start=\"232\" data-end=\"235\" \/><strong data-start=\"235\" data-end=\"249\">Seifenschale:<\/strong> 13,4 \u00d7 9,3 \u00d7 1,9 cm<\/td>\n<\/tr>\n<tr>\n<td width=\"69\">Bruttogewicht (kg)<\/td>\n<td width=\"166\">4kg\/Satz<\/td>\n<\/tr>\n<tr>\n<td width=\"69\">Mindestbestellmenge<\/td>\n<td width=\"166\">800 S\u00e4tze<\/td>\n<\/tr>\n<\/tbody>\n<\/table>\n<p>&nbsp;<\/p>","protected":false},"featured_media":1303,"comment_status":"closed","ping_status":"closed","template":"","meta":{"_acf_changed":false},"product_brand":[],"product_cat":[17,32],"product_tag":[],"class_list":{"0":"post-1301","1":"product","2":"type-product","3":"status-publish","4":"has-post-thumbnail","6":"product_cat-wholesale-ceramic-bathroom-accessories","7":"product_cat-wholesale-ceramic-bath-accessories-sets","9":"first","10":"instock","11":"shipping-taxable","12":"product-type-simple"},"acf":[],"_links":{"self":[{"href":"https:\/\/www.kedali.com\/de\/wp-json\/wp\/v2\/product\/1301","targetHints":{"allow":["GET"]}}],"collection":[{"href":"https:\/\/www.kedali.com\/de\/wp-json\/wp\/v2\/product"}],"about":[{"href":"https:\/\/www.kedali.com\/de\/wp-json\/wp\/v2\/types\/product"}],"replies":[{"embeddable":true,"href":"https:\/\/www.kedali.com\/de\/wp-json\/wp\/v2\/comments?post=1301"}],"wp:featuredmedia":[{"embeddable":true,"href":"https:\/\/www.kedali.com\/de\/wp-json\/wp\/v2\/media\/1303"}],"wp:attachment":[{"href":"https:\/\/www.kedali.com\/de\/wp-json\/wp\/v2\/media?parent=1301"}],"wp:term":[{"taxonomy":"product_brand","embeddable":true,"href":"https:\/\/www.kedali.com\/de\/wp-json\/wp\/v2\/product_brand?post=1301"},{"taxonomy":"product_cat","embeddable":true,"href":"https:\/\/www.kedali.com\/de\/wp-json\/wp\/v2\/product_cat?post=1301"},{"taxonomy":"product_tag","embeddable":true,"href":"https:\/\/www.kedali.com\/de\/wp-json\/wp\/v2\/product_tag?post=1301"}],"curies":[{"name":"wp","href":"https:\/\/api.w.org\/{rel}","templated":true}]}}