{"id":1338,"date":"2025-11-13T04:01:15","date_gmt":"2025-11-13T04:01:15","guid":{"rendered":"https:\/\/www.kedali.com\/?post_type=product&#038;p=1338"},"modified":"2026-02-19T06:07:13","modified_gmt":"2026-02-19T06:07:13","slug":"stackable-ceramic-teapot-and-cup-set-wholesale","status":"publish","type":"product","link":"https:\/\/www.kedali.com\/de\/produkt\/stackable-ceramic-teapot-and-cup-set-wholesale\/","title":{"rendered":"Stapelbare keramische Teekanne und Tasse Set Gro\u00dfhandel - Schwarz und Rot Farbschema."},"content":{"rendered":"<div class=\"wp-block-columns is-layout-flex wp-container-core-columns-is-layout-9d6595d7 wp-block-columns-is-layout-flex\">\n<div class=\"wp-block-column is-layout-flow wp-block-column-is-layout-flow\">\n<h3 class=\"wp-block-heading\">Eigenschaften des Keramik-Teekannen- und Tassen-Sets<\/h3>\n\n\n\n<ul class=\"wp-block-list\">\n<li><strong>Vielseitiger Stil: <\/strong>Das rot-schwarze Farbschema unterstreicht den visuellen Reiz und eignet sich f\u00fcr den pers\u00f6nlichen Gebrauch oder als Geschenk. Die exquisit gestaltete Tasse und Untertasse f\u00fcgen sich nahtlos in Wohn- oder B\u00fcroumgebungen ein und sind ein auff\u00e4lliger Blickfang auf jedem Schreibtisch.<\/li>\n\n\n\n<li><strong>Praktische Funktionalit\u00e4t: <\/strong>Das keramische Material bietet eine hervorragende W\u00e4rmespeicherung und h\u00e4lt Kaffee und Tee auf der perfekten Temperatur. Die glatte Oberfl\u00e4che ist leicht zu reinigen und widersteht Tee- und Kaffeeflecken.<\/li>\n\n\n\n<li><strong>Tragbar: <\/strong>Schlanke Linien und ein ausgewogener Griff optimieren das t\u00e4gliche Benutzererlebnis. Dieses tragbare Set ist kompakt und perfekt f\u00fcr Reisen oder den Einsatz im Freien geeignet und nimmt nur wenig Platz ein.<\/li>\n\n\n\n<li><strong>OEM- und ODM-Unterst\u00fctzung: <\/strong>Als professioneller Hersteller von Teegeschirr bieten wir einen umfassenden OEM\/ODM-Kundenservice, der es Ihnen erm\u00f6glicht, Materialien, Farben, Muster, Verpackungen und Markenzeichen an Ihre speziellen Bed\u00fcrfnisse anzupassen.<\/li>\n<\/ul>\n\n\n\n<h3 class=\"wp-block-heading\">Kundenspezifischer Service<\/h3>\n\n\n\n<ul class=\"wp-block-list\">\n<li>OEM- und ODM-Unterst\u00fctzung<\/li>\n\n\n\n<li>Schnelle Musterlieferung.<\/li>\n\n\n\n<li>Wir bieten kundenspezifische Produktform, Farbe, Muster, Verpackung und andere kundenspezifische Dienstleistungen an.<\/li>\n<\/ul>\n<\/div>\n\n\n\n<div class=\"wp-block-column is-layout-flow wp-block-column-is-layout-flow\">\n<figure class=\"wp-block-image size-full\"><img decoding=\"async\" width=\"1600\" height=\"1600\" src=\"https:\/\/www.kedali.com\/wp-content\/uploads\/2025\/11\/ceramic-teapot-and-cup-set-dimension.webp\" alt=\"keramik teekanne und tasse set dimension\" class=\"wp-image-1339\" srcset=\"https:\/\/www.kedali.com\/wp-content\/uploads\/2025\/11\/ceramic-teapot-and-cup-set-dimension.webp 1600w, https:\/\/www.kedali.com\/wp-content\/uploads\/2025\/11\/ceramic-teapot-and-cup-set-dimension-300x300.webp 300w, https:\/\/www.kedali.com\/wp-content\/uploads\/2025\/11\/ceramic-teapot-and-cup-set-dimension-150x150.webp 150w, https:\/\/www.kedali.com\/wp-content\/uploads\/2025\/11\/ceramic-teapot-and-cup-set-dimension-768x768.webp 768w, https:\/\/www.kedali.com\/wp-content\/uploads\/2025\/11\/ceramic-teapot-and-cup-set-dimension-12x12.webp 12w, https:\/\/www.kedali.com\/wp-content\/uploads\/2025\/11\/ceramic-teapot-and-cup-set-dimension-1200x1200.webp 1200w, https:\/\/www.kedali.com\/wp-content\/uploads\/2025\/11\/ceramic-teapot-and-cup-set-dimension-600x600.webp 600w, https:\/\/www.kedali.com\/wp-content\/uploads\/2025\/11\/ceramic-teapot-and-cup-set-dimension-100x100.webp 100w\" sizes=\"(max-width: 1600px) 100vw, 1600px\" \/><\/figure>\n<\/div>\n<\/div>\n\n\n\n<div class=\"wp-block-columns is-layout-flex wp-container-core-columns-is-layout-9d6595d7 wp-block-columns-is-layout-flex\">\n<div class=\"wp-block-column is-layout-flow wp-block-column-is-layout-flow\">\n<figure class=\"wp-block-image size-full\"><img decoding=\"async\" width=\"1600\" height=\"1600\" src=\"https:\/\/www.kedali.com\/wp-content\/uploads\/2025\/11\/wholesale-ceramic-teapot-and-cup-set-2.webp\" alt=\"Gro\u00dfhandel Keramik Teekanne und Tasse Set (2)\" class=\"wp-image-1341\" srcset=\"https:\/\/www.kedali.com\/wp-content\/uploads\/2025\/11\/wholesale-ceramic-teapot-and-cup-set-2.webp 1600w, https:\/\/www.kedali.com\/wp-content\/uploads\/2025\/11\/wholesale-ceramic-teapot-and-cup-set-2-300x300.webp 300w, https:\/\/www.kedali.com\/wp-content\/uploads\/2025\/11\/wholesale-ceramic-teapot-and-cup-set-2-150x150.webp 150w, https:\/\/www.kedali.com\/wp-content\/uploads\/2025\/11\/wholesale-ceramic-teapot-and-cup-set-2-768x768.webp 768w, https:\/\/www.kedali.com\/wp-content\/uploads\/2025\/11\/wholesale-ceramic-teapot-and-cup-set-2-12x12.webp 12w, https:\/\/www.kedali.com\/wp-content\/uploads\/2025\/11\/wholesale-ceramic-teapot-and-cup-set-2-1200x1200.webp 1200w, https:\/\/www.kedali.com\/wp-content\/uploads\/2025\/11\/wholesale-ceramic-teapot-and-cup-set-2-600x600.webp 600w, https:\/\/www.kedali.com\/wp-content\/uploads\/2025\/11\/wholesale-ceramic-teapot-and-cup-set-2-100x100.webp 100w\" sizes=\"(max-width: 1600px) 100vw, 1600px\" \/><\/figure>\n<\/div>\n\n\n\n<div class=\"wp-block-column is-layout-flow wp-block-column-is-layout-flow\">\n<figure class=\"wp-block-image size-full\"><img decoding=\"async\" width=\"1600\" height=\"1600\" src=\"https:\/\/www.kedali.com\/wp-content\/uploads\/2025\/11\/wholesale-ceramic-teapot-and-cup-set-4.webp\" alt=\"Gro\u00dfhandel Keramik Teekanne und Tasse Set (4)\" class=\"wp-image-1343\" srcset=\"https:\/\/www.kedali.com\/wp-content\/uploads\/2025\/11\/wholesale-ceramic-teapot-and-cup-set-4.webp 1600w, https:\/\/www.kedali.com\/wp-content\/uploads\/2025\/11\/wholesale-ceramic-teapot-and-cup-set-4-300x300.webp 300w, https:\/\/www.kedali.com\/wp-content\/uploads\/2025\/11\/wholesale-ceramic-teapot-and-cup-set-4-150x150.webp 150w, https:\/\/www.kedali.com\/wp-content\/uploads\/2025\/11\/wholesale-ceramic-teapot-and-cup-set-4-768x768.webp 768w, https:\/\/www.kedali.com\/wp-content\/uploads\/2025\/11\/wholesale-ceramic-teapot-and-cup-set-4-12x12.webp 12w, https:\/\/www.kedali.com\/wp-content\/uploads\/2025\/11\/wholesale-ceramic-teapot-and-cup-set-4-1200x1200.webp 1200w, https:\/\/www.kedali.com\/wp-content\/uploads\/2025\/11\/wholesale-ceramic-teapot-and-cup-set-4-600x600.webp 600w, https:\/\/www.kedali.com\/wp-content\/uploads\/2025\/11\/wholesale-ceramic-teapot-and-cup-set-4-100x100.webp 100w\" sizes=\"(max-width: 1600px) 100vw, 1600px\" \/><\/figure>\n<\/div>\n<\/div>","protected":false},"excerpt":{"rendered":"<p>Dieses auff\u00e4llige Teeset besticht durch sein zweifarbiges Design in leuchtendem Rot und Schwarz, das in jedem Regal sofort die Aufmerksamkeit auf sich zieht. Das innovative, stapelbare Design umfasst eine 380-ml-Teekanne, einen 280-ml-Becher und eine Untertasse und ist damit ideal f\u00fcr Studenten, B\u00fcroangestellte oder Reisende.<\/p>\n<p>Als <a href=\"https:\/\/www.kedali.com\/de\/produkt-kategorie\/wholesale-ceramic-tea-sets\/\" target=\"_blank\" rel=\"noopener\"><strong>Hersteller von Teeservice<\/strong><\/a>, bieten wir OEM- und ODM-Unterst\u00fctzung und wettbewerbsf\u00e4hige Preise. Bitte kontaktieren Sie uns.<\/p>\n<h2>Spezifikationen f\u00fcr Teekannen- und Tassenset aus Keramik<\/h2>\n<table width=\"235\">\n<tbody>\n<tr>\n<td width=\"69\">Marke<\/td>\n<td width=\"166\">KDL<\/td>\n<\/tr>\n<tr>\n<td width=\"69\">Modell<\/td>\n<td width=\"166\">TPS082<\/td>\n<\/tr>\n<tr>\n<td width=\"69\">Material<\/td>\n<td width=\"166\">Keramik<\/td>\n<\/tr>\n<tr>\n<td width=\"69\">Farbe<\/td>\n<td width=\"166\">schwarz und rot<\/td>\n<\/tr>\n<tr>\n<td width=\"69\">Anmeldung<\/td>\n<td width=\"166\">Keramik-Teeservice<\/td>\n<\/tr>\n<tr>\n<td width=\"69\">Merkmal<\/td>\n<td width=\"166\">Farbe glasiert<\/td>\n<\/tr>\n<tr>\n<td width=\"69\">Abmessungen<\/td>\n<td width=\"166\"><strong data-start=\"34\" data-end=\"46\">Teekanne:<\/strong> 17 \u00d7 11,2 \u00d7 11,5 cm<br data-start=\"66\" data-end=\"69\" data-is-only-node=\"\" \/><strong data-start=\"69\" data-end=\"77\">Becher:<\/strong> 14 \u00d7 11,2 \u00d7 5,7 cm<br data-start=\"96\" data-end=\"99\" \/><strong data-start=\"99\" data-end=\"110\">Untertasse:<\/strong> 15,2 \u00d7 15,2 \u00d7 2 cm<\/td>\n<\/tr>\n<tr>\n<td width=\"69\">Bruttogewicht (kg)<\/td>\n<td width=\"166\">5kg<\/td>\n<\/tr>\n<tr>\n<td width=\"69\">Mindestbestellmenge<\/td>\n<td width=\"166\">800 S\u00e4tze<\/td>\n<\/tr>\n<\/tbody>\n<\/table>\n<p>&nbsp;<\/p>","protected":false},"featured_media":1340,"comment_status":"closed","ping_status":"closed","template":"","meta":{"_acf_changed":false},"product_brand":[],"product_cat":[29,53],"product_tag":[],"class_list":{"0":"post-1338","1":"product","2":"type-product","3":"status-publish","4":"has-post-thumbnail","6":"product_cat-wholesale-ceramic-tea-sets","7":"product_cat-wholesale-coffee-and-tea-sets","9":"first","10":"instock","11":"shipping-taxable","12":"product-type-simple"},"acf":[],"_links":{"self":[{"href":"https:\/\/www.kedali.com\/de\/wp-json\/wp\/v2\/product\/1338","targetHints":{"allow":["GET"]}}],"collection":[{"href":"https:\/\/www.kedali.com\/de\/wp-json\/wp\/v2\/product"}],"about":[{"href":"https:\/\/www.kedali.com\/de\/wp-json\/wp\/v2\/types\/product"}],"replies":[{"embeddable":true,"href":"https:\/\/www.kedali.com\/de\/wp-json\/wp\/v2\/comments?post=1338"}],"wp:featuredmedia":[{"embeddable":true,"href":"https:\/\/www.kedali.com\/de\/wp-json\/wp\/v2\/media\/1340"}],"wp:attachment":[{"href":"https:\/\/www.kedali.com\/de\/wp-json\/wp\/v2\/media?parent=1338"}],"wp:term":[{"taxonomy":"product_brand","embeddable":true,"href":"https:\/\/www.kedali.com\/de\/wp-json\/wp\/v2\/product_brand?post=1338"},{"taxonomy":"product_cat","embeddable":true,"href":"https:\/\/www.kedali.com\/de\/wp-json\/wp\/v2\/product_cat?post=1338"},{"taxonomy":"product_tag","embeddable":true,"href":"https:\/\/www.kedali.com\/de\/wp-json\/wp\/v2\/product_tag?post=1338"}],"curies":[{"name":"wp","href":"https:\/\/api.w.org\/{rel}","templated":true}]}}