{"id":1348,"date":"2025-11-13T09:22:48","date_gmt":"2025-11-13T09:22:48","guid":{"rendered":"https:\/\/www.kedali.com\/?post_type=product&#038;p=1348"},"modified":"2025-11-13T09:49:34","modified_gmt":"2025-11-13T09:49:34","slug":"wholesale-durable-ceramic-baking-bowls","status":"publish","type":"product","link":"https:\/\/www.kedali.com\/de\/produkt\/wholesale-durable-ceramic-baking-bowls\/","title":{"rendered":"Gro\u00dfhandel Keramik Backen Sch\u00fcsseln - Kedali Keramik K\u00fcchenger\u00e4te Hersteller"},"content":{"rendered":"<div class=\"wp-block-columns is-layout-flex wp-container-core-columns-is-layout-9d6595d7 wp-block-columns-is-layout-flex\">\n<div class=\"wp-block-column is-layout-flow wp-block-column-is-layout-flow\">\n<h3 class=\"wp-block-heading\">Eigenschaften von Keramik-Backsch\u00fcsseln<\/h3>\n\n\n\n<ul class=\"wp-block-list\">\n<li><strong>Backofen, Mikrowelle und Gefrierschrank sicher:<\/strong> Diese Backformen aus Keramik sind vielseitig einsetzbar und k\u00f6nnen im Ofen, in der Mikrowelle und im Gefrierschrank verwendet werden, was sie ideal f\u00fcr eine Vielzahl von Koch- und Backanforderungen macht.<\/li>\n\n\n\n<li><strong>Hitze- und rissbest\u00e4ndig:<\/strong> Sie sind resistent gegen Risse, selbst wenn sie pl\u00f6tzlichen Temperaturschwankungen ausgesetzt sind (z. B. wenn sie direkt vom K\u00fchlschrank in den Ofen gestellt werden). Ihre Haltbarkeit \u00fcbertrifft bei weitem die von herk\u00f6mmlichen Metall- oder Glasprodukten.<\/li>\n\n\n\n<li><strong>Leicht zu reinigen und hygienisch: <\/strong>Unsere Keramik-Backsch\u00fcsseln f\u00fcr den Gro\u00dfhandel haben eine glatte, porenfreie Glasur, die eine m\u00fchelose Reinigung erm\u00f6glicht. Die Sch\u00fcsseln sind sp\u00fclmaschinenfest und f\u00e4rben nicht leicht ab, was das Wachstum von Bakterien verhindert.<\/li>\n\n\n\n<li><strong>Umweltfreundlich und lebensmittelecht: <\/strong>Unsere Backsch\u00fcsseln f\u00fcr den Gro\u00dfhandel sind aus nat\u00fcrlichen keramischen Materialien hergestellt, frei von Blei und Kadmium und entsprechen den internationalen Standards f\u00fcr Lebensmittelsicherheit (FDA, LFGB), so dass sie f\u00fcr alle Arten von Lebensmitteln geeignet sind.<\/li>\n<\/ul>\n\n\n\n<h3 class=\"wp-block-heading\">Kundenspezifischer Service<\/h3>\n\n\n\n<ul class=\"wp-block-list\">\n<li>OEM- und ODM-Unterst\u00fctzung<\/li>\n\n\n\n<li>Schnelle Musterlieferung.<\/li>\n\n\n\n<li>Wir bieten kundenspezifische Produktform, Farbe, Muster, Verpackung und andere kundenspezifische Dienstleistungen an.<\/li>\n<\/ul>\n<\/div>\n\n\n\n<div class=\"wp-block-column is-layout-flow wp-block-column-is-layout-flow\">\n<figure class=\"wp-block-image size-full\"><img decoding=\"async\" width=\"800\" height=\"800\" src=\"https:\/\/www.kedali.com\/wp-content\/uploads\/2025\/11\/ceramic-baking-bowl-dimension.webp\" alt=\"Keramik-Backform Dimension\" class=\"wp-image-1349\" srcset=\"https:\/\/www.kedali.com\/wp-content\/uploads\/2025\/11\/ceramic-baking-bowl-dimension.webp 800w, https:\/\/www.kedali.com\/wp-content\/uploads\/2025\/11\/ceramic-baking-bowl-dimension-300x300.webp 300w, https:\/\/www.kedali.com\/wp-content\/uploads\/2025\/11\/ceramic-baking-bowl-dimension-150x150.webp 150w, https:\/\/www.kedali.com\/wp-content\/uploads\/2025\/11\/ceramic-baking-bowl-dimension-768x768.webp 768w, https:\/\/www.kedali.com\/wp-content\/uploads\/2025\/11\/ceramic-baking-bowl-dimension-12x12.webp 12w, https:\/\/www.kedali.com\/wp-content\/uploads\/2025\/11\/ceramic-baking-bowl-dimension-600x600.webp 600w, https:\/\/www.kedali.com\/wp-content\/uploads\/2025\/11\/ceramic-baking-bowl-dimension-100x100.webp 100w\" sizes=\"(max-width: 800px) 100vw, 800px\" \/><\/figure>\n<\/div>\n<\/div>\n\n\n\n<div class=\"wp-block-columns is-layout-flex wp-container-core-columns-is-layout-9d6595d7 wp-block-columns-is-layout-flex\">\n<div class=\"wp-block-column is-layout-flow wp-block-column-is-layout-flow\">\n<figure class=\"wp-block-image size-full\"><img decoding=\"async\" width=\"800\" height=\"800\" src=\"https:\/\/www.kedali.com\/wp-content\/uploads\/2025\/11\/wholesale-ceramic-baking-bowls-1.webp\" alt=\"Gro\u00dfhandel f\u00fcr Keramik-Backschalen (1)\" class=\"wp-image-1350\" srcset=\"https:\/\/www.kedali.com\/wp-content\/uploads\/2025\/11\/wholesale-ceramic-baking-bowls-1.webp 800w, https:\/\/www.kedali.com\/wp-content\/uploads\/2025\/11\/wholesale-ceramic-baking-bowls-1-300x300.webp 300w, https:\/\/www.kedali.com\/wp-content\/uploads\/2025\/11\/wholesale-ceramic-baking-bowls-1-150x150.webp 150w, https:\/\/www.kedali.com\/wp-content\/uploads\/2025\/11\/wholesale-ceramic-baking-bowls-1-768x768.webp 768w, https:\/\/www.kedali.com\/wp-content\/uploads\/2025\/11\/wholesale-ceramic-baking-bowls-1-12x12.webp 12w, https:\/\/www.kedali.com\/wp-content\/uploads\/2025\/11\/wholesale-ceramic-baking-bowls-1-600x600.webp 600w, https:\/\/www.kedali.com\/wp-content\/uploads\/2025\/11\/wholesale-ceramic-baking-bowls-1-100x100.webp 100w\" sizes=\"(max-width: 800px) 100vw, 800px\" \/><\/figure>\n<\/div>\n\n\n\n<div class=\"wp-block-column is-layout-flow wp-block-column-is-layout-flow\">\n<figure class=\"wp-block-image size-full\"><img decoding=\"async\" width=\"800\" height=\"800\" src=\"https:\/\/www.kedali.com\/wp-content\/uploads\/2025\/11\/wholesale-ceramic-baking-bowls-2.webp\" alt=\"Gro\u00dfhandel Keramik Backschalen (2)\" class=\"wp-image-1351\" srcset=\"https:\/\/www.kedali.com\/wp-content\/uploads\/2025\/11\/wholesale-ceramic-baking-bowls-2.webp 800w, https:\/\/www.kedali.com\/wp-content\/uploads\/2025\/11\/wholesale-ceramic-baking-bowls-2-300x300.webp 300w, https:\/\/www.kedali.com\/wp-content\/uploads\/2025\/11\/wholesale-ceramic-baking-bowls-2-150x150.webp 150w, https:\/\/www.kedali.com\/wp-content\/uploads\/2025\/11\/wholesale-ceramic-baking-bowls-2-768x768.webp 768w, https:\/\/www.kedali.com\/wp-content\/uploads\/2025\/11\/wholesale-ceramic-baking-bowls-2-12x12.webp 12w, https:\/\/www.kedali.com\/wp-content\/uploads\/2025\/11\/wholesale-ceramic-baking-bowls-2-600x600.webp 600w, https:\/\/www.kedali.com\/wp-content\/uploads\/2025\/11\/wholesale-ceramic-baking-bowls-2-100x100.webp 100w\" sizes=\"(max-width: 800px) 100vw, 800px\" \/><\/figure>\n<\/div>\n<\/div>","protected":false},"excerpt":{"rendered":"<p>Gro\u00dfhandel Keramik Backen Schalen. MOQ: 800pcs. Unsere Gro\u00dfhandels-Keramik-Backsch\u00fcsseln in Lebensmittelqualit\u00e4t sind ofen-, mikrowellen- und k\u00fchlschranksicher und bieten eine gleichm\u00e4\u00dfige W\u00e4rmeverteilung f\u00fcr perfekte Backergebnisse. Sie sind in individuellen Gr\u00f6\u00dfen, Farben und Mustern erh\u00e4ltlich und damit ideal f\u00fcr Einzelh\u00e4ndler, Restaurants und Gro\u00dfh\u00e4ndler.<\/p>\n<p>Als f\u00fchrender Hersteller von Keramikgeschirr bieten wir wettbewerbsf\u00e4hige Preise und begr\u00fc\u00dfen Gro\u00dfabnahmen.<\/p>\n<h2>Spezifikationen von Keramik-Backsch\u00fcsseln<\/h2>\n<table width=\"235\">\n<tbody>\n<tr>\n<td width=\"69\">Marke<\/td>\n<td width=\"166\">KDL<\/td>\n<\/tr>\n<tr>\n<td width=\"69\">Modell<\/td>\n<td width=\"166\">DTDS1900-3.5<\/td>\n<\/tr>\n<tr>\n<td width=\"69\">Material<\/td>\n<td width=\"166\">anpassbar<\/td>\n<\/tr>\n<tr>\n<td width=\"69\">Farbe<\/td>\n<td width=\"166\">wei\u00df<\/td>\n<\/tr>\n<tr>\n<td width=\"69\">Anmeldung<\/td>\n<td width=\"166\">Backen<\/td>\n<\/tr>\n<tr>\n<td width=\"69\">Merkmal<\/td>\n<td width=\"166\">Farbe glasiert<\/td>\n<\/tr>\n<tr>\n<td width=\"69\">Abmessungen<\/td>\n<td width=\"166\">8.9\u00d78.9\u00d74.4cm<\/td>\n<\/tr>\n<tr>\n<td width=\"69\">Bruttogewicht (kg)<\/td>\n<td width=\"166\">0.16kg<\/td>\n<\/tr>\n<tr>\n<td width=\"69\">Mindestbestellmenge<\/td>\n<td width=\"166\">800 St\u00fcck<\/td>\n<\/tr>\n<\/tbody>\n<\/table>\n<p>&nbsp;<\/p>","protected":false},"featured_media":1350,"comment_status":"closed","ping_status":"closed","template":"","meta":{"_acf_changed":false},"product_brand":[],"product_cat":[18],"product_tag":[],"class_list":{"0":"post-1348","1":"product","2":"type-product","3":"status-publish","4":"has-post-thumbnail","6":"product_cat-wholesale-ceramic-kitchenware","8":"first","9":"instock","10":"shipping-taxable","11":"product-type-simple"},"acf":[],"_links":{"self":[{"href":"https:\/\/www.kedali.com\/de\/wp-json\/wp\/v2\/product\/1348","targetHints":{"allow":["GET"]}}],"collection":[{"href":"https:\/\/www.kedali.com\/de\/wp-json\/wp\/v2\/product"}],"about":[{"href":"https:\/\/www.kedali.com\/de\/wp-json\/wp\/v2\/types\/product"}],"replies":[{"embeddable":true,"href":"https:\/\/www.kedali.com\/de\/wp-json\/wp\/v2\/comments?post=1348"}],"wp:featuredmedia":[{"embeddable":true,"href":"https:\/\/www.kedali.com\/de\/wp-json\/wp\/v2\/media\/1350"}],"wp:attachment":[{"href":"https:\/\/www.kedali.com\/de\/wp-json\/wp\/v2\/media?parent=1348"}],"wp:term":[{"taxonomy":"product_brand","embeddable":true,"href":"https:\/\/www.kedali.com\/de\/wp-json\/wp\/v2\/product_brand?post=1348"},{"taxonomy":"product_cat","embeddable":true,"href":"https:\/\/www.kedali.com\/de\/wp-json\/wp\/v2\/product_cat?post=1348"},{"taxonomy":"product_tag","embeddable":true,"href":"https:\/\/www.kedali.com\/de\/wp-json\/wp\/v2\/product_tag?post=1348"}],"curies":[{"name":"wp","href":"https:\/\/api.w.org\/{rel}","templated":true}]}}