{"id":1355,"date":"2025-11-13T09:56:34","date_gmt":"2025-11-13T09:56:34","guid":{"rendered":"https:\/\/www.kedali.com\/?post_type=product&#038;p=1355"},"modified":"2025-11-13T10:18:24","modified_gmt":"2025-11-13T10:18:24","slug":"bulk-ceramic-utensil-holders-wholesale","status":"publish","type":"product","link":"https:\/\/www.kedali.com\/de\/produkt\/bulk-ceramic-utensil-holders-wholesale\/","title":{"rendered":"Gro\u00dfhandel Keramik Utensilienhalter - K\u00fcche Lagerung f\u00fcr Haus, Restaurants und Caf\u00e9s"},"content":{"rendered":"<div class=\"wp-block-columns is-layout-flex wp-container-core-columns-is-layout-9d6595d7 wp-block-columns-is-layout-flex\">\n<div class=\"wp-block-column is-layout-flow wp-block-column-is-layout-flow\">\n<h3 class=\"wp-block-heading\">Eigenschaften von Keramik-Besteckhaltern<\/h3>\n\n\n\n<ul class=\"wp-block-list\">\n<li><strong>Gro\u00dfe Speicherkapazit\u00e4t:<\/strong> Der Utensilienhalter aus Keramik hat einen gro\u00dfen Durchmesser und nimmt verschiedene K\u00fcchenutensilien wie Essst\u00e4bchen, L\u00f6ffel, Gabeln und Messer problemlos auf.<\/li>\n\n\n\n<li><strong>Farboptionen:<\/strong> Unsere Gro\u00dfhandel Keramik Utensilienhalter kommen in einem minimalistischen schwarz und grau Farbschema, geeignet f\u00fcr moderne K\u00fcche Stile.<\/li>\n\n\n\n<li><strong>Material Textur: <\/strong>Das keramische Material hat einen warmen Glanz und einen zarten Griff. Im Vergleich zu Aufbewahrungsger\u00e4ten aus Metall oder Kunststoff f\u00fchlt sich Keramik besser an und verleiht dem Kocherlebnis einen Hauch von Zeremonie.<\/li>\n\n\n\n<li><strong>Leicht zu reinigen:<\/strong> Dank der glatten Oberfl\u00e4che lassen sich Flecken und Fette leicht abwischen, so dass die t\u00e4gliche Pflege m\u00fchelos ist. Keramik ist korrosionsbest\u00e4ndig, wird nicht leicht von K\u00fcchenreinigern angegriffen und hat eine lange Lebensdauer.<\/li>\n\n\n\n<li>F<strong>nahrungsmittelsicher und ungiftig:<\/strong> Hergestellt mit blei- und cadmiumfreier Glasur, die die Sicherheit und Hygiene Ihrer K\u00fcchenutensilien gew\u00e4hrleistet. Entspricht den FDA- und LFGB-Normen.<\/li>\n\n\n\n<li><strong>F\u00e4higkeiten zur Massenproduktion:<\/strong> Als erfahrener Hersteller von Keramikkochgeschirr sind wir in der Lage, kontinuierlich gro\u00dfe Mengen zu liefern und die rechtzeitige Lieferung an Gro\u00dfabnehmer zu gew\u00e4hrleisten.<\/li>\n<\/ul>\n\n\n\n<h3 class=\"wp-block-heading\">Kundenspezifischer Service<\/h3>\n\n\n\n<ul class=\"wp-block-list\">\n<li>OEM- und ODM-Unterst\u00fctzung<\/li>\n\n\n\n<li>Schnelle Musterlieferung.<\/li>\n\n\n\n<li>Wir bieten kundenspezifische Produktform, Farbe, Muster, Verpackung und andere kundenspezifische Dienstleistungen an.<\/li>\n<\/ul>\n<\/div>\n\n\n\n<div class=\"wp-block-column is-layout-flow wp-block-column-is-layout-flow\">\n<figure class=\"wp-block-image size-full\"><img decoding=\"async\" width=\"1600\" height=\"1600\" src=\"https:\/\/www.kedali.com\/wp-content\/uploads\/2025\/11\/ceramic-utensil-holder-dimension.webp\" alt=\"Keramik Utensilienhalter Dimension\" class=\"wp-image-1356\" srcset=\"https:\/\/www.kedali.com\/wp-content\/uploads\/2025\/11\/ceramic-utensil-holder-dimension.webp 1600w, https:\/\/www.kedali.com\/wp-content\/uploads\/2025\/11\/ceramic-utensil-holder-dimension-300x300.webp 300w, https:\/\/www.kedali.com\/wp-content\/uploads\/2025\/11\/ceramic-utensil-holder-dimension-150x150.webp 150w, https:\/\/www.kedali.com\/wp-content\/uploads\/2025\/11\/ceramic-utensil-holder-dimension-768x768.webp 768w, https:\/\/www.kedali.com\/wp-content\/uploads\/2025\/11\/ceramic-utensil-holder-dimension-12x12.webp 12w, https:\/\/www.kedali.com\/wp-content\/uploads\/2025\/11\/ceramic-utensil-holder-dimension-1200x1200.webp 1200w, https:\/\/www.kedali.com\/wp-content\/uploads\/2025\/11\/ceramic-utensil-holder-dimension-600x600.webp 600w, https:\/\/www.kedali.com\/wp-content\/uploads\/2025\/11\/ceramic-utensil-holder-dimension-100x100.webp 100w\" sizes=\"(max-width: 1600px) 100vw, 1600px\" \/><\/figure>\n<\/div>\n<\/div>\n\n\n\n<div class=\"wp-block-columns is-layout-flex wp-container-core-columns-is-layout-9d6595d7 wp-block-columns-is-layout-flex\">\n<div class=\"wp-block-column is-layout-flow wp-block-column-is-layout-flow\">\n<figure class=\"wp-block-image size-full\"><img decoding=\"async\" width=\"1600\" height=\"1600\" src=\"https:\/\/www.kedali.com\/wp-content\/uploads\/2025\/11\/wholesale-ceramic-utensil-holders-2.webp\" alt=\"Gro\u00dfhandel Keramik Utensilienhalter (2)\" class=\"wp-image-1358\" srcset=\"https:\/\/www.kedali.com\/wp-content\/uploads\/2025\/11\/wholesale-ceramic-utensil-holders-2.webp 1600w, https:\/\/www.kedali.com\/wp-content\/uploads\/2025\/11\/wholesale-ceramic-utensil-holders-2-300x300.webp 300w, https:\/\/www.kedali.com\/wp-content\/uploads\/2025\/11\/wholesale-ceramic-utensil-holders-2-150x150.webp 150w, https:\/\/www.kedali.com\/wp-content\/uploads\/2025\/11\/wholesale-ceramic-utensil-holders-2-768x768.webp 768w, https:\/\/www.kedali.com\/wp-content\/uploads\/2025\/11\/wholesale-ceramic-utensil-holders-2-12x12.webp 12w, https:\/\/www.kedali.com\/wp-content\/uploads\/2025\/11\/wholesale-ceramic-utensil-holders-2-1200x1200.webp 1200w, https:\/\/www.kedali.com\/wp-content\/uploads\/2025\/11\/wholesale-ceramic-utensil-holders-2-600x600.webp 600w, https:\/\/www.kedali.com\/wp-content\/uploads\/2025\/11\/wholesale-ceramic-utensil-holders-2-100x100.webp 100w\" sizes=\"(max-width: 1600px) 100vw, 1600px\" \/><\/figure>\n<\/div>\n\n\n\n<div class=\"wp-block-column is-layout-flow wp-block-column-is-layout-flow\">\n<figure class=\"wp-block-image size-full\"><img decoding=\"async\" width=\"1600\" height=\"1600\" src=\"https:\/\/www.kedali.com\/wp-content\/uploads\/2025\/11\/wholesale-ceramic-utensil-holders-5.webp\" alt=\"Gro\u00dfhandel Keramik Utensilienhalter (5)\" class=\"wp-image-1361\" srcset=\"https:\/\/www.kedali.com\/wp-content\/uploads\/2025\/11\/wholesale-ceramic-utensil-holders-5.webp 1600w, https:\/\/www.kedali.com\/wp-content\/uploads\/2025\/11\/wholesale-ceramic-utensil-holders-5-300x300.webp 300w, https:\/\/www.kedali.com\/wp-content\/uploads\/2025\/11\/wholesale-ceramic-utensil-holders-5-150x150.webp 150w, https:\/\/www.kedali.com\/wp-content\/uploads\/2025\/11\/wholesale-ceramic-utensil-holders-5-768x768.webp 768w, https:\/\/www.kedali.com\/wp-content\/uploads\/2025\/11\/wholesale-ceramic-utensil-holders-5-12x12.webp 12w, https:\/\/www.kedali.com\/wp-content\/uploads\/2025\/11\/wholesale-ceramic-utensil-holders-5-1200x1200.webp 1200w, https:\/\/www.kedali.com\/wp-content\/uploads\/2025\/11\/wholesale-ceramic-utensil-holders-5-600x600.webp 600w, https:\/\/www.kedali.com\/wp-content\/uploads\/2025\/11\/wholesale-ceramic-utensil-holders-5-100x100.webp 100w\" sizes=\"(max-width: 1600px) 100vw, 1600px\" \/><\/figure>\n<\/div>\n<\/div>","protected":false},"excerpt":{"rendered":"<p>Gro\u00dfhandel Keramik Utensilienhalter. Lebensmittelecht und ungiftig, langlebig und kratzfest. Unsere Besteckhalter aus Keramik vereinen Funktionalit\u00e4t und elegantes Design und sind perfekt f\u00fcr Privathaushalte, Restaurants, Caf\u00e9s und Gro\u00dfk\u00fcchen. Kontaktieren Sie uns f\u00fcr ein Angebot.<\/p>\n<h2>Spezifikationen von Keramik-Besteckhaltern<\/h2>\n<table width=\"235\">\n<tbody>\n<tr>\n<td width=\"69\">Marke<\/td>\n<td width=\"166\">KDL<\/td>\n<\/tr>\n<tr>\n<td width=\"69\">Modell<\/td>\n<td width=\"166\">DTGS2312-7-F394<\/td>\n<\/tr>\n<tr>\n<td width=\"69\">Material<\/td>\n<td width=\"166\">Keramik<\/td>\n<\/tr>\n<tr>\n<td width=\"69\">Farbe<\/td>\n<td width=\"166\">wei\u00df\/schwarz\/grau<\/td>\n<\/tr>\n<tr>\n<td width=\"69\">Anmeldung<\/td>\n<td width=\"166\">Lagerung in der K\u00fcche<\/td>\n<\/tr>\n<tr>\n<td width=\"69\">Merkmal<\/td>\n<td width=\"166\">geschnitzt<\/td>\n<\/tr>\n<tr>\n<td width=\"69\">Abmessungen<\/td>\n<td width=\"166\">14.8\u00d714.8\u00d718cm<\/td>\n<\/tr>\n<tr>\n<td width=\"69\">Bruttogewicht (kg)<\/td>\n<td width=\"166\">1,4 kg<\/td>\n<\/tr>\n<tr>\n<td width=\"69\">Mindestbestellmenge<\/td>\n<td width=\"166\">800 St\u00fcck<\/td>\n<\/tr>\n<\/tbody>\n<\/table>\n<p>&nbsp;<\/p>","protected":false},"featured_media":1357,"comment_status":"closed","ping_status":"closed","template":"","meta":{"_acf_changed":false},"product_brand":[],"product_cat":[36,18],"product_tag":[],"class_list":{"0":"post-1355","1":"product","2":"type-product","3":"status-publish","4":"has-post-thumbnail","6":"product_cat-wholesale-ceramic-utensil-holders","7":"product_cat-wholesale-ceramic-kitchenware","9":"first","10":"instock","11":"shipping-taxable","12":"product-type-simple"},"acf":[],"_links":{"self":[{"href":"https:\/\/www.kedali.com\/de\/wp-json\/wp\/v2\/product\/1355","targetHints":{"allow":["GET"]}}],"collection":[{"href":"https:\/\/www.kedali.com\/de\/wp-json\/wp\/v2\/product"}],"about":[{"href":"https:\/\/www.kedali.com\/de\/wp-json\/wp\/v2\/types\/product"}],"replies":[{"embeddable":true,"href":"https:\/\/www.kedali.com\/de\/wp-json\/wp\/v2\/comments?post=1355"}],"wp:featuredmedia":[{"embeddable":true,"href":"https:\/\/www.kedali.com\/de\/wp-json\/wp\/v2\/media\/1357"}],"wp:attachment":[{"href":"https:\/\/www.kedali.com\/de\/wp-json\/wp\/v2\/media?parent=1355"}],"wp:term":[{"taxonomy":"product_brand","embeddable":true,"href":"https:\/\/www.kedali.com\/de\/wp-json\/wp\/v2\/product_brand?post=1355"},{"taxonomy":"product_cat","embeddable":true,"href":"https:\/\/www.kedali.com\/de\/wp-json\/wp\/v2\/product_cat?post=1355"},{"taxonomy":"product_tag","embeddable":true,"href":"https:\/\/www.kedali.com\/de\/wp-json\/wp\/v2\/product_tag?post=1355"}],"curies":[{"name":"wp","href":"https:\/\/api.w.org\/{rel}","templated":true}]}}