{"id":1362,"date":"2025-11-14T06:20:00","date_gmt":"2025-11-14T06:20:00","guid":{"rendered":"https:\/\/www.kedali.com\/?post_type=product&#038;p=1362"},"modified":"2026-01-09T01:18:12","modified_gmt":"2026-01-09T01:18:12","slug":"wholesale-ceramic-baking-dish-sets","status":"publish","type":"product","link":"https:\/\/www.kedali.com\/de\/produkt\/wholesale-ceramic-baking-dish-sets\/","title":{"rendered":"Gro\u00dfhandel keramische Backform Set, Gr\u00f6\u00dfe und Farbe Anpassung unterst\u00fctzt"},"content":{"rendered":"<div class=\"wp-block-columns is-layout-flex wp-container-core-columns-is-layout-9d6595d7 wp-block-columns-is-layout-flex\">\n<div class=\"wp-block-column is-layout-flow wp-block-column-is-layout-flow\">\n<h3 class=\"wp-block-heading\">Merkmale des Keramik-Backformen-Sets<\/h3>\n\n\n\n<ul class=\"wp-block-list\">\n<li><strong>Gesundheit und Sicherheit:<\/strong> Unser Gro\u00dfhandels-Backformen-Set ist frei von jeglichen Beschichtungen und h\u00e4lt auch hohen Temperaturen in Back\u00f6fen und Mikrowellen stand.<\/li>\n\n\n\n<li><strong>Lebensmitteltaugliche Qualit\u00e4t:<\/strong> Unsere Gro\u00dfhandels-Backformen werden aus hochwertigen, lebensmittelechten Materialien hergestellt und bei hohen Temperaturen gebrannt, um eine ungiftige, bleifreie Oberfl\u00e4che zu gew\u00e4hrleisten.<\/li>\n\n\n\n<li><strong>\u00c4sthetische Anziehungskraft: <\/strong>Kr\u00e4ftige Farben und eine glatte Oberfl\u00e4che bieten eine attraktive visuelle Pr\u00e4sentation und machen das Umf\u00fcllen von Speisen auf separate Servierplatten \u00fcberfl\u00fcssig.<\/li>\n\n\n\n<li><strong>Vielseitig einsetzbar:<\/strong> Geeignet f\u00fcr Mikrowellen, Back\u00f6fen und Esstische. Gro\u00dfhandels-Backformen k\u00f6nnen zum Backen und Braten im Ofen verwendet werden, zum schnellen Aufw\u00e4rmen von Speisen in der Mikrowelle und dank ihres eleganten Aussehens k\u00f6nnen sie direkt vom Ofen auf den Tisch gestellt werden.<\/li>\n<\/ul>\n\n\n\n<h3 class=\"wp-block-heading\">Kundenspezifischer Service<\/h3>\n\n\n\n<ul class=\"wp-block-list\">\n<li>OEM- und ODM-Unterst\u00fctzung<\/li>\n\n\n\n<li>Schnelle Musterlieferung.<\/li>\n\n\n\n<li>Wir bieten kundenspezifische Produktform, Farbe, Muster, Verpackung und andere kundenspezifische Dienstleistungen an.<\/li>\n<\/ul>\n<\/div>\n\n\n\n<div class=\"wp-block-column is-layout-flow wp-block-column-is-layout-flow\">\n<figure class=\"wp-block-image size-full\"><img decoding=\"async\" width=\"1600\" height=\"1600\" src=\"https:\/\/www.kedali.com\/wp-content\/uploads\/2025\/11\/ceramic-baking-dish-dimension.webp\" alt=\"Keramik-Backform Dimension\" class=\"wp-image-1363\" srcset=\"https:\/\/www.kedali.com\/wp-content\/uploads\/2025\/11\/ceramic-baking-dish-dimension.webp 1600w, https:\/\/www.kedali.com\/wp-content\/uploads\/2025\/11\/ceramic-baking-dish-dimension-300x300.webp 300w, https:\/\/www.kedali.com\/wp-content\/uploads\/2025\/11\/ceramic-baking-dish-dimension-150x150.webp 150w, https:\/\/www.kedali.com\/wp-content\/uploads\/2025\/11\/ceramic-baking-dish-dimension-768x768.webp 768w, https:\/\/www.kedali.com\/wp-content\/uploads\/2025\/11\/ceramic-baking-dish-dimension-12x12.webp 12w, https:\/\/www.kedali.com\/wp-content\/uploads\/2025\/11\/ceramic-baking-dish-dimension-1200x1200.webp 1200w, https:\/\/www.kedali.com\/wp-content\/uploads\/2025\/11\/ceramic-baking-dish-dimension-600x600.webp 600w, https:\/\/www.kedali.com\/wp-content\/uploads\/2025\/11\/ceramic-baking-dish-dimension-100x100.webp 100w\" sizes=\"(max-width: 1600px) 100vw, 1600px\" \/><\/figure>\n<\/div>\n<\/div>\n\n\n\n<div class=\"wp-block-columns is-layout-flex wp-container-core-columns-is-layout-9d6595d7 wp-block-columns-is-layout-flex\">\n<div class=\"wp-block-column is-layout-flow wp-block-column-is-layout-flow\">\n<figure class=\"wp-block-image size-full\"><img decoding=\"async\" width=\"1600\" height=\"1600\" src=\"https:\/\/www.kedali.com\/wp-content\/uploads\/2025\/11\/wholesale-ceramic-baking-dish-set-1.webp\" alt=\"Gro\u00dfhandel Keramik Backform Set (1)\" class=\"wp-image-1364\" srcset=\"https:\/\/www.kedali.com\/wp-content\/uploads\/2025\/11\/wholesale-ceramic-baking-dish-set-1.webp 1600w, https:\/\/www.kedali.com\/wp-content\/uploads\/2025\/11\/wholesale-ceramic-baking-dish-set-1-300x300.webp 300w, https:\/\/www.kedali.com\/wp-content\/uploads\/2025\/11\/wholesale-ceramic-baking-dish-set-1-150x150.webp 150w, https:\/\/www.kedali.com\/wp-content\/uploads\/2025\/11\/wholesale-ceramic-baking-dish-set-1-768x768.webp 768w, https:\/\/www.kedali.com\/wp-content\/uploads\/2025\/11\/wholesale-ceramic-baking-dish-set-1-12x12.webp 12w, https:\/\/www.kedali.com\/wp-content\/uploads\/2025\/11\/wholesale-ceramic-baking-dish-set-1-1200x1200.webp 1200w, https:\/\/www.kedali.com\/wp-content\/uploads\/2025\/11\/wholesale-ceramic-baking-dish-set-1-600x600.webp 600w, https:\/\/www.kedali.com\/wp-content\/uploads\/2025\/11\/wholesale-ceramic-baking-dish-set-1-100x100.webp 100w\" sizes=\"(max-width: 1600px) 100vw, 1600px\" \/><\/figure>\n<\/div>\n\n\n\n<div class=\"wp-block-column is-layout-flow wp-block-column-is-layout-flow\">\n<figure class=\"wp-block-image size-full\"><img decoding=\"async\" width=\"1600\" height=\"1600\" src=\"https:\/\/www.kedali.com\/wp-content\/uploads\/2025\/11\/wholesale-ceramic-baking-dish-set-2.webp\" alt=\"Gro\u00dfhandel Keramik Backform Set (2)\" class=\"wp-image-1365\" srcset=\"https:\/\/www.kedali.com\/wp-content\/uploads\/2025\/11\/wholesale-ceramic-baking-dish-set-2.webp 1600w, https:\/\/www.kedali.com\/wp-content\/uploads\/2025\/11\/wholesale-ceramic-baking-dish-set-2-300x300.webp 300w, https:\/\/www.kedali.com\/wp-content\/uploads\/2025\/11\/wholesale-ceramic-baking-dish-set-2-150x150.webp 150w, https:\/\/www.kedali.com\/wp-content\/uploads\/2025\/11\/wholesale-ceramic-baking-dish-set-2-768x768.webp 768w, https:\/\/www.kedali.com\/wp-content\/uploads\/2025\/11\/wholesale-ceramic-baking-dish-set-2-12x12.webp 12w, https:\/\/www.kedali.com\/wp-content\/uploads\/2025\/11\/wholesale-ceramic-baking-dish-set-2-1200x1200.webp 1200w, https:\/\/www.kedali.com\/wp-content\/uploads\/2025\/11\/wholesale-ceramic-baking-dish-set-2-600x600.webp 600w, https:\/\/www.kedali.com\/wp-content\/uploads\/2025\/11\/wholesale-ceramic-baking-dish-set-2-100x100.webp 100w\" sizes=\"(max-width: 1600px) 100vw, 1600px\" \/><\/figure>\n<\/div>\n<\/div>","protected":false},"excerpt":{"rendered":"<p>Werten Sie Ihre Produktlinie mit unseren hochwertigen Gro\u00dfhandels-Keramik-Backformen auf. Unsere Gro\u00dfhandels-Keramik-Backformen sind ideal f\u00fcr Einzelh\u00e4ndler, Distributoren und K\u00fcchenartikelmarken. Kontaktieren Sie uns f\u00fcr einen Fabrikpreis.<\/p>\n<p>Als einer der <a href=\"https:\/\/www.kedali.com\/de\/produkt-kategorie\/wholesale-ceramic-kitchenware\/\" target=\"_blank\" rel=\"noopener\"><strong>beste Keramikgeschirrhersteller in China<\/strong><\/a>, bieten wir eine gro\u00dfe Auswahl an keramischen Backformen und unterst\u00fctzen OEM- und ODM-Anpassungen. Bitte kontaktieren Sie uns.<\/p>\n<h2>Spezifikationen f\u00fcr Keramik-Backformen-Set<\/h2>\n<table width=\"235\">\n<tbody>\n<tr>\n<td width=\"69\">Marke<\/td>\n<td width=\"166\">KDL<\/td>\n<\/tr>\n<tr>\n<td width=\"69\">Modell<\/td>\n<td width=\"166\">TDQ2085-13<\/td>\n<\/tr>\n<tr>\n<td width=\"69\">Material<\/td>\n<td width=\"166\">Keramik<\/td>\n<\/tr>\n<tr>\n<td width=\"69\">Farbe<\/td>\n<td width=\"166\">rot\/gr\u00fcn\/gelb anpassbar<\/td>\n<\/tr>\n<tr>\n<td width=\"69\">Anmeldung<\/td>\n<td width=\"166\">Backen<\/td>\n<\/tr>\n<tr>\n<td width=\"69\">Merkmal<\/td>\n<td width=\"166\">Farbe glasiert<\/td>\n<\/tr>\n<tr>\n<td width=\"69\">Abmessungen<\/td>\n<td width=\"166\">34\u00d720\u00d76cm<\/td>\n<\/tr>\n<tr>\n<td width=\"69\">Bruttogewicht (kg)<\/td>\n<td width=\"166\">1,13 kg<\/td>\n<\/tr>\n<tr>\n<td width=\"69\">Mindestbestellmenge<\/td>\n<td width=\"166\">800 S\u00e4tze<\/td>\n<\/tr>\n<\/tbody>\n<\/table>\n<p>&nbsp;<\/p>\n<p>\n<script src=\"chrome-extension:\/\/fpelahbljekknahkcaegamhcndkfpfnc\/iFrame.js\" type=\"text\/javascript\"><\/script><\/p>","protected":false},"featured_media":1364,"comment_status":"closed","ping_status":"closed","template":"","meta":{"_acf_changed":false},"product_brand":[],"product_cat":[18,34],"product_tag":[],"class_list":{"0":"post-1362","1":"product","2":"type-product","3":"status-publish","4":"has-post-thumbnail","6":"product_cat-wholesale-ceramic-kitchenware","7":"product_cat-wholesale-ceramic-bakeware","9":"first","10":"instock","11":"shipping-taxable","12":"product-type-simple"},"acf":[],"_links":{"self":[{"href":"https:\/\/www.kedali.com\/de\/wp-json\/wp\/v2\/product\/1362","targetHints":{"allow":["GET"]}}],"collection":[{"href":"https:\/\/www.kedali.com\/de\/wp-json\/wp\/v2\/product"}],"about":[{"href":"https:\/\/www.kedali.com\/de\/wp-json\/wp\/v2\/types\/product"}],"replies":[{"embeddable":true,"href":"https:\/\/www.kedali.com\/de\/wp-json\/wp\/v2\/comments?post=1362"}],"wp:featuredmedia":[{"embeddable":true,"href":"https:\/\/www.kedali.com\/de\/wp-json\/wp\/v2\/media\/1364"}],"wp:attachment":[{"href":"https:\/\/www.kedali.com\/de\/wp-json\/wp\/v2\/media?parent=1362"}],"wp:term":[{"taxonomy":"product_brand","embeddable":true,"href":"https:\/\/www.kedali.com\/de\/wp-json\/wp\/v2\/product_brand?post=1362"},{"taxonomy":"product_cat","embeddable":true,"href":"https:\/\/www.kedali.com\/de\/wp-json\/wp\/v2\/product_cat?post=1362"},{"taxonomy":"product_tag","embeddable":true,"href":"https:\/\/www.kedali.com\/de\/wp-json\/wp\/v2\/product_tag?post=1362"}],"curies":[{"name":"wp","href":"https:\/\/api.w.org\/{rel}","templated":true}]}}