{"id":1376,"date":"2025-11-14T07:49:55","date_gmt":"2025-11-14T07:49:55","guid":{"rendered":"https:\/\/www.kedali.com\/?post_type=product&#038;p=1376"},"modified":"2025-11-14T08:11:46","modified_gmt":"2025-11-14T08:11:46","slug":"wholesale-3-piece-ceramic-bakeware-sets","status":"publish","type":"product","link":"https:\/\/www.kedali.com\/de\/produkt\/wholesale-3-piece-ceramic-bakeware-sets\/","title":{"rendered":"Gro\u00dfhandel 3-teilige keramische Backformen Sets - Backofen &amp; Mikrowelle Safe Factory Supply, MOQ: 800 St\u00fcck"},"content":{"rendered":"<div class=\"wp-block-columns is-layout-flex wp-container-core-columns-is-layout-9d6595d7 wp-block-columns-is-layout-flex\">\n<div class=\"wp-block-column is-layout-flow wp-block-column-is-layout-flow\">\n<h3 class=\"wp-block-heading\">Eigenschaften der 3-teiligen Keramik-Backformen-Sets<\/h3>\n\n\n\n<ul class=\"wp-block-list\">\n<li><strong>Unbedenklich und sicher:<\/strong> Unser Gro\u00dfhandels-Keramik-Backformen-Set entspricht den Sicherheitsstandards f\u00fcr Lebensmittel und ist f\u00fcr den direkten Kontakt mit Lebensmitteln geeignet. Damit ist es besonders f\u00fcr die t\u00e4gliche K\u00fcche zu Hause geeignet.<\/li>\n\n\n\n<li><strong>Hochgradig hitzebest\u00e4ndig:<\/strong> Es h\u00e4lt hohen Temperaturen stand und vermeidet Verformungen und Risse aufgrund von Temperaturschwankungen; seine Haltbarkeit \u00fcbertrifft die von Materialien wie Kunststoff bei weitem.<\/li>\n\n\n\n<li><strong>Mehrere Gr\u00f6\u00dfen: <\/strong>Das Keramik-Backset ist in verschiedenen Gr\u00f6\u00dfen (klein, mittel und gro\u00df) erh\u00e4ltlich, um den unterschiedlichen Bed\u00fcrfnissen von Mahlzeiten f\u00fcr eine Person bis hin zu Mahlzeiten f\u00fcr mehrere Personen gerecht zu werden und sich flexibel an die Essensszenarien der Familie anzupassen.<\/li>\n\n\n\n<li><strong>Vielseitige Formen: <\/strong>Klassische Formen wie quadratisch und rechteckig eignen sich f\u00fcr Back\u00f6fen, Mikrowellen und andere Kochger\u00e4te, k\u00f6nnen aber auch direkt als \u201cPr\u00e4sentationsplatte\u201d f\u00fcr fertige Produkte auf dem Esstisch verwendet werden und ersparen das l\u00e4stige Wechseln des Geschirrs.<\/li>\n\n\n\n<li>Texturiertes Material: Das keramische Material hat einen warmen Glanz und einen zarten Griff. Im Vergleich zu Aufbewahrungsger\u00e4ten aus Metall oder Kunststoff f\u00fchlt es sich besser an und verleiht dem Raum eine raffinierte Atmosph\u00e4re.<\/li>\n<\/ul>\n\n\n\n<h3 class=\"wp-block-heading\">Kundenspezifischer Service<\/h3>\n\n\n\n<ul class=\"wp-block-list\">\n<li>OEM- und ODM-Unterst\u00fctzung<\/li>\n\n\n\n<li>Schnelle Musterlieferung.<\/li>\n\n\n\n<li>Wir bieten kundenspezifische Produktform, Farbe, Muster, Verpackung und andere kundenspezifische Dienstleistungen an.<\/li>\n<\/ul>\n<\/div>\n\n\n\n<div class=\"wp-block-column is-layout-flow wp-block-column-is-layout-flow\">\n<figure class=\"wp-block-image size-full\"><img decoding=\"async\" width=\"1600\" height=\"1600\" src=\"https:\/\/www.kedali.com\/wp-content\/uploads\/2025\/11\/3-piece-ceramic-bakeware-set-dimension.webp\" alt=\"3-teiliges Keramik-Backformen-Set Dimension\" class=\"wp-image-1382\" srcset=\"https:\/\/www.kedali.com\/wp-content\/uploads\/2025\/11\/3-piece-ceramic-bakeware-set-dimension.webp 1600w, https:\/\/www.kedali.com\/wp-content\/uploads\/2025\/11\/3-piece-ceramic-bakeware-set-dimension-300x300.webp 300w, https:\/\/www.kedali.com\/wp-content\/uploads\/2025\/11\/3-piece-ceramic-bakeware-set-dimension-150x150.webp 150w, https:\/\/www.kedali.com\/wp-content\/uploads\/2025\/11\/3-piece-ceramic-bakeware-set-dimension-768x768.webp 768w, https:\/\/www.kedali.com\/wp-content\/uploads\/2025\/11\/3-piece-ceramic-bakeware-set-dimension-12x12.webp 12w, https:\/\/www.kedali.com\/wp-content\/uploads\/2025\/11\/3-piece-ceramic-bakeware-set-dimension-1200x1200.webp 1200w, https:\/\/www.kedali.com\/wp-content\/uploads\/2025\/11\/3-piece-ceramic-bakeware-set-dimension-600x600.webp 600w, https:\/\/www.kedali.com\/wp-content\/uploads\/2025\/11\/3-piece-ceramic-bakeware-set-dimension-100x100.webp 100w\" sizes=\"(max-width: 1600px) 100vw, 1600px\" \/><\/figure>\n<\/div>\n<\/div>\n\n\n\n<div class=\"wp-block-columns is-layout-flex wp-container-core-columns-is-layout-9d6595d7 wp-block-columns-is-layout-flex\">\n<div class=\"wp-block-column is-layout-flow wp-block-column-is-layout-flow\">\n<figure class=\"wp-block-image size-full\"><img decoding=\"async\" width=\"1600\" height=\"1600\" src=\"https:\/\/www.kedali.com\/wp-content\/uploads\/2025\/11\/3-piece-ceramic-bakeware-set-1-1.webp\" alt=\"3-teiliges Keramik-Backformen-Set (1)\" class=\"wp-image-1383\" srcset=\"https:\/\/www.kedali.com\/wp-content\/uploads\/2025\/11\/3-piece-ceramic-bakeware-set-1-1.webp 1600w, https:\/\/www.kedali.com\/wp-content\/uploads\/2025\/11\/3-piece-ceramic-bakeware-set-1-1-300x300.webp 300w, https:\/\/www.kedali.com\/wp-content\/uploads\/2025\/11\/3-piece-ceramic-bakeware-set-1-1-150x150.webp 150w, https:\/\/www.kedali.com\/wp-content\/uploads\/2025\/11\/3-piece-ceramic-bakeware-set-1-1-768x768.webp 768w, https:\/\/www.kedali.com\/wp-content\/uploads\/2025\/11\/3-piece-ceramic-bakeware-set-1-1-12x12.webp 12w, https:\/\/www.kedali.com\/wp-content\/uploads\/2025\/11\/3-piece-ceramic-bakeware-set-1-1-1200x1200.webp 1200w, https:\/\/www.kedali.com\/wp-content\/uploads\/2025\/11\/3-piece-ceramic-bakeware-set-1-1-600x600.webp 600w, https:\/\/www.kedali.com\/wp-content\/uploads\/2025\/11\/3-piece-ceramic-bakeware-set-1-1-100x100.webp 100w\" sizes=\"(max-width: 1600px) 100vw, 1600px\" \/><\/figure>\n<\/div>\n\n\n\n<div class=\"wp-block-column is-layout-flow wp-block-column-is-layout-flow\">\n<figure class=\"wp-block-image size-full\"><img decoding=\"async\" width=\"1600\" height=\"1600\" src=\"https:\/\/www.kedali.com\/wp-content\/uploads\/2025\/11\/3-piece-ceramic-bakeware-set-2-1.webp\" alt=\"3-teiliges Keramik-Backformen-Set (2)\" class=\"wp-image-1384\" srcset=\"https:\/\/www.kedali.com\/wp-content\/uploads\/2025\/11\/3-piece-ceramic-bakeware-set-2-1.webp 1600w, https:\/\/www.kedali.com\/wp-content\/uploads\/2025\/11\/3-piece-ceramic-bakeware-set-2-1-300x300.webp 300w, https:\/\/www.kedali.com\/wp-content\/uploads\/2025\/11\/3-piece-ceramic-bakeware-set-2-1-150x150.webp 150w, https:\/\/www.kedali.com\/wp-content\/uploads\/2025\/11\/3-piece-ceramic-bakeware-set-2-1-768x768.webp 768w, https:\/\/www.kedali.com\/wp-content\/uploads\/2025\/11\/3-piece-ceramic-bakeware-set-2-1-12x12.webp 12w, https:\/\/www.kedali.com\/wp-content\/uploads\/2025\/11\/3-piece-ceramic-bakeware-set-2-1-1200x1200.webp 1200w, https:\/\/www.kedali.com\/wp-content\/uploads\/2025\/11\/3-piece-ceramic-bakeware-set-2-1-600x600.webp 600w, https:\/\/www.kedali.com\/wp-content\/uploads\/2025\/11\/3-piece-ceramic-bakeware-set-2-1-100x100.webp 100w\" sizes=\"(max-width: 1600px) 100vw, 1600px\" \/><\/figure>\n<\/div>\n<\/div>","protected":false},"excerpt":{"rendered":"<p>Willkommen bei unserem 3-teiligen Keramik-Backformen-Set f\u00fcr den Gro\u00dfhandel. Das Set umfasst kleine, mittlere und gro\u00dfe Gr\u00f6\u00dfen, um die Bed\u00fcrfnisse von Einzel- oder Mehrfachg\u00e4sten zu befriedigen. Die klassischen quadratischen und rechteckigen Formen sind f\u00fcr Back\u00f6fen und Mikrowellen geeignet und k\u00f6nnen auch als elegante Servierschalen verwendet werden, wodurch das Umf\u00fcllen von Speisen entf\u00e4llt.<\/p>\n<p>Als <a href=\"https:\/\/www.kedali.com\/de\/produkt-kategorie\/wholesale-ceramic-kitchenware\/\" target=\"_blank\" rel=\"noopener\"><strong>Hersteller von Keramikgeschirr<\/strong><\/a>, Wir bieten einen umfassenden OEM- und ODM-Service, der es Ihnen erm\u00f6glicht, Materialien, Formen, Farben, Muster, Glasuren und Verpackungen an Ihre Marke anzupassen. Kontaktieren Sie uns f\u00fcr ein Angebot.<\/p>\n<h2>Technische Daten des 3-teiligen Keramik-Backformen-Sets<\/h2>\n<table width=\"235\">\n<tbody>\n<tr>\n<td width=\"69\">Marke<\/td>\n<td width=\"166\">KDL<\/td>\n<\/tr>\n<tr>\n<td width=\"69\">Modell<\/td>\n<td width=\"166\">TDQ2213-2<\/td>\n<\/tr>\n<tr>\n<td width=\"69\">Material<\/td>\n<td width=\"166\">Keramik<\/td>\n<\/tr>\n<tr>\n<td width=\"69\">Farbe<\/td>\n<td width=\"166\">gelb\/orange\/anpassbar<\/td>\n<\/tr>\n<tr>\n<td width=\"69\">Anmeldung<\/td>\n<td width=\"166\">Backen<\/td>\n<\/tr>\n<tr>\n<td width=\"69\">Merkmal<\/td>\n<td width=\"166\">Farbe glasiert<\/td>\n<\/tr>\n<tr>\n<td width=\"69\">Abmessungen<\/td>\n<td width=\"166\">23 \u00d7 14,5 \u00d7 6,5 cm<br data-start=\"56\" data-end=\"59\" \/>30,5 \u00d7 20 \u00d7 8 cm<br data-start=\"79\" data-end=\"82\" \/>37,8 \u00d7 24,5 \u00d7 9 cm<\/td>\n<\/tr>\n<tr>\n<td width=\"69\">Mindestbestellmenge<\/td>\n<td width=\"166\">800 S\u00e4tze<\/td>\n<\/tr>\n<\/tbody>\n<\/table>\n<p>&nbsp;<\/p>","protected":false},"featured_media":1383,"comment_status":"closed","ping_status":"closed","template":"","meta":{"_acf_changed":false},"product_brand":[],"product_cat":[18,34],"product_tag":[],"class_list":{"0":"post-1376","1":"product","2":"type-product","3":"status-publish","4":"has-post-thumbnail","6":"product_cat-wholesale-ceramic-kitchenware","7":"product_cat-wholesale-ceramic-bakeware","9":"first","10":"instock","11":"shipping-taxable","12":"product-type-simple"},"acf":[],"_links":{"self":[{"href":"https:\/\/www.kedali.com\/de\/wp-json\/wp\/v2\/product\/1376","targetHints":{"allow":["GET"]}}],"collection":[{"href":"https:\/\/www.kedali.com\/de\/wp-json\/wp\/v2\/product"}],"about":[{"href":"https:\/\/www.kedali.com\/de\/wp-json\/wp\/v2\/types\/product"}],"replies":[{"embeddable":true,"href":"https:\/\/www.kedali.com\/de\/wp-json\/wp\/v2\/comments?post=1376"}],"wp:featuredmedia":[{"embeddable":true,"href":"https:\/\/www.kedali.com\/de\/wp-json\/wp\/v2\/media\/1383"}],"wp:attachment":[{"href":"https:\/\/www.kedali.com\/de\/wp-json\/wp\/v2\/media?parent=1376"}],"wp:term":[{"taxonomy":"product_brand","embeddable":true,"href":"https:\/\/www.kedali.com\/de\/wp-json\/wp\/v2\/product_brand?post=1376"},{"taxonomy":"product_cat","embeddable":true,"href":"https:\/\/www.kedali.com\/de\/wp-json\/wp\/v2\/product_cat?post=1376"},{"taxonomy":"product_tag","embeddable":true,"href":"https:\/\/www.kedali.com\/de\/wp-json\/wp\/v2\/product_tag?post=1376"}],"curies":[{"name":"wp","href":"https:\/\/api.w.org\/{rel}","templated":true}]}}