{"id":1385,"date":"2025-11-14T08:20:23","date_gmt":"2025-11-14T08:20:23","guid":{"rendered":"https:\/\/www.kedali.com\/?post_type=product&#038;p=1385"},"modified":"2026-02-09T13:21:57","modified_gmt":"2026-02-09T13:21:57","slug":"bulk-ceramic-pet-bowls-wholesale","status":"publish","type":"product","link":"https:\/\/www.kedali.com\/de\/produkt\/bulk-ceramic-pet-bowls-wholesale\/","title":{"rendered":"Bulk Keramik Haustier Schalen Gro\u00dfhandel, anpassbare Schalen f\u00fcr Hunde und Katzen"},"content":{"rendered":"<div class=\"wp-block-columns is-layout-flex wp-container-core-columns-is-layout-9d6595d7 wp-block-columns-is-layout-flex\">\n<div class=\"wp-block-column is-layout-flow wp-block-column-is-layout-flow\">\n<h3 class=\"wp-block-heading\">Eigenschaften von Keramik-Tiern\u00e4pfen<\/h3>\n\n\n\n<ul class=\"wp-block-list\">\n<li><strong>Mehrere Gr\u00f6\u00dfen verf\u00fcgbar: <\/strong>Diese Serie von N\u00e4pfen f\u00fcr Haustiere ist in drei verschiedenen Gr\u00f6\u00dfen erh\u00e4ltlich, die f\u00fcr verschiedene Haustiere geeignet sind, von kleinen und gro\u00dfen Katzen bis hin zu kleinen und gro\u00dfen Hunden.<\/li>\n\n\n\n<li><strong>Stabilit\u00e4t: <\/strong>Die Keramikn\u00e4pfe f\u00fcr Haustiere sind dick und stabil, so dass sie im Vergleich zu leichten Kunststoff- oder Metalln\u00e4pfen weniger leicht umkippen oder von Haustieren umgesto\u00dfen werden k\u00f6nnen.<\/li>\n\n\n\n<li><strong>Leicht zu reinigen:<\/strong> Die glatte, nicht saugf\u00e4hige Oberfl\u00e4che macht sie leicht zu reinigen und weniger anf\u00e4llig f\u00fcr Bakterienwachstum.<\/li>\n\n\n\n<li><strong>Widerstandsf\u00e4hig gegen Kratzer: <\/strong>Die Keramikschalen werden bei hoher Temperatur glasiert, was sie kratzfest macht und eine lange Lebensdauer garantiert.<\/li>\n\n\n\n<li><strong>Weitere Styles verf\u00fcgbar:<\/strong> Kedali ist spezialisiert auf <strong><a href=\"https:\/\/www.kedali.com\/de\/produkt-kategorie\/wholesale-ceramic-pet-supplies\/\" target=\"_blank\" rel=\"noreferrer noopener\">Gro\u00dfhandel Keramik Haustier Schalen <\/a><\/strong>mit einer gro\u00dfen Vielfalt an Stilen zur Auswahl. Individuelle Logos werden unterst\u00fctzt, um Ihr exklusives Produkt zu gestalten.<\/li>\n<\/ul>\n\n\n\n<h3 class=\"wp-block-heading\">Kundenspezifischer Service<\/h3>\n\n\n\n<ul class=\"wp-block-list\">\n<li>OEM- und ODM-Unterst\u00fctzung<\/li>\n\n\n\n<li>Schnelle Musterlieferung.<\/li>\n\n\n\n<li>Wir bieten kundenspezifische Produktform, Farbe, Muster, Verpackung und andere kundenspezifische Dienstleistungen an.<\/li>\n<\/ul>\n<\/div>\n\n\n\n<div class=\"wp-block-column is-layout-flow wp-block-column-is-layout-flow\">\n<figure class=\"wp-block-image size-full\"><img decoding=\"async\" width=\"800\" height=\"800\" src=\"https:\/\/www.kedali.com\/wp-content\/uploads\/2025\/11\/pet-bowl-dimension.webp\" alt=\"Haustierschale Dimension\" class=\"wp-image-1386\" srcset=\"https:\/\/www.kedali.com\/wp-content\/uploads\/2025\/11\/pet-bowl-dimension.webp 800w, https:\/\/www.kedali.com\/wp-content\/uploads\/2025\/11\/pet-bowl-dimension-300x300.webp 300w, https:\/\/www.kedali.com\/wp-content\/uploads\/2025\/11\/pet-bowl-dimension-150x150.webp 150w, https:\/\/www.kedali.com\/wp-content\/uploads\/2025\/11\/pet-bowl-dimension-768x768.webp 768w, https:\/\/www.kedali.com\/wp-content\/uploads\/2025\/11\/pet-bowl-dimension-12x12.webp 12w, https:\/\/www.kedali.com\/wp-content\/uploads\/2025\/11\/pet-bowl-dimension-600x600.webp 600w, https:\/\/www.kedali.com\/wp-content\/uploads\/2025\/11\/pet-bowl-dimension-100x100.webp 100w\" sizes=\"(max-width: 800px) 100vw, 800px\" \/><\/figure>\n<\/div>\n<\/div>\n\n\n\n<div class=\"wp-block-columns is-layout-flex wp-container-core-columns-is-layout-9d6595d7 wp-block-columns-is-layout-flex\">\n<div class=\"wp-block-column is-layout-flow wp-block-column-is-layout-flow\">\n<figure class=\"wp-block-image size-full\"><img decoding=\"async\" width=\"800\" height=\"800\" src=\"https:\/\/www.kedali.com\/wp-content\/uploads\/2025\/11\/wholesale-ceramic-pet-bowls-1.webp\" alt=\"Gro\u00dfhandel Keramik Schalen f\u00fcr Haustiere (1)\" class=\"wp-image-1387\" srcset=\"https:\/\/www.kedali.com\/wp-content\/uploads\/2025\/11\/wholesale-ceramic-pet-bowls-1.webp 800w, https:\/\/www.kedali.com\/wp-content\/uploads\/2025\/11\/wholesale-ceramic-pet-bowls-1-300x300.webp 300w, https:\/\/www.kedali.com\/wp-content\/uploads\/2025\/11\/wholesale-ceramic-pet-bowls-1-150x150.webp 150w, https:\/\/www.kedali.com\/wp-content\/uploads\/2025\/11\/wholesale-ceramic-pet-bowls-1-768x768.webp 768w, https:\/\/www.kedali.com\/wp-content\/uploads\/2025\/11\/wholesale-ceramic-pet-bowls-1-12x12.webp 12w, https:\/\/www.kedali.com\/wp-content\/uploads\/2025\/11\/wholesale-ceramic-pet-bowls-1-600x600.webp 600w, https:\/\/www.kedali.com\/wp-content\/uploads\/2025\/11\/wholesale-ceramic-pet-bowls-1-100x100.webp 100w\" sizes=\"(max-width: 800px) 100vw, 800px\" \/><\/figure>\n<\/div>\n\n\n\n<div class=\"wp-block-column is-layout-flow wp-block-column-is-layout-flow\">\n<figure class=\"wp-block-image size-full\"><img decoding=\"async\" width=\"800\" height=\"800\" src=\"https:\/\/www.kedali.com\/wp-content\/uploads\/2025\/11\/wholesale-ceramic-pet-bowls-2.webp\" alt=\"Gro\u00dfhandel Keramik Schalen f\u00fcr Haustiere (2)\" class=\"wp-image-1388\" srcset=\"https:\/\/www.kedali.com\/wp-content\/uploads\/2025\/11\/wholesale-ceramic-pet-bowls-2.webp 800w, https:\/\/www.kedali.com\/wp-content\/uploads\/2025\/11\/wholesale-ceramic-pet-bowls-2-300x300.webp 300w, https:\/\/www.kedali.com\/wp-content\/uploads\/2025\/11\/wholesale-ceramic-pet-bowls-2-150x150.webp 150w, https:\/\/www.kedali.com\/wp-content\/uploads\/2025\/11\/wholesale-ceramic-pet-bowls-2-768x768.webp 768w, https:\/\/www.kedali.com\/wp-content\/uploads\/2025\/11\/wholesale-ceramic-pet-bowls-2-12x12.webp 12w, https:\/\/www.kedali.com\/wp-content\/uploads\/2025\/11\/wholesale-ceramic-pet-bowls-2-600x600.webp 600w, https:\/\/www.kedali.com\/wp-content\/uploads\/2025\/11\/wholesale-ceramic-pet-bowls-2-100x100.webp 100w\" sizes=\"(max-width: 800px) 100vw, 800px\" \/><\/figure>\n<\/div>\n<\/div>","protected":false},"excerpt":{"rendered":"<p>Bulk Keramik Schalen f\u00fcr Haustiere im modernen Stil; langlebig, hygienisch und anpassbar f\u00fcr Haustiermarken. Diese Tiern\u00e4pfe sind sicher, langlebig und sch\u00f6n. Wir bieten drei Gr\u00f6\u00dfen f\u00fcr kleine Katzen, gro\u00dfe Katzen und Hunde aller Gr\u00f6\u00dfen.<\/p>\n<p>Als ein f\u00fchrendes <a href=\"https:\/\/www.kedali.com\/de\/produkt-kategorie\/wholesale-ceramic-pet-supplies\/\" target=\"_blank\" rel=\"noopener\"><strong>Hersteller von Keramikn\u00e4pfen f\u00fcr Haustiere<\/strong><\/a>, Kedali bietet eine gro\u00dfe Auswahl an Stilen und einen umfassenden Anpassungsservice, einschlie\u00dflich individueller Logos, Farben und Designs. Kontaktieren Sie uns noch heute.<\/p>\n<h2>Spezifikationen f\u00fcr Keramik-Tiernapf<\/h2>\n<table width=\"235\">\n<tbody>\n<tr>\n<td width=\"69\">Marke<\/td>\n<td width=\"166\">KDL<\/td>\n<\/tr>\n<tr>\n<td width=\"69\">Modell<\/td>\n<td width=\"166\">DTOS2103<\/td>\n<\/tr>\n<tr>\n<td width=\"69\">Material<\/td>\n<td width=\"166\">Keramik<\/td>\n<\/tr>\n<tr>\n<td width=\"69\">Farbe<\/td>\n<td width=\"166\">grau<\/td>\n<\/tr>\n<tr>\n<td width=\"69\">Anmeldung<\/td>\n<td width=\"166\">Haustierschale<\/td>\n<\/tr>\n<tr>\n<td width=\"69\">Merkmal<\/td>\n<td width=\"166\">Farbe glasiert<\/td>\n<\/tr>\n<tr>\n<td width=\"69\">Abmessungen<\/td>\n<td width=\"166\">10,5 \u00d7 10,5 \u00d7 5 cm<br data-start=\"56\" data-end=\"59\" \/>14,5 \u00d7 14,5 \u00d7 7 cm<br data-start=\"81\" data-end=\"84\" \/>14,5 \u00d7 14,5 \u00d7 7 cm<\/td>\n<\/tr>\n<tr>\n<td width=\"69\">Bruttogewicht (kg)<\/td>\n<td width=\"166\">1kg<\/td>\n<\/tr>\n<tr>\n<td width=\"69\">Mindestbestellmenge<\/td>\n<td width=\"166\">800 S\u00e4tze<\/td>\n<\/tr>\n<\/tbody>\n<\/table>\n<p>&nbsp;<\/p>\n<p>\n<script src=\"chrome-extension:\/\/fpelahbljekknahkcaegamhcndkfpfnc\/iFrame.js\" type=\"text\/javascript\"><\/script><\/p>","protected":false},"featured_media":1387,"comment_status":"closed","ping_status":"closed","template":"","meta":{"_acf_changed":false},"product_brand":[],"product_cat":[22,54],"product_tag":[],"class_list":{"0":"post-1385","1":"product","2":"type-product","3":"status-publish","4":"has-post-thumbnail","6":"product_cat-wholesale-ceramic-pet-supplies","7":"product_cat-wholesale-ceramic-pet-bowls","9":"first","10":"instock","11":"shipping-taxable","12":"product-type-simple"},"acf":[],"_links":{"self":[{"href":"https:\/\/www.kedali.com\/de\/wp-json\/wp\/v2\/product\/1385","targetHints":{"allow":["GET"]}}],"collection":[{"href":"https:\/\/www.kedali.com\/de\/wp-json\/wp\/v2\/product"}],"about":[{"href":"https:\/\/www.kedali.com\/de\/wp-json\/wp\/v2\/types\/product"}],"replies":[{"embeddable":true,"href":"https:\/\/www.kedali.com\/de\/wp-json\/wp\/v2\/comments?post=1385"}],"wp:featuredmedia":[{"embeddable":true,"href":"https:\/\/www.kedali.com\/de\/wp-json\/wp\/v2\/media\/1387"}],"wp:attachment":[{"href":"https:\/\/www.kedali.com\/de\/wp-json\/wp\/v2\/media?parent=1385"}],"wp:term":[{"taxonomy":"product_brand","embeddable":true,"href":"https:\/\/www.kedali.com\/de\/wp-json\/wp\/v2\/product_brand?post=1385"},{"taxonomy":"product_cat","embeddable":true,"href":"https:\/\/www.kedali.com\/de\/wp-json\/wp\/v2\/product_cat?post=1385"},{"taxonomy":"product_tag","embeddable":true,"href":"https:\/\/www.kedali.com\/de\/wp-json\/wp\/v2\/product_tag?post=1385"}],"curies":[{"name":"wp","href":"https:\/\/api.w.org\/{rel}","templated":true}]}}