{"id":1449,"date":"2025-11-25T09:15:44","date_gmt":"2025-11-25T09:15:44","guid":{"rendered":"https:\/\/www.kedali.com\/?post_type=product&#038;p=1449"},"modified":"2025-11-25T09:47:33","modified_gmt":"2025-11-25T09:47:33","slug":"wholesale-3-piece-rectangular-ceramic-baking-dish-set","status":"publish","type":"product","link":"https:\/\/www.kedali.com\/de\/produkt\/wholesale-3-piece-rectangular-ceramic-baking-dish-set\/","title":{"rendered":"Gro\u00dfhandel 3-teilige rechteckige Keramik-Backform Set"},"content":{"rendered":"<div class=\"wp-block-columns is-layout-flex wp-container-core-columns-is-layout-9d6595d7 wp-block-columns-is-layout-flex\">\n<div class=\"wp-block-column is-layout-flow wp-block-column-is-layout-flow\">\n<h3 class=\"wp-block-heading\">Eigenschaften des 3-teiligen Keramik-Backformen-Sets<\/h3>\n\n\n\n<ul class=\"wp-block-list\">\n<li><strong>Vom Backofen auf den Tisch<\/strong>: Das saubere keramische Material und das attraktive Design erm\u00f6glichen es, sie direkt aus dem Ofen auf den Tisch zu bringen, ohne dass sie gewechselt werden m\u00fcssen.<\/li>\n\n\n\n<li><strong>Hohe Temperaturbest\u00e4ndigkeit: <\/strong>Unsere hochwertigen Gro\u00dfhandels-Backformen halten den hohen Temperaturen von Back\u00f6fen, Mikrowellen und anderen Kochumgebungen stand.<\/li>\n\n\n\n<li><strong>Leicht zu reinigen:<\/strong> Die glatte Oberfl\u00e4che von Keramik-Backformen l\u00e4sst sich nach dem Kochen einfach mit Wasser absp\u00fclen oder mit einem Tuch abwischen.<\/li>\n\n\n\n<li><strong>Design der Lagerung: <\/strong>Die 3-teiligen Keramik-Backformen k\u00f6nnen ordentlich gestapelt werden und sind daher ideal f\u00fcr Benutzer mit wenig Platz im K\u00fcchenschrank.<\/li>\n\n\n\n<li><strong>Professioneller Service:<\/strong> Als Fachmann <strong><a href=\"https:\/\/www.kedali.com\/de\/produkt-kategorie\/wholesale-ceramic-kitchenware\/\" target=\"_blank\" rel=\"noreferrer noopener\">Hersteller von Keramikgeschirr<\/a><\/strong>, Wir bieten eine gro\u00dfe Auswahl an Keramikgeschirr f\u00fcr den Gro\u00dfhandel an und unterst\u00fctzen OEM- und ODM-Dienste.<\/li>\n<\/ul>\n\n\n\n<h3 class=\"wp-block-heading\">Kundenspezifischer Service<\/h3>\n\n\n\n<ul class=\"wp-block-list\">\n<li>OEM- und ODM-Unterst\u00fctzung<\/li>\n\n\n\n<li>Schnelle Musterlieferung.<\/li>\n\n\n\n<li>Wir bieten kundenspezifische Produktform, Farbe, Muster, Verpackung und andere kundenspezifische Dienstleistungen an.<\/li>\n<\/ul>\n<\/div>\n\n\n\n<div class=\"wp-block-column is-layout-flow wp-block-column-is-layout-flow\">\n<figure class=\"wp-block-image size-full\"><img decoding=\"async\" width=\"800\" height=\"800\" src=\"https:\/\/www.kedali.com\/wp-content\/uploads\/2025\/11\/specifications-of-ceramic-baking-dishes.webp\" alt=\"Spezifikationen von Keramik-Backformen\" class=\"wp-image-1450\" srcset=\"https:\/\/www.kedali.com\/wp-content\/uploads\/2025\/11\/specifications-of-ceramic-baking-dishes.webp 800w, https:\/\/www.kedali.com\/wp-content\/uploads\/2025\/11\/specifications-of-ceramic-baking-dishes-300x300.webp 300w, https:\/\/www.kedali.com\/wp-content\/uploads\/2025\/11\/specifications-of-ceramic-baking-dishes-150x150.webp 150w, https:\/\/www.kedali.com\/wp-content\/uploads\/2025\/11\/specifications-of-ceramic-baking-dishes-768x768.webp 768w, https:\/\/www.kedali.com\/wp-content\/uploads\/2025\/11\/specifications-of-ceramic-baking-dishes-12x12.webp 12w, https:\/\/www.kedali.com\/wp-content\/uploads\/2025\/11\/specifications-of-ceramic-baking-dishes-600x600.webp 600w, https:\/\/www.kedali.com\/wp-content\/uploads\/2025\/11\/specifications-of-ceramic-baking-dishes-100x100.webp 100w\" sizes=\"(max-width: 800px) 100vw, 800px\" \/><\/figure>\n<\/div>\n<\/div>\n\n\n\n<div class=\"wp-block-columns is-layout-flex wp-container-core-columns-is-layout-9d6595d7 wp-block-columns-is-layout-flex\">\n<div class=\"wp-block-column is-layout-flow wp-block-column-is-layout-flow\">\n<figure class=\"wp-block-image size-full\"><img decoding=\"async\" width=\"800\" height=\"800\" src=\"https:\/\/www.kedali.com\/wp-content\/uploads\/2025\/11\/wholesale-ceramic-baking-dishes-2-1.webp\" alt=\"Gro\u00dfhandel mit Keramik-Backformen (2)\" class=\"wp-image-1452\" srcset=\"https:\/\/www.kedali.com\/wp-content\/uploads\/2025\/11\/wholesale-ceramic-baking-dishes-2-1.webp 800w, https:\/\/www.kedali.com\/wp-content\/uploads\/2025\/11\/wholesale-ceramic-baking-dishes-2-1-300x300.webp 300w, https:\/\/www.kedali.com\/wp-content\/uploads\/2025\/11\/wholesale-ceramic-baking-dishes-2-1-150x150.webp 150w, https:\/\/www.kedali.com\/wp-content\/uploads\/2025\/11\/wholesale-ceramic-baking-dishes-2-1-768x768.webp 768w, https:\/\/www.kedali.com\/wp-content\/uploads\/2025\/11\/wholesale-ceramic-baking-dishes-2-1-12x12.webp 12w, https:\/\/www.kedali.com\/wp-content\/uploads\/2025\/11\/wholesale-ceramic-baking-dishes-2-1-600x600.webp 600w, https:\/\/www.kedali.com\/wp-content\/uploads\/2025\/11\/wholesale-ceramic-baking-dishes-2-1-100x100.webp 100w\" sizes=\"(max-width: 800px) 100vw, 800px\" \/><\/figure>\n<\/div>\n\n\n\n<div class=\"wp-block-column is-layout-flow wp-block-column-is-layout-flow\">\n<figure class=\"wp-block-image size-full\"><img decoding=\"async\" width=\"800\" height=\"800\" src=\"https:\/\/www.kedali.com\/wp-content\/uploads\/2025\/11\/wholesale-ceramic-baking-dishes-3-1.webp\" alt=\"Gro\u00dfhandel Keramik Backformen (3)\" class=\"wp-image-1453\" srcset=\"https:\/\/www.kedali.com\/wp-content\/uploads\/2025\/11\/wholesale-ceramic-baking-dishes-3-1.webp 800w, https:\/\/www.kedali.com\/wp-content\/uploads\/2025\/11\/wholesale-ceramic-baking-dishes-3-1-300x300.webp 300w, https:\/\/www.kedali.com\/wp-content\/uploads\/2025\/11\/wholesale-ceramic-baking-dishes-3-1-150x150.webp 150w, https:\/\/www.kedali.com\/wp-content\/uploads\/2025\/11\/wholesale-ceramic-baking-dishes-3-1-768x768.webp 768w, https:\/\/www.kedali.com\/wp-content\/uploads\/2025\/11\/wholesale-ceramic-baking-dishes-3-1-12x12.webp 12w, https:\/\/www.kedali.com\/wp-content\/uploads\/2025\/11\/wholesale-ceramic-baking-dishes-3-1-600x600.webp 600w, https:\/\/www.kedali.com\/wp-content\/uploads\/2025\/11\/wholesale-ceramic-baking-dishes-3-1-100x100.webp 100w\" sizes=\"(max-width: 800px) 100vw, 800px\" \/><\/figure>\n<\/div>\n<\/div>","protected":false},"excerpt":{"rendered":"<p>Gro\u00dfhandelsset mit 3 verschachtelten Auflaufformen aus Keramik. Mit seiner modernen schwarz-wei\u00dfen \u00c4sthetik erm\u00f6glicht das elegante Design ein direktes Essen vom Ofen auf den Tisch und verbessert so das Esserlebnis. Das stapelbare, platzsparende Design erleichtert die effiziente Aufbewahrung und eignet sich daher sowohl f\u00fcr gewerbliche als auch f\u00fcr private K\u00fcchen. Dieses Set ist f\u00fcr Gro\u00dfhandelsbestellungen zu \u00e4u\u00dferst wettbewerbsf\u00e4higen Preisen erh\u00e4ltlich, ideal f\u00fcr B2B-K\u00e4ufer.<\/p>\n<p>Wir sind ein professionelles <a href=\"https:\/\/www.kedali.com\/de\/produkt-kategorie\/wholesale-ceramic-kitchenware\/\" target=\"_blank\" rel=\"noopener\"><strong>Hersteller von Keramikgeschirr<\/strong><\/a>, und bietet verschiedene Arten von Keramikgeschirr an. Kontaktieren Sie uns jetzt!<\/p>\n<h2>Spezifikationen f\u00fcr Keramik-Backformen-Set<\/h2>\n<table width=\"235\">\n<tbody>\n<tr>\n<td width=\"69\">Marke<\/td>\n<td width=\"166\">KDL<\/td>\n<\/tr>\n<tr>\n<td width=\"69\">Modell<\/td>\n<td width=\"166\">TDS1569-13AH-A446<\/td>\n<\/tr>\n<tr>\n<td width=\"69\">Material<\/td>\n<td width=\"166\">Keramik<\/td>\n<\/tr>\n<tr>\n<td width=\"69\">Farbe<\/td>\n<td width=\"166\">wei\u00df<\/td>\n<\/tr>\n<tr>\n<td width=\"69\">Anmeldung<\/td>\n<td width=\"166\">Keramik-Backformen<\/td>\n<\/tr>\n<tr>\n<td width=\"69\">Merkmal<\/td>\n<td width=\"166\">Aufkleber<\/td>\n<\/tr>\n<tr>\n<td width=\"69\">Abmessungen<\/td>\n<td width=\"166\">\n<p data-pm-slice=\"0 0 []\">23,2 \u00d7 13,7 \u00d7 5,1 cm \uff080,72 kg\uff09<\/p>\n<p>28,3 \u00d7 16,8 \u00d7 5,1 cm \uff081 kg\uff09<\/p>\n<p>33,5 \u00d7 20 \u00d7 5,1 cm \uff081,6 kg\uff09<\/p>\n<\/td>\n<\/tr>\n<tr>\n<td width=\"69\">Mindestbestellmenge<\/td>\n<td width=\"166\">800 S\u00e4tze<\/td>\n<\/tr>\n<\/tbody>\n<\/table>\n<p>&nbsp;<\/p>\n<p>\n<script src=\"chrome-extension:\/\/fpelahbljekknahkcaegamhcndkfpfnc\/iFrame.js\" type=\"text\/javascript\"><\/script><\/p>","protected":false},"featured_media":1451,"comment_status":"closed","ping_status":"closed","template":"","meta":{"_acf_changed":false},"product_brand":[],"product_cat":[18,34],"product_tag":[],"class_list":{"0":"post-1449","1":"product","2":"type-product","3":"status-publish","4":"has-post-thumbnail","6":"product_cat-wholesale-ceramic-kitchenware","7":"product_cat-wholesale-ceramic-bakeware","9":"first","10":"instock","11":"shipping-taxable","12":"product-type-simple"},"acf":[],"_links":{"self":[{"href":"https:\/\/www.kedali.com\/de\/wp-json\/wp\/v2\/product\/1449","targetHints":{"allow":["GET"]}}],"collection":[{"href":"https:\/\/www.kedali.com\/de\/wp-json\/wp\/v2\/product"}],"about":[{"href":"https:\/\/www.kedali.com\/de\/wp-json\/wp\/v2\/types\/product"}],"replies":[{"embeddable":true,"href":"https:\/\/www.kedali.com\/de\/wp-json\/wp\/v2\/comments?post=1449"}],"wp:featuredmedia":[{"embeddable":true,"href":"https:\/\/www.kedali.com\/de\/wp-json\/wp\/v2\/media\/1451"}],"wp:attachment":[{"href":"https:\/\/www.kedali.com\/de\/wp-json\/wp\/v2\/media?parent=1449"}],"wp:term":[{"taxonomy":"product_brand","embeddable":true,"href":"https:\/\/www.kedali.com\/de\/wp-json\/wp\/v2\/product_brand?post=1449"},{"taxonomy":"product_cat","embeddable":true,"href":"https:\/\/www.kedali.com\/de\/wp-json\/wp\/v2\/product_cat?post=1449"},{"taxonomy":"product_tag","embeddable":true,"href":"https:\/\/www.kedali.com\/de\/wp-json\/wp\/v2\/product_tag?post=1449"}],"curies":[{"name":"wp","href":"https:\/\/api.w.org\/{rel}","templated":true}]}}