{"id":1462,"date":"2025-11-27T00:57:19","date_gmt":"2025-11-27T00:57:19","guid":{"rendered":"https:\/\/www.kedali.com\/?post_type=product&#038;p=1462"},"modified":"2025-11-27T01:25:58","modified_gmt":"2025-11-27T01:25:58","slug":"bulk-ceramic-butter-dishes-wholesale","status":"publish","type":"product","link":"https:\/\/www.kedali.com\/de\/produkt\/bulk-ceramic-butter-dishes-wholesale\/","title":{"rendered":"Gro\u00dfhandel Keramik Butter Schalen, Bulk hohe Qualit\u00e4t Butter Schalen zu verkaufen"},"content":{"rendered":"<div class=\"wp-block-columns is-layout-flex wp-container-core-columns-is-layout-9d6595d7 wp-block-columns-is-layout-flex\">\n<div class=\"wp-block-column is-layout-flow wp-block-column-is-layout-flow\">\n<h3 class=\"wp-block-heading\">Eigenschaften von Butterdosen aus Keramik<\/h3>\n\n\n\n<ul class=\"wp-block-list\">\n<li><strong>Luftdichtes Fresh-Keeping: <\/strong>Das versiegelte Design des Glask\u00f6rpers und des Deckels tr\u00e4gt dazu bei, die Frische und den Geschmack der Butter zu erhalten, verhindert Oxidation und Verderb und verl\u00e4ngert ihre Haltbarkeit.<\/li>\n\n\n\n<li><strong>Klare Beschriftung: <\/strong>Das fettgedruckte \u201cBUTTER\u201d-Etikett der Keramik-Butterdose macht den Inhalt im K\u00fchlschrank oder auf der Arbeitsplatte leicht erkennbar und verhindert Verwechslungen mit anderen Beh\u00e4ltern.<\/li>\n\n\n\n<li><strong>Einfach zu bedienen: <\/strong>Das Design des Weithalsgef\u00e4\u00dfes erleichtert das Ausgie\u00dfen und Sch\u00f6pfen und minimiert fettige R\u00fcckst\u00e4nde.<\/li>\n\n\n\n<li><strong>Mikrowellengeeignet:<\/strong> Das aus hochtemperaturbest\u00e4ndiger Keramik gefertigte Produkt ist mikrowellengeeignet und erm\u00f6glicht ein schnelles Aufweichen der Butter und verbessert die t\u00e4gliche Effizienz.<\/li>\n\n\n\n<li><strong>Nat\u00fcrlich und sicher: <\/strong>Das keramische Material ist von Natur aus ungiftig und reagiert nicht mit Fetten, wodurch die Freisetzung von Schadstoffen verhindert wird.<\/li>\n\n\n\n<li><strong>Leicht zu reinigen: <\/strong>Die glatte Keramikoberfl\u00e4che ist leicht zu reinigen und das Produkt ist sp\u00fclmaschinenfest, was die t\u00e4glichen Wartungskosten reduziert.<\/li>\n<\/ul>\n\n\n\n<h3 class=\"wp-block-heading\">Kundenspezifischer Service<\/h3>\n\n\n\n<ul class=\"wp-block-list\">\n<li>OEM- und ODM-Unterst\u00fctzung<\/li>\n\n\n\n<li>Schnelle Musterlieferung.<\/li>\n\n\n\n<li>Wir bieten kundenspezifische Produktform, Farbe, Muster, Verpackung und andere kundenspezifische Dienstleistungen an.<\/li>\n<\/ul>\n<\/div>\n\n\n\n<div class=\"wp-block-column is-layout-flow wp-block-column-is-layout-flow\">\n<figure class=\"wp-block-image size-full\"><img decoding=\"async\" width=\"800\" height=\"800\" src=\"https:\/\/www.kedali.com\/wp-content\/uploads\/2025\/11\/details-of-the-butter-dish.webp\" alt=\"Details der Butterdose\" class=\"wp-image-1463\" srcset=\"https:\/\/www.kedali.com\/wp-content\/uploads\/2025\/11\/details-of-the-butter-dish.webp 800w, https:\/\/www.kedali.com\/wp-content\/uploads\/2025\/11\/details-of-the-butter-dish-300x300.webp 300w, https:\/\/www.kedali.com\/wp-content\/uploads\/2025\/11\/details-of-the-butter-dish-150x150.webp 150w, https:\/\/www.kedali.com\/wp-content\/uploads\/2025\/11\/details-of-the-butter-dish-768x768.webp 768w, https:\/\/www.kedali.com\/wp-content\/uploads\/2025\/11\/details-of-the-butter-dish-12x12.webp 12w, https:\/\/www.kedali.com\/wp-content\/uploads\/2025\/11\/details-of-the-butter-dish-600x600.webp 600w, https:\/\/www.kedali.com\/wp-content\/uploads\/2025\/11\/details-of-the-butter-dish-100x100.webp 100w\" sizes=\"(max-width: 800px) 100vw, 800px\" \/><\/figure>\n<\/div>\n<\/div>\n\n\n\n<p><\/p>","protected":false},"excerpt":{"rendered":"<p>Willkommen zum Gro\u00dfeinkauf unserer Gro\u00dfhandelsbutterschalen. Die Keramikbeh\u00e4lter mit h\u00f6lzernen Dichtungsdeckeln bieten eine hervorragende Abdichtung und bewahren die Frische und den Geschmack der Butter.<\/p>\n<p>Als <a href=\"https:\/\/www.kedali.com\/de\/produkt-kategorie\/wholesale-ceramic-kitchenware\/\" target=\"_blank\" rel=\"noopener\"><strong>Hersteller von Keramikgeschirr<\/strong><\/a>, Wir unterst\u00fctzen OEM und ODM und bieten Anpassungsm\u00f6glichkeiten f\u00fcr Farben, Verpackung und Branding. Sie sind eine zuverl\u00e4ssige und \u00e4sthetisch ansprechende Wahl f\u00fcr Superm\u00e4rkte, Haushaltswarengesch\u00e4fte, Restaurants und Private Label-K\u00e4ufer. Kontaktieren Sie uns f\u00fcr ein Angebot.<\/p>\n<h2>Spezifikationen f\u00fcr Butterdosen aus Keramik<\/h2>\n<table width=\"235\">\n<tbody>\n<tr>\n<td width=\"69\">Marke<\/td>\n<td width=\"166\">KDL<\/td>\n<\/tr>\n<tr>\n<td width=\"69\">Modell<\/td>\n<td width=\"166\">DTDSL2026-6.5-F322<\/td>\n<\/tr>\n<tr>\n<td width=\"69\">Material<\/td>\n<td width=\"166\">Keramik<\/td>\n<\/tr>\n<tr>\n<td width=\"69\">Farbe<\/td>\n<td width=\"166\">wei\u00df\/anpassbar<\/td>\n<\/tr>\n<tr>\n<td width=\"69\">Anmeldung<\/td>\n<td width=\"166\">Butterdose<\/td>\n<\/tr>\n<tr>\n<td width=\"69\">Merkmal<\/td>\n<td width=\"166\">Aufkleber<\/td>\n<\/tr>\n<tr>\n<td width=\"69\">Abmessungen<\/td>\n<td width=\"166\">\n<article class=\"text-token-text-primary w-full focus:outline-none [--shadow-height:45px] has-data-writing-block:pointer-events-none has-data-writing-block:-mt-(--shadow-height) has-data-writing-block:pt-(--shadow-height) [&amp;:has([data-writing-block])&gt;*]:pointer-events-auto scroll-mt-[calc(var(--header-height)+min(200px,max(70px,20svh)))]\" dir=\"auto\" tabindex=\"-1\" data-turn-id=\"62f75f77-2e14-42a4-abaa-eee1709a70f5\" data-testid=\"conversation-turn-10\" data-scroll-anchor=\"true\" data-turn=\"assistant\">\n<div class=\"text-base my-auto mx-auto pb-10 [--thread-content-margin:--spacing(4)] thread-sm:[--thread-content-margin:--spacing(6)] thread-lg:[--thread-content-margin:--spacing(16)] px-(--thread-content-margin)\">\n<div class=\"[--thread-content-max-width:40rem] thread-lg:[--thread-content-max-width:48rem] mx-auto max-w-(--thread-content-max-width) flex-1 group\/turn-messages focus-visible:outline-hidden relative flex w-full min-w-0 flex-col agent-turn\" tabindex=\"-1\">\n<div class=\"flex max-w-full flex-col grow\">\n<div class=\"min-h-8 text-message relative flex w-full flex-col items-end gap-2 text-start break-words whitespace-normal [.text-message+&amp;]:mt-1\" dir=\"auto\" data-message-author-role=\"assistant\" data-message-id=\"777b816c-6cd4-42be-aecd-c2b4941cf3a2\" data-message-model-slug=\"gpt-5-1\">\n<div class=\"flex w-full flex-col gap-1 empty:hidden first:pt-[1px]\">\n<div class=\"markdown prose dark:prose-invert w-full break-words light markdown-new-styling\">\n<p data-start=\"0\" data-end=\"70\" data-is-last-node=\"\" data-is-only-node=\"\">16,4 \u00d7 10,4 \u00d7 7,2 cm\uff08Deckel: 16,1 \u00d7 10,2 \u00d7 2 cm Schale: 16,4 \u00d7 10,4 \u00d7 6 cm\uff09<\/p>\n<\/div>\n<\/div>\n<\/div>\n<\/div>\n<\/div>\n<\/div>\n<\/article>\n<\/td>\n<\/tr>\n<tr>\n<td width=\"69\">Bruttogewicht (kg)<\/td>\n<td width=\"166\">0,8 kg<\/td>\n<\/tr>\n<tr>\n<td width=\"69\">Mindestbestellmenge<\/td>\n<td width=\"166\">800\u00a0<\/td>\n<\/tr>\n<\/tbody>\n<\/table>\n<p>&nbsp;<\/p>","protected":false},"featured_media":1464,"comment_status":"closed","ping_status":"closed","template":"","meta":{"_acf_changed":false},"product_brand":[],"product_cat":[18,35],"product_tag":[],"class_list":{"0":"post-1462","1":"product","2":"type-product","3":"status-publish","4":"has-post-thumbnail","6":"product_cat-wholesale-ceramic-kitchenware","7":"product_cat-wholesale-ceramic-butter-dishes","9":"first","10":"instock","11":"shipping-taxable","12":"product-type-simple"},"acf":[],"_links":{"self":[{"href":"https:\/\/www.kedali.com\/de\/wp-json\/wp\/v2\/product\/1462","targetHints":{"allow":["GET"]}}],"collection":[{"href":"https:\/\/www.kedali.com\/de\/wp-json\/wp\/v2\/product"}],"about":[{"href":"https:\/\/www.kedali.com\/de\/wp-json\/wp\/v2\/types\/product"}],"replies":[{"embeddable":true,"href":"https:\/\/www.kedali.com\/de\/wp-json\/wp\/v2\/comments?post=1462"}],"wp:featuredmedia":[{"embeddable":true,"href":"https:\/\/www.kedali.com\/de\/wp-json\/wp\/v2\/media\/1464"}],"wp:attachment":[{"href":"https:\/\/www.kedali.com\/de\/wp-json\/wp\/v2\/media?parent=1462"}],"wp:term":[{"taxonomy":"product_brand","embeddable":true,"href":"https:\/\/www.kedali.com\/de\/wp-json\/wp\/v2\/product_brand?post=1462"},{"taxonomy":"product_cat","embeddable":true,"href":"https:\/\/www.kedali.com\/de\/wp-json\/wp\/v2\/product_cat?post=1462"},{"taxonomy":"product_tag","embeddable":true,"href":"https:\/\/www.kedali.com\/de\/wp-json\/wp\/v2\/product_tag?post=1462"}],"curies":[{"name":"wp","href":"https:\/\/api.w.org\/{rel}","templated":true}]}}