{"id":1469,"date":"2025-11-27T01:26:59","date_gmt":"2025-11-27T01:26:59","guid":{"rendered":"https:\/\/www.kedali.com\/?post_type=product&#038;p=1469"},"modified":"2025-11-27T01:50:49","modified_gmt":"2025-11-27T01:50:49","slug":"wholesale-creative-cow-shaped-ceramic-butter-dishes","status":"publish","type":"product","link":"https:\/\/www.kedali.com\/de\/produkt\/wholesale-creative-cow-shaped-ceramic-butter-dishes\/","title":{"rendered":"Gro\u00dfhandel wei\u00dfer Keramik Butter Gerichte - Cow-Shaped Butter Keeper"},"content":{"rendered":"<div class=\"wp-block-columns is-layout-flex wp-container-core-columns-is-layout-9d6595d7 wp-block-columns-is-layout-flex\">\n<div class=\"wp-block-column is-layout-flow wp-block-column-is-layout-flow\">\n<h3 class=\"wp-block-heading\">Eigenschaften von Butterdosen aus Keramik<\/h3>\n\n\n\n<ul class=\"wp-block-list\">\n<li><strong>Kuh-Design: <\/strong>Diese Butterdose in Form einer 3D-Kuh ist niedlich und innovativ. Sie hebt sich von der Monotonie traditioneller Butterdosen ab und ist ein optischer Blickfang auf dem Tisch.<\/li>\n\n\n\n<li><strong>Vielseitiger Einsatz: <\/strong>Die flache, rechteckige Schale eignet sich f\u00fcr Standard-Buttersticks und kann auch unabh\u00e4ngig davon zum Servieren anderer Kleinigkeiten wie Brot, Dipp-\u00d6le, Oliven oder Vorspeisen verwendet werden.<\/li>\n\n\n\n<li><strong>Leicht zu reinigen: <\/strong>Die glatte, porenfreie Keramikoberfl\u00e4che ist sp\u00fclmaschinenfest und l\u00e4sst sich daher schnell und einfach reinigen.<\/li>\n\n\n\n<li><strong>Bulk Supply:<\/strong> Wir sind ein professioneller Hersteller von Keramikgeschirr mit stabilen Produktionslinien, der gro\u00dfe Mengen an Butterdosen zu Fabrikpreisen anbietet.<\/li>\n<\/ul>\n\n\n\n<h3 class=\"wp-block-heading\">Kundenspezifischer Service<\/h3>\n\n\n\n<ul class=\"wp-block-list\">\n<li>OEM- und ODM-Unterst\u00fctzung<\/li>\n\n\n\n<li>Schnelle Musterlieferung.<\/li>\n\n\n\n<li>Wir bieten kundenspezifische Produktform, Farbe, Muster, Verpackung und andere kundenspezifische Dienstleistungen an.<\/li>\n<\/ul>\n<\/div>\n\n\n\n<div class=\"wp-block-column is-layout-flow wp-block-column-is-layout-flow\">\n<figure class=\"wp-block-image size-full\"><img decoding=\"async\" width=\"800\" height=\"800\" src=\"https:\/\/www.kedali.com\/wp-content\/uploads\/2025\/11\/details-of-butter-dish.webp\" alt=\"Details der Butterdose\" class=\"wp-image-1475\" srcset=\"https:\/\/www.kedali.com\/wp-content\/uploads\/2025\/11\/details-of-butter-dish.webp 800w, https:\/\/www.kedali.com\/wp-content\/uploads\/2025\/11\/details-of-butter-dish-300x300.webp 300w, https:\/\/www.kedali.com\/wp-content\/uploads\/2025\/11\/details-of-butter-dish-150x150.webp 150w, https:\/\/www.kedali.com\/wp-content\/uploads\/2025\/11\/details-of-butter-dish-768x768.webp 768w, https:\/\/www.kedali.com\/wp-content\/uploads\/2025\/11\/details-of-butter-dish-12x12.webp 12w, https:\/\/www.kedali.com\/wp-content\/uploads\/2025\/11\/details-of-butter-dish-600x600.webp 600w, https:\/\/www.kedali.com\/wp-content\/uploads\/2025\/11\/details-of-butter-dish-100x100.webp 100w\" sizes=\"(max-width: 800px) 100vw, 800px\" \/><\/figure>\n<\/div>\n<\/div>\n\n\n\n<p><\/p>","protected":false},"excerpt":{"rendered":"<p data-pm-slice=\"0 0 []\">Willkommen im Gro\u00dfhandel Keramik Butterdosen zu kaufen. Diese stilvolle, luftdichte Butterdose h\u00e4lt Butter nicht nur frisch und geschmackvoll, sondern verleiht jeder K\u00fcche auch einen verspielten Touch. Sie ist aus ungiftiger, langlebiger, mikrowellengeeigneter Keramik gefertigt und kombiniert Funktionalit\u00e4t mit dekorativem Charme, was sie ideal f\u00fcr Gro\u00dfbestellungen und den Einzelhandel macht.<\/p>\n<p>Als Fachmann <a href=\"https:\/\/www.kedali.com\/de\/produkt-kategorie\/wholesale-ceramic-kitchenware\/\" target=\"_blank\" rel=\"noopener\"><strong>Hersteller von Keramikgeschirr<\/strong><\/a>, Wir unterst\u00fctzen Gro\u00dflieferungen sowie OEM- und ODM-Dienste. Kontaktieren Sie uns heute.<\/p>\n<h2>Spezifikationen f\u00fcr Butterdosen aus wei\u00dfer Keramik<\/h2>\n<table width=\"235\">\n<tbody>\n<tr>\n<td width=\"69\">Marke<\/td>\n<td width=\"166\">KDL<\/td>\n<\/tr>\n<tr>\n<td width=\"69\">Modell<\/td>\n<td width=\"166\">TDP486-7<\/td>\n<\/tr>\n<tr>\n<td width=\"69\">Material<\/td>\n<td width=\"166\">Keramik<\/td>\n<\/tr>\n<tr>\n<td width=\"69\">Farbe<\/td>\n<td width=\"166\">wei\u00df<\/td>\n<\/tr>\n<tr>\n<td width=\"69\">Anmeldung<\/td>\n<td width=\"166\">Keramik-Butterdose<\/td>\n<\/tr>\n<tr>\n<td width=\"69\">Merkmal<\/td>\n<td width=\"166\">geschnitzt<\/td>\n<\/tr>\n<tr>\n<td width=\"69\">Abmessungen<\/td>\n<td width=\"166\">Deckel: 15,8 \u00d7 8,3 \u00d7 9,7 cm<br data-start=\"24\" data-end=\"27\" \/>K\u00f6rper: SET: 18,5 \u00d7 10 \u00d7 11 cm<\/td>\n<\/tr>\n<tr>\n<td width=\"69\">Bruttogewicht (kg)<\/td>\n<td width=\"166\">1kg<\/td>\n<\/tr>\n<tr>\n<td width=\"69\">Mindestbestellmenge<\/td>\n<td width=\"166\">800 S\u00e4tze<\/td>\n<\/tr>\n<\/tbody>\n<\/table>\n<p>&nbsp;<\/p>\n<p>\n<script src=\"chrome-extension:\/\/fpelahbljekknahkcaegamhcndkfpfnc\/iFrame.js\" type=\"text\/javascript\"><\/script><\/p>","protected":false},"featured_media":1470,"comment_status":"closed","ping_status":"closed","template":"","meta":{"_acf_changed":false},"product_brand":[],"product_cat":[18,35],"product_tag":[],"class_list":{"0":"post-1469","1":"product","2":"type-product","3":"status-publish","4":"has-post-thumbnail","6":"product_cat-wholesale-ceramic-kitchenware","7":"product_cat-wholesale-ceramic-butter-dishes","9":"first","10":"instock","11":"shipping-taxable","12":"product-type-simple"},"acf":[],"_links":{"self":[{"href":"https:\/\/www.kedali.com\/de\/wp-json\/wp\/v2\/product\/1469","targetHints":{"allow":["GET"]}}],"collection":[{"href":"https:\/\/www.kedali.com\/de\/wp-json\/wp\/v2\/product"}],"about":[{"href":"https:\/\/www.kedali.com\/de\/wp-json\/wp\/v2\/types\/product"}],"replies":[{"embeddable":true,"href":"https:\/\/www.kedali.com\/de\/wp-json\/wp\/v2\/comments?post=1469"}],"wp:featuredmedia":[{"embeddable":true,"href":"https:\/\/www.kedali.com\/de\/wp-json\/wp\/v2\/media\/1470"}],"wp:attachment":[{"href":"https:\/\/www.kedali.com\/de\/wp-json\/wp\/v2\/media?parent=1469"}],"wp:term":[{"taxonomy":"product_brand","embeddable":true,"href":"https:\/\/www.kedali.com\/de\/wp-json\/wp\/v2\/product_brand?post=1469"},{"taxonomy":"product_cat","embeddable":true,"href":"https:\/\/www.kedali.com\/de\/wp-json\/wp\/v2\/product_cat?post=1469"},{"taxonomy":"product_tag","embeddable":true,"href":"https:\/\/www.kedali.com\/de\/wp-json\/wp\/v2\/product_tag?post=1469"}],"curies":[{"name":"wp","href":"https:\/\/api.w.org\/{rel}","templated":true}]}}