{"id":1519,"date":"2025-12-02T10:42:31","date_gmt":"2025-12-02T10:42:31","guid":{"rendered":"https:\/\/www.kedali.com\/?post_type=product&#038;p=1519"},"modified":"2025-12-02T10:59:37","modified_gmt":"2025-12-02T10:59:37","slug":"wholesale-ceramic-canister-with-lid-for-kitchen","status":"publish","type":"product","link":"https:\/\/www.kedali.com\/de\/produkt\/wholesale-ceramic-canister-with-lid-for-kitchen\/","title":{"rendered":"Gro\u00dfhandel Keramik-Kanister mit Deckel f\u00fcr K\u00fcche, Bulk Food Storage Jar zu verkaufen"},"content":{"rendered":"<div class=\"wp-block-columns is-layout-flex wp-container-core-columns-is-layout-9d6595d7 wp-block-columns-is-layout-flex\">\n<div class=\"wp-block-column is-layout-flow wp-block-column-is-layout-flow\">\n<h3 class=\"wp-block-heading\">Merkmale des Keramikkanisters mit Deckel <\/h3>\n\n\n\n<ul class=\"wp-block-list\">\n<li><strong>Marmor\u00e4hnliches Textur-Design:<\/strong> Der Keramikkanister f\u00fcr die K\u00fcche weist eine grau-wei\u00dfe Marmorstruktur auf und passt mit seinem schlichten und eleganten Design zu verschiedenen Einrichtungsstilen.<\/li>\n\n\n\n<li><strong>Die \u00c4sthetik des Hauses verbessern:<\/strong> Das Keramikgef\u00e4\u00df in Kombination mit dem Holzdeckel erzeugt einen nat\u00fcrlichen und harmonischen visuellen Effekt, der die Gesamt\u00e4sthetik aufwertet. Die marmor\u00e4hnliche Textur verleiht einen Hauch von Luxus und hebt den Stil Ihres Zuhauses hervor.<\/li>\n\n\n\n<li><strong>Dichtungsleistung: <\/strong>Der Deckel sitzt fest auf der \u00d6ffnung des Gef\u00e4\u00dfes und sch\u00fctzt so vor Feuchtigkeit und Insekten und h\u00e4lt die Lebensmittel frisch.<\/li>\n\n\n\n<li><strong>Mehrere Gr\u00f6\u00dfen: <\/strong>Das K\u00fcchenkeramik-Kanisterset gibt es in drei verschiedenen Gr\u00f6\u00dfen, von klein bis gro\u00df, um verschiedenen Aufbewahrungsbed\u00fcrfnissen gerecht zu werden.<\/li>\n\n\n\n<li><strong>Mehrfache Verwendungen:<\/strong> Geeignet f\u00fcr K\u00fcchen zu Hause, zur Aufbewahrung von Lebensmitteln auf K\u00fcchenarbeitsplatten und in Schr\u00e4nken; geeignet f\u00fcr Restaurants und Caf\u00e9s, zur Aufbewahrung und Pr\u00e4sentation von Lebensmitteln; auch geeignet f\u00fcr B\u00fcros, zur Aufbewahrung von Snacks, Tee und anderen Artikeln.<\/li>\n<\/ul>\n\n\n\n<h3 class=\"wp-block-heading\">Kundenspezifischer Service<\/h3>\n\n\n\n<ul class=\"wp-block-list\">\n<li>OEM- und ODM-Unterst\u00fctzung<\/li>\n\n\n\n<li>Schnelle Musterlieferung.<\/li>\n\n\n\n<li>Wir bieten kundenspezifische Produktform, Farbe, Muster, Verpackung und andere kundenspezifische Dienstleistungen an.<\/li>\n<\/ul>\n<\/div>\n\n\n\n<div class=\"wp-block-column is-layout-flow wp-block-column-is-layout-flow\">\n<figure class=\"wp-block-image size-full\"><img decoding=\"async\" width=\"800\" height=\"800\" src=\"https:\/\/www.kedali.com\/wp-content\/uploads\/2025\/12\/specifications-of-ceramic-canister-with-lid.webp\" alt=\"Spezifikationen des Keramikbeh\u00e4lters mit Deckel\" class=\"wp-image-1520\" srcset=\"https:\/\/www.kedali.com\/wp-content\/uploads\/2025\/12\/specifications-of-ceramic-canister-with-lid.webp 800w, https:\/\/www.kedali.com\/wp-content\/uploads\/2025\/12\/specifications-of-ceramic-canister-with-lid-300x300.webp 300w, https:\/\/www.kedali.com\/wp-content\/uploads\/2025\/12\/specifications-of-ceramic-canister-with-lid-150x150.webp 150w, https:\/\/www.kedali.com\/wp-content\/uploads\/2025\/12\/specifications-of-ceramic-canister-with-lid-768x768.webp 768w, https:\/\/www.kedali.com\/wp-content\/uploads\/2025\/12\/specifications-of-ceramic-canister-with-lid-12x12.webp 12w, https:\/\/www.kedali.com\/wp-content\/uploads\/2025\/12\/specifications-of-ceramic-canister-with-lid-600x600.webp 600w, https:\/\/www.kedali.com\/wp-content\/uploads\/2025\/12\/specifications-of-ceramic-canister-with-lid-100x100.webp 100w\" sizes=\"(max-width: 800px) 100vw, 800px\" \/><\/figure>\n<\/div>\n<\/div>","protected":false},"excerpt":{"rendered":"<p>Die Wholesale Kitchen Ceramic Canister Serie ist aus langlebigem Porzellan gefertigt und in drei praktischen Gr\u00f6\u00dfen erh\u00e4ltlich. Das schlichte zylindrische Design und der Deckel aus nat\u00fcrlichem Bambus eignen sich perfekt f\u00fcr moderne K\u00fcchen, B\u00e4der und B\u00fcros. Kontaktieren Sie uns f\u00fcr ein Angebot.<\/p>\n<h2>Spezifikationen f\u00fcr Keramikkanister mit Deckel<\/h2>\n<table width=\"235\">\n<tbody>\n<tr>\n<td width=\"69\">Marke<\/td>\n<td width=\"166\">KDL<\/td>\n<\/tr>\n<tr>\n<td width=\"69\">Modell<\/td>\n<td width=\"166\">tgs1758<\/td>\n<\/tr>\n<tr>\n<td width=\"69\">Material<\/td>\n<td width=\"166\">Keramik<\/td>\n<\/tr>\n<tr>\n<td width=\"69\">Farbe<\/td>\n<td width=\"166\">grau<\/td>\n<\/tr>\n<tr>\n<td width=\"69\">Anmeldung<\/td>\n<td width=\"166\">Lebensmittellagerung<\/td>\n<\/tr>\n<tr>\n<td width=\"69\">Merkmal<\/td>\n<td width=\"166\">Farbe glasiert<\/td>\n<\/tr>\n<tr>\n<td width=\"69\">Abmessungen<\/td>\n<td width=\"166\">\n<p data-pm-slice=\"0 0 []\">8,2 \u00d7 8,2 \u00d7 7,5 cm<\/p>\n<p>10,4 \u00d7 10,4 \u00d7 14,5 cm<\/p>\n<p>10,4 \u00d7 10,4 \u00d7 18,8 cm<\/p>\n<\/td>\n<\/tr>\n<tr>\n<td width=\"69\">Mindestbestellmenge<\/td>\n<td width=\"166\">800 S\u00e4tze<\/td>\n<\/tr>\n<\/tbody>\n<\/table>\n<p>&nbsp;<\/p>","protected":false},"featured_media":1521,"comment_status":"closed","ping_status":"closed","template":"","meta":{"_acf_changed":false},"product_brand":[],"product_cat":[18,37],"product_tag":[],"class_list":{"0":"post-1519","1":"product","2":"type-product","3":"status-publish","4":"has-post-thumbnail","6":"product_cat-wholesale-ceramic-kitchenware","7":"product_cat-wholesale-ceramic-canister-storage-jars","9":"first","10":"instock","11":"shipping-taxable","12":"product-type-simple"},"acf":[],"_links":{"self":[{"href":"https:\/\/www.kedali.com\/de\/wp-json\/wp\/v2\/product\/1519","targetHints":{"allow":["GET"]}}],"collection":[{"href":"https:\/\/www.kedali.com\/de\/wp-json\/wp\/v2\/product"}],"about":[{"href":"https:\/\/www.kedali.com\/de\/wp-json\/wp\/v2\/types\/product"}],"replies":[{"embeddable":true,"href":"https:\/\/www.kedali.com\/de\/wp-json\/wp\/v2\/comments?post=1519"}],"wp:featuredmedia":[{"embeddable":true,"href":"https:\/\/www.kedali.com\/de\/wp-json\/wp\/v2\/media\/1521"}],"wp:attachment":[{"href":"https:\/\/www.kedali.com\/de\/wp-json\/wp\/v2\/media?parent=1519"}],"wp:term":[{"taxonomy":"product_brand","embeddable":true,"href":"https:\/\/www.kedali.com\/de\/wp-json\/wp\/v2\/product_brand?post=1519"},{"taxonomy":"product_cat","embeddable":true,"href":"https:\/\/www.kedali.com\/de\/wp-json\/wp\/v2\/product_cat?post=1519"},{"taxonomy":"product_tag","embeddable":true,"href":"https:\/\/www.kedali.com\/de\/wp-json\/wp\/v2\/product_tag?post=1519"}],"curies":[{"name":"wp","href":"https:\/\/api.w.org\/{rel}","templated":true}]}}