{"id":1526,"date":"2025-12-03T01:18:43","date_gmt":"2025-12-03T01:18:43","guid":{"rendered":"https:\/\/www.kedali.com\/?post_type=product&#038;p=1526"},"modified":"2025-12-03T01:18:46","modified_gmt":"2025-12-03T01:18:46","slug":"bulk-ceramic-kitchen-jars-wholesale","status":"publish","type":"product","link":"https:\/\/www.kedali.com\/de\/produkt\/bulk-ceramic-kitchen-jars-wholesale\/","title":{"rendered":"Bulk Ceramic Kitchen Jars Factory Supply, Gro\u00dfhandel Lagerung Gl\u00e4ser f\u00fcr Gew\u00fcrze, Zucker &amp; Kaffee"},"content":{"rendered":"<div class=\"wp-block-columns is-layout-flex wp-container-core-columns-is-layout-9d6595d7 wp-block-columns-is-layout-flex\">\n<div class=\"wp-block-column is-layout-flow wp-block-column-is-layout-flow\">\n<h3 class=\"wp-block-heading\">Eigenschaften von Keramik-K\u00fcchengl\u00e4sern<\/h3>\n\n\n\n<ul class=\"wp-block-list\">\n<li><strong>Langlebiges und hochwertiges Material: <\/strong>Porzellan ist ein hervorragendes Material f\u00fcr die Aufbewahrung von Lebensmitteln, da es leicht zu reinigen ist und weder Farben noch Ger\u00fcche annimmt.<\/li>\n\n\n\n<li><strong>Exquisites Design: <\/strong>Klassisches schwarz-wei\u00dfes Farbschema, einfach und stilvoll; florale Muster mit wei\u00dfen Blumen verleihen einen k\u00fcnstlerischen Touch.<\/li>\n\n\n\n<li><strong>Praktische Funktionalit\u00e4t: <\/strong>Gro\u00dfhandel Keramik K\u00fcche Gl\u00e4ser sind in mehreren Gr\u00f6\u00dfen, f\u00fcnf verschiedene Gr\u00f6\u00dfen von klein bis gro\u00df, um verschiedene Bed\u00fcrfnisse zu erf\u00fcllen Lagerung.<\/li>\n\n\n\n<li><strong>Langlebige und umweltfreundliche Wahl: <\/strong>Das haltbare keramische Material erm\u00f6glicht eine langfristige Nutzung und reduziert den durch Einwegartikel verursachten Abfall.<\/li>\n<\/ul>\n\n\n\n<h3 class=\"wp-block-heading\">Kundenspezifischer Service<\/h3>\n\n\n\n<ul class=\"wp-block-list\">\n<li>OEM- und ODM-Unterst\u00fctzung<\/li>\n\n\n\n<li>Schnelle Musterlieferung.<\/li>\n\n\n\n<li>Wir bieten kundenspezifische Produktform, Farbe, Muster, Verpackung und andere kundenspezifische Dienstleistungen an.<\/li>\n<\/ul>\n<\/div>\n\n\n\n<div class=\"wp-block-column is-layout-flow wp-block-column-is-layout-flow\">\n<figure class=\"wp-block-image size-full\"><img decoding=\"async\" width=\"800\" height=\"800\" src=\"https:\/\/www.kedali.com\/wp-content\/uploads\/2025\/12\/specifications-of-ceramic-kitchen-jars.webp\" alt=\"spezifikationen f\u00fcr keramische k\u00fcchengl\u00e4ser\" class=\"wp-image-1532\" srcset=\"https:\/\/www.kedali.com\/wp-content\/uploads\/2025\/12\/specifications-of-ceramic-kitchen-jars.webp 800w, https:\/\/www.kedali.com\/wp-content\/uploads\/2025\/12\/specifications-of-ceramic-kitchen-jars-300x300.webp 300w, https:\/\/www.kedali.com\/wp-content\/uploads\/2025\/12\/specifications-of-ceramic-kitchen-jars-150x150.webp 150w, https:\/\/www.kedali.com\/wp-content\/uploads\/2025\/12\/specifications-of-ceramic-kitchen-jars-768x768.webp 768w, https:\/\/www.kedali.com\/wp-content\/uploads\/2025\/12\/specifications-of-ceramic-kitchen-jars-12x12.webp 12w, https:\/\/www.kedali.com\/wp-content\/uploads\/2025\/12\/specifications-of-ceramic-kitchen-jars-600x600.webp 600w, https:\/\/www.kedali.com\/wp-content\/uploads\/2025\/12\/specifications-of-ceramic-kitchen-jars-100x100.webp 100w\" sizes=\"(max-width: 800px) 100vw, 800px\" \/><\/figure>\n<\/div>\n<\/div>\n\n\n\n<div class=\"wp-block-columns is-layout-flex wp-container-core-columns-is-layout-9d6595d7 wp-block-columns-is-layout-flex\">\n<div class=\"wp-block-column is-layout-flow wp-block-column-is-layout-flow\">\n<figure class=\"wp-block-image size-full\"><img decoding=\"async\" width=\"800\" height=\"800\" src=\"https:\/\/www.kedali.com\/wp-content\/uploads\/2025\/12\/bulk-ceramic-kitchen-jars-2.webp\" alt=\"Keramik-Gro\u00dfk\u00fcchengl\u00e4ser (2)\" class=\"wp-image-1528\" srcset=\"https:\/\/www.kedali.com\/wp-content\/uploads\/2025\/12\/bulk-ceramic-kitchen-jars-2.webp 800w, https:\/\/www.kedali.com\/wp-content\/uploads\/2025\/12\/bulk-ceramic-kitchen-jars-2-300x300.webp 300w, https:\/\/www.kedali.com\/wp-content\/uploads\/2025\/12\/bulk-ceramic-kitchen-jars-2-150x150.webp 150w, https:\/\/www.kedali.com\/wp-content\/uploads\/2025\/12\/bulk-ceramic-kitchen-jars-2-768x768.webp 768w, https:\/\/www.kedali.com\/wp-content\/uploads\/2025\/12\/bulk-ceramic-kitchen-jars-2-12x12.webp 12w, https:\/\/www.kedali.com\/wp-content\/uploads\/2025\/12\/bulk-ceramic-kitchen-jars-2-600x600.webp 600w, https:\/\/www.kedali.com\/wp-content\/uploads\/2025\/12\/bulk-ceramic-kitchen-jars-2-100x100.webp 100w\" sizes=\"(max-width: 800px) 100vw, 800px\" \/><\/figure>\n<\/div>\n\n\n\n<div class=\"wp-block-column is-layout-flow wp-block-column-is-layout-flow\">\n<figure class=\"wp-block-image size-full\"><img decoding=\"async\" width=\"800\" height=\"800\" src=\"https:\/\/www.kedali.com\/wp-content\/uploads\/2025\/12\/bulk-ceramic-kitchen-jars-3.webp\" alt=\"keramische Gro\u00dfk\u00fcchengl\u00e4ser (3)\" class=\"wp-image-1529\" srcset=\"https:\/\/www.kedali.com\/wp-content\/uploads\/2025\/12\/bulk-ceramic-kitchen-jars-3.webp 800w, https:\/\/www.kedali.com\/wp-content\/uploads\/2025\/12\/bulk-ceramic-kitchen-jars-3-300x300.webp 300w, https:\/\/www.kedali.com\/wp-content\/uploads\/2025\/12\/bulk-ceramic-kitchen-jars-3-150x150.webp 150w, https:\/\/www.kedali.com\/wp-content\/uploads\/2025\/12\/bulk-ceramic-kitchen-jars-3-768x768.webp 768w, https:\/\/www.kedali.com\/wp-content\/uploads\/2025\/12\/bulk-ceramic-kitchen-jars-3-12x12.webp 12w, https:\/\/www.kedali.com\/wp-content\/uploads\/2025\/12\/bulk-ceramic-kitchen-jars-3-600x600.webp 600w, https:\/\/www.kedali.com\/wp-content\/uploads\/2025\/12\/bulk-ceramic-kitchen-jars-3-100x100.webp 100w\" sizes=\"(max-width: 800px) 100vw, 800px\" \/><\/figure>\n<\/div>\n<\/div>","protected":false},"excerpt":{"rendered":"<p>Gro\u00dfhandel Keramik K\u00fcche Gl\u00e4ser. Diese Vorratsgl\u00e4ser haben ein modernes schwarzes Finish mit eleganten wei\u00dfen Blumenmustern und nat\u00fcrlichen Holzdeckeln, was sie sowohl praktisch als auch sch\u00f6n macht. Das f\u00fcnfteilige Set ist ideal f\u00fcr die Aufbewahrung von Kaffee, Tee und Gew\u00fcrzen, damit Ihre Zutaten frisch bleiben. Kontaktieren Sie uns f\u00fcr ein Angebot.<\/p>\n<h2>Spezifikationen f\u00fcr Keramik-K\u00fcchenkrug<\/h2>\n<table width=\"235\">\n<tbody>\n<tr>\n<td width=\"69\">Marke<\/td>\n<td width=\"166\">KDL<\/td>\n<\/tr>\n<tr>\n<td width=\"69\">Modell<\/td>\n<td width=\"166\">tgs1759<\/td>\n<\/tr>\n<tr>\n<td width=\"69\">Material<\/td>\n<td width=\"166\">Keramik<\/td>\n<\/tr>\n<tr>\n<td width=\"69\">Farbe<\/td>\n<td width=\"166\">schwarz<\/td>\n<\/tr>\n<tr>\n<td width=\"69\">Anmeldung<\/td>\n<td width=\"166\">Lebensmittellagerung<\/td>\n<\/tr>\n<tr>\n<td width=\"69\">Merkmal<\/td>\n<td width=\"166\">Aufkleber<\/td>\n<\/tr>\n<tr>\n<td width=\"69\">Mindestbestellmenge<\/td>\n<td width=\"166\">800 S\u00e4tze<\/td>\n<\/tr>\n<\/tbody>\n<\/table>\n<p>&nbsp;<\/p>\n<p><script src=\"chrome-extension:\/\/fpelahbljekknahkcaegamhcndkfpfnc\/iFrame.js\" type=\"text\/javascript\"><\/script><\/p>","protected":false},"featured_media":1527,"comment_status":"closed","ping_status":"closed","template":"","meta":{"_acf_changed":false},"product_brand":[],"product_cat":[18,37],"product_tag":[],"class_list":{"0":"post-1526","1":"product","2":"type-product","3":"status-publish","4":"has-post-thumbnail","6":"product_cat-wholesale-ceramic-kitchenware","7":"product_cat-wholesale-ceramic-canister-storage-jars","9":"first","10":"instock","11":"shipping-taxable","12":"product-type-simple"},"acf":[],"_links":{"self":[{"href":"https:\/\/www.kedali.com\/de\/wp-json\/wp\/v2\/product\/1526","targetHints":{"allow":["GET"]}}],"collection":[{"href":"https:\/\/www.kedali.com\/de\/wp-json\/wp\/v2\/product"}],"about":[{"href":"https:\/\/www.kedali.com\/de\/wp-json\/wp\/v2\/types\/product"}],"replies":[{"embeddable":true,"href":"https:\/\/www.kedali.com\/de\/wp-json\/wp\/v2\/comments?post=1526"}],"wp:featuredmedia":[{"embeddable":true,"href":"https:\/\/www.kedali.com\/de\/wp-json\/wp\/v2\/media\/1527"}],"wp:attachment":[{"href":"https:\/\/www.kedali.com\/de\/wp-json\/wp\/v2\/media?parent=1526"}],"wp:term":[{"taxonomy":"product_brand","embeddable":true,"href":"https:\/\/www.kedali.com\/de\/wp-json\/wp\/v2\/product_brand?post=1526"},{"taxonomy":"product_cat","embeddable":true,"href":"https:\/\/www.kedali.com\/de\/wp-json\/wp\/v2\/product_cat?post=1526"},{"taxonomy":"product_tag","embeddable":true,"href":"https:\/\/www.kedali.com\/de\/wp-json\/wp\/v2\/product_tag?post=1526"}],"curies":[{"name":"wp","href":"https:\/\/api.w.org\/{rel}","templated":true}]}}