{"id":1533,"date":"2025-12-03T01:31:31","date_gmt":"2025-12-03T01:31:31","guid":{"rendered":"https:\/\/www.kedali.com\/?post_type=product&#038;p=1533"},"modified":"2026-01-13T09:26:57","modified_gmt":"2026-01-13T09:26:57","slug":"bulk-kitchen-canister-set-with-wooden-lids","status":"publish","type":"product","link":"https:\/\/www.kedali.com\/de\/produkt\/bulk-kitchen-canister-set-with-wooden-lids\/","title":{"rendered":"Bulk Kitchen Canister Set mit Holzdeckeln, 3-teilige mattschwarze Vorratsgl\u00e4ser"},"content":{"rendered":"<div class=\"wp-block-columns is-layout-flex wp-container-core-columns-is-layout-9d6595d7 wp-block-columns-is-layout-flex\">\n<div class=\"wp-block-column is-layout-flow wp-block-column-is-layout-flow\">\n<h3 class=\"wp-block-heading\">Eigenschaften von Kitchen Canister Set<\/h3>\n\n\n\n<ul class=\"wp-block-list\">\n<li><strong>Elegante, komplett schwarze \u00c4sthetik:<\/strong> Das Kitchen Canister Set besticht durch sein klassisches, mattschwarzes Finish, das modernen, minimalistischen Charme ausstrahlt und eine Vielzahl von Einrichtungsstilen erg\u00e4nzt.<\/li>\n\n\n\n<li><strong>Mehrere Gr\u00f6\u00dfenoptionen: <\/strong>Erh\u00e4ltlich in drei durchdachten Gr\u00f6\u00dfen, um unterschiedliche Mengen von Gegenst\u00e4nden unterzubringen, einschlie\u00dflich kleiner Gegenst\u00e4nde oder loser Zutaten.<\/li>\n\n\n\n<li><strong>Multifunktionale K\u00fcchenablage:<\/strong> Ideal zur Aufbewahrung von Trockenwaren, Getreide, Nudeln, Bohnen, Tee, Kaffee, Gew\u00fcrzen und anderen K\u00fcchenutensilien. Sorgt f\u00fcr Ordnung auf der Arbeitsfl\u00e4che.<\/li>\n\n\n\n<li><strong>Ein mit Bedacht gew\u00e4hltes Geschenk: <\/strong>Dieses stilvolle und funktionelle Produkt ist ein perfektes Geschenk f\u00fcr Feiertage, Einweihungen, Hochzeiten und vieles mehr. Sowohl f\u00fcr pers\u00f6nliche als auch f\u00fcr gesch\u00e4ftliche Geschenke geeignet.<\/li>\n<\/ul>\n\n\n\n<h3 class=\"wp-block-heading\">Kundenspezifischer Service<\/h3>\n\n\n\n<ul class=\"wp-block-list\">\n<li>OEM- und ODM-Unterst\u00fctzung<\/li>\n\n\n\n<li>Schnelle Musterlieferung.<\/li>\n\n\n\n<li>Wir bieten kundenspezifische Produktform, Farbe, Muster, Verpackung und andere kundenspezifische Dienstleistungen an.<\/li>\n<\/ul>\n<\/div>\n\n\n\n<div class=\"wp-block-column is-layout-flow wp-block-column-is-layout-flow\">\n<figure class=\"wp-block-image size-full\"><img decoding=\"async\" width=\"800\" height=\"800\" src=\"https:\/\/www.kedali.com\/wp-content\/uploads\/2025\/12\/specifications-of-ceramic-canister-set.webp\" alt=\"Spezifikationen des Keramik-Kanistersets\" class=\"wp-image-1534\" srcset=\"https:\/\/www.kedali.com\/wp-content\/uploads\/2025\/12\/specifications-of-ceramic-canister-set.webp 800w, https:\/\/www.kedali.com\/wp-content\/uploads\/2025\/12\/specifications-of-ceramic-canister-set-300x300.webp 300w, https:\/\/www.kedali.com\/wp-content\/uploads\/2025\/12\/specifications-of-ceramic-canister-set-150x150.webp 150w, https:\/\/www.kedali.com\/wp-content\/uploads\/2025\/12\/specifications-of-ceramic-canister-set-768x768.webp 768w, https:\/\/www.kedali.com\/wp-content\/uploads\/2025\/12\/specifications-of-ceramic-canister-set-12x12.webp 12w, https:\/\/www.kedali.com\/wp-content\/uploads\/2025\/12\/specifications-of-ceramic-canister-set-600x600.webp 600w, https:\/\/www.kedali.com\/wp-content\/uploads\/2025\/12\/specifications-of-ceramic-canister-set-100x100.webp 100w\" sizes=\"(max-width: 800px) 100vw, 800px\" \/><\/figure>\n<\/div>\n<\/div>\n\n\n\n<div class=\"wp-block-columns is-layout-flex wp-container-core-columns-is-layout-9d6595d7 wp-block-columns-is-layout-flex\">\n<div class=\"wp-block-column is-layout-flow wp-block-column-is-layout-flow\">\n<figure class=\"wp-block-image size-full\"><img decoding=\"async\" width=\"800\" height=\"800\" src=\"https:\/\/www.kedali.com\/wp-content\/uploads\/2025\/12\/wholesale-kitchen-ceramic-canister-set-2.webp\" alt=\"Gro\u00dfhandel K\u00fcche Keramik Kanister Set (2)\" class=\"wp-image-1536\" srcset=\"https:\/\/www.kedali.com\/wp-content\/uploads\/2025\/12\/wholesale-kitchen-ceramic-canister-set-2.webp 800w, https:\/\/www.kedali.com\/wp-content\/uploads\/2025\/12\/wholesale-kitchen-ceramic-canister-set-2-300x300.webp 300w, https:\/\/www.kedali.com\/wp-content\/uploads\/2025\/12\/wholesale-kitchen-ceramic-canister-set-2-150x150.webp 150w, https:\/\/www.kedali.com\/wp-content\/uploads\/2025\/12\/wholesale-kitchen-ceramic-canister-set-2-768x768.webp 768w, https:\/\/www.kedali.com\/wp-content\/uploads\/2025\/12\/wholesale-kitchen-ceramic-canister-set-2-12x12.webp 12w, https:\/\/www.kedali.com\/wp-content\/uploads\/2025\/12\/wholesale-kitchen-ceramic-canister-set-2-600x600.webp 600w, https:\/\/www.kedali.com\/wp-content\/uploads\/2025\/12\/wholesale-kitchen-ceramic-canister-set-2-100x100.webp 100w\" sizes=\"(max-width: 800px) 100vw, 800px\" \/><\/figure>\n<\/div>\n\n\n\n<div class=\"wp-block-column is-layout-flow wp-block-column-is-layout-flow\">\n<figure class=\"wp-block-image size-full\"><img decoding=\"async\" width=\"800\" height=\"800\" src=\"https:\/\/www.kedali.com\/wp-content\/uploads\/2025\/12\/wholesale-kitchen-ceramic-canister-set-3.webp\" alt=\"Gro\u00dfhandel K\u00fcche Keramik Kanister Set (3)\" class=\"wp-image-1537\" srcset=\"https:\/\/www.kedali.com\/wp-content\/uploads\/2025\/12\/wholesale-kitchen-ceramic-canister-set-3.webp 800w, https:\/\/www.kedali.com\/wp-content\/uploads\/2025\/12\/wholesale-kitchen-ceramic-canister-set-3-300x300.webp 300w, https:\/\/www.kedali.com\/wp-content\/uploads\/2025\/12\/wholesale-kitchen-ceramic-canister-set-3-150x150.webp 150w, https:\/\/www.kedali.com\/wp-content\/uploads\/2025\/12\/wholesale-kitchen-ceramic-canister-set-3-768x768.webp 768w, https:\/\/www.kedali.com\/wp-content\/uploads\/2025\/12\/wholesale-kitchen-ceramic-canister-set-3-12x12.webp 12w, https:\/\/www.kedali.com\/wp-content\/uploads\/2025\/12\/wholesale-kitchen-ceramic-canister-set-3-600x600.webp 600w, https:\/\/www.kedali.com\/wp-content\/uploads\/2025\/12\/wholesale-kitchen-ceramic-canister-set-3-100x100.webp 100w\" sizes=\"(max-width: 800px) 100vw, 800px\" \/><\/figure>\n<\/div>\n<\/div>","protected":false},"excerpt":{"rendered":"<p>Dieses Keramik-Kanister-Set enth\u00e4lt drei verschiedene Gr\u00f6\u00dfen von Gl\u00e4sern, die sich perfekt f\u00fcr die Aufbewahrung von Kaffeebohnen, Tee, Gew\u00fcrzen und vielem mehr eignen. Jedes Gef\u00e4\u00df wird mit einem sch\u00f6nen Deckel aus Naturholz geliefert, damit der Inhalt frisch und sicher bleibt.<\/p>\n<p>Als Fachmann <a href=\"https:\/\/www.kedali.com\/de\/produkt-kategorie\/wholesale-ceramic-kitchenware\/\" target=\"_blank\" rel=\"noopener\"><strong>Hersteller von Keramikgeschirr<\/strong><\/a>, bieten wir eine Vielzahl von Keramikkanistern an. Bitte kontaktieren Sie uns f\u00fcr ein Angebot und einen Katalog.<\/p>\n<h2>Spezifikationen f\u00fcr K\u00fcchenkanister-Set<\/h2>\n<table width=\"235\">\n<tbody>\n<tr>\n<td width=\"69\">Marke<\/td>\n<td width=\"166\">KDL<\/td>\n<\/tr>\n<tr>\n<td width=\"69\">Modell<\/td>\n<td width=\"166\">tgs1759<\/td>\n<\/tr>\n<tr>\n<td width=\"69\">Material<\/td>\n<td width=\"166\">Keramik<\/td>\n<\/tr>\n<tr>\n<td width=\"69\">Farbe<\/td>\n<td width=\"166\">schwarz<\/td>\n<\/tr>\n<tr>\n<td width=\"69\">Anmeldung<\/td>\n<td width=\"166\">Lebensmittellagerung<\/td>\n<\/tr>\n<tr>\n<td width=\"69\">Merkmal<\/td>\n<td width=\"166\">Farbe glasiert<\/td>\n<\/tr>\n<tr>\n<td width=\"69\">Mindestbestellmenge<\/td>\n<td width=\"166\">800 S\u00e4tze<\/td>\n<\/tr>\n<\/tbody>\n<\/table>\n<p>&nbsp;<\/p>","protected":false},"featured_media":1535,"comment_status":"closed","ping_status":"closed","template":"","meta":{"_acf_changed":false},"product_brand":[],"product_cat":[37,18],"product_tag":[],"class_list":{"0":"post-1533","1":"product","2":"type-product","3":"status-publish","4":"has-post-thumbnail","6":"product_cat-wholesale-ceramic-canister-storage-jars","7":"product_cat-wholesale-ceramic-kitchenware","9":"first","10":"instock","11":"shipping-taxable","12":"product-type-simple"},"acf":[],"_links":{"self":[{"href":"https:\/\/www.kedali.com\/de\/wp-json\/wp\/v2\/product\/1533","targetHints":{"allow":["GET"]}}],"collection":[{"href":"https:\/\/www.kedali.com\/de\/wp-json\/wp\/v2\/product"}],"about":[{"href":"https:\/\/www.kedali.com\/de\/wp-json\/wp\/v2\/types\/product"}],"replies":[{"embeddable":true,"href":"https:\/\/www.kedali.com\/de\/wp-json\/wp\/v2\/comments?post=1533"}],"wp:featuredmedia":[{"embeddable":true,"href":"https:\/\/www.kedali.com\/de\/wp-json\/wp\/v2\/media\/1535"}],"wp:attachment":[{"href":"https:\/\/www.kedali.com\/de\/wp-json\/wp\/v2\/media?parent=1533"}],"wp:term":[{"taxonomy":"product_brand","embeddable":true,"href":"https:\/\/www.kedali.com\/de\/wp-json\/wp\/v2\/product_brand?post=1533"},{"taxonomy":"product_cat","embeddable":true,"href":"https:\/\/www.kedali.com\/de\/wp-json\/wp\/v2\/product_cat?post=1533"},{"taxonomy":"product_tag","embeddable":true,"href":"https:\/\/www.kedali.com\/de\/wp-json\/wp\/v2\/product_tag?post=1533"}],"curies":[{"name":"wp","href":"https:\/\/api.w.org\/{rel}","templated":true}]}}