{"id":1540,"date":"2025-12-03T01:56:15","date_gmt":"2025-12-03T01:56:15","guid":{"rendered":"https:\/\/www.kedali.com\/?post_type=product&#038;p=1540"},"modified":"2025-12-03T02:17:55","modified_gmt":"2025-12-03T02:17:55","slug":"wholesale-ceramic-popcorn-bucket-set","status":"publish","type":"product","link":"https:\/\/www.kedali.com\/de\/produkt\/wholesale-ceramic-popcorn-bucket-set\/","title":{"rendered":"Gro\u00dfhandel Keramik Popcorn Eimer Set - Movie Night Snack Sch\u00fcssel Set"},"content":{"rendered":"<div class=\"wp-block-columns is-layout-flex wp-container-core-columns-is-layout-9d6595d7 wp-block-columns-is-layout-flex\">\n<div class=\"wp-block-column is-layout-flow wp-block-column-is-layout-flow\">\n<h3 class=\"wp-block-heading\">Merkmale des Keramik-Popcorn-Eimer-Sets<\/h3>\n\n\n\n<ul class=\"wp-block-list\">\n<li><strong>Premium-Keramik in Lebensmittelqualit\u00e4t:<\/strong> Dieses Gro\u00dfhandels-Keramik-Popcorn-Eimerset ist aus hochwertiger, lebensmittelechter Keramik gefertigt, die v\u00f6llig frei von BPA (Ban-Phenol A) und anderen sch\u00e4dlichen Chemikalien ist. Keramik laugt nicht in Lebensmittel aus und ist damit eine sichere und umweltfreundliche Wahl f\u00fcr den langfristigen Gebrauch.<\/li>\n\n\n\n<li><strong>Einfache Reinigung und Pflege: <\/strong>Der Keramik-Popcorn-Eimer hat eine glatte, glasierte Keramikoberfl\u00e4che, die das Anhaften von Fett und R\u00fcckst\u00e4nden verhindert und sp\u00fclmaschinenfest ist.<\/li>\n\n\n\n<li><strong>Drei Kapazit\u00e4tsoptionen:<\/strong> Erh\u00e4ltlich in kleinen, mittelgro\u00dfen und gro\u00dfen Gr\u00f6\u00dfen f\u00fcr unterschiedliche Anforderungen an Aufbewahrung und Lagerung. Ob f\u00fcr den pers\u00f6nlichen Genuss, die gemeinsame Nutzung durch die Familie oder als Party-Snack.<\/li>\n\n\n\n<li><strong>Multifunktionaler Snack-Organisator: <\/strong>Diese Snackbox ist perfekt f\u00fcr Popcorn, Chips, N\u00fcsse, S\u00fc\u00dfigkeiten, Schokolade und andere kleine Snacks. Sie bewahrt die Snacks ordentlich auf und ist damit ideal f\u00fcr Heimkinos, Wohnzimmer und Dessertl\u00e4den.<\/li>\n\n\n\n<li><strong>Multiszenen-Einsatz:<\/strong> Sie kann nicht nur f\u00fcr Filmabende, sondern auch f\u00fcr die allt\u00e4gliche Aufbewahrung, als Serviersch\u00fcssel f\u00fcr Partys oder sogar als dekoratives Element verwendet werden, um Ihrer Einrichtung einen lustigen und lebhaften Touch zu verleihen.<\/li>\n<\/ul>\n\n\n\n<h3 class=\"wp-block-heading\">Kundenspezifischer Service<\/h3>\n\n\n\n<ul class=\"wp-block-list\">\n<li>OEM- und ODM-Unterst\u00fctzung<\/li>\n\n\n\n<li>Schnelle Musterlieferung.<\/li>\n\n\n\n<li>Wir bieten kundenspezifische Produktform, Farbe, Muster, Verpackung und andere kundenspezifische Dienstleistungen an.<\/li>\n<\/ul>\n<\/div>\n\n\n\n<div class=\"wp-block-column is-layout-flow wp-block-column-is-layout-flow\">\n<figure class=\"wp-block-image size-full\"><img decoding=\"async\" width=\"800\" height=\"800\" src=\"https:\/\/www.kedali.com\/wp-content\/uploads\/2025\/12\/specifications-of-ceramic-popcorn-bucket-set.webp\" alt=\"Spezifikationen des Keramik-Popcorn-Eimer-Sets\" class=\"wp-image-1541\" srcset=\"https:\/\/www.kedali.com\/wp-content\/uploads\/2025\/12\/specifications-of-ceramic-popcorn-bucket-set.webp 800w, https:\/\/www.kedali.com\/wp-content\/uploads\/2025\/12\/specifications-of-ceramic-popcorn-bucket-set-300x300.webp 300w, https:\/\/www.kedali.com\/wp-content\/uploads\/2025\/12\/specifications-of-ceramic-popcorn-bucket-set-150x150.webp 150w, https:\/\/www.kedali.com\/wp-content\/uploads\/2025\/12\/specifications-of-ceramic-popcorn-bucket-set-768x768.webp 768w, https:\/\/www.kedali.com\/wp-content\/uploads\/2025\/12\/specifications-of-ceramic-popcorn-bucket-set-12x12.webp 12w, https:\/\/www.kedali.com\/wp-content\/uploads\/2025\/12\/specifications-of-ceramic-popcorn-bucket-set-600x600.webp 600w, https:\/\/www.kedali.com\/wp-content\/uploads\/2025\/12\/specifications-of-ceramic-popcorn-bucket-set-100x100.webp 100w\" sizes=\"(max-width: 800px) 100vw, 800px\" \/><\/figure>\n<\/div>\n<\/div>\n\n\n\n<div class=\"wp-block-columns is-layout-flex wp-container-core-columns-is-layout-9d6595d7 wp-block-columns-is-layout-flex\">\n<div class=\"wp-block-column is-layout-flow wp-block-column-is-layout-flow\">\n<figure class=\"wp-block-image size-full\"><img decoding=\"async\" width=\"800\" height=\"800\" src=\"https:\/\/www.kedali.com\/wp-content\/uploads\/2025\/12\/wholesale-ceramic-popcorn-bucket-set-4.webp\" alt=\"Gro\u00dfhandel Keramik Popcorn Eimer Set (4)\" class=\"wp-image-1545\" srcset=\"https:\/\/www.kedali.com\/wp-content\/uploads\/2025\/12\/wholesale-ceramic-popcorn-bucket-set-4.webp 800w, https:\/\/www.kedali.com\/wp-content\/uploads\/2025\/12\/wholesale-ceramic-popcorn-bucket-set-4-300x300.webp 300w, https:\/\/www.kedali.com\/wp-content\/uploads\/2025\/12\/wholesale-ceramic-popcorn-bucket-set-4-150x150.webp 150w, https:\/\/www.kedali.com\/wp-content\/uploads\/2025\/12\/wholesale-ceramic-popcorn-bucket-set-4-768x768.webp 768w, https:\/\/www.kedali.com\/wp-content\/uploads\/2025\/12\/wholesale-ceramic-popcorn-bucket-set-4-12x12.webp 12w, https:\/\/www.kedali.com\/wp-content\/uploads\/2025\/12\/wholesale-ceramic-popcorn-bucket-set-4-600x600.webp 600w, https:\/\/www.kedali.com\/wp-content\/uploads\/2025\/12\/wholesale-ceramic-popcorn-bucket-set-4-100x100.webp 100w\" sizes=\"(max-width: 800px) 100vw, 800px\" \/><\/figure>\n<\/div>\n\n\n\n<div class=\"wp-block-column is-layout-flow wp-block-column-is-layout-flow\">\n<figure class=\"wp-block-image size-full\"><img decoding=\"async\" width=\"800\" height=\"800\" src=\"https:\/\/www.kedali.com\/wp-content\/uploads\/2025\/12\/wholesale-ceramic-popcorn-bucket-set-5.webp\" alt=\"Gro\u00dfhandel Keramik Popcorn Eimer Set (5)\" class=\"wp-image-1546\" srcset=\"https:\/\/www.kedali.com\/wp-content\/uploads\/2025\/12\/wholesale-ceramic-popcorn-bucket-set-5.webp 800w, https:\/\/www.kedali.com\/wp-content\/uploads\/2025\/12\/wholesale-ceramic-popcorn-bucket-set-5-300x300.webp 300w, https:\/\/www.kedali.com\/wp-content\/uploads\/2025\/12\/wholesale-ceramic-popcorn-bucket-set-5-150x150.webp 150w, https:\/\/www.kedali.com\/wp-content\/uploads\/2025\/12\/wholesale-ceramic-popcorn-bucket-set-5-768x768.webp 768w, https:\/\/www.kedali.com\/wp-content\/uploads\/2025\/12\/wholesale-ceramic-popcorn-bucket-set-5-12x12.webp 12w, https:\/\/www.kedali.com\/wp-content\/uploads\/2025\/12\/wholesale-ceramic-popcorn-bucket-set-5-600x600.webp 600w, https:\/\/www.kedali.com\/wp-content\/uploads\/2025\/12\/wholesale-ceramic-popcorn-bucket-set-5-100x100.webp 100w\" sizes=\"(max-width: 800px) 100vw, 800px\" \/><\/figure>\n<\/div>\n<\/div>","protected":false},"excerpt":{"rendered":"<p>Keramik-Popcorn-Eimerset in gro\u00dfen Mengen zu verkaufen. Erh\u00e4ltlich in verschiedenen Gr\u00f6\u00dfen, perfekt f\u00fcr die Aufbewahrung von Popcorn, Chips, N\u00fcssen und anderen Snacks. Ideal f\u00fcr Familien-Filmabende, Dessert-Shops oder trendige Partys.<\/p>\n<p>Kedali <a href=\"https:\/\/www.kedali.com\/de\/produkt-kategorie\/wholesale-ceramic-kitchenware\/\" target=\"_blank\" rel=\"noopener\"><strong>Hersteller von Keramikgeschirr<\/strong><\/a> bietet wettbewerbsf\u00e4hige Preise und Gro\u00dfhandelsdienstleistungen. Kontaktieren Sie uns jetzt!<\/p>\n<h2>Spezifikationen f\u00fcr Keramik-Popcorn-Eimer-Set<\/h2>\n<table width=\"235\">\n<tbody>\n<tr>\n<td width=\"69\">Marke<\/td>\n<td width=\"166\">KDL<\/td>\n<\/tr>\n<tr>\n<td width=\"69\">Modell<\/td>\n<td width=\"166\">DBS2027-5-F324R<\/td>\n<\/tr>\n<tr>\n<td width=\"69\">Material<\/td>\n<td width=\"166\">Keramik<\/td>\n<\/tr>\n<tr>\n<td width=\"69\">Farbe<\/td>\n<td width=\"166\">wei\u00df<\/td>\n<\/tr>\n<tr>\n<td width=\"69\">Anmeldung<\/td>\n<td width=\"166\">Keramiktasse<\/td>\n<\/tr>\n<tr>\n<td width=\"69\">Merkmal<\/td>\n<td width=\"166\">geschnitzt<\/td>\n<\/tr>\n<tr>\n<td width=\"69\">Abmessungen<\/td>\n<td width=\"166\">13,7*13,7*9,9cm 0,44kg 16,5*16,5*12,9cm 0,68kg 22,3*22,3*19,7cm 1,37kg<\/td>\n<\/tr>\n<tr>\n<td width=\"69\">Mindestbestellmenge<\/td>\n<td width=\"166\">800 S\u00e4tze<\/td>\n<\/tr>\n<\/tbody>\n<\/table>\n<p>&nbsp;<\/p>\n<p><script src=\"chrome-extension:\/\/fpelahbljekknahkcaegamhcndkfpfnc\/iFrame.js\" type=\"text\/javascript\"><\/script><\/p>","protected":false},"featured_media":1542,"comment_status":"closed","ping_status":"closed","template":"","meta":{"_acf_changed":false},"product_brand":[],"product_cat":[18],"product_tag":[],"class_list":{"0":"post-1540","1":"product","2":"type-product","3":"status-publish","4":"has-post-thumbnail","6":"product_cat-wholesale-ceramic-kitchenware","8":"first","9":"instock","10":"shipping-taxable","11":"product-type-simple"},"acf":[],"_links":{"self":[{"href":"https:\/\/www.kedali.com\/de\/wp-json\/wp\/v2\/product\/1540","targetHints":{"allow":["GET"]}}],"collection":[{"href":"https:\/\/www.kedali.com\/de\/wp-json\/wp\/v2\/product"}],"about":[{"href":"https:\/\/www.kedali.com\/de\/wp-json\/wp\/v2\/types\/product"}],"replies":[{"embeddable":true,"href":"https:\/\/www.kedali.com\/de\/wp-json\/wp\/v2\/comments?post=1540"}],"wp:featuredmedia":[{"embeddable":true,"href":"https:\/\/www.kedali.com\/de\/wp-json\/wp\/v2\/media\/1542"}],"wp:attachment":[{"href":"https:\/\/www.kedali.com\/de\/wp-json\/wp\/v2\/media?parent=1540"}],"wp:term":[{"taxonomy":"product_brand","embeddable":true,"href":"https:\/\/www.kedali.com\/de\/wp-json\/wp\/v2\/product_brand?post=1540"},{"taxonomy":"product_cat","embeddable":true,"href":"https:\/\/www.kedali.com\/de\/wp-json\/wp\/v2\/product_cat?post=1540"},{"taxonomy":"product_tag","embeddable":true,"href":"https:\/\/www.kedali.com\/de\/wp-json\/wp\/v2\/product_tag?post=1540"}],"curies":[{"name":"wp","href":"https:\/\/api.w.org\/{rel}","templated":true}]}}