{"id":1556,"date":"2025-12-03T03:12:42","date_gmt":"2025-12-03T03:12:42","guid":{"rendered":"https:\/\/www.kedali.com\/?post_type=product&#038;p=1556"},"modified":"2025-12-03T03:40:26","modified_gmt":"2025-12-03T03:40:26","slug":"wholesale-stylish-ceramic-egg-holders","status":"publish","type":"product","link":"https:\/\/www.kedali.com\/de\/produkt\/wholesale-stylish-ceramic-egg-holders\/","title":{"rendered":"Gro\u00dfhandel Keramische Eierhalter - Langlebig und stilvoll"},"content":{"rendered":"<div class=\"wp-block-columns is-layout-flex wp-container-core-columns-is-layout-9d6595d7 wp-block-columns-is-layout-flex\">\n<div class=\"wp-block-column is-layout-flow wp-block-column-is-layout-flow\">\n<h3 class=\"wp-block-heading\">Eigenschaften von Keramik-Eierhaltern <\/h3>\n\n\n\n<ul class=\"wp-block-list\">\n<li><strong>\u00c4sthetik: <\/strong>Im Gegensatz zu herk\u00f6mmlichen Karton- oder Plastikschachteln verf\u00fcgt der Keramik-Eierhalter \u00fcber eine farbenfrohe, gl\u00e4nzende Keramikoberfl\u00e4che, die eine lebendige und stilvolle M\u00f6glichkeit zur Aufbewahrung und Pr\u00e4sentation von Eiern bietet.<\/li>\n\n\n\n<li><strong>Leicht zu reinigen: <\/strong>Die porenfreie Keramikoberfl\u00e4che l\u00e4sst sich leicht abwischen oder abwaschen, was die Reinigung und Sterilisation im Vergleich zu Karton wesentlich erleichtert.<\/li>\n\n\n\n<li><strong>Stapelbar: <\/strong>Der Keramik-Eierhalter ist so konzipiert, dass er sich ordentlich stapeln l\u00e4sst, was Platz spart und f\u00fcr Ordnung im K\u00fchlschrank sorgt.<\/li>\n\n\n\n<li><strong>Wiederverwendbar: <\/strong>Ersetzt Einweg-Eierkartons aus Papier oder Plastik und reduziert so den Verpackungsm\u00fcll.<\/li>\n<\/ul>\n\n\n\n<h3 class=\"wp-block-heading\">Kundenspezifischer Service<\/h3>\n\n\n\n<ul class=\"wp-block-list\">\n<li>OEM- und ODM-Unterst\u00fctzung<\/li>\n\n\n\n<li>Schnelle Musterlieferung.<\/li>\n\n\n\n<li>Wir bieten kundenspezifische Produktform, Farbe, Muster, Verpackung und andere kundenspezifische Dienstleistungen an.<\/li>\n<\/ul>\n<\/div>\n\n\n\n<div class=\"wp-block-column is-layout-flow wp-block-column-is-layout-flow\">\n<figure class=\"wp-block-image size-full\"><img decoding=\"async\" width=\"800\" height=\"800\" src=\"https:\/\/www.kedali.com\/wp-content\/uploads\/2025\/12\/ceramic-egg-holder-specifications.webp\" alt=\"Keramik-Eierhalter Spezifikationen\" class=\"wp-image-1557\" srcset=\"https:\/\/www.kedali.com\/wp-content\/uploads\/2025\/12\/ceramic-egg-holder-specifications.webp 800w, https:\/\/www.kedali.com\/wp-content\/uploads\/2025\/12\/ceramic-egg-holder-specifications-300x300.webp 300w, https:\/\/www.kedali.com\/wp-content\/uploads\/2025\/12\/ceramic-egg-holder-specifications-150x150.webp 150w, https:\/\/www.kedali.com\/wp-content\/uploads\/2025\/12\/ceramic-egg-holder-specifications-768x768.webp 768w, https:\/\/www.kedali.com\/wp-content\/uploads\/2025\/12\/ceramic-egg-holder-specifications-12x12.webp 12w, https:\/\/www.kedali.com\/wp-content\/uploads\/2025\/12\/ceramic-egg-holder-specifications-600x600.webp 600w, https:\/\/www.kedali.com\/wp-content\/uploads\/2025\/12\/ceramic-egg-holder-specifications-100x100.webp 100w\" sizes=\"(max-width: 800px) 100vw, 800px\" \/><\/figure>\n<\/div>\n<\/div>\n\n\n\n<div class=\"wp-block-columns is-layout-flex wp-container-core-columns-is-layout-9d6595d7 wp-block-columns-is-layout-flex\">\n<div class=\"wp-block-column is-layout-flow wp-block-column-is-layout-flow\">\n<figure class=\"wp-block-image size-full\"><img decoding=\"async\" width=\"800\" height=\"800\" src=\"https:\/\/www.kedali.com\/wp-content\/uploads\/2025\/12\/wholesale-ceramic-egg-holder-6.webp\" alt=\"Gro\u00dfhandel Keramik Eierhalter (6)\" class=\"wp-image-1563\" srcset=\"https:\/\/www.kedali.com\/wp-content\/uploads\/2025\/12\/wholesale-ceramic-egg-holder-6.webp 800w, https:\/\/www.kedali.com\/wp-content\/uploads\/2025\/12\/wholesale-ceramic-egg-holder-6-300x300.webp 300w, https:\/\/www.kedali.com\/wp-content\/uploads\/2025\/12\/wholesale-ceramic-egg-holder-6-150x150.webp 150w, https:\/\/www.kedali.com\/wp-content\/uploads\/2025\/12\/wholesale-ceramic-egg-holder-6-768x768.webp 768w, https:\/\/www.kedali.com\/wp-content\/uploads\/2025\/12\/wholesale-ceramic-egg-holder-6-12x12.webp 12w, https:\/\/www.kedali.com\/wp-content\/uploads\/2025\/12\/wholesale-ceramic-egg-holder-6-600x600.webp 600w, https:\/\/www.kedali.com\/wp-content\/uploads\/2025\/12\/wholesale-ceramic-egg-holder-6-100x100.webp 100w\" sizes=\"(max-width: 800px) 100vw, 800px\" \/><\/figure>\n<\/div>\n\n\n\n<div class=\"wp-block-column is-layout-flow wp-block-column-is-layout-flow\">\n<figure class=\"wp-block-image size-full\"><img decoding=\"async\" width=\"800\" height=\"800\" src=\"https:\/\/www.kedali.com\/wp-content\/uploads\/2025\/12\/wholesale-ceramic-egg-holder-7.webp\" alt=\"Gro\u00dfhandel Keramik-Eierhalter (7)\" class=\"wp-image-1564\" srcset=\"https:\/\/www.kedali.com\/wp-content\/uploads\/2025\/12\/wholesale-ceramic-egg-holder-7.webp 800w, https:\/\/www.kedali.com\/wp-content\/uploads\/2025\/12\/wholesale-ceramic-egg-holder-7-300x300.webp 300w, https:\/\/www.kedali.com\/wp-content\/uploads\/2025\/12\/wholesale-ceramic-egg-holder-7-150x150.webp 150w, https:\/\/www.kedali.com\/wp-content\/uploads\/2025\/12\/wholesale-ceramic-egg-holder-7-768x768.webp 768w, https:\/\/www.kedali.com\/wp-content\/uploads\/2025\/12\/wholesale-ceramic-egg-holder-7-12x12.webp 12w, https:\/\/www.kedali.com\/wp-content\/uploads\/2025\/12\/wholesale-ceramic-egg-holder-7-600x600.webp 600w, https:\/\/www.kedali.com\/wp-content\/uploads\/2025\/12\/wholesale-ceramic-egg-holder-7-100x100.webp 100w\" sizes=\"(max-width: 800px) 100vw, 800px\" \/><\/figure>\n<\/div>\n<\/div>","protected":false},"excerpt":{"rendered":"<p>Unsere langlebigen Keramik-Eierhalter bringen Stil und Zweckm\u00e4\u00dfigkeit in Ihre K\u00fcche. Sie sind farbenfroh und robust und halten die Eier sicher an ihrem Platz.<\/p>\n<p>Als <a href=\"https:\/\/www.kedali.com\/de\/produkt-kategorie\/wholesale-ceramic-kitchenware\/\" target=\"_blank\" rel=\"noopener\"><strong>Hersteller von Keramikgeschirr,<\/strong><\/a> bieten wir OEM- und ODM-Anpassungsdienste an, einschlie\u00dflich Farbe, Form und Verpackung. Kontaktieren Sie uns noch heute.<\/p>\n<h2>Spezifikationen von Keramik-Eierhaltern<\/h2>\n<table width=\"235\">\n<tbody>\n<tr>\n<td width=\"69\">Marke<\/td>\n<td width=\"166\">KDL<\/td>\n<\/tr>\n<tr>\n<td width=\"69\">Modell<\/td>\n<td width=\"166\">TDQ1435<\/td>\n<\/tr>\n<tr>\n<td width=\"69\">Material<\/td>\n<td width=\"166\">Keramik<\/td>\n<\/tr>\n<tr>\n<td width=\"69\">Farbe<\/td>\n<td width=\"166\">rot\/gelb\/orange\/blau<\/td>\n<\/tr>\n<tr>\n<td width=\"69\">Anmeldung<\/td>\n<td width=\"166\">Eierhalter<\/td>\n<\/tr>\n<tr>\n<td width=\"69\">Merkmal<\/td>\n<td width=\"166\">glasiert<\/td>\n<\/tr>\n<tr>\n<td width=\"69\">Abmessungen<\/td>\n<td width=\"166\">14*14*3cm<\/td>\n<\/tr>\n<tr>\n<td width=\"69\">Bruttogewicht (kg)<\/td>\n<td width=\"166\">0,32 kg<\/td>\n<\/tr>\n<tr>\n<td width=\"69\">Mindestbestellmenge<\/td>\n<td width=\"166\">800 S\u00e4tze<\/td>\n<\/tr>\n<\/tbody>\n<\/table>\n<p>&nbsp;<\/p>\n<p>\n<script src=\"chrome-extension:\/\/fpelahbljekknahkcaegamhcndkfpfnc\/iFrame.js\" type=\"text\/javascript\"><\/script><\/p>","protected":false},"featured_media":1558,"comment_status":"closed","ping_status":"closed","template":"","meta":{"_acf_changed":false},"product_brand":[],"product_cat":[18],"product_tag":[],"class_list":{"0":"post-1556","1":"product","2":"type-product","3":"status-publish","4":"has-post-thumbnail","6":"product_cat-wholesale-ceramic-kitchenware","8":"first","9":"instock","10":"shipping-taxable","11":"product-type-simple"},"acf":[],"_links":{"self":[{"href":"https:\/\/www.kedali.com\/de\/wp-json\/wp\/v2\/product\/1556","targetHints":{"allow":["GET"]}}],"collection":[{"href":"https:\/\/www.kedali.com\/de\/wp-json\/wp\/v2\/product"}],"about":[{"href":"https:\/\/www.kedali.com\/de\/wp-json\/wp\/v2\/types\/product"}],"replies":[{"embeddable":true,"href":"https:\/\/www.kedali.com\/de\/wp-json\/wp\/v2\/comments?post=1556"}],"wp:featuredmedia":[{"embeddable":true,"href":"https:\/\/www.kedali.com\/de\/wp-json\/wp\/v2\/media\/1558"}],"wp:attachment":[{"href":"https:\/\/www.kedali.com\/de\/wp-json\/wp\/v2\/media?parent=1556"}],"wp:term":[{"taxonomy":"product_brand","embeddable":true,"href":"https:\/\/www.kedali.com\/de\/wp-json\/wp\/v2\/product_brand?post=1556"},{"taxonomy":"product_cat","embeddable":true,"href":"https:\/\/www.kedali.com\/de\/wp-json\/wp\/v2\/product_cat?post=1556"},{"taxonomy":"product_tag","embeddable":true,"href":"https:\/\/www.kedali.com\/de\/wp-json\/wp\/v2\/product_tag?post=1556"}],"curies":[{"name":"wp","href":"https:\/\/api.w.org\/{rel}","templated":true}]}}