{"id":1609,"date":"2025-12-04T03:07:57","date_gmt":"2025-12-04T03:07:57","guid":{"rendered":"https:\/\/www.kedali.com\/?post_type=product&#038;p=1609"},"modified":"2026-01-19T15:27:26","modified_gmt":"2026-01-19T15:27:26","slug":"wholesale-4-piece-ceramic-serving-bowl-set","status":"publish","type":"product","link":"https:\/\/www.kedali.com\/de\/produkt\/wholesale-4-piece-ceramic-serving-bowl-set\/","title":{"rendered":"Gro\u00dfhandel 4-St\u00fcck Keramik servieren Sch\u00fcssel Set - Snack, Sushi, Dipping &amp; BBQ Sauce Schalen"},"content":{"rendered":"<div class=\"wp-block-columns is-layout-flex wp-container-core-columns-is-layout-9d6595d7 wp-block-columns-is-layout-flex\">\n<div class=\"wp-block-column is-layout-flow wp-block-column-is-layout-flow\">\n<h3 class=\"wp-block-heading\">Eigenschaften des 4-teiligen Servierschalen-Sets aus Keramik<\/h3>\n\n\n\n<ul class=\"wp-block-list\">\n<li><strong>Einzigartiges Design des Griffs: <\/strong>Ein leicht verl\u00e4ngerter Teil dient als Griff oder Daumenst\u00fctze und erleichtert das Aufheben, Tragen und Bewegen auf dem Tisch.<\/li>\n\n\n\n<li><strong>Stapelbar\/Platz sparend: <\/strong>Die Servierschalen sind kompakt und k\u00f6nnen effizient in Schr\u00e4nken gestapelt werden, was wertvollen Stauraum spart.<\/li>\n\n\n\n<li><strong>Vielseitige Anwendungen: <\/strong>Ideal f\u00fcr Familienfeiern mit Snacks, N\u00fcssen, Fr\u00fcchten usw.; geeignet f\u00fcr die Gastronomie als Beh\u00e4lter f\u00fcr Vorspeisen und Dip-Saucen.<\/li>\n\n\n\n<li><strong>Gro\u00dfhandelspreise: <\/strong>Als professioneller Hersteller von Keramikgeschirr bieten wir die Massenproduktion von hochwertigem Keramikgeschirr und die Anpassung an Kundenw\u00fcnsche an und bieten wettbewerbsf\u00e4hige Preise.<\/li>\n<\/ul>\n\n\n\n<h3 class=\"wp-block-heading\">Kundenspezifischer Service<\/h3>\n\n\n\n<ul class=\"wp-block-list\">\n<li>OEM- und ODM-Unterst\u00fctzung<\/li>\n\n\n\n<li>Schnelle Musterlieferung.<\/li>\n\n\n\n<li>Wir bieten kundenspezifische Produktform, Farbe, Muster, Verpackung und andere kundenspezifische Dienstleistungen an.<\/li>\n<\/ul>\n<\/div>\n\n\n\n<div class=\"wp-block-column is-layout-flow wp-block-column-is-layout-flow\">\n<figure class=\"wp-block-image size-full\"><img decoding=\"async\" width=\"1600\" height=\"1600\" src=\"https:\/\/www.kedali.com\/wp-content\/uploads\/2025\/12\/specifications-of-4-piece-ceramic-serving-bowl-set.webp\" alt=\"Spezifikationen des 4-teiligen Keramiksch\u00fcssel-Sets\" class=\"wp-image-1610\" srcset=\"https:\/\/www.kedali.com\/wp-content\/uploads\/2025\/12\/specifications-of-4-piece-ceramic-serving-bowl-set.webp 1600w, https:\/\/www.kedali.com\/wp-content\/uploads\/2025\/12\/specifications-of-4-piece-ceramic-serving-bowl-set-300x300.webp 300w, https:\/\/www.kedali.com\/wp-content\/uploads\/2025\/12\/specifications-of-4-piece-ceramic-serving-bowl-set-150x150.webp 150w, https:\/\/www.kedali.com\/wp-content\/uploads\/2025\/12\/specifications-of-4-piece-ceramic-serving-bowl-set-768x768.webp 768w, https:\/\/www.kedali.com\/wp-content\/uploads\/2025\/12\/specifications-of-4-piece-ceramic-serving-bowl-set-12x12.webp 12w, https:\/\/www.kedali.com\/wp-content\/uploads\/2025\/12\/specifications-of-4-piece-ceramic-serving-bowl-set-1200x1200.webp 1200w, https:\/\/www.kedali.com\/wp-content\/uploads\/2025\/12\/specifications-of-4-piece-ceramic-serving-bowl-set-600x600.webp 600w, https:\/\/www.kedali.com\/wp-content\/uploads\/2025\/12\/specifications-of-4-piece-ceramic-serving-bowl-set-100x100.webp 100w\" sizes=\"(max-width: 1600px) 100vw, 1600px\" \/><\/figure>\n<\/div>\n<\/div>\n\n\n\n<div class=\"wp-block-columns is-layout-flex wp-container-core-columns-is-layout-9d6595d7 wp-block-columns-is-layout-flex\">\n<div class=\"wp-block-column is-layout-flow wp-block-column-is-layout-flow\">\n<figure class=\"wp-block-image size-full\"><img decoding=\"async\" width=\"1600\" height=\"1600\" src=\"https:\/\/www.kedali.com\/wp-content\/uploads\/2025\/12\/wholesale-4-piece-ceramic-serving-bowl-set-2.webp\" alt=\"Gro\u00dfhandel 4 St\u00fcck Keramik Sch\u00fcssel Set (2)\" class=\"wp-image-1612\" srcset=\"https:\/\/www.kedali.com\/wp-content\/uploads\/2025\/12\/wholesale-4-piece-ceramic-serving-bowl-set-2.webp 1600w, https:\/\/www.kedali.com\/wp-content\/uploads\/2025\/12\/wholesale-4-piece-ceramic-serving-bowl-set-2-300x300.webp 300w, https:\/\/www.kedali.com\/wp-content\/uploads\/2025\/12\/wholesale-4-piece-ceramic-serving-bowl-set-2-150x150.webp 150w, https:\/\/www.kedali.com\/wp-content\/uploads\/2025\/12\/wholesale-4-piece-ceramic-serving-bowl-set-2-768x768.webp 768w, https:\/\/www.kedali.com\/wp-content\/uploads\/2025\/12\/wholesale-4-piece-ceramic-serving-bowl-set-2-12x12.webp 12w, https:\/\/www.kedali.com\/wp-content\/uploads\/2025\/12\/wholesale-4-piece-ceramic-serving-bowl-set-2-1200x1200.webp 1200w, https:\/\/www.kedali.com\/wp-content\/uploads\/2025\/12\/wholesale-4-piece-ceramic-serving-bowl-set-2-600x600.webp 600w, https:\/\/www.kedali.com\/wp-content\/uploads\/2025\/12\/wholesale-4-piece-ceramic-serving-bowl-set-2-100x100.webp 100w\" sizes=\"(max-width: 1600px) 100vw, 1600px\" \/><\/figure>\n<\/div>\n\n\n\n<div class=\"wp-block-column is-layout-flow wp-block-column-is-layout-flow\">\n<figure class=\"wp-block-image size-full\"><img decoding=\"async\" width=\"1600\" height=\"1600\" src=\"https:\/\/www.kedali.com\/wp-content\/uploads\/2025\/12\/wholesale-4-piece-ceramic-serving-bowl-set-4.webp\" alt=\"Gro\u00dfhandel 4 St\u00fcck Keramik Sch\u00fcssel Set (4)\" class=\"wp-image-1614\" srcset=\"https:\/\/www.kedali.com\/wp-content\/uploads\/2025\/12\/wholesale-4-piece-ceramic-serving-bowl-set-4.webp 1600w, https:\/\/www.kedali.com\/wp-content\/uploads\/2025\/12\/wholesale-4-piece-ceramic-serving-bowl-set-4-300x300.webp 300w, https:\/\/www.kedali.com\/wp-content\/uploads\/2025\/12\/wholesale-4-piece-ceramic-serving-bowl-set-4-150x150.webp 150w, https:\/\/www.kedali.com\/wp-content\/uploads\/2025\/12\/wholesale-4-piece-ceramic-serving-bowl-set-4-768x768.webp 768w, https:\/\/www.kedali.com\/wp-content\/uploads\/2025\/12\/wholesale-4-piece-ceramic-serving-bowl-set-4-12x12.webp 12w, https:\/\/www.kedali.com\/wp-content\/uploads\/2025\/12\/wholesale-4-piece-ceramic-serving-bowl-set-4-1200x1200.webp 1200w, https:\/\/www.kedali.com\/wp-content\/uploads\/2025\/12\/wholesale-4-piece-ceramic-serving-bowl-set-4-600x600.webp 600w, https:\/\/www.kedali.com\/wp-content\/uploads\/2025\/12\/wholesale-4-piece-ceramic-serving-bowl-set-4-100x100.webp 100w\" sizes=\"(max-width: 1600px) 100vw, 1600px\" \/><\/figure>\n<\/div>\n<\/div>","protected":false},"excerpt":{"rendered":"<p>Gro\u00dfhandel Keramik servieren Sch\u00fcssel Set. Jede Schale verf\u00fcgt \u00fcber einen einzigartigen verl\u00e4ngerten \u201cGriff\u201d mit einer bequemen gerippten Textur. Der bequeme Griff erleichtert das Aufnehmen, Servieren und Weiterreichen von Speisen. Kontaktieren Sie uns f\u00fcr ein Angebot.<\/p>\n<h2>Technische Daten des 4-teiligen Servierschalen-Sets aus Keramik<\/h2>\n<table width=\"235\">\n<tbody>\n<tr>\n<td width=\"69\">Marke<\/td>\n<td width=\"166\">KDL<\/td>\n<\/tr>\n<tr>\n<td width=\"69\">Modell<\/td>\n<td width=\"166\">TDS1780-5<\/td>\n<\/tr>\n<tr>\n<td width=\"69\">Material<\/td>\n<td width=\"166\">Keramik<\/td>\n<\/tr>\n<tr>\n<td width=\"69\">Farbe<\/td>\n<td width=\"166\">Schwarz\/Wei\u00df<\/td>\n<\/tr>\n<tr>\n<td width=\"69\">Anmeldung<\/td>\n<td width=\"166\">Serviersch\u00fcssel<\/td>\n<\/tr>\n<tr>\n<td width=\"69\">Merkmal<\/td>\n<td width=\"166\">glasiert<\/td>\n<\/tr>\n<tr>\n<td width=\"69\">Abmessungen<\/td>\n<td width=\"166\">13\u00d710,2\u00d75,2 cm<\/td>\n<\/tr>\n<tr>\n<td width=\"69\">Mindestbestellmenge<\/td>\n<td width=\"166\">800 S\u00e4tze<\/td>\n<\/tr>\n<\/tbody>\n<\/table>\n<p>&nbsp;<\/p>","protected":false},"featured_media":1611,"comment_status":"closed","ping_status":"closed","template":"","meta":{"_acf_changed":false},"product_brand":[],"product_cat":[18,39],"product_tag":[],"class_list":{"0":"post-1609","1":"product","2":"type-product","3":"status-publish","4":"has-post-thumbnail","6":"product_cat-wholesale-ceramic-kitchenware","7":"product_cat-wholesale-serving-bowls","9":"first","10":"instock","11":"shipping-taxable","12":"product-type-simple"},"acf":[],"_links":{"self":[{"href":"https:\/\/www.kedali.com\/de\/wp-json\/wp\/v2\/product\/1609","targetHints":{"allow":["GET"]}}],"collection":[{"href":"https:\/\/www.kedali.com\/de\/wp-json\/wp\/v2\/product"}],"about":[{"href":"https:\/\/www.kedali.com\/de\/wp-json\/wp\/v2\/types\/product"}],"replies":[{"embeddable":true,"href":"https:\/\/www.kedali.com\/de\/wp-json\/wp\/v2\/comments?post=1609"}],"wp:featuredmedia":[{"embeddable":true,"href":"https:\/\/www.kedali.com\/de\/wp-json\/wp\/v2\/media\/1611"}],"wp:attachment":[{"href":"https:\/\/www.kedali.com\/de\/wp-json\/wp\/v2\/media?parent=1609"}],"wp:term":[{"taxonomy":"product_brand","embeddable":true,"href":"https:\/\/www.kedali.com\/de\/wp-json\/wp\/v2\/product_brand?post=1609"},{"taxonomy":"product_cat","embeddable":true,"href":"https:\/\/www.kedali.com\/de\/wp-json\/wp\/v2\/product_cat?post=1609"},{"taxonomy":"product_tag","embeddable":true,"href":"https:\/\/www.kedali.com\/de\/wp-json\/wp\/v2\/product_tag?post=1609"}],"curies":[{"name":"wp","href":"https:\/\/api.w.org\/{rel}","templated":true}]}}