{"id":1641,"date":"2025-12-06T01:00:11","date_gmt":"2025-12-06T01:00:11","guid":{"rendered":"https:\/\/www.kedali.com\/?post_type=product&#038;p=1641"},"modified":"2026-01-19T15:48:07","modified_gmt":"2026-01-19T15:48:07","slug":"wholesale-ceramic-snack-plates-4-compartments","status":"publish","type":"product","link":"https:\/\/www.kedali.com\/de\/produkt\/wholesale-ceramic-snack-plates-4-compartments\/","title":{"rendered":"Gro\u00dfhandel Keramik Snack-Platten 4 F\u00e4cher"},"content":{"rendered":"<div class=\"wp-block-columns is-layout-flex wp-container-core-columns-is-layout-9d6595d7 wp-block-columns-is-layout-flex\">\n<div class=\"wp-block-column is-layout-flow wp-block-column-is-layout-flow\">\n<h3 class=\"wp-block-heading\">Eigenschaften von Keramik-Snack-Tellern<\/h3>\n\n\n\n<ul class=\"wp-block-list\">\n<li><strong>Premium-Keramik in Lebensmittelqualit\u00e4t: <\/strong>Diese Gro\u00dfhandels-Keramik-Snackteller sind aus hochwertiger, ungiftiger, lebensmittelechter Keramik gefertigt, die einen sicheren Kontakt mit allen Arten von Lebensmitteln gew\u00e4hrleistet.<\/li>\n\n\n\n<li><strong>Mehrere F\u00e4cher:<\/strong> Jedes Set besteht aus vier separaten F\u00e4chern, die sich perfekt zum gleichzeitigen Servieren von Snacks, N\u00fcssen, Dips, Gew\u00fcrzen, Vorspeisen oder Desserts eignen.<\/li>\n\n\n\n<li><strong>Leicht zu reinigen: <\/strong>Die glatte Glasur macht die Reinigung m\u00fchelos; sie ist schmutzabweisend, sp\u00fclmaschinenfest und leicht zu pflegen.<\/li>\n\n\n\n<li><strong>Direkte Preisgestaltung ab Werk: <\/strong>Wir sind ein professioneller Hersteller von Keramikgeschirr, bieten wettbewerbsf\u00e4hige Preise und unterst\u00fctzen OEM- und ODM-Bestellungen.<\/li>\n<\/ul>\n\n\n\n<h3 class=\"wp-block-heading\">Kundenspezifischer Service<\/h3>\n\n\n\n<ul class=\"wp-block-list\">\n<li>OEM- und ODM-Unterst\u00fctzung<\/li>\n\n\n\n<li>Schnelle Musterlieferung.<\/li>\n\n\n\n<li>Wir bieten kundenspezifische Produktform, Farbe, Muster, Verpackung und andere kundenspezifische Dienstleistungen an.<\/li>\n<\/ul>\n<\/div>\n\n\n\n<div class=\"wp-block-column is-layout-flow wp-block-column-is-layout-flow\">\n<figure class=\"wp-block-image size-full\"><img decoding=\"async\" width=\"800\" height=\"800\" src=\"https:\/\/www.kedali.com\/wp-content\/uploads\/2025\/12\/specifications-of-the-ceramic-snack-plate.webp\" alt=\"Spezifikationen der keramischen Snackplatte\" class=\"wp-image-1642\" srcset=\"https:\/\/www.kedali.com\/wp-content\/uploads\/2025\/12\/specifications-of-the-ceramic-snack-plate.webp 800w, https:\/\/www.kedali.com\/wp-content\/uploads\/2025\/12\/specifications-of-the-ceramic-snack-plate-300x300.webp 300w, https:\/\/www.kedali.com\/wp-content\/uploads\/2025\/12\/specifications-of-the-ceramic-snack-plate-150x150.webp 150w, https:\/\/www.kedali.com\/wp-content\/uploads\/2025\/12\/specifications-of-the-ceramic-snack-plate-768x768.webp 768w, https:\/\/www.kedali.com\/wp-content\/uploads\/2025\/12\/specifications-of-the-ceramic-snack-plate-12x12.webp 12w, https:\/\/www.kedali.com\/wp-content\/uploads\/2025\/12\/specifications-of-the-ceramic-snack-plate-600x600.webp 600w, https:\/\/www.kedali.com\/wp-content\/uploads\/2025\/12\/specifications-of-the-ceramic-snack-plate-100x100.webp 100w\" sizes=\"(max-width: 800px) 100vw, 800px\" \/><\/figure>\n<\/div>\n<\/div>\n\n\n\n<div class=\"wp-block-columns is-layout-flex wp-container-core-columns-is-layout-9d6595d7 wp-block-columns-is-layout-flex\">\n<div class=\"wp-block-column is-layout-flow wp-block-column-is-layout-flow\">\n<figure class=\"wp-block-image size-full\"><img decoding=\"async\" width=\"1114\" height=\"1114\" src=\"https:\/\/www.kedali.com\/wp-content\/uploads\/2025\/12\/wholesale-ceramic-snack-plates-2.webp\" alt=\"Gro\u00dfhandel Keramik Snack Teller (2)\" class=\"wp-image-1644\" srcset=\"https:\/\/www.kedali.com\/wp-content\/uploads\/2025\/12\/wholesale-ceramic-snack-plates-2.webp 1114w, https:\/\/www.kedali.com\/wp-content\/uploads\/2025\/12\/wholesale-ceramic-snack-plates-2-300x300.webp 300w, https:\/\/www.kedali.com\/wp-content\/uploads\/2025\/12\/wholesale-ceramic-snack-plates-2-150x150.webp 150w, https:\/\/www.kedali.com\/wp-content\/uploads\/2025\/12\/wholesale-ceramic-snack-plates-2-768x768.webp 768w, https:\/\/www.kedali.com\/wp-content\/uploads\/2025\/12\/wholesale-ceramic-snack-plates-2-12x12.webp 12w, https:\/\/www.kedali.com\/wp-content\/uploads\/2025\/12\/wholesale-ceramic-snack-plates-2-600x600.webp 600w, https:\/\/www.kedali.com\/wp-content\/uploads\/2025\/12\/wholesale-ceramic-snack-plates-2-100x100.webp 100w\" sizes=\"(max-width: 1114px) 100vw, 1114px\" \/><\/figure>\n<\/div>\n\n\n\n<div class=\"wp-block-column is-layout-flow wp-block-column-is-layout-flow\">\n<figure class=\"wp-block-image size-full\"><img decoding=\"async\" width=\"1210\" height=\"1210\" src=\"https:\/\/www.kedali.com\/wp-content\/uploads\/2025\/12\/wholesale-ceramic-snack-plates-3.webp\" alt=\"Gro\u00dfhandel Keramik Snack Teller (3)\" class=\"wp-image-1645\" srcset=\"https:\/\/www.kedali.com\/wp-content\/uploads\/2025\/12\/wholesale-ceramic-snack-plates-3.webp 1210w, https:\/\/www.kedali.com\/wp-content\/uploads\/2025\/12\/wholesale-ceramic-snack-plates-3-300x300.webp 300w, https:\/\/www.kedali.com\/wp-content\/uploads\/2025\/12\/wholesale-ceramic-snack-plates-3-150x150.webp 150w, https:\/\/www.kedali.com\/wp-content\/uploads\/2025\/12\/wholesale-ceramic-snack-plates-3-768x768.webp 768w, https:\/\/www.kedali.com\/wp-content\/uploads\/2025\/12\/wholesale-ceramic-snack-plates-3-12x12.webp 12w, https:\/\/www.kedali.com\/wp-content\/uploads\/2025\/12\/wholesale-ceramic-snack-plates-3-1200x1200.webp 1200w, https:\/\/www.kedali.com\/wp-content\/uploads\/2025\/12\/wholesale-ceramic-snack-plates-3-600x600.webp 600w, https:\/\/www.kedali.com\/wp-content\/uploads\/2025\/12\/wholesale-ceramic-snack-plates-3-100x100.webp 100w\" sizes=\"(max-width: 1210px) 100vw, 1210px\" \/><\/figure>\n<\/div>\n<\/div>","protected":false},"excerpt":{"rendered":"<p>Gro\u00dfhandel Keramik Snack Teller mit vier F\u00e4chern. Die vier F\u00e4cher erm\u00f6glichen eine ordentliche und organisierte Pr\u00e4sentation von Lebensmitteln, perfekt zum Servieren von N\u00fcssen, Fr\u00fcchten, Desserts, Saucen und Vorspeisen, wobei verhindert wird, dass sich die Aromen vermischen. Ideal f\u00fcr Partys, Restaurants und Familienfeiern.<\/p>\n<p>Als Fachmann <a href=\"https:\/\/www.kedali.com\/de\/produkt-kategorie\/wholesale-ceramic-kitchenware\/\" target=\"_blank\" rel=\"noopener\"><strong>Hersteller von Keramikgeschirr<\/strong><\/a>, bieten wir die Lieferung in gro\u00dfen Mengen und unterst\u00fctzen die Anpassung an Kundenw\u00fcnsche. Bitte kontaktieren Sie uns f\u00fcr weitere Informationen.<\/p>\n<h2>Spezifikationen f\u00fcr Snack-Teller aus Keramik<\/h2>\n<table width=\"235\">\n<tbody>\n<tr>\n<td width=\"69\">Marke<\/td>\n<td width=\"166\">KDL<\/td>\n<\/tr>\n<tr>\n<td width=\"69\">Modell<\/td>\n<td width=\"166\">tds1919-13.5<\/td>\n<\/tr>\n<tr>\n<td width=\"69\">Material<\/td>\n<td width=\"166\">Keramik<\/td>\n<\/tr>\n<tr>\n<td width=\"69\">Farbe<\/td>\n<td width=\"166\">wei\u00df<\/td>\n<\/tr>\n<tr>\n<td width=\"69\">Anmeldung<\/td>\n<td width=\"166\">Brotzeitteller<\/td>\n<\/tr>\n<tr>\n<td width=\"69\">Merkmal<\/td>\n<td width=\"166\">glasiert<\/td>\n<\/tr>\n<tr>\n<td width=\"69\">Abmessungen<\/td>\n<td width=\"166\">Grundplatte: 33,8 \u00d7 33,8 \u00d7 4 cm<br data-start=\"87\" data-end=\"90\" data-is-only-node=\"\" \/>Dreieckige Platte: 16,3 \u00d7 22,7 \u00d7 4 cm<br data-start=\"128\" data-end=\"131\" \/>Ganzer Satz: 33,8 \u00d7 33,8 \u00d7 7,6 cm\u00a0<\/td>\n<\/tr>\n<tr>\n<td width=\"69\">Bruttogewicht (kg)<\/td>\n<td width=\"166\">2,6 kg<\/td>\n<\/tr>\n<tr>\n<td width=\"69\">Mindestbestellmenge<\/td>\n<td width=\"166\">800 S\u00e4tze<\/td>\n<\/tr>\n<\/tbody>\n<\/table>\n<p>&nbsp;<\/p>","protected":false},"featured_media":1643,"comment_status":"closed","ping_status":"closed","template":"","meta":{"_acf_changed":false},"product_brand":[],"product_cat":[18,41],"product_tag":[],"class_list":{"0":"post-1641","1":"product","2":"type-product","3":"status-publish","4":"has-post-thumbnail","6":"product_cat-wholesale-ceramic-kitchenware","7":"product_cat-wholesale-serving-plates","9":"first","10":"instock","11":"shipping-taxable","12":"product-type-simple"},"acf":[],"_links":{"self":[{"href":"https:\/\/www.kedali.com\/de\/wp-json\/wp\/v2\/product\/1641","targetHints":{"allow":["GET"]}}],"collection":[{"href":"https:\/\/www.kedali.com\/de\/wp-json\/wp\/v2\/product"}],"about":[{"href":"https:\/\/www.kedali.com\/de\/wp-json\/wp\/v2\/types\/product"}],"replies":[{"embeddable":true,"href":"https:\/\/www.kedali.com\/de\/wp-json\/wp\/v2\/comments?post=1641"}],"wp:featuredmedia":[{"embeddable":true,"href":"https:\/\/www.kedali.com\/de\/wp-json\/wp\/v2\/media\/1643"}],"wp:attachment":[{"href":"https:\/\/www.kedali.com\/de\/wp-json\/wp\/v2\/media?parent=1641"}],"wp:term":[{"taxonomy":"product_brand","embeddable":true,"href":"https:\/\/www.kedali.com\/de\/wp-json\/wp\/v2\/product_brand?post=1641"},{"taxonomy":"product_cat","embeddable":true,"href":"https:\/\/www.kedali.com\/de\/wp-json\/wp\/v2\/product_cat?post=1641"},{"taxonomy":"product_tag","embeddable":true,"href":"https:\/\/www.kedali.com\/de\/wp-json\/wp\/v2\/product_tag?post=1641"}],"curies":[{"name":"wp","href":"https:\/\/api.w.org\/{rel}","templated":true}]}}