{"id":1744,"date":"2026-04-20T08:22:29","date_gmt":"2026-04-20T08:22:29","guid":{"rendered":"https:\/\/www.kedali.com\/?post_type=product&#038;p=1744"},"modified":"2026-04-21T03:09:08","modified_gmt":"2026-04-21T03:09:08","slug":"wholesale-christmas-themed-ceramic-tableware-set","status":"publish","type":"product","link":"https:\/\/www.kedali.com\/de\/produkt\/wholesale-christmas-themed-ceramic-tableware-set\/","title":{"rendered":"Gro\u00dfhandel Weihnachten-Thema Keramik-Geschirr-Set"},"content":{"rendered":"<div class=\"wp-block-columns is-layout-flex wp-container-core-columns-is-layout-9d6595d7 wp-block-columns-is-layout-flex\">\n<div class=\"wp-block-column is-layout-flow wp-block-column-is-layout-flow\">\n<h3 class=\"wp-block-heading\">Merkmale des Keramikgeschirrsets mit Weihnachtsmotiven<\/h3>\n\n\n\n<ul class=\"wp-block-list\">\n<li><strong>Festliches Urlaubsdesign:<\/strong> Das Gro\u00dfhandels-Keramikgeschirr zeichnet sich durch klassische weihnachtliche Elemente und Farben aus und schafft eine warme und fr\u00f6hliche Atmosph\u00e4re f\u00fcr die Weihnachtszeit.<\/li>\n\n\n\n<li><strong>Hochwertiges keramisches Material: <\/strong>Hergestellt aus langlebiger, lebensmittelechter Keramik, resistent gegen Kratzer, Flecken und t\u00e4gliche Abnutzung.<\/li>\n\n\n\n<li><strong>Komplettl\u00f6sung f\u00fcr Geschirr: <\/strong>Das Gro\u00dfhandelsgeschirr umfasst koordinierte Teller, Sch\u00fcsseln, Tassen und Serviergeschirr f\u00fcr einen einheitlichen Urlaubstisch.<\/li>\n\n\n\n<li><strong>Langfristige Verwendung:<\/strong> Die hochwertige Konstruktion gew\u00e4hrleistet, dass das Produkt \u00fcber mehrere Urlaubssaisons hinweg verwendet werden kann, was zu einer hohen Kundenzufriedenheit f\u00fchrt.<\/li>\n<\/ul>\n\n\n\n<h3 class=\"wp-block-heading\">Kundenspezifischer Service<\/h3>\n\n\n\n<ul class=\"wp-block-list\">\n<li>OEM- und ODM-Unterst\u00fctzung<\/li>\n\n\n\n<li>Schnelle Musterlieferung.<\/li>\n\n\n\n<li>Wir bieten kundenspezifische Produktform, Farbe, Muster, Verpackung und andere kundenspezifische Dienstleistungen an.<\/li>\n<\/ul>\n<\/div>\n\n\n\n<div class=\"wp-block-column is-layout-flow wp-block-column-is-layout-flow\">\n<figure class=\"wp-block-image size-full\"><img decoding=\"async\" width=\"800\" height=\"800\" src=\"https:\/\/www.kedali.com\/wp-content\/uploads\/2025\/12\/wholesale-christmas-themed-ceramic-tableware-set5.webp\" alt=\"Gro\u00dfhandel weihnachtliche Keramik-Geschirr-Set(5)\" class=\"wp-image-1749\" srcset=\"https:\/\/www.kedali.com\/wp-content\/uploads\/2025\/12\/wholesale-christmas-themed-ceramic-tableware-set5.webp 800w, https:\/\/www.kedali.com\/wp-content\/uploads\/2025\/12\/wholesale-christmas-themed-ceramic-tableware-set5-300x300.webp 300w, https:\/\/www.kedali.com\/wp-content\/uploads\/2025\/12\/wholesale-christmas-themed-ceramic-tableware-set5-150x150.webp 150w, https:\/\/www.kedali.com\/wp-content\/uploads\/2025\/12\/wholesale-christmas-themed-ceramic-tableware-set5-768x768.webp 768w, https:\/\/www.kedali.com\/wp-content\/uploads\/2025\/12\/wholesale-christmas-themed-ceramic-tableware-set5-12x12.webp 12w, https:\/\/www.kedali.com\/wp-content\/uploads\/2025\/12\/wholesale-christmas-themed-ceramic-tableware-set5-600x600.webp 600w, https:\/\/www.kedali.com\/wp-content\/uploads\/2025\/12\/wholesale-christmas-themed-ceramic-tableware-set5-100x100.webp 100w\" sizes=\"(max-width: 800px) 100vw, 800px\" \/><\/figure>\n<\/div>\n<\/div>\n\n\n\n<div class=\"wp-block-columns is-layout-flex wp-container-core-columns-is-layout-9d6595d7 wp-block-columns-is-layout-flex\">\n<div class=\"wp-block-column is-layout-flow wp-block-column-is-layout-flow\">\n<figure class=\"wp-block-image size-full\"><img decoding=\"async\" width=\"800\" height=\"800\" src=\"https:\/\/www.kedali.com\/wp-content\/uploads\/2025\/12\/wholesale-christmas-themed-ceramic-tableware-set2.webp\" alt=\"Gro\u00dfhandel weihnachtliche Keramik-Geschirr-Set (2)\" class=\"wp-image-1746\" srcset=\"https:\/\/www.kedali.com\/wp-content\/uploads\/2025\/12\/wholesale-christmas-themed-ceramic-tableware-set2.webp 800w, https:\/\/www.kedali.com\/wp-content\/uploads\/2025\/12\/wholesale-christmas-themed-ceramic-tableware-set2-300x300.webp 300w, https:\/\/www.kedali.com\/wp-content\/uploads\/2025\/12\/wholesale-christmas-themed-ceramic-tableware-set2-150x150.webp 150w, https:\/\/www.kedali.com\/wp-content\/uploads\/2025\/12\/wholesale-christmas-themed-ceramic-tableware-set2-768x768.webp 768w, https:\/\/www.kedali.com\/wp-content\/uploads\/2025\/12\/wholesale-christmas-themed-ceramic-tableware-set2-12x12.webp 12w, https:\/\/www.kedali.com\/wp-content\/uploads\/2025\/12\/wholesale-christmas-themed-ceramic-tableware-set2-600x600.webp 600w, https:\/\/www.kedali.com\/wp-content\/uploads\/2025\/12\/wholesale-christmas-themed-ceramic-tableware-set2-100x100.webp 100w\" sizes=\"(max-width: 800px) 100vw, 800px\" \/><\/figure>\n<\/div>\n\n\n\n<div class=\"wp-block-column is-layout-flow wp-block-column-is-layout-flow\">\n<figure class=\"wp-block-image size-full\"><img decoding=\"async\" width=\"800\" height=\"800\" src=\"https:\/\/www.kedali.com\/wp-content\/uploads\/2025\/12\/wholesale-christmas-themed-ceramic-tableware-set4.webp\" alt=\"Gro\u00dfhandel weihnachtliche Keramik-Geschirr-Set (4)\" class=\"wp-image-1748\" srcset=\"https:\/\/www.kedali.com\/wp-content\/uploads\/2025\/12\/wholesale-christmas-themed-ceramic-tableware-set4.webp 800w, https:\/\/www.kedali.com\/wp-content\/uploads\/2025\/12\/wholesale-christmas-themed-ceramic-tableware-set4-300x300.webp 300w, https:\/\/www.kedali.com\/wp-content\/uploads\/2025\/12\/wholesale-christmas-themed-ceramic-tableware-set4-150x150.webp 150w, https:\/\/www.kedali.com\/wp-content\/uploads\/2025\/12\/wholesale-christmas-themed-ceramic-tableware-set4-768x768.webp 768w, https:\/\/www.kedali.com\/wp-content\/uploads\/2025\/12\/wholesale-christmas-themed-ceramic-tableware-set4-12x12.webp 12w, https:\/\/www.kedali.com\/wp-content\/uploads\/2025\/12\/wholesale-christmas-themed-ceramic-tableware-set4-600x600.webp 600w, https:\/\/www.kedali.com\/wp-content\/uploads\/2025\/12\/wholesale-christmas-themed-ceramic-tableware-set4-100x100.webp 100w\" sizes=\"(max-width: 800px) 100vw, 800px\" \/><\/figure>\n<\/div>\n<\/div>","protected":false},"excerpt":{"rendered":"<p data-pm-slice=\"0 0 []\">Gro\u00dfhandel Weihnachten-Themed Keramik Geschirr Set. Verbessern Sie die Festtagsunterhaltung Ihrer Kunden mit unserem exquisiten Christmas Holly Ceramic Tableware Set. Diese festliche Kollektion umfasst ein Teeservice, Essteller und Schalen, die wundersch\u00f6n gestaltet sind, um weihnachtlichen Charme und Eleganz f\u00fcr Weihnachtsessen und Versammlungen zu bieten.<\/p>\n<h2>Technische Daten des Keramikgeschirrsets mit Weihnachtsmotiven<\/h2>\n<table width=\"235\">\n<tbody>\n<tr>\n<td width=\"69\">Marke<\/td>\n<td width=\"166\">KDL<\/td>\n<\/tr>\n<tr>\n<td width=\"69\">Modell<\/td>\n<td width=\"166\">B008<\/td>\n<\/tr>\n<tr>\n<td width=\"69\">Material<\/td>\n<td width=\"166\">Keramik<\/td>\n<\/tr>\n<tr>\n<td width=\"69\">Farbe<\/td>\n<td width=\"166\">wei\u00df<\/td>\n<\/tr>\n<tr>\n<td width=\"69\">Anmeldung<\/td>\n<td width=\"166\">Tafelgeschirr<\/td>\n<\/tr>\n<tr>\n<td width=\"69\">Mindestbestellmenge<\/td>\n<td width=\"166\">800 S\u00e4tze<\/td>\n<\/tr>\n<\/tbody>\n<\/table>\n<p>&nbsp;<\/p>\n<p>&nbsp;<\/p>\n<p>\n<script src=\"chrome-extension:\/\/fpelahbljekknahkcaegamhcndkfpfnc\/iFrame.js\" type=\"text\/javascript\"><\/script><\/p>","protected":false},"featured_media":1745,"comment_status":"closed","ping_status":"closed","template":"","meta":{"_acf_changed":false},"product_brand":[],"product_cat":[19,57],"product_tag":[],"class_list":{"0":"post-1744","1":"product","2":"type-product","3":"status-publish","4":"has-post-thumbnail","6":"product_cat-wholesale-ceramic-tableware","7":"product_cat-wholesale-dinnerware-sets","9":"first","10":"instock","11":"shipping-taxable","12":"product-type-simple"},"acf":[],"_links":{"self":[{"href":"https:\/\/www.kedali.com\/de\/wp-json\/wp\/v2\/product\/1744","targetHints":{"allow":["GET"]}}],"collection":[{"href":"https:\/\/www.kedali.com\/de\/wp-json\/wp\/v2\/product"}],"about":[{"href":"https:\/\/www.kedali.com\/de\/wp-json\/wp\/v2\/types\/product"}],"replies":[{"embeddable":true,"href":"https:\/\/www.kedali.com\/de\/wp-json\/wp\/v2\/comments?post=1744"}],"wp:featuredmedia":[{"embeddable":true,"href":"https:\/\/www.kedali.com\/de\/wp-json\/wp\/v2\/media\/1745"}],"wp:attachment":[{"href":"https:\/\/www.kedali.com\/de\/wp-json\/wp\/v2\/media?parent=1744"}],"wp:term":[{"taxonomy":"product_brand","embeddable":true,"href":"https:\/\/www.kedali.com\/de\/wp-json\/wp\/v2\/product_brand?post=1744"},{"taxonomy":"product_cat","embeddable":true,"href":"https:\/\/www.kedali.com\/de\/wp-json\/wp\/v2\/product_cat?post=1744"},{"taxonomy":"product_tag","embeddable":true,"href":"https:\/\/www.kedali.com\/de\/wp-json\/wp\/v2\/product_tag?post=1744"}],"curies":[{"name":"wp","href":"https:\/\/api.w.org\/{rel}","templated":true}]}}