{"id":1763,"date":"2025-12-13T09:33:44","date_gmt":"2025-12-13T09:33:44","guid":{"rendered":"https:\/\/www.kedali.com\/?post_type=product&#038;p=1763"},"modified":"2026-02-09T13:21:36","modified_gmt":"2026-02-09T13:21:36","slug":"wholesale-ceramic-pet-treat-jar","status":"publish","type":"product","link":"https:\/\/www.kedali.com\/de\/produkt\/wholesale-ceramic-pet-treat-jar\/","title":{"rendered":"Gro\u00dfhandel Keramik Haustier behandeln Jar - keramische Hund und Katze Lebensmittel-Container"},"content":{"rendered":"<div class=\"wp-block-columns is-layout-flex wp-container-core-columns-is-layout-9d6595d7 wp-block-columns-is-layout-flex\">\n<div class=\"wp-block-column is-layout-flow wp-block-column-is-layout-flow\">\n<h3 class=\"wp-block-heading\">Eigenschaften von Keramik Pet Treat Jar<\/h3>\n\n\n\n<ul class=\"wp-block-list\">\n<li><strong>Lebensmittelechtes keramisches Material: <\/strong>Unsere Gro\u00dfhandels-Hunden\u00e4pfe sind aus hochwertiger, bleifreier Keramik gefertigt, die eine sichere Aufbewahrung von Hunde- und Katzenleckerlis ohne Geruchsabsorption oder chemische Auslaugung gew\u00e4hrleistet.<\/li>\n\n\n\n<li><strong>Fabrikdirektlieferung: <\/strong>Konkurrenzf\u00e4hige Gro\u00dfhandelspreise, konsequente Qualit\u00e4tskontrolle und zuverl\u00e4ssige Produktionskapazit\u00e4ten f\u00fcr Gro\u00df- und Langzeitauftr\u00e4ge.<\/li>\n\n\n\n<li><strong>\u00c4sthetisch ansprechendes Design: <\/strong>Der Tiernahrungsbeh\u00e4lter ist mit einem niedlichen Pfotenmuster versehen und damit dekorativer als herk\u00f6mmliche Plastik- oder Metallbeh\u00e4lter.<\/li>\n\n\n\n<li><strong>Geruchskontrolle:<\/strong> Die porenfreie Beschaffenheit von Keramik hilft dabei, starke Ger\u00fcche von Tierfutter oder Leckereien zu kontrollieren, so dass Ihr Lagerraum geruchsfrei bleibt.<\/li>\n<\/ul>\n\n\n\n<h3 class=\"wp-block-heading\">Benutzerdefinierte Service<\/h3>\n\n\n\n<ul class=\"wp-block-list\">\n<li>OEM-und ODM-Unterst\u00fctzung<\/li>\n\n\n\n<li>Schnelle Probe Lieferung.<\/li>\n\n\n\n<li>Bieten angepasst Produkt, Form, Farbe, Muster, Verpackung und andere kundenspezifische Dienstleistungen.<\/li>\n<\/ul>\n<\/div>\n\n\n\n<div class=\"wp-block-column is-layout-flow wp-block-column-is-layout-flow\">\n<figure class=\"wp-block-image size-full\"><img decoding=\"async\" width=\"800\" height=\"800\" src=\"https:\/\/www.kedali.com\/wp-content\/uploads\/2025\/12\/specifications-of-ceramic-pet-treat-jar.webp\" alt=\"Spezifikationen von Keramik Haustier Leckerli-Glas\" class=\"wp-image-1764\" srcset=\"https:\/\/www.kedali.com\/wp-content\/uploads\/2025\/12\/specifications-of-ceramic-pet-treat-jar.webp 800w, https:\/\/www.kedali.com\/wp-content\/uploads\/2025\/12\/specifications-of-ceramic-pet-treat-jar-300x300.webp 300w, https:\/\/www.kedali.com\/wp-content\/uploads\/2025\/12\/specifications-of-ceramic-pet-treat-jar-150x150.webp 150w, https:\/\/www.kedali.com\/wp-content\/uploads\/2025\/12\/specifications-of-ceramic-pet-treat-jar-768x768.webp 768w, https:\/\/www.kedali.com\/wp-content\/uploads\/2025\/12\/specifications-of-ceramic-pet-treat-jar-12x12.webp 12w, https:\/\/www.kedali.com\/wp-content\/uploads\/2025\/12\/specifications-of-ceramic-pet-treat-jar-600x600.webp 600w, https:\/\/www.kedali.com\/wp-content\/uploads\/2025\/12\/specifications-of-ceramic-pet-treat-jar-100x100.webp 100w\" sizes=\"(max-width: 800px) 100vw, 800px\" \/><\/figure>\n<\/div>\n<\/div>\n\n\n\n<div class=\"wp-block-columns is-layout-flex wp-container-core-columns-is-layout-9d6595d7 wp-block-columns-is-layout-flex\">\n<div class=\"wp-block-column is-layout-flow wp-block-column-is-layout-flow\">\n<figure class=\"wp-block-image size-full\"><img decoding=\"async\" width=\"800\" height=\"800\" src=\"https:\/\/www.kedali.com\/wp-content\/uploads\/2025\/12\/wholesale-ceramic-pet-treat-jar-6.webp\" alt=\"Gro\u00dfhandel Keramik Haustier behandeln jar (6)\" class=\"wp-image-1770\" srcset=\"https:\/\/www.kedali.com\/wp-content\/uploads\/2025\/12\/wholesale-ceramic-pet-treat-jar-6.webp 800w, https:\/\/www.kedali.com\/wp-content\/uploads\/2025\/12\/wholesale-ceramic-pet-treat-jar-6-300x300.webp 300w, https:\/\/www.kedali.com\/wp-content\/uploads\/2025\/12\/wholesale-ceramic-pet-treat-jar-6-150x150.webp 150w, https:\/\/www.kedali.com\/wp-content\/uploads\/2025\/12\/wholesale-ceramic-pet-treat-jar-6-768x768.webp 768w, https:\/\/www.kedali.com\/wp-content\/uploads\/2025\/12\/wholesale-ceramic-pet-treat-jar-6-12x12.webp 12w, https:\/\/www.kedali.com\/wp-content\/uploads\/2025\/12\/wholesale-ceramic-pet-treat-jar-6-600x600.webp 600w, https:\/\/www.kedali.com\/wp-content\/uploads\/2025\/12\/wholesale-ceramic-pet-treat-jar-6-100x100.webp 100w\" sizes=\"(max-width: 800px) 100vw, 800px\" \/><\/figure>\n<\/div>\n\n\n\n<div class=\"wp-block-column is-layout-flow wp-block-column-is-layout-flow\">\n<figure class=\"wp-block-image size-full\"><img decoding=\"async\" width=\"800\" height=\"800\" src=\"https:\/\/www.kedali.com\/wp-content\/uploads\/2025\/12\/wholesale-ceramic-pet-treat-jar-7.webp\" alt=\"Gro\u00dfhandel Keramik Haustier behandeln jar (7)\" class=\"wp-image-1771\" srcset=\"https:\/\/www.kedali.com\/wp-content\/uploads\/2025\/12\/wholesale-ceramic-pet-treat-jar-7.webp 800w, https:\/\/www.kedali.com\/wp-content\/uploads\/2025\/12\/wholesale-ceramic-pet-treat-jar-7-300x300.webp 300w, https:\/\/www.kedali.com\/wp-content\/uploads\/2025\/12\/wholesale-ceramic-pet-treat-jar-7-150x150.webp 150w, https:\/\/www.kedali.com\/wp-content\/uploads\/2025\/12\/wholesale-ceramic-pet-treat-jar-7-768x768.webp 768w, https:\/\/www.kedali.com\/wp-content\/uploads\/2025\/12\/wholesale-ceramic-pet-treat-jar-7-12x12.webp 12w, https:\/\/www.kedali.com\/wp-content\/uploads\/2025\/12\/wholesale-ceramic-pet-treat-jar-7-600x600.webp 600w, https:\/\/www.kedali.com\/wp-content\/uploads\/2025\/12\/wholesale-ceramic-pet-treat-jar-7-100x100.webp 100w\" sizes=\"(max-width: 800px) 100vw, 800px\" \/><\/figure>\n<\/div>\n<\/div>","protected":false},"excerpt":{"rendered":"<p>Willkommen zum Gro\u00dfeinkauf unserer Gro\u00dfhandel Keramik Tierfutter Glas. Dieser haltbare Beh\u00e4lter besteht aus hochwertiger Keramik in Lebensmittelqualit\u00e4t und h\u00e4lt Katzen- und Hundeleckerlis frisch. Erh\u00e4ltlich in gro\u00dfen Mengen, ist es perfekt f\u00fcr Tiermarken und Einzelh\u00e4ndler. Wir unterst\u00fctzen die vollst\u00e4ndige OEM- und ODM-Anpassung, einschlie\u00dflich Gr\u00f6\u00dfe, Farbe, Glasur, Logo-Branding und kundenspezifische Verpackung. Kontaktieren Sie uns noch heute.<\/p>\n<h2>Spezifikationen f\u00fcr Keramik-Behandlungsgef\u00e4\u00df f\u00fcr Haustiere<\/h2>\n<table width=\"235\">\n<tbody>\n<tr>\n<td width=\"69\">Marke<\/td>\n<td width=\"166\">KDL<\/td>\n<\/tr>\n<tr>\n<td width=\"69\">Modell<\/td>\n<td width=\"166\">TGS1654-10AW-E208<\/td>\n<\/tr>\n<tr>\n<td width=\"69\">Material<\/td>\n<td width=\"166\">Keramik<\/td>\n<\/tr>\n<tr>\n<td width=\"69\">Farbe<\/td>\n<td width=\"166\">wei\u00df<\/td>\n<\/tr>\n<tr>\n<td width=\"69\">Anwendung<\/td>\n<td width=\"166\">Tiernahrungsgef\u00e4\u00df\u00a0<\/td>\n<\/tr>\n<tr>\n<td width=\"69\">Feature<\/td>\n<td width=\"166\">Farbe glasiert<\/td>\n<\/tr>\n<tr>\n<td width=\"69\">Abmessungen<\/td>\n<td width=\"166\">12.2*12.2*25.1cm<\/td>\n<\/tr>\n<tr>\n<td width=\"69\">Bruttogewicht (kg)<\/td>\n<td width=\"166\">2kg<\/td>\n<\/tr>\n<tr>\n<td width=\"69\">Mindestbestellmenge<\/td>\n<td width=\"166\">800 sets<\/td>\n<\/tr>\n<\/tbody>\n<\/table>\n<p>&nbsp;<\/p>\n<p>\n<script src=\"chrome-extension:\/\/fpelahbljekknahkcaegamhcndkfpfnc\/iFrame.js\" type=\"text\/javascript\"><\/script><\/p>","protected":false},"featured_media":1765,"comment_status":"closed","ping_status":"closed","template":"","meta":{"_acf_changed":false},"product_brand":[],"product_cat":[22,55],"product_tag":[],"class_list":{"0":"post-1763","1":"product","2":"type-product","3":"status-publish","4":"has-post-thumbnail","6":"product_cat-wholesale-ceramic-pet-supplies","7":"product_cat-wholesale-pet-storage","9":"first","10":"instock","11":"shipping-taxable","12":"product-type-simple"},"acf":[],"_links":{"self":[{"href":"https:\/\/www.kedali.com\/de\/wp-json\/wp\/v2\/product\/1763","targetHints":{"allow":["GET"]}}],"collection":[{"href":"https:\/\/www.kedali.com\/de\/wp-json\/wp\/v2\/product"}],"about":[{"href":"https:\/\/www.kedali.com\/de\/wp-json\/wp\/v2\/types\/product"}],"replies":[{"embeddable":true,"href":"https:\/\/www.kedali.com\/de\/wp-json\/wp\/v2\/comments?post=1763"}],"wp:featuredmedia":[{"embeddable":true,"href":"https:\/\/www.kedali.com\/de\/wp-json\/wp\/v2\/media\/1765"}],"wp:attachment":[{"href":"https:\/\/www.kedali.com\/de\/wp-json\/wp\/v2\/media?parent=1763"}],"wp:term":[{"taxonomy":"product_brand","embeddable":true,"href":"https:\/\/www.kedali.com\/de\/wp-json\/wp\/v2\/product_brand?post=1763"},{"taxonomy":"product_cat","embeddable":true,"href":"https:\/\/www.kedali.com\/de\/wp-json\/wp\/v2\/product_cat?post=1763"},{"taxonomy":"product_tag","embeddable":true,"href":"https:\/\/www.kedali.com\/de\/wp-json\/wp\/v2\/product_tag?post=1763"}],"curies":[{"name":"wp","href":"https:\/\/api.w.org\/{rel}","templated":true}]}}