{"id":1772,"date":"2025-12-14T23:00:17","date_gmt":"2025-12-14T23:00:17","guid":{"rendered":"https:\/\/www.kedali.com\/?post_type=product&#038;p=1772"},"modified":"2026-02-09T13:21:27","modified_gmt":"2026-02-09T13:21:27","slug":"wholesale-pet-bowl-slow-feeder","status":"publish","type":"product","link":"https:\/\/www.kedali.com\/de\/produkt\/wholesale-pet-bowl-slow-feeder\/","title":{"rendered":"Gro\u00dfhandel Pet Bowl Slow Feeder f\u00fcr Hunde &amp; Katzen - Anti-Choking, gesundes Essen Design"},"content":{"rendered":"<div class=\"wp-block-columns is-layout-flex wp-container-core-columns-is-layout-9d6595d7 wp-block-columns-is-layout-flex\">\n<div class=\"wp-block-column is-layout-flow wp-block-column-is-layout-flow\">\n<h3 class=\"wp-block-heading\">Eigenschaften von Pet Bowl Slow Feeder<\/h3>\n\n\n\n<ul class=\"wp-block-list\">\n<li><strong>F\u00f6rdert eine gesunde Essgeschwindigkeit:<\/strong> Wenn Haustiere langsam fressen, kauen sie ihr Futter gr\u00fcndlicher und geben den Verdauungsenzymen mehr Zeit, die Nahrung aufzuspalten, was zu einer besseren N\u00e4hrstoffaufnahme f\u00fchrt.<\/li>\n\n\n\n<li><strong>Rutschfest und stabil: <\/strong>Dieser Futternapf ist so konzipiert, dass er das Futter w\u00e4hrend der F\u00fctterung sicher festh\u00e4lt und so das Versch\u00fctten von Futter und die Verschmutzung des Bodens verhindert.<\/li>\n\n\n\n<li><strong>Geeignet f\u00fcr verschiedene Haustierarten:<\/strong> Unser langsamer Futternapf f\u00fcr Haustiere ist f\u00fcr Hunde und Katzen aller Gr\u00f6\u00dfen geeignet, einschlie\u00dflich Welpen und kleine Hunde.<\/li>\n\n\n\n<li><strong>Gro\u00dfhandel &amp; anpassbares Angebot:<\/strong> Wir sind ein professioneller Hersteller von Keramik-Hunden\u00e4pfen, der Gro\u00dfbestellungen annimmt und OEM- und ODM-Unterst\u00fctzung anbietet, einschlie\u00dflich kundenspezifischer Gr\u00f6\u00dfen, Farben, Materialien und Branding f\u00fcr Tiermarken und Einzelh\u00e4ndler.<\/li>\n<\/ul>\n\n\n\n<h3 class=\"wp-block-heading\">Benutzerdefinierte Service<\/h3>\n\n\n\n<ul class=\"wp-block-list\">\n<li>OEM-und ODM-Unterst\u00fctzung<\/li>\n\n\n\n<li>Schnelle Probe Lieferung.<\/li>\n\n\n\n<li>Bieten angepasst Produkt, Form, Farbe, Muster, Verpackung und andere kundenspezifische Dienstleistungen.<\/li>\n<\/ul>\n<\/div>\n\n\n\n<div class=\"wp-block-column is-layout-flow wp-block-column-is-layout-flow\">\n<figure class=\"wp-block-image size-full\"><img decoding=\"async\" width=\"800\" height=\"800\" src=\"https:\/\/www.kedali.com\/wp-content\/uploads\/2025\/12\/specifications-of-the-pet-slow-feeder-bowl.webp\" alt=\"Spezifikationen der Schale f\u00fcr langsame Haustierf\u00fctterung\" class=\"wp-image-1779\" srcset=\"https:\/\/www.kedali.com\/wp-content\/uploads\/2025\/12\/specifications-of-the-pet-slow-feeder-bowl.webp 800w, https:\/\/www.kedali.com\/wp-content\/uploads\/2025\/12\/specifications-of-the-pet-slow-feeder-bowl-300x300.webp 300w, https:\/\/www.kedali.com\/wp-content\/uploads\/2025\/12\/specifications-of-the-pet-slow-feeder-bowl-150x150.webp 150w, https:\/\/www.kedali.com\/wp-content\/uploads\/2025\/12\/specifications-of-the-pet-slow-feeder-bowl-768x768.webp 768w, https:\/\/www.kedali.com\/wp-content\/uploads\/2025\/12\/specifications-of-the-pet-slow-feeder-bowl-12x12.webp 12w, https:\/\/www.kedali.com\/wp-content\/uploads\/2025\/12\/specifications-of-the-pet-slow-feeder-bowl-600x600.webp 600w, https:\/\/www.kedali.com\/wp-content\/uploads\/2025\/12\/specifications-of-the-pet-slow-feeder-bowl-100x100.webp 100w\" sizes=\"(max-width: 800px) 100vw, 800px\" \/><\/figure>\n<\/div>\n<\/div>","protected":false},"excerpt":{"rendered":"<p data-pm-slice=\"0 0 []\">Willkommen zum Gro\u00dfeinkauf unserer Pet Bowl Slow Feeder. F\u00f6rdern Sie ges\u00fcndere Essgewohnheiten mit unserem Wholesale Pet Bowl Slow Feeder, der entwickelt wurde, um Hunden und Katzen zu helfen, in einem sichereren, nat\u00fcrlicheren Tempo zu fressen.kontaktieren Sie uns f\u00fcr ein Angebot.<\/p>\n<p>Dieses Produkt wird f\u00fcr den Gro\u00dfhandel angeboten und unterst\u00fctzt OEM- und ODM-Kundenanpassungen, einschlie\u00dflich Materialien, Farben, Gr\u00f6\u00dfen und Logobranding.<\/p>\n<h2>Spezifikationen von Pet Bowl Slow Feeder<\/h2>\n<table width=\"235\">\n<tbody>\n<tr>\n<td width=\"69\">Marke<\/td>\n<td width=\"166\">KDL<\/td>\n<\/tr>\n<tr>\n<td width=\"69\">Modell<\/td>\n<td width=\"166\">TOS271-8.5<\/td>\n<\/tr>\n<tr>\n<td width=\"69\">Material<\/td>\n<td width=\"166\">Keramik<\/td>\n<\/tr>\n<tr>\n<td width=\"69\">Farbe<\/td>\n<td width=\"166\">wei\u00df\/schwarz\/gr\u00fcn<\/td>\n<\/tr>\n<tr>\n<td width=\"69\">Anwendung<\/td>\n<td width=\"166\">Haustierschale<\/td>\n<\/tr>\n<tr>\n<td width=\"69\">Feature<\/td>\n<td width=\"166\">Farbe glasiert<\/td>\n<\/tr>\n<tr>\n<td width=\"69\">Abmessungen<\/td>\n<td width=\"166\">21,5*21,5*4,7 cm<\/td>\n<\/tr>\n<tr>\n<td width=\"69\">Bruttogewicht (kg)<\/td>\n<td width=\"166\">1,5 kg<\/td>\n<\/tr>\n<tr>\n<td width=\"69\">Mindestbestellmenge<\/td>\n<td width=\"166\">800 sets<\/td>\n<\/tr>\n<\/tbody>\n<\/table>\n<p>&nbsp;<\/p>\n<p>\n<script src=\"chrome-extension:\/\/fpelahbljekknahkcaegamhcndkfpfnc\/iFrame.js\" type=\"text\/javascript\"><\/script><\/p>","protected":false},"featured_media":1773,"comment_status":"closed","ping_status":"closed","template":"","meta":{"_acf_changed":false},"product_brand":[],"product_cat":[22,54],"product_tag":[],"class_list":{"0":"post-1772","1":"product","2":"type-product","3":"status-publish","4":"has-post-thumbnail","6":"product_cat-wholesale-ceramic-pet-supplies","7":"product_cat-wholesale-ceramic-pet-bowls","9":"first","10":"instock","11":"shipping-taxable","12":"product-type-simple"},"acf":[],"_links":{"self":[{"href":"https:\/\/www.kedali.com\/de\/wp-json\/wp\/v2\/product\/1772","targetHints":{"allow":["GET"]}}],"collection":[{"href":"https:\/\/www.kedali.com\/de\/wp-json\/wp\/v2\/product"}],"about":[{"href":"https:\/\/www.kedali.com\/de\/wp-json\/wp\/v2\/types\/product"}],"replies":[{"embeddable":true,"href":"https:\/\/www.kedali.com\/de\/wp-json\/wp\/v2\/comments?post=1772"}],"wp:featuredmedia":[{"embeddable":true,"href":"https:\/\/www.kedali.com\/de\/wp-json\/wp\/v2\/media\/1773"}],"wp:attachment":[{"href":"https:\/\/www.kedali.com\/de\/wp-json\/wp\/v2\/media?parent=1772"}],"wp:term":[{"taxonomy":"product_brand","embeddable":true,"href":"https:\/\/www.kedali.com\/de\/wp-json\/wp\/v2\/product_brand?post=1772"},{"taxonomy":"product_cat","embeddable":true,"href":"https:\/\/www.kedali.com\/de\/wp-json\/wp\/v2\/product_cat?post=1772"},{"taxonomy":"product_tag","embeddable":true,"href":"https:\/\/www.kedali.com\/de\/wp-json\/wp\/v2\/product_tag?post=1772"}],"curies":[{"name":"wp","href":"https:\/\/api.w.org\/{rel}","templated":true}]}}