{"id":1811,"date":"2025-12-16T01:21:43","date_gmt":"2025-12-16T01:21:43","guid":{"rendered":"https:\/\/www.kedali.com\/?post_type=product&#038;p=1811"},"modified":"2026-02-09T13:20:50","modified_gmt":"2026-02-09T13:20:50","slug":"bulk-ceramic-dog-bowls-supplier-and-factory","status":"publish","type":"product","link":"https:\/\/www.kedali.com\/de\/produkt\/bulk-ceramic-dog-bowls-supplier-and-factory\/","title":{"rendered":"Bulk Ceramic Dog Bowls Lieferant und Fabrik - OEM und ODM Unterst\u00fctzung"},"content":{"rendered":"<div class=\"wp-block-columns is-layout-flex wp-container-core-columns-is-layout-9d6595d7 wp-block-columns-is-layout-flex\">\n<div class=\"wp-block-column is-layout-flow wp-block-column-is-layout-flow\">\n<h3 class=\"wp-block-heading\">Eigenschaften von Keramik-Hunden\u00e4pfen<\/h3>\n\n\n\n<ul class=\"wp-block-list\">\n<li><strong>Materielle Sicherheit: <\/strong>Unsere Gro\u00dfhandel Keramik Hunden\u00e4pfe sind ungiftig und harmlos.<\/li>\n\n\n\n<li><strong>Mikrowellengeeignet:<\/strong> Unsere keramischen Hunden\u00e4pfe aus hochwertigem Keramikmaterial sind hitzebest\u00e4ndig und mikrowellengeeignet, was das Erhitzen des Futters erleichtert.<\/li>\n\n\n\n<li><strong>Niedlicher Stil:<\/strong> Unsere keramischen Hunden\u00e4pfe f\u00fcr den Gro\u00dfhandel sind mehr als nur Futterbeh\u00e4lter; sie kommen in verschiedenen bezaubernden Designs, die die W\u00e4rme und den Charme eines jeden Raumes verbessern.<\/li>\n\n\n\n<li><strong>Individuelle Anpassung m\u00f6glich: <\/strong>Als professioneller Lieferant und Hersteller von Keramik-Hunden\u00e4pfen bieten wir Gro\u00dfhandelspreise und Gro\u00dfeinkaufsdienste an und k\u00f6nnen Produkte nach Kundenwunsch anpassen, einschlie\u00dflich Farb- und Musteroptionen.<\/li>\n<\/ul>\n\n\n\n<h3 class=\"wp-block-heading\">Kundenspezifischer Service<\/h3>\n\n\n\n<ul class=\"wp-block-list\">\n<li>OEM- und ODM-Unterst\u00fctzung<\/li>\n\n\n\n<li>Schnelle Musterlieferung.<\/li>\n\n\n\n<li>Wir bieten kundenspezifische Produktform, Farbe, Muster, Verpackung und andere kundenspezifische Dienstleistungen an.<\/li>\n<\/ul>\n<\/div>\n\n\n\n<div class=\"wp-block-column is-layout-flow wp-block-column-is-layout-flow\">\n<figure class=\"wp-block-image size-full\"><img decoding=\"async\" width=\"1600\" height=\"1600\" src=\"https:\/\/www.kedali.com\/wp-content\/uploads\/2025\/12\/specifications-of-ceramic-dog-bowls-3.webp\" alt=\"Spezifikationen von Keramik-Hunden\u00e4pfen\" class=\"wp-image-1817\" srcset=\"https:\/\/www.kedali.com\/wp-content\/uploads\/2025\/12\/specifications-of-ceramic-dog-bowls-3.webp 1600w, https:\/\/www.kedali.com\/wp-content\/uploads\/2025\/12\/specifications-of-ceramic-dog-bowls-3-300x300.webp 300w, https:\/\/www.kedali.com\/wp-content\/uploads\/2025\/12\/specifications-of-ceramic-dog-bowls-3-150x150.webp 150w, https:\/\/www.kedali.com\/wp-content\/uploads\/2025\/12\/specifications-of-ceramic-dog-bowls-3-768x768.webp 768w, https:\/\/www.kedali.com\/wp-content\/uploads\/2025\/12\/specifications-of-ceramic-dog-bowls-3-12x12.webp 12w, https:\/\/www.kedali.com\/wp-content\/uploads\/2025\/12\/specifications-of-ceramic-dog-bowls-3-1200x1200.webp 1200w, https:\/\/www.kedali.com\/wp-content\/uploads\/2025\/12\/specifications-of-ceramic-dog-bowls-3-600x600.webp 600w, https:\/\/www.kedali.com\/wp-content\/uploads\/2025\/12\/specifications-of-ceramic-dog-bowls-3-100x100.webp 100w\" sizes=\"(max-width: 1600px) 100vw, 1600px\" \/><\/figure>\n<\/div>\n<\/div>\n\n\n\n<div class=\"wp-block-columns is-layout-flex wp-container-core-columns-is-layout-9d6595d7 wp-block-columns-is-layout-flex\">\n<div class=\"wp-block-column is-layout-flow wp-block-column-is-layout-flow\">\n<figure class=\"wp-block-image size-full\"><img decoding=\"async\" width=\"1600\" height=\"1600\" src=\"https:\/\/www.kedali.com\/wp-content\/uploads\/2025\/12\/bulk-ceramic-dog-bowls-2.webp\" alt=\"Keramik-Hunden\u00e4pfe (2)\" class=\"wp-image-1813\" srcset=\"https:\/\/www.kedali.com\/wp-content\/uploads\/2025\/12\/bulk-ceramic-dog-bowls-2.webp 1600w, https:\/\/www.kedali.com\/wp-content\/uploads\/2025\/12\/bulk-ceramic-dog-bowls-2-300x300.webp 300w, https:\/\/www.kedali.com\/wp-content\/uploads\/2025\/12\/bulk-ceramic-dog-bowls-2-150x150.webp 150w, https:\/\/www.kedali.com\/wp-content\/uploads\/2025\/12\/bulk-ceramic-dog-bowls-2-768x768.webp 768w, https:\/\/www.kedali.com\/wp-content\/uploads\/2025\/12\/bulk-ceramic-dog-bowls-2-12x12.webp 12w, https:\/\/www.kedali.com\/wp-content\/uploads\/2025\/12\/bulk-ceramic-dog-bowls-2-1200x1200.webp 1200w, https:\/\/www.kedali.com\/wp-content\/uploads\/2025\/12\/bulk-ceramic-dog-bowls-2-600x600.webp 600w, https:\/\/www.kedali.com\/wp-content\/uploads\/2025\/12\/bulk-ceramic-dog-bowls-2-100x100.webp 100w\" sizes=\"(max-width: 1600px) 100vw, 1600px\" \/><\/figure>\n<\/div>\n\n\n\n<div class=\"wp-block-column is-layout-flow wp-block-column-is-layout-flow\">\n<figure class=\"wp-block-image size-full\"><img decoding=\"async\" width=\"1600\" height=\"1600\" src=\"https:\/\/www.kedali.com\/wp-content\/uploads\/2025\/12\/bulk-ceramic-dog-bowls-5.webp\" alt=\"Keramik-Hunden\u00e4pfe (5)\" class=\"wp-image-1816\" srcset=\"https:\/\/www.kedali.com\/wp-content\/uploads\/2025\/12\/bulk-ceramic-dog-bowls-5.webp 1600w, https:\/\/www.kedali.com\/wp-content\/uploads\/2025\/12\/bulk-ceramic-dog-bowls-5-300x300.webp 300w, https:\/\/www.kedali.com\/wp-content\/uploads\/2025\/12\/bulk-ceramic-dog-bowls-5-150x150.webp 150w, https:\/\/www.kedali.com\/wp-content\/uploads\/2025\/12\/bulk-ceramic-dog-bowls-5-768x768.webp 768w, https:\/\/www.kedali.com\/wp-content\/uploads\/2025\/12\/bulk-ceramic-dog-bowls-5-12x12.webp 12w, https:\/\/www.kedali.com\/wp-content\/uploads\/2025\/12\/bulk-ceramic-dog-bowls-5-1200x1200.webp 1200w, https:\/\/www.kedali.com\/wp-content\/uploads\/2025\/12\/bulk-ceramic-dog-bowls-5-600x600.webp 600w, https:\/\/www.kedali.com\/wp-content\/uploads\/2025\/12\/bulk-ceramic-dog-bowls-5-100x100.webp 100w\" sizes=\"(max-width: 1600px) 100vw, 1600px\" \/><\/figure>\n<\/div>\n<\/div>","protected":false},"excerpt":{"rendered":"<p>Unsere Gro\u00dfhandels-Keramik-Hunden\u00e4pfe werden in unserer eigenen Fabrik hergestellt, was eine strenge Qualit\u00e4tskontrolle und stabile, gro\u00df angelegte Produktionsm\u00f6glichkeiten gew\u00e4hrleistet. Wir bieten Fabrik-direkt Gro\u00dfhandel Preise, flexible Mindestbestellmengen und umfassende OEM und ODM Dienstleistungen.<\/p>\n<p>Wir unterst\u00fctzen leichte Anpassungen, einschlie\u00dflich Logoanpassungen auf den Keramik-Hunden\u00e4pfen. Wir helfen Marken und Einzelh\u00e4ndlern, einzigartige Keramik-Hunden\u00e4pfe zu kreieren, die sich auf dem Markt abheben.<\/p>\n<h2>Spezifikationen f\u00fcr Hunden\u00e4pfe aus Keramik<\/h2>\n<table width=\"235\">\n<tbody>\n<tr>\n<td width=\"69\">Marke<\/td>\n<td width=\"166\">KDL<\/td>\n<\/tr>\n<tr>\n<td width=\"69\">Modell<\/td>\n<td width=\"166\">TOS2365-9<\/td>\n<\/tr>\n<tr>\n<td width=\"69\">Material<\/td>\n<td width=\"166\">Keramik<\/td>\n<\/tr>\n<tr>\n<td width=\"69\">Farbe<\/td>\n<td width=\"166\">elfenbein\/blau<\/td>\n<\/tr>\n<tr>\n<td width=\"69\">Anmeldung<\/td>\n<td width=\"166\">Keramik-Hundenapf<\/td>\n<\/tr>\n<tr>\n<td width=\"69\">Merkmal<\/td>\n<td width=\"166\">Farbe glasiert<\/td>\n<\/tr>\n<tr>\n<td width=\"69\">Abmessungen<\/td>\n<td width=\"166\">23,5*23,5*8,3cm<\/td>\n<\/tr>\n<tr>\n<td width=\"69\">Bruttogewicht (kg)<\/td>\n<td width=\"166\">1,5 kg<\/td>\n<\/tr>\n<tr>\n<td width=\"69\">Mindestbestellmenge<\/td>\n<td width=\"166\">800 S\u00e4tze<\/td>\n<\/tr>\n<\/tbody>\n<\/table>\n<p>&nbsp;<\/p>\n<p>\n<script src=\"chrome-extension:\/\/fpelahbljekknahkcaegamhcndkfpfnc\/iFrame.js\" type=\"text\/javascript\"><\/script><\/p>","protected":false},"featured_media":1812,"comment_status":"closed","ping_status":"closed","template":"","meta":{"_acf_changed":false},"product_brand":[],"product_cat":[22,54],"product_tag":[],"class_list":{"0":"post-1811","1":"product","2":"type-product","3":"status-publish","4":"has-post-thumbnail","6":"product_cat-wholesale-ceramic-pet-supplies","7":"product_cat-wholesale-ceramic-pet-bowls","9":"first","10":"instock","11":"shipping-taxable","12":"product-type-simple"},"acf":[],"_links":{"self":[{"href":"https:\/\/www.kedali.com\/de\/wp-json\/wp\/v2\/product\/1811","targetHints":{"allow":["GET"]}}],"collection":[{"href":"https:\/\/www.kedali.com\/de\/wp-json\/wp\/v2\/product"}],"about":[{"href":"https:\/\/www.kedali.com\/de\/wp-json\/wp\/v2\/types\/product"}],"replies":[{"embeddable":true,"href":"https:\/\/www.kedali.com\/de\/wp-json\/wp\/v2\/comments?post=1811"}],"wp:featuredmedia":[{"embeddable":true,"href":"https:\/\/www.kedali.com\/de\/wp-json\/wp\/v2\/media\/1812"}],"wp:attachment":[{"href":"https:\/\/www.kedali.com\/de\/wp-json\/wp\/v2\/media?parent=1811"}],"wp:term":[{"taxonomy":"product_brand","embeddable":true,"href":"https:\/\/www.kedali.com\/de\/wp-json\/wp\/v2\/product_brand?post=1811"},{"taxonomy":"product_cat","embeddable":true,"href":"https:\/\/www.kedali.com\/de\/wp-json\/wp\/v2\/product_cat?post=1811"},{"taxonomy":"product_tag","embeddable":true,"href":"https:\/\/www.kedali.com\/de\/wp-json\/wp\/v2\/product_tag?post=1811"}],"curies":[{"name":"wp","href":"https:\/\/api.w.org\/{rel}","templated":true}]}}