{"id":1874,"date":"2025-12-23T01:41:20","date_gmt":"2025-12-23T01:41:20","guid":{"rendered":"https:\/\/www.kedali.com\/?post_type=product&#038;p=1874"},"modified":"2025-12-23T02:21:55","modified_gmt":"2025-12-23T02:21:55","slug":"bulk-ceramic-french-butter-jars","status":"publish","type":"product","link":"https:\/\/www.kedali.com\/de\/produkt\/bulk-ceramic-french-butter-jars\/","title":{"rendered":"Gro\u00dfe franz\u00f6sische Buttergl\u00e4ser aus Keramik f\u00fcr Gastronomie und Einzelhandel"},"content":{"rendered":"<div class=\"wp-block-columns is-layout-flex wp-container-core-columns-is-layout-9d6595d7 wp-block-columns-is-layout-flex\">\n<div class=\"wp-block-column is-layout-flow wp-block-column-is-layout-flow\">\n<h3 class=\"wp-block-heading\">Eigenschaften von Buttergl\u00e4sern aus Keramik<\/h3>\n\n\n\n<ul class=\"wp-block-list\">\n<li><strong>Langlebige Keramik: <\/strong>Das aus hochgebranntem Porzellan oder Steinzeug hergestellte Geschirr ist porenfrei und nimmt keine Ger\u00fcche oder Aromen von Lebensmitteln auf.<\/li>\n\n\n\n<li><strong>Mehrere Stile: <\/strong>Wir bieten eine Vielzahl von Farben an, so dass Einzelh\u00e4ndler verschiedene Optionen anbieten oder sie als passende Sets verkaufen k\u00f6nnen.<\/li>\n\n\n\n<li><strong>Elegantes Design: <\/strong>Mit seinem Vintage-Karomuster und den sanften, harmonischen Farben passt dieses Geschirr problemlos zu verschiedenen K\u00fcchen- oder Esszimmerstilen und bietet sowohl \u00e4sthetischen Reiz als auch dekorativen Wert.<\/li>\n\n\n\n<li><strong>Werkspreis: <\/strong>Als professioneller Hersteller von Keramikgeschirr bieten wir eine breite Palette von Keramik-Butterdosen an. Dank unseres ausgereiften Produktionssystems und unserer strengen Qualit\u00e4tskontrolle k\u00f6nnen wir stabile Lieferzeiten und gleichbleibende Qualit\u00e4t garantieren.<\/li>\n<\/ul>\n\n\n\n<h3 class=\"wp-block-heading\">Kundenspezifischer Service<\/h3>\n\n\n\n<ul class=\"wp-block-list\">\n<li>OEM- und ODM-Unterst\u00fctzung<\/li>\n\n\n\n<li>Schnelle Musterlieferung.<\/li>\n\n\n\n<li>Wir bieten kundenspezifische Produktform, Farbe, Muster, Verpackung und andere kundenspezifische Dienstleistungen an.<\/li>\n<\/ul>\n<\/div>\n\n\n\n<div class=\"wp-block-column is-layout-flow wp-block-column-is-layout-flow\">\n<figure class=\"wp-block-image size-full\"><img decoding=\"async\" width=\"1600\" height=\"1600\" src=\"https:\/\/www.kedali.com\/wp-content\/uploads\/2025\/12\/specifications-of-ceramic-french-butter-jars.webp\" alt=\"Spezifikationen f\u00fcr franz\u00f6sische Butterdosen aus Keramik\" class=\"wp-image-1880\" srcset=\"https:\/\/www.kedali.com\/wp-content\/uploads\/2025\/12\/specifications-of-ceramic-french-butter-jars.webp 1600w, https:\/\/www.kedali.com\/wp-content\/uploads\/2025\/12\/specifications-of-ceramic-french-butter-jars-300x300.webp 300w, https:\/\/www.kedali.com\/wp-content\/uploads\/2025\/12\/specifications-of-ceramic-french-butter-jars-150x150.webp 150w, https:\/\/www.kedali.com\/wp-content\/uploads\/2025\/12\/specifications-of-ceramic-french-butter-jars-768x768.webp 768w, https:\/\/www.kedali.com\/wp-content\/uploads\/2025\/12\/specifications-of-ceramic-french-butter-jars-12x12.webp 12w, https:\/\/www.kedali.com\/wp-content\/uploads\/2025\/12\/specifications-of-ceramic-french-butter-jars-1200x1200.webp 1200w, https:\/\/www.kedali.com\/wp-content\/uploads\/2025\/12\/specifications-of-ceramic-french-butter-jars-600x600.webp 600w, https:\/\/www.kedali.com\/wp-content\/uploads\/2025\/12\/specifications-of-ceramic-french-butter-jars-100x100.webp 100w\" sizes=\"(max-width: 1600px) 100vw, 1600px\" \/><\/figure>\n<\/div>\n<\/div>\n\n\n\n<div class=\"wp-block-columns is-layout-flex wp-container-core-columns-is-layout-9d6595d7 wp-block-columns-is-layout-flex\">\n<div class=\"wp-block-column is-layout-flow wp-block-column-is-layout-flow\">\n<figure class=\"wp-block-image size-full\"><img decoding=\"async\" width=\"1600\" height=\"1600\" src=\"https:\/\/www.kedali.com\/wp-content\/uploads\/2025\/12\/bulk-ceramic-french-butter-jars-2.webp\" alt=\"Keramik-Gef\u00e4\u00dfe f\u00fcr franz\u00f6sische Butter (2)\" class=\"wp-image-1876\" srcset=\"https:\/\/www.kedali.com\/wp-content\/uploads\/2025\/12\/bulk-ceramic-french-butter-jars-2.webp 1600w, https:\/\/www.kedali.com\/wp-content\/uploads\/2025\/12\/bulk-ceramic-french-butter-jars-2-300x300.webp 300w, https:\/\/www.kedali.com\/wp-content\/uploads\/2025\/12\/bulk-ceramic-french-butter-jars-2-150x150.webp 150w, https:\/\/www.kedali.com\/wp-content\/uploads\/2025\/12\/bulk-ceramic-french-butter-jars-2-768x768.webp 768w, https:\/\/www.kedali.com\/wp-content\/uploads\/2025\/12\/bulk-ceramic-french-butter-jars-2-12x12.webp 12w, https:\/\/www.kedali.com\/wp-content\/uploads\/2025\/12\/bulk-ceramic-french-butter-jars-2-1200x1200.webp 1200w, https:\/\/www.kedali.com\/wp-content\/uploads\/2025\/12\/bulk-ceramic-french-butter-jars-2-600x600.webp 600w, https:\/\/www.kedali.com\/wp-content\/uploads\/2025\/12\/bulk-ceramic-french-butter-jars-2-100x100.webp 100w\" sizes=\"(max-width: 1600px) 100vw, 1600px\" \/><\/figure>\n<\/div>\n\n\n\n<div class=\"wp-block-column is-layout-flow wp-block-column-is-layout-flow\">\n<figure class=\"wp-block-image size-full\"><img decoding=\"async\" width=\"1600\" height=\"1600\" src=\"https:\/\/www.kedali.com\/wp-content\/uploads\/2025\/12\/bulk-ceramic-french-butter-jars-3.webp\" alt=\"Keramik-Gef\u00e4\u00dfe f\u00fcr franz\u00f6sische Butter (3)\" class=\"wp-image-1877\" srcset=\"https:\/\/www.kedali.com\/wp-content\/uploads\/2025\/12\/bulk-ceramic-french-butter-jars-3.webp 1600w, https:\/\/www.kedali.com\/wp-content\/uploads\/2025\/12\/bulk-ceramic-french-butter-jars-3-300x300.webp 300w, https:\/\/www.kedali.com\/wp-content\/uploads\/2025\/12\/bulk-ceramic-french-butter-jars-3-150x150.webp 150w, https:\/\/www.kedali.com\/wp-content\/uploads\/2025\/12\/bulk-ceramic-french-butter-jars-3-768x768.webp 768w, https:\/\/www.kedali.com\/wp-content\/uploads\/2025\/12\/bulk-ceramic-french-butter-jars-3-12x12.webp 12w, https:\/\/www.kedali.com\/wp-content\/uploads\/2025\/12\/bulk-ceramic-french-butter-jars-3-1200x1200.webp 1200w, https:\/\/www.kedali.com\/wp-content\/uploads\/2025\/12\/bulk-ceramic-french-butter-jars-3-600x600.webp 600w, https:\/\/www.kedali.com\/wp-content\/uploads\/2025\/12\/bulk-ceramic-french-butter-jars-3-100x100.webp 100w\" sizes=\"(max-width: 1600px) 100vw, 1600px\" \/><\/figure>\n<\/div>\n<\/div>","protected":false},"excerpt":{"rendered":"<p>Keramik-Buttergl\u00e4ser f\u00fcr den Gro\u00dfhandel. Diese keramischen Butterdosen sind ideal f\u00fcr den Einzel- und Gro\u00dfhandel, da sie einen hohen Wiedererkennungswert haben, sich zum Verschenken eignen und in einer Vielzahl von Farben erh\u00e4ltlich sind. Kontaktieren Sie uns f\u00fcr ein Angebot.<\/p>\n<h2>Spezifikationen f\u00fcr franz\u00f6sische Buttergl\u00e4ser aus Keramik<\/h2>\n<table width=\"235\">\n<tbody>\n<tr>\n<td width=\"69\">Marke<\/td>\n<td width=\"166\">KDL<\/td>\n<\/tr>\n<tr>\n<td width=\"69\">Modell<\/td>\n<td width=\"166\">TDS1661-4-F235-7699C<\/td>\n<\/tr>\n<tr>\n<td width=\"69\">Material<\/td>\n<td width=\"166\">Keramik<\/td>\n<\/tr>\n<tr>\n<td width=\"69\">Farbe<\/td>\n<td width=\"166\">anpassbar<\/td>\n<\/tr>\n<tr>\n<td width=\"69\">Anmeldung<\/td>\n<td width=\"166\">Butterdose<\/td>\n<\/tr>\n<tr>\n<td width=\"69\">Merkmal<\/td>\n<td width=\"166\">glasiert<\/td>\n<\/tr>\n<tr>\n<td width=\"69\">Abmessungen<\/td>\n<td width=\"166\">\n<p data-pm-slice=\"0 0 []\">10.4\u00d710.4\u00d710.6cm\uff08Body\uff1a10.2\u00d710.2\u00d78cm\uff0cLid\uff1a10.4\u00d710.4\u00d78.6cm\uff09<\/p>\n<\/td>\n<\/tr>\n<tr>\n<td width=\"69\">Bruttogewicht (kg)<\/td>\n<td width=\"166\">0,89 kg<\/td>\n<\/tr>\n<tr>\n<td width=\"69\">Mindestbestellmenge<\/td>\n<td width=\"166\">800 S\u00e4tze<\/td>\n<\/tr>\n<\/tbody>\n<\/table>\n<p>&nbsp;<\/p>\n<p>\n<script src=\"chrome-extension:\/\/fpelahbljekknahkcaegamhcndkfpfnc\/iFrame.js\" type=\"text\/javascript\"><\/script><\/p>","protected":false},"featured_media":1875,"comment_status":"closed","ping_status":"closed","template":"","meta":{"_acf_changed":false},"product_brand":[],"product_cat":[18,35],"product_tag":[],"class_list":{"0":"post-1874","1":"product","2":"type-product","3":"status-publish","4":"has-post-thumbnail","6":"product_cat-wholesale-ceramic-kitchenware","7":"product_cat-wholesale-ceramic-butter-dishes","9":"first","10":"instock","11":"shipping-taxable","12":"product-type-simple"},"acf":[],"_links":{"self":[{"href":"https:\/\/www.kedali.com\/de\/wp-json\/wp\/v2\/product\/1874","targetHints":{"allow":["GET"]}}],"collection":[{"href":"https:\/\/www.kedali.com\/de\/wp-json\/wp\/v2\/product"}],"about":[{"href":"https:\/\/www.kedali.com\/de\/wp-json\/wp\/v2\/types\/product"}],"replies":[{"embeddable":true,"href":"https:\/\/www.kedali.com\/de\/wp-json\/wp\/v2\/comments?post=1874"}],"wp:featuredmedia":[{"embeddable":true,"href":"https:\/\/www.kedali.com\/de\/wp-json\/wp\/v2\/media\/1875"}],"wp:attachment":[{"href":"https:\/\/www.kedali.com\/de\/wp-json\/wp\/v2\/media?parent=1874"}],"wp:term":[{"taxonomy":"product_brand","embeddable":true,"href":"https:\/\/www.kedali.com\/de\/wp-json\/wp\/v2\/product_brand?post=1874"},{"taxonomy":"product_cat","embeddable":true,"href":"https:\/\/www.kedali.com\/de\/wp-json\/wp\/v2\/product_cat?post=1874"},{"taxonomy":"product_tag","embeddable":true,"href":"https:\/\/www.kedali.com\/de\/wp-json\/wp\/v2\/product_tag?post=1874"}],"curies":[{"name":"wp","href":"https:\/\/api.w.org\/{rel}","templated":true}]}}