{"id":1984,"date":"2026-01-13T10:21:36","date_gmt":"2026-01-13T10:21:36","guid":{"rendered":"https:\/\/www.kedali.com\/?post_type=product&#038;p=1984"},"modified":"2026-01-13T10:39:01","modified_gmt":"2026-01-13T10:39:01","slug":"memphis-inspired-geometric-bathroom-set-wholesale","status":"publish","type":"product","link":"https:\/\/www.kedali.com\/de\/produkt\/memphis-inspired-geometric-bathroom-set-wholesale\/","title":{"rendered":"Memphis-inspiriertes geometrisches Badezimmerset Gro\u00dfhandel"},"content":{"rendered":"<div class=\"wp-block-columns is-layout-flex wp-container-core-columns-is-layout-9d6595d7 wp-block-columns-is-layout-flex\">\n<div class=\"wp-block-column is-layout-flow wp-block-column-is-layout-flow\">\n<h3 class=\"wp-block-heading\">Eigenschaften des Bad-Sets<\/h3>\n\n\n\n<ul class=\"wp-block-list\">\n<li><strong>Design und \u00c4sthetik:<\/strong> Dieses Badezimmerset zeichnet sich durch ein von Memphis inspiriertes Design aus, bei dem verschiedene Muster und Grundfarben geschickt miteinander kombiniert werden, um einen optisch ansprechenden und zugleich anspruchsvollen Look zu schaffen.<\/li>\n\n\n\n<li><strong>Starke Marktdifferenzierung: <\/strong>Einzigartiges k\u00fcnstlerisches Design hilft Marken und Einzelh\u00e4ndlern, sich von konventionellen Badaccessoires abzuheben und j\u00fcngere Verbraucher, Lifestyle-L\u00e4den und designorientierte M\u00e4rkte anzusprechen.<\/li>\n\n\n\n<li><strong>Vollst\u00e4ndiger koordinierter Satz: <\/strong>Umfasst wesentliche Badaccessoires mit einer einheitlichen Designsprache, die es den Eink\u00e4ufern leicht macht, eine einheitliche Badl\u00f6sung anzubieten und den durchschnittlichen Bestellwert zu erh\u00f6hen.<\/li>\n\n\n\n<li><strong>Unterst\u00fctzung f\u00fcr OEM- und ODM-Anpassungen:<\/strong> Individuelle Farben, Muster, Materialien, Logos und Verpackungen sind erh\u00e4ltlich, um der Markenidentit\u00e4t oder den lokalen Marktpr\u00e4ferenzen zu entsprechen.<\/li>\n<\/ul>\n\n\n\n<h3 class=\"wp-block-heading\">Kundenspezifischer Service<\/h3>\n\n\n\n<ul class=\"wp-block-list\">\n<li>OEM- und ODM-Unterst\u00fctzung<\/li>\n\n\n\n<li>Schnelle Musterlieferung.<\/li>\n\n\n\n<li>Wir bieten kundenspezifische Produktform, Farbe, Muster, Verpackung und andere kundenspezifische Dienstleistungen an.<\/li>\n\n\n\n<li><\/li>\n<\/ul>\n<\/div>\n\n\n\n<div class=\"wp-block-column is-layout-flow wp-block-column-is-layout-flow\">\n<figure class=\"wp-block-image size-full\"><img decoding=\"async\" width=\"3292\" height=\"2405\" src=\"https:\/\/www.kedali.com\/wp-content\/uploads\/2026\/01\/memphis-inspired-geometric-bathroom-set-wholesale-7.webp\" alt=\"Memphis-inspiriertes geometrisches Bad-Set Gro\u00dfhandel (7)\" class=\"wp-image-1991\" srcset=\"https:\/\/www.kedali.com\/wp-content\/uploads\/2026\/01\/memphis-inspired-geometric-bathroom-set-wholesale-7.webp 3292w, https:\/\/www.kedali.com\/wp-content\/uploads\/2026\/01\/memphis-inspired-geometric-bathroom-set-wholesale-7-300x219.webp 300w, https:\/\/www.kedali.com\/wp-content\/uploads\/2026\/01\/memphis-inspired-geometric-bathroom-set-wholesale-7-768x561.webp 768w, https:\/\/www.kedali.com\/wp-content\/uploads\/2026\/01\/memphis-inspired-geometric-bathroom-set-wholesale-7-16x12.webp 16w, https:\/\/www.kedali.com\/wp-content\/uploads\/2026\/01\/memphis-inspired-geometric-bathroom-set-wholesale-7-1200x877.webp 1200w, https:\/\/www.kedali.com\/wp-content\/uploads\/2026\/01\/memphis-inspired-geometric-bathroom-set-wholesale-7-600x438.webp 600w\" sizes=\"(max-width: 3292px) 100vw, 3292px\" \/><\/figure>\n<\/div>\n<\/div>\n\n\n\n<div class=\"wp-block-columns is-layout-flex wp-container-core-columns-is-layout-9d6595d7 wp-block-columns-is-layout-flex\">\n<div class=\"wp-block-column is-layout-flow wp-block-column-is-layout-flow\">\n<figure class=\"wp-block-image size-full\"><img decoding=\"async\" width=\"1600\" height=\"1600\" src=\"https:\/\/www.kedali.com\/wp-content\/uploads\/2026\/01\/memphis-inspired-geometric-bathroom-set-wholesale-1.webp\" alt=\"Memphis-inspiriertes geometrisches Bad-Set Gro\u00dfhandel (1)\" class=\"wp-image-1985\" srcset=\"https:\/\/www.kedali.com\/wp-content\/uploads\/2026\/01\/memphis-inspired-geometric-bathroom-set-wholesale-1.webp 1600w, https:\/\/www.kedali.com\/wp-content\/uploads\/2026\/01\/memphis-inspired-geometric-bathroom-set-wholesale-1-300x300.webp 300w, https:\/\/www.kedali.com\/wp-content\/uploads\/2026\/01\/memphis-inspired-geometric-bathroom-set-wholesale-1-150x150.webp 150w, https:\/\/www.kedali.com\/wp-content\/uploads\/2026\/01\/memphis-inspired-geometric-bathroom-set-wholesale-1-768x768.webp 768w, https:\/\/www.kedali.com\/wp-content\/uploads\/2026\/01\/memphis-inspired-geometric-bathroom-set-wholesale-1-12x12.webp 12w, https:\/\/www.kedali.com\/wp-content\/uploads\/2026\/01\/memphis-inspired-geometric-bathroom-set-wholesale-1-1200x1200.webp 1200w, https:\/\/www.kedali.com\/wp-content\/uploads\/2026\/01\/memphis-inspired-geometric-bathroom-set-wholesale-1-600x600.webp 600w, https:\/\/www.kedali.com\/wp-content\/uploads\/2026\/01\/memphis-inspired-geometric-bathroom-set-wholesale-1-100x100.webp 100w\" sizes=\"(max-width: 1600px) 100vw, 1600px\" \/><\/figure>\n<\/div>\n\n\n\n<div class=\"wp-block-column is-layout-flow wp-block-column-is-layout-flow\">\n<figure class=\"wp-block-image size-full\"><img decoding=\"async\" width=\"1600\" height=\"1600\" src=\"https:\/\/www.kedali.com\/wp-content\/uploads\/2026\/01\/memphis-inspired-geometric-bathroom-set-wholesale-2.webp\" alt=\"Memphis-inspirierte geometrische Bad-Set Gro\u00dfhandel (2)\" class=\"wp-image-1986\" srcset=\"https:\/\/www.kedali.com\/wp-content\/uploads\/2026\/01\/memphis-inspired-geometric-bathroom-set-wholesale-2.webp 1600w, https:\/\/www.kedali.com\/wp-content\/uploads\/2026\/01\/memphis-inspired-geometric-bathroom-set-wholesale-2-300x300.webp 300w, https:\/\/www.kedali.com\/wp-content\/uploads\/2026\/01\/memphis-inspired-geometric-bathroom-set-wholesale-2-150x150.webp 150w, https:\/\/www.kedali.com\/wp-content\/uploads\/2026\/01\/memphis-inspired-geometric-bathroom-set-wholesale-2-768x768.webp 768w, https:\/\/www.kedali.com\/wp-content\/uploads\/2026\/01\/memphis-inspired-geometric-bathroom-set-wholesale-2-12x12.webp 12w, https:\/\/www.kedali.com\/wp-content\/uploads\/2026\/01\/memphis-inspired-geometric-bathroom-set-wholesale-2-1200x1200.webp 1200w, https:\/\/www.kedali.com\/wp-content\/uploads\/2026\/01\/memphis-inspired-geometric-bathroom-set-wholesale-2-600x600.webp 600w, https:\/\/www.kedali.com\/wp-content\/uploads\/2026\/01\/memphis-inspired-geometric-bathroom-set-wholesale-2-100x100.webp 100w\" sizes=\"(max-width: 1600px) 100vw, 1600px\" \/><\/figure>\n<\/div>\n<\/div>","protected":false},"excerpt":{"rendered":"<p data-pm-slice=\"0 0 []\">Bringen Sie k\u00fchne Kreativit\u00e4t in moderne Badezimmer mit unserem Memphis-inspirierten geometrischen Badezimmer-Set, das f\u00fcr Marken und Einzelh\u00e4ndler entwickelt wurde, die nach auff\u00e4lligen, designorientierten Kollektionen suchen. Als professioneller Hersteller von Badaccessoires kombinieren wir originelles Design mit zuverl\u00e4ssiger Gro\u00dfproduktion, um gro\u00dfhandelsfertige Sets zu liefern, die Stil, Haltbarkeit und Funktionalit\u00e4t in Einklang bringen.<\/p>\n<h2>Technische Daten des Memphis-inspirierten geometrischen Badezimmersets<\/h2>\n<table width=\"235\">\n<tbody>\n<tr>\n<td width=\"69\">Marke<\/td>\n<td width=\"166\">KDL<\/td>\n<\/tr>\n<tr>\n<td width=\"69\">Modell<\/td>\n<td width=\"166\">DBS617<\/td>\n<\/tr>\n<tr>\n<td width=\"69\">Material<\/td>\n<td width=\"166\">Keramik<\/td>\n<\/tr>\n<tr>\n<td width=\"69\">Farbe<\/td>\n<td width=\"166\">wie Abbildung zeigt<\/td>\n<\/tr>\n<tr>\n<td width=\"69\">Anmeldung<\/td>\n<td width=\"166\">Keramik-Badezimmer-Set<\/td>\n<\/tr>\n<tr>\n<td width=\"69\">Merkmal<\/td>\n<td width=\"166\">Abziehbild\/Farbe glasiert<\/td>\n<\/tr>\n<tr>\n<td width=\"69\">Abmessungen<\/td>\n<td width=\"166\">Spender: 7,5 \u00d7 7,5 \u00d7 19 cm<br data-start=\"46\" data-end=\"49\" \/>Zahnb\u00fcrstenhalter: 7,5 \u00d7 7,5 \u00d7 12 cm<br data-start=\"85\" data-end=\"88\" \/>Seifenschale: 13,5 \u00d7 8,5 \u00d7 2,9 cm<br data-start=\"118\" data-end=\"121\" \/>Vorratsbeh\u00e4lter: 8,5 \u00d7 8,5 \u00d7 12 cm<br data-start=\"151\" data-end=\"154\" \/>Halter f\u00fcr Toilettenb\u00fcrste: 10 \u00d7 10 \u00d7 18 cm<\/td>\n<\/tr>\n<tr>\n<td width=\"69\">Bruttogewicht (kg)<\/td>\n<td width=\"166\">3\/Satz<\/td>\n<\/tr>\n<tr>\n<td width=\"69\">Mindestbestellmenge<\/td>\n<td width=\"166\">800 S\u00e4tze<\/td>\n<\/tr>\n<\/tbody>\n<\/table>\n<p>&nbsp;<\/p>","protected":false},"featured_media":1985,"comment_status":"closed","ping_status":"closed","template":"","meta":{"_acf_changed":false},"product_brand":[],"product_cat":[17,32],"product_tag":[],"class_list":{"0":"post-1984","1":"product","2":"type-product","3":"status-publish","4":"has-post-thumbnail","6":"product_cat-wholesale-ceramic-bathroom-accessories","7":"product_cat-wholesale-ceramic-bath-accessories-sets","9":"first","10":"instock","11":"shipping-taxable","12":"product-type-simple"},"acf":[],"_links":{"self":[{"href":"https:\/\/www.kedali.com\/de\/wp-json\/wp\/v2\/product\/1984","targetHints":{"allow":["GET"]}}],"collection":[{"href":"https:\/\/www.kedali.com\/de\/wp-json\/wp\/v2\/product"}],"about":[{"href":"https:\/\/www.kedali.com\/de\/wp-json\/wp\/v2\/types\/product"}],"replies":[{"embeddable":true,"href":"https:\/\/www.kedali.com\/de\/wp-json\/wp\/v2\/comments?post=1984"}],"wp:featuredmedia":[{"embeddable":true,"href":"https:\/\/www.kedali.com\/de\/wp-json\/wp\/v2\/media\/1985"}],"wp:attachment":[{"href":"https:\/\/www.kedali.com\/de\/wp-json\/wp\/v2\/media?parent=1984"}],"wp:term":[{"taxonomy":"product_brand","embeddable":true,"href":"https:\/\/www.kedali.com\/de\/wp-json\/wp\/v2\/product_brand?post=1984"},{"taxonomy":"product_cat","embeddable":true,"href":"https:\/\/www.kedali.com\/de\/wp-json\/wp\/v2\/product_cat?post=1984"},{"taxonomy":"product_tag","embeddable":true,"href":"https:\/\/www.kedali.com\/de\/wp-json\/wp\/v2\/product_tag?post=1984"}],"curies":[{"name":"wp","href":"https:\/\/api.w.org\/{rel}","templated":true}]}}