{"id":2049,"date":"2026-01-19T03:47:59","date_gmt":"2026-01-19T03:47:59","guid":{"rendered":"https:\/\/www.kedali.com\/?post_type=product&#038;p=2049"},"modified":"2026-01-19T16:01:41","modified_gmt":"2026-01-19T16:01:41","slug":"wholesale-bathtub-shaped-ceramic-soap-dishes","status":"publish","type":"product","link":"https:\/\/www.kedali.com\/de\/produkt\/wholesale-bathtub-shaped-ceramic-soap-dishes\/","title":{"rendered":"Gro\u00dfhandel blau gemusterten keramischen Seifenschale Storage Set - Bathtub Design"},"content":{"rendered":"<div class=\"wp-block-columns is-layout-flex wp-container-core-columns-is-layout-9d6595d7 wp-block-columns-is-layout-flex\">\n<div class=\"wp-block-column is-layout-flow wp-block-column-is-layout-flow\">\n<h3 class=\"wp-block-heading\">Features of Wholesale bathroom ceramics<\/h3>\n\n\n\n<ul class=\"wp-block-list\">\n<li>Creative Bathtub Design: A miniature replica of a vintage bathtub, featuring raised legs that both replicate authentic bathtub details and elevate the soap dish to prevent water accumulation and mold growth, combining fun and practicality.<\/li>\n\n\n\n<li>Textured Ceramic Material: High-temperature fired ceramic with a smooth, delicate surface that is waterproof, moisture-proof, and easy to clean, suitable for the humid bathroom environment, and durable and resistant to deformation.<\/li>\n\n\n\n<li>Blue Marble Aesthetic Design: A refreshing blue and white marble pattern, exuding an Instagram-worthy wabi-sabi vibe. It&#8217;s not just a storage tool but also a decorative piece for the bathroom countertop, enhancing the overall aesthetic.<\/li>\n\n\n\n<li>Dual Function Combination: The smaller version serves as a soap dish, perfectly accommodating one bar of soap; the larger version functions as a storage bowl for small items such as bath sponges, hair ties, and aromatherapy diffusers, providing a one-stop solution for organizing scattered items on the bathroom countertop.<\/li>\n\n\n\n<li>Compact and Space-Saving: Its mini size saves countertop space, making it easy to place even in small bathrooms, keeping the space neat and elegant.<\/li>\n<\/ul>\n\n\n\n<h3 class=\"wp-block-heading\">Kundenspezifischer Service<\/h3>\n\n\n\n<ul class=\"wp-block-list\">\n<li>OEM- und ODM-Unterst\u00fctzung<\/li>\n\n\n\n<li>Schnelle Musterlieferung.<\/li>\n\n\n\n<li>Wir bieten kundenspezifische Produktform, Farbe, Muster, Verpackung und andere kundenspezifische Dienstleistungen an.<\/li>\n<\/ul>\n<\/div>\n\n\n\n<div class=\"wp-block-column is-layout-flow wp-block-column-is-layout-flow\">\n<figure class=\"wp-block-image size-full\"><img decoding=\"async\" width=\"1600\" height=\"1600\" src=\"https:\/\/www.kedali.com\/wp-content\/uploads\/2026\/01\/Wholesale-bathroom-ceramics-7.webp\" alt=\"\" class=\"wp-image-2056\" srcset=\"https:\/\/www.kedali.com\/wp-content\/uploads\/2026\/01\/Wholesale-bathroom-ceramics-7.webp 1600w, https:\/\/www.kedali.com\/wp-content\/uploads\/2026\/01\/Wholesale-bathroom-ceramics-7-300x300.webp 300w, https:\/\/www.kedali.com\/wp-content\/uploads\/2026\/01\/Wholesale-bathroom-ceramics-7-150x150.webp 150w, https:\/\/www.kedali.com\/wp-content\/uploads\/2026\/01\/Wholesale-bathroom-ceramics-7-768x768.webp 768w, https:\/\/www.kedali.com\/wp-content\/uploads\/2026\/01\/Wholesale-bathroom-ceramics-7-12x12.webp 12w, https:\/\/www.kedali.com\/wp-content\/uploads\/2026\/01\/Wholesale-bathroom-ceramics-7-1200x1200.webp 1200w, https:\/\/www.kedali.com\/wp-content\/uploads\/2026\/01\/Wholesale-bathroom-ceramics-7-600x600.webp 600w, https:\/\/www.kedali.com\/wp-content\/uploads\/2026\/01\/Wholesale-bathroom-ceramics-7-100x100.webp 100w\" sizes=\"(max-width: 1600px) 100vw, 1600px\" \/><\/figure>\n<\/div>\n<\/div>\n\n\n\n<div class=\"wp-block-columns is-layout-flex wp-container-core-columns-is-layout-9d6595d7 wp-block-columns-is-layout-flex\">\n<div class=\"wp-block-column is-layout-flow wp-block-column-is-layout-flow\">\n<figure class=\"wp-block-image size-full\"><img decoding=\"async\" width=\"1600\" height=\"1600\" src=\"https:\/\/www.kedali.com\/wp-content\/uploads\/2026\/01\/Wholesale-bathroom-ceramics-1.webp\" alt=\"\" class=\"wp-image-2050\" srcset=\"https:\/\/www.kedali.com\/wp-content\/uploads\/2026\/01\/Wholesale-bathroom-ceramics-1.webp 1600w, https:\/\/www.kedali.com\/wp-content\/uploads\/2026\/01\/Wholesale-bathroom-ceramics-1-300x300.webp 300w, https:\/\/www.kedali.com\/wp-content\/uploads\/2026\/01\/Wholesale-bathroom-ceramics-1-150x150.webp 150w, https:\/\/www.kedali.com\/wp-content\/uploads\/2026\/01\/Wholesale-bathroom-ceramics-1-768x768.webp 768w, https:\/\/www.kedali.com\/wp-content\/uploads\/2026\/01\/Wholesale-bathroom-ceramics-1-12x12.webp 12w, https:\/\/www.kedali.com\/wp-content\/uploads\/2026\/01\/Wholesale-bathroom-ceramics-1-1200x1200.webp 1200w, https:\/\/www.kedali.com\/wp-content\/uploads\/2026\/01\/Wholesale-bathroom-ceramics-1-600x600.webp 600w, https:\/\/www.kedali.com\/wp-content\/uploads\/2026\/01\/Wholesale-bathroom-ceramics-1-100x100.webp 100w\" sizes=\"(max-width: 1600px) 100vw, 1600px\" \/><\/figure>\n<\/div>\n\n\n\n<div class=\"wp-block-column is-layout-flow wp-block-column-is-layout-flow\">\n<figure class=\"wp-block-image size-full\"><img decoding=\"async\" width=\"1600\" height=\"1600\" src=\"https:\/\/www.kedali.com\/wp-content\/uploads\/2026\/01\/Wholesale-bathroom-ceramics-2.webp\" alt=\"\" class=\"wp-image-2051\" srcset=\"https:\/\/www.kedali.com\/wp-content\/uploads\/2026\/01\/Wholesale-bathroom-ceramics-2.webp 1600w, https:\/\/www.kedali.com\/wp-content\/uploads\/2026\/01\/Wholesale-bathroom-ceramics-2-300x300.webp 300w, https:\/\/www.kedali.com\/wp-content\/uploads\/2026\/01\/Wholesale-bathroom-ceramics-2-150x150.webp 150w, https:\/\/www.kedali.com\/wp-content\/uploads\/2026\/01\/Wholesale-bathroom-ceramics-2-768x768.webp 768w, https:\/\/www.kedali.com\/wp-content\/uploads\/2026\/01\/Wholesale-bathroom-ceramics-2-12x12.webp 12w, https:\/\/www.kedali.com\/wp-content\/uploads\/2026\/01\/Wholesale-bathroom-ceramics-2-1200x1200.webp 1200w, https:\/\/www.kedali.com\/wp-content\/uploads\/2026\/01\/Wholesale-bathroom-ceramics-2-600x600.webp 600w, https:\/\/www.kedali.com\/wp-content\/uploads\/2026\/01\/Wholesale-bathroom-ceramics-2-100x100.webp 100w\" sizes=\"(max-width: 1600px) 100vw, 1600px\" \/><\/figure>\n<\/div>\n<\/div>\n\n\n\n<div class=\"wp-block-columns is-layout-flex wp-container-core-columns-is-layout-9d6595d7 wp-block-columns-is-layout-flex\">\n<div class=\"wp-block-column is-layout-flow wp-block-column-is-layout-flow\">\n<figure class=\"wp-block-image size-full\"><img decoding=\"async\" width=\"1600\" height=\"1600\" src=\"https:\/\/www.kedali.com\/wp-content\/uploads\/2026\/01\/Wholesale-bathroom-ceramics-3.webp\" alt=\"\" class=\"wp-image-2052\" srcset=\"https:\/\/www.kedali.com\/wp-content\/uploads\/2026\/01\/Wholesale-bathroom-ceramics-3.webp 1600w, https:\/\/www.kedali.com\/wp-content\/uploads\/2026\/01\/Wholesale-bathroom-ceramics-3-300x300.webp 300w, https:\/\/www.kedali.com\/wp-content\/uploads\/2026\/01\/Wholesale-bathroom-ceramics-3-150x150.webp 150w, https:\/\/www.kedali.com\/wp-content\/uploads\/2026\/01\/Wholesale-bathroom-ceramics-3-768x768.webp 768w, https:\/\/www.kedali.com\/wp-content\/uploads\/2026\/01\/Wholesale-bathroom-ceramics-3-12x12.webp 12w, https:\/\/www.kedali.com\/wp-content\/uploads\/2026\/01\/Wholesale-bathroom-ceramics-3-1200x1200.webp 1200w, https:\/\/www.kedali.com\/wp-content\/uploads\/2026\/01\/Wholesale-bathroom-ceramics-3-600x600.webp 600w, https:\/\/www.kedali.com\/wp-content\/uploads\/2026\/01\/Wholesale-bathroom-ceramics-3-100x100.webp 100w\" sizes=\"(max-width: 1600px) 100vw, 1600px\" \/><\/figure>\n<\/div>\n\n\n\n<div class=\"wp-block-column is-layout-flow wp-block-column-is-layout-flow\">\n<figure class=\"wp-block-image size-full\"><img decoding=\"async\" width=\"1600\" height=\"1600\" src=\"https:\/\/www.kedali.com\/wp-content\/uploads\/2026\/01\/Wholesale-bathroom-ceramics-4.webp\" alt=\"\" class=\"wp-image-2053\" srcset=\"https:\/\/www.kedali.com\/wp-content\/uploads\/2026\/01\/Wholesale-bathroom-ceramics-4.webp 1600w, https:\/\/www.kedali.com\/wp-content\/uploads\/2026\/01\/Wholesale-bathroom-ceramics-4-300x300.webp 300w, https:\/\/www.kedali.com\/wp-content\/uploads\/2026\/01\/Wholesale-bathroom-ceramics-4-150x150.webp 150w, https:\/\/www.kedali.com\/wp-content\/uploads\/2026\/01\/Wholesale-bathroom-ceramics-4-768x768.webp 768w, https:\/\/www.kedali.com\/wp-content\/uploads\/2026\/01\/Wholesale-bathroom-ceramics-4-12x12.webp 12w, https:\/\/www.kedali.com\/wp-content\/uploads\/2026\/01\/Wholesale-bathroom-ceramics-4-1200x1200.webp 1200w, https:\/\/www.kedali.com\/wp-content\/uploads\/2026\/01\/Wholesale-bathroom-ceramics-4-600x600.webp 600w, https:\/\/www.kedali.com\/wp-content\/uploads\/2026\/01\/Wholesale-bathroom-ceramics-4-100x100.webp 100w\" sizes=\"(max-width: 1600px) 100vw, 1600px\" \/><\/figure>\n<\/div>\n<\/div>\n\n\n\n<div class=\"wp-block-columns is-layout-flex wp-container-core-columns-is-layout-9d6595d7 wp-block-columns-is-layout-flex\">\n<div class=\"wp-block-column is-layout-flow wp-block-column-is-layout-flow\"><\/div>\n\n\n\n<div class=\"wp-block-column is-layout-flow wp-block-column-is-layout-flow\"><\/div>\n<\/div>","protected":false},"excerpt":{"rendered":"<p>Gro\u00dfhandelsseifenschalen aus Keramik, inspiriert durch das Design von Badewannen, vereinen Funktionalit\u00e4t und k\u00fcnstlerische Sch\u00f6nheit und verleihen jedem Badezimmer einen eleganten Touch. Dieses Gro\u00dfhandelsset ist perfekt f\u00fcr Hotels, Resorts, private Badezimmer oder Geschenksets. Kontaktieren Sie uns f\u00fcr Gro\u00dfbestellungen.<\/p>\n<div class=\"is-root-container is-desktop-preview is-layout-flow wp-block-post-content block-editor-block-list__layout\">\n<div id=\"block-53fa528a-5da4-405b-9d08-ff281a1065a6\" class=\"block-editor-block-list__block wp-block wp-block-columns block-editor-block-list__layout wp-container-core-columns-is-layout-0 is-layout-flex wp-block-columns-is-layout-flex is-nowrap\" role=\"document\" aria-label=\"Block: Kolumnen\" data-block=\"53fa528a-5da4-405b-9d08-ff281a1065a6\" data-type=\"core\/columns\" data-title=\"Columns\" data-is-drop-zone=\"true\">\n<div id=\"block-a3aa2c65-d6de-4c61-8c4b-cbf1ba4af398\" class=\"block-editor-block-list__block wp-block block-core-columns wp-block-column block-editor-block-list__layout is-layout-flow wp-block-column-is-layout-flow\" role=\"document\" aria-label=\"Block: S\u00e4ule (1 von 2)\" data-block=\"a3aa2c65-d6de-4c61-8c4b-cbf1ba4af398\" data-type=\"core\/column\" data-title=\"Column\" data-is-drop-zone=\"true\">\n<h2 id=\"block-1c1961c1-fd0f-4a81-8239-fb60f60293ac\" class=\"block-editor-rich-text__editable block-editor-block-list__block wp-block wp-block-heading rich-text\" role=\"document\" aria-label=\"Block: \u00dcberschrift\" data-block=\"1c1961c1-fd0f-4a81-8239-fb60f60293ac\" data-type=\"core\/heading\" data-title=\"Heading\" data-wp-block-attribute-key=\"content\">Eigenschaften von Gro\u00dfhandel Keramik Seife Sch\u00fcssel<\/h2>\n<\/div>\n<\/div>\n<\/div>\n<table width=\"235\">\n<tbody>\n<tr>\n<td width=\"69\">Marke<\/td>\n<td width=\"166\">KDL<\/td>\n<\/tr>\n<tr>\n<td width=\"69\">Modell<\/td>\n<td width=\"166\">BS415<\/td>\n<\/tr>\n<tr>\n<td width=\"69\">Material<\/td>\n<td width=\"166\">Keramik<\/td>\n<\/tr>\n<tr>\n<td width=\"69\">Farbe<\/td>\n<td width=\"166\">wei\u00df<\/td>\n<\/tr>\n<tr>\n<td width=\"69\">Anmeldung<\/td>\n<td width=\"166\">Gro\u00dfhandel f\u00fcr Badkeramik<\/td>\n<\/tr>\n<tr>\n<td width=\"69\">Merkmal<\/td>\n<td width=\"166\">Aufkleber<\/td>\n<\/tr>\n<tr>\n<td width=\"69\">Mindestbestellmenge<\/td>\n<td width=\"166\">800 S\u00e4tze<\/td>\n<\/tr>\n<\/tbody>\n<\/table>\n<p>&nbsp;<\/p>","protected":false},"featured_media":2050,"comment_status":"closed","ping_status":"closed","template":"","meta":{"_acf_changed":false},"product_brand":[],"product_cat":[17,33],"product_tag":[],"class_list":{"0":"post-2049","1":"product","2":"type-product","3":"status-publish","4":"has-post-thumbnail","6":"product_cat-wholesale-ceramic-bathroom-accessories","7":"product_cat-wholesale-ceramic-soap-dishes","9":"first","10":"instock","11":"shipping-taxable","12":"product-type-simple"},"acf":[],"_links":{"self":[{"href":"https:\/\/www.kedali.com\/de\/wp-json\/wp\/v2\/product\/2049","targetHints":{"allow":["GET"]}}],"collection":[{"href":"https:\/\/www.kedali.com\/de\/wp-json\/wp\/v2\/product"}],"about":[{"href":"https:\/\/www.kedali.com\/de\/wp-json\/wp\/v2\/types\/product"}],"replies":[{"embeddable":true,"href":"https:\/\/www.kedali.com\/de\/wp-json\/wp\/v2\/comments?post=2049"}],"wp:featuredmedia":[{"embeddable":true,"href":"https:\/\/www.kedali.com\/de\/wp-json\/wp\/v2\/media\/2050"}],"wp:attachment":[{"href":"https:\/\/www.kedali.com\/de\/wp-json\/wp\/v2\/media?parent=2049"}],"wp:term":[{"taxonomy":"product_brand","embeddable":true,"href":"https:\/\/www.kedali.com\/de\/wp-json\/wp\/v2\/product_brand?post=2049"},{"taxonomy":"product_cat","embeddable":true,"href":"https:\/\/www.kedali.com\/de\/wp-json\/wp\/v2\/product_cat?post=2049"},{"taxonomy":"product_tag","embeddable":true,"href":"https:\/\/www.kedali.com\/de\/wp-json\/wp\/v2\/product_tag?post=2049"}],"curies":[{"name":"wp","href":"https:\/\/api.w.org\/{rel}","templated":true}]}}