{"id":2158,"date":"2026-02-24T07:20:43","date_gmt":"2026-02-24T07:20:43","guid":{"rendered":"https:\/\/www.kedali.com\/?post_type=product&#038;p=2158"},"modified":"2026-02-24T07:51:37","modified_gmt":"2026-02-24T07:51:37","slug":"wholesale-soap-dishes","status":"publish","type":"product","link":"https:\/\/www.kedali.com\/de\/produkt\/wholesale-soap-dishes\/","title":{"rendered":"Gro\u00dfhandel Seifenschalen, dekorative Badewanne-Stil Seifenschalen - Seifenschale Hersteller"},"content":{"rendered":"<div class=\"wp-block-columns is-layout-flex wp-container-core-columns-is-layout-9d6595d7 wp-block-columns-is-layout-flex\">\n<div class=\"wp-block-column is-layout-flow wp-block-column-is-layout-flow\">\n<h3 class=\"wp-block-heading\">Eigenschaften von Keramikseifenschalen<\/h3>\n\n\n\n<ul class=\"wp-block-list\">\n<li><strong>Luxuri\u00f6ses Dekor: <\/strong>Die Seifenschalen in Form einer Badewanne mit Schachbrettmuster setzen dekorative Akzente in B\u00e4dern und Duschbereichen.<\/li>\n\n\n\n<li><strong>Funktional und praktisch: <\/strong>Die Seifenschalen sind mit erh\u00f6hten Krallenf\u00fc\u00dfen und einem perforierten Design ausgestattet, das ein effektives Abflie\u00dfen der Seife erm\u00f6glicht, sie trocken h\u00e4lt, Flecken oder Durchn\u00e4ssen verhindert und die Lebensdauer der Seife verl\u00e4ngert.<\/li>\n\n\n\n<li><strong>Vielseitige Verwendung: <\/strong>Diese Seifenschalen eignen sich nicht nur f\u00fcr Waschbecken im Badezimmer, sondern auch f\u00fcr K\u00fcchen und Duschen. Sie k\u00f6nnen Seifen in verschiedenen Gr\u00f6\u00dfen und sogar Gegenst\u00e4nde wie Schw\u00e4mme oder Schmuck aufnehmen.<\/li>\n\n\n\n<li><strong>Gro\u00dfhandel und Fabrik bereit:<\/strong> Die Seifenschalen sind ideal f\u00fcr Gro\u00dfeink\u00e4ufe, Hotels und Geschenkel\u00e4den. Sie werden zu wettbewerbsf\u00e4higen Gro\u00dfhandelspreisen verkauft und k\u00f6nnen in Farbe und Muster an die Anforderungen der Marke oder des Einzelhandels angepasst werden.<\/li>\n\n\n\n<li><strong>Zuverl\u00e4ssige Sch\u00fcttgutproduktion:<\/strong> Als <strong><a href=\"https:\/\/www.kedali.com\/de\/produkt-kategorie\/wholesale-ceramic-bathroom-accessories\/wholesale-ceramic-soap-dishes\/\" target=\"_blank\" rel=\"noreferrer noopener\">Seifenschalenhersteller<\/a><\/strong>, Wir verf\u00fcgen \u00fcber hochmoderne Produktionsanlagen und erfahrene Mitarbeiter, die uns in die Lage versetzen, Gro\u00dfauftr\u00e4ge effizient abzuwickeln und gleichzeitig eine gleichbleibende Qualit\u00e4t und eine p\u00fcnktliche Lieferung an Kunden in aller Welt zu gew\u00e4hrleisten.<\/li>\n<\/ul>\n\n\n\n<h3 class=\"wp-block-heading\">Kundenspezifischer Service<\/h3>\n\n\n\n<ul class=\"wp-block-list\">\n<li>OEM- und ODM-Unterst\u00fctzung<\/li>\n\n\n\n<li>Schnelle Musterlieferung.<\/li>\n\n\n\n<li>Wir bieten kundenspezifische Produktform, Farbe, Muster, Verpackung und andere kundenspezifische Dienstleistungen an.<\/li>\n<\/ul>\n<\/div>\n\n\n\n<div class=\"wp-block-column is-layout-flow wp-block-column-is-layout-flow\">\n<figure class=\"wp-block-image size-full\"><img decoding=\"async\" width=\"800\" height=\"800\" src=\"https:\/\/www.kedali.com\/wp-content\/uploads\/2026\/02\/soap-dish-dimensions.webp\" alt=\"Abmessungen der Seifenschale\" class=\"wp-image-2159\" srcset=\"https:\/\/www.kedali.com\/wp-content\/uploads\/2026\/02\/soap-dish-dimensions.webp 800w, https:\/\/www.kedali.com\/wp-content\/uploads\/2026\/02\/soap-dish-dimensions-300x300.webp 300w, https:\/\/www.kedali.com\/wp-content\/uploads\/2026\/02\/soap-dish-dimensions-150x150.webp 150w, https:\/\/www.kedali.com\/wp-content\/uploads\/2026\/02\/soap-dish-dimensions-768x768.webp 768w, https:\/\/www.kedali.com\/wp-content\/uploads\/2026\/02\/soap-dish-dimensions-12x12.webp 12w, https:\/\/www.kedali.com\/wp-content\/uploads\/2026\/02\/soap-dish-dimensions-600x600.webp 600w, https:\/\/www.kedali.com\/wp-content\/uploads\/2026\/02\/soap-dish-dimensions-100x100.webp 100w\" sizes=\"(max-width: 800px) 100vw, 800px\" \/><\/figure>\n<\/div>\n<\/div>\n\n\n\n<div class=\"wp-block-columns is-layout-flex wp-container-core-columns-is-layout-9d6595d7 wp-block-columns-is-layout-flex\">\n<div class=\"wp-block-column is-layout-flow wp-block-column-is-layout-flow\"><\/div>\n\n\n\n<div class=\"wp-block-column is-layout-flow wp-block-column-is-layout-flow\"><\/div>\n<\/div>\n\n\n\n<div class=\"wp-block-columns is-layout-flex wp-container-core-columns-is-layout-9d6595d7 wp-block-columns-is-layout-flex\">\n<div class=\"wp-block-column is-layout-flow wp-block-column-is-layout-flow\">\n<figure class=\"wp-block-image size-full\"><img decoding=\"async\" width=\"800\" height=\"800\" src=\"https:\/\/www.kedali.com\/wp-content\/uploads\/2026\/02\/wholesale-soap-dishes-2.webp\" alt=\"Gro\u00dfhandel Seifenschalen (2)\" class=\"wp-image-2161\" srcset=\"https:\/\/www.kedali.com\/wp-content\/uploads\/2026\/02\/wholesale-soap-dishes-2.webp 800w, https:\/\/www.kedali.com\/wp-content\/uploads\/2026\/02\/wholesale-soap-dishes-2-300x300.webp 300w, https:\/\/www.kedali.com\/wp-content\/uploads\/2026\/02\/wholesale-soap-dishes-2-150x150.webp 150w, https:\/\/www.kedali.com\/wp-content\/uploads\/2026\/02\/wholesale-soap-dishes-2-768x768.webp 768w, https:\/\/www.kedali.com\/wp-content\/uploads\/2026\/02\/wholesale-soap-dishes-2-12x12.webp 12w, https:\/\/www.kedali.com\/wp-content\/uploads\/2026\/02\/wholesale-soap-dishes-2-600x600.webp 600w, https:\/\/www.kedali.com\/wp-content\/uploads\/2026\/02\/wholesale-soap-dishes-2-100x100.webp 100w\" sizes=\"(max-width: 800px) 100vw, 800px\" \/><\/figure>\n<\/div>\n\n\n\n<div class=\"wp-block-column is-layout-flow wp-block-column-is-layout-flow\">\n<figure class=\"wp-block-image size-full\"><img decoding=\"async\" width=\"800\" height=\"800\" src=\"https:\/\/www.kedali.com\/wp-content\/uploads\/2026\/02\/wholesale-soap-dishes-3.webp\" alt=\"Gro\u00dfhandel mit Seifenschalen (3)\" class=\"wp-image-2162\" srcset=\"https:\/\/www.kedali.com\/wp-content\/uploads\/2026\/02\/wholesale-soap-dishes-3.webp 800w, https:\/\/www.kedali.com\/wp-content\/uploads\/2026\/02\/wholesale-soap-dishes-3-300x300.webp 300w, https:\/\/www.kedali.com\/wp-content\/uploads\/2026\/02\/wholesale-soap-dishes-3-150x150.webp 150w, https:\/\/www.kedali.com\/wp-content\/uploads\/2026\/02\/wholesale-soap-dishes-3-768x768.webp 768w, https:\/\/www.kedali.com\/wp-content\/uploads\/2026\/02\/wholesale-soap-dishes-3-12x12.webp 12w, https:\/\/www.kedali.com\/wp-content\/uploads\/2026\/02\/wholesale-soap-dishes-3-600x600.webp 600w, https:\/\/www.kedali.com\/wp-content\/uploads\/2026\/02\/wholesale-soap-dishes-3-100x100.webp 100w\" sizes=\"(max-width: 800px) 100vw, 800px\" \/><\/figure>\n<\/div>\n<\/div>","protected":false},"excerpt":{"rendered":"<p>Professionelle Gro\u00dfhandel Seifenschale Hersteller aus China, die charmante Badewanne-f\u00f6rmige Keramik Seifenschalen. Wasserdicht, Mehrzweck und langlebig, perfekt f\u00fcr B\u00e4der und Waschbecken. Wir bieten globale Versorgung mit OEM\/ODM-Unterst\u00fctzung. Kontaktieren Sie uns heute.<\/p>\n<h2>Spezifikationen f\u00fcr Seifenschalen aus Keramik<\/h2>\n<table width=\"235\">\n<tbody>\n<tr>\n<td width=\"69\">Marke<\/td>\n<td width=\"166\">KDL<\/td>\n<\/tr>\n<tr>\n<td width=\"69\">Modell<\/td>\n<td width=\"166\">bs247-5.5<\/td>\n<\/tr>\n<tr>\n<td width=\"69\">Material<\/td>\n<td width=\"166\">Keramik<\/td>\n<\/tr>\n<tr>\n<td width=\"69\">Farbe<\/td>\n<td width=\"166\">schwarz\/braun<\/td>\n<\/tr>\n<tr>\n<td width=\"69\">Anmeldung<\/td>\n<td width=\"166\">Seifenschale<\/td>\n<\/tr>\n<tr>\n<td width=\"69\">Merkmal<\/td>\n<td width=\"166\">Aufkleber<\/td>\n<\/tr>\n<tr>\n<td width=\"69\">Abmessungen<\/td>\n<td width=\"166\">14,2\u00d77,7\u00d77,7 cm<\/td>\n<\/tr>\n<tr>\n<td width=\"69\">Bruttogewicht (kg)<\/td>\n<td width=\"166\">0,3\/St\u00fcck<\/td>\n<\/tr>\n<tr>\n<td width=\"69\">Mindestbestellmenge<\/td>\n<td width=\"166\">800 S\u00e4tze<\/td>\n<\/tr>\n<\/tbody>\n<\/table>\n<p>&nbsp;<\/p>\n<p>&nbsp;<\/p>\n<p>&nbsp;<\/p>\n<p><script src=\"chrome-extension:\/\/fpelahbljekknahkcaegamhcndkfpfnc\/iFrame.js\" type=\"text\/javascript\"><\/script><\/p>\n<p>\n<script src=\"chrome-extension:\/\/fpelahbljekknahkcaegamhcndkfpfnc\/iFrame.js\" type=\"text\/javascript\"><\/script><\/p>","protected":false},"featured_media":2160,"comment_status":"closed","ping_status":"closed","template":"","meta":{"_acf_changed":false},"product_brand":[],"product_cat":[17,33],"product_tag":[],"class_list":{"0":"post-2158","1":"product","2":"type-product","3":"status-publish","4":"has-post-thumbnail","6":"product_cat-wholesale-ceramic-bathroom-accessories","7":"product_cat-wholesale-ceramic-soap-dishes","9":"first","10":"instock","11":"shipping-taxable","12":"product-type-simple"},"acf":[],"_links":{"self":[{"href":"https:\/\/www.kedali.com\/de\/wp-json\/wp\/v2\/product\/2158","targetHints":{"allow":["GET"]}}],"collection":[{"href":"https:\/\/www.kedali.com\/de\/wp-json\/wp\/v2\/product"}],"about":[{"href":"https:\/\/www.kedali.com\/de\/wp-json\/wp\/v2\/types\/product"}],"replies":[{"embeddable":true,"href":"https:\/\/www.kedali.com\/de\/wp-json\/wp\/v2\/comments?post=2158"}],"wp:featuredmedia":[{"embeddable":true,"href":"https:\/\/www.kedali.com\/de\/wp-json\/wp\/v2\/media\/2160"}],"wp:attachment":[{"href":"https:\/\/www.kedali.com\/de\/wp-json\/wp\/v2\/media?parent=2158"}],"wp:term":[{"taxonomy":"product_brand","embeddable":true,"href":"https:\/\/www.kedali.com\/de\/wp-json\/wp\/v2\/product_brand?post=2158"},{"taxonomy":"product_cat","embeddable":true,"href":"https:\/\/www.kedali.com\/de\/wp-json\/wp\/v2\/product_cat?post=2158"},{"taxonomy":"product_tag","embeddable":true,"href":"https:\/\/www.kedali.com\/de\/wp-json\/wp\/v2\/product_tag?post=2158"}],"curies":[{"name":"wp","href":"https:\/\/api.w.org\/{rel}","templated":true}]}}