{"id":2165,"date":"2026-02-24T07:50:41","date_gmt":"2026-02-24T07:50:41","guid":{"rendered":"https:\/\/www.kedali.com\/?post_type=product&#038;p=2165"},"modified":"2026-02-24T08:20:07","modified_gmt":"2026-02-24T08:20:07","slug":"luxury-ceramic-soap-dish-wholesale","status":"publish","type":"product","link":"https:\/\/www.kedali.com\/de\/produkt\/luxury-ceramic-soap-dish-wholesale\/","title":{"rendered":"Luxus Seifenschale Gro\u00dfhandel, Mini-Badewanne-f\u00f6rmigen keramischen Seifenschale mit Gold Akzenten - Seifenschale Hersteller"},"content":{"rendered":"<div class=\"wp-block-columns is-layout-flex wp-container-core-columns-is-layout-9d6595d7 wp-block-columns-is-layout-flex\">\n<div class=\"wp-block-column is-layout-flow wp-block-column-is-layout-flow\">\n<h3 class=\"wp-block-heading\">Eigenschaften von Keramikseifenschalen<\/h3>\n\n\n\n<ul class=\"wp-block-list\">\n<li><strong>Erstklassiges Design und visuelle Anziehungskraft:<\/strong> Diese Mini-Seifenschale in Form einer Badewanne kombiniert zarte Goldakzente mit einem klassischen Klauenfu\u00dfdesign. Sie kann Seife aufbewahren und dient gleichzeitig als dekoratives Kunstwerk.<\/li>\n\n\n\n<li><strong>Praktische Funktionalit\u00e4t:<\/strong> Die kompakte Gr\u00f6\u00dfe der Seifenschale passt perfekt auf Waschbecken und Arbeitsplatten, ohne Platz zu beanspruchen. Das erh\u00f6hte Klauenfu\u00dfdesign h\u00e4lt die Seife von stehendem Wasser fern und sorgt daf\u00fcr, dass sie trocken bleibt.<\/li>\n\n\n\n<li><strong>Vielseitige Verwendung und Geschenkwert:<\/strong> Diese Seifenschale ist ideal f\u00fcr den Hausgebrauch und eignet sich auch hervorragend f\u00fcr Hochzeiten, Einweihungen oder luxuri\u00f6se Geschenksets.<\/li>\n\n\n\n<li><strong>Zuverl\u00e4ssige Gro\u00dfhandelsversorgung:<\/strong> Als Hersteller von keramischen Seifenschalen bieten wir wettbewerbsf\u00e4hige Direktpreise, stabile Lagerbest\u00e4nde und eine konsequente Qualit\u00e4tskontrolle.<\/li>\n<\/ul>\n\n\n\n<h3 class=\"wp-block-heading\">Kundenspezifischer Service<\/h3>\n\n\n\n<ul class=\"wp-block-list\">\n<li>OEM- und ODM-Unterst\u00fctzung<\/li>\n\n\n\n<li>Schnelle Musterlieferung.<\/li>\n\n\n\n<li>Wir bieten kundenspezifische Produktform, Farbe, Muster, Verpackung und andere kundenspezifische Dienstleistungen an.<\/li>\n<\/ul>\n<\/div>\n\n\n\n<div class=\"wp-block-column is-layout-flow wp-block-column-is-layout-flow\">\n<figure class=\"wp-block-image size-full\"><img decoding=\"async\" width=\"800\" height=\"800\" src=\"https:\/\/www.kedali.com\/wp-content\/uploads\/2026\/02\/soap-dish-dimensions-1.webp\" alt=\"Abmessungen der Seifenschale\" class=\"wp-image-2166\" srcset=\"https:\/\/www.kedali.com\/wp-content\/uploads\/2026\/02\/soap-dish-dimensions-1.webp 800w, https:\/\/www.kedali.com\/wp-content\/uploads\/2026\/02\/soap-dish-dimensions-1-300x300.webp 300w, https:\/\/www.kedali.com\/wp-content\/uploads\/2026\/02\/soap-dish-dimensions-1-150x150.webp 150w, https:\/\/www.kedali.com\/wp-content\/uploads\/2026\/02\/soap-dish-dimensions-1-768x768.webp 768w, https:\/\/www.kedali.com\/wp-content\/uploads\/2026\/02\/soap-dish-dimensions-1-12x12.webp 12w, https:\/\/www.kedali.com\/wp-content\/uploads\/2026\/02\/soap-dish-dimensions-1-600x600.webp 600w, https:\/\/www.kedali.com\/wp-content\/uploads\/2026\/02\/soap-dish-dimensions-1-100x100.webp 100w\" sizes=\"(max-width: 800px) 100vw, 800px\" \/><\/figure>\n<\/div>\n<\/div>\n\n\n\n<div class=\"wp-block-columns is-layout-flex wp-container-core-columns-is-layout-9d6595d7 wp-block-columns-is-layout-flex\">\n<div class=\"wp-block-column is-layout-flow wp-block-column-is-layout-flow\">\n<figure class=\"wp-block-image size-full\"><img decoding=\"async\" width=\"800\" height=\"800\" src=\"https:\/\/www.kedali.com\/wp-content\/uploads\/2026\/02\/soap-dish-wholesale-4.webp\" alt=\"Seifenschale Gro\u00dfhandel (4)\" class=\"wp-image-2170\" srcset=\"https:\/\/www.kedali.com\/wp-content\/uploads\/2026\/02\/soap-dish-wholesale-4.webp 800w, https:\/\/www.kedali.com\/wp-content\/uploads\/2026\/02\/soap-dish-wholesale-4-300x300.webp 300w, https:\/\/www.kedali.com\/wp-content\/uploads\/2026\/02\/soap-dish-wholesale-4-150x150.webp 150w, https:\/\/www.kedali.com\/wp-content\/uploads\/2026\/02\/soap-dish-wholesale-4-768x768.webp 768w, https:\/\/www.kedali.com\/wp-content\/uploads\/2026\/02\/soap-dish-wholesale-4-12x12.webp 12w, https:\/\/www.kedali.com\/wp-content\/uploads\/2026\/02\/soap-dish-wholesale-4-600x600.webp 600w, https:\/\/www.kedali.com\/wp-content\/uploads\/2026\/02\/soap-dish-wholesale-4-100x100.webp 100w\" sizes=\"(max-width: 800px) 100vw, 800px\" \/><\/figure>\n<\/div>\n\n\n\n<div class=\"wp-block-column is-layout-flow wp-block-column-is-layout-flow\">\n<figure class=\"wp-block-image size-full\"><img decoding=\"async\" width=\"800\" height=\"800\" src=\"https:\/\/www.kedali.com\/wp-content\/uploads\/2026\/02\/soap-dish-wholesale-5.webp\" alt=\"Seifenschale Gro\u00dfhandel (5)\" class=\"wp-image-2171\" srcset=\"https:\/\/www.kedali.com\/wp-content\/uploads\/2026\/02\/soap-dish-wholesale-5.webp 800w, https:\/\/www.kedali.com\/wp-content\/uploads\/2026\/02\/soap-dish-wholesale-5-300x300.webp 300w, https:\/\/www.kedali.com\/wp-content\/uploads\/2026\/02\/soap-dish-wholesale-5-150x150.webp 150w, https:\/\/www.kedali.com\/wp-content\/uploads\/2026\/02\/soap-dish-wholesale-5-768x768.webp 768w, https:\/\/www.kedali.com\/wp-content\/uploads\/2026\/02\/soap-dish-wholesale-5-12x12.webp 12w, https:\/\/www.kedali.com\/wp-content\/uploads\/2026\/02\/soap-dish-wholesale-5-600x600.webp 600w, https:\/\/www.kedali.com\/wp-content\/uploads\/2026\/02\/soap-dish-wholesale-5-100x100.webp 100w\" sizes=\"(max-width: 800px) 100vw, 800px\" \/><\/figure>\n<\/div>\n<\/div>","protected":false},"excerpt":{"rendered":"<p>Wir sind ein professionelles <a href=\"https:\/\/www.kedali.com\/de\/produkt-kategorie\/wholesale-ceramic-bathroom-accessories\/wholesale-ceramic-soap-dishes\/\" target=\"_blank\" rel=\"noopener\"><strong>Seifenschalenhersteller<\/strong><\/a>, bietet luxuri\u00f6se Mini-Seifenschalen aus Keramik in Form einer Badewanne an, die elegante goldene Akzente mit klassischem Klauenfu\u00dfdesign kombinieren. Jedes St\u00fcck dient sowohl als funktionaler Seifenhalter als auch als dekorativer Akzent. Mit zuverl\u00e4ssiger Qualit\u00e4tskontrolle und stilvollem Design sind diese Seifenschalen eine beliebte Wahl, um die \u00c4sthetik des Badezimmers zu verbessern und einen Hauch von Luxus zu vermitteln.<\/p>\n<h2>Spezifikationen f\u00fcr Seifenschalen aus Keramik<\/h2>\n<table width=\"235\">\n<tbody>\n<tr>\n<td width=\"69\">Marke<\/td>\n<td width=\"166\">KDL<\/td>\n<\/tr>\n<tr>\n<td width=\"69\">Modell<\/td>\n<td width=\"166\">BS247-5.5JFG<\/td>\n<\/tr>\n<tr>\n<td width=\"69\">Material<\/td>\n<td width=\"166\">Keramik<\/td>\n<\/tr>\n<tr>\n<td width=\"69\">Farbe<\/td>\n<td width=\"166\">wie das Bild zeigt<\/td>\n<\/tr>\n<tr>\n<td width=\"69\">Anmeldung<\/td>\n<td width=\"166\">Seifenschale<\/td>\n<\/tr>\n<tr>\n<td width=\"69\">Merkmal<\/td>\n<td width=\"166\">Elektroplatte<\/td>\n<\/tr>\n<tr>\n<td width=\"69\">Abmessungen<\/td>\n<td width=\"166\">14,2\u00d77,7\u00d77,7 cm<\/td>\n<\/tr>\n<tr>\n<td width=\"69\">Bruttogewicht (kg)<\/td>\n<td width=\"166\">0,3\/St\u00fcck<\/td>\n<\/tr>\n<tr>\n<td width=\"69\">Mindestbestellmenge<\/td>\n<td width=\"166\">800 S\u00e4tze<\/td>\n<\/tr>\n<\/tbody>\n<\/table>\n<p>&nbsp;<\/p>\n<p>\n<script src=\"chrome-extension:\/\/fpelahbljekknahkcaegamhcndkfpfnc\/iFrame.js\" type=\"text\/javascript\"><\/script><\/p>","protected":false},"featured_media":2167,"comment_status":"closed","ping_status":"closed","template":"","meta":{"_acf_changed":false},"product_brand":[],"product_cat":[17,33],"product_tag":[],"class_list":{"0":"post-2165","1":"product","2":"type-product","3":"status-publish","4":"has-post-thumbnail","6":"product_cat-wholesale-ceramic-bathroom-accessories","7":"product_cat-wholesale-ceramic-soap-dishes","9":"first","10":"instock","11":"shipping-taxable","12":"product-type-simple"},"acf":[],"_links":{"self":[{"href":"https:\/\/www.kedali.com\/de\/wp-json\/wp\/v2\/product\/2165","targetHints":{"allow":["GET"]}}],"collection":[{"href":"https:\/\/www.kedali.com\/de\/wp-json\/wp\/v2\/product"}],"about":[{"href":"https:\/\/www.kedali.com\/de\/wp-json\/wp\/v2\/types\/product"}],"replies":[{"embeddable":true,"href":"https:\/\/www.kedali.com\/de\/wp-json\/wp\/v2\/comments?post=2165"}],"wp:featuredmedia":[{"embeddable":true,"href":"https:\/\/www.kedali.com\/de\/wp-json\/wp\/v2\/media\/2167"}],"wp:attachment":[{"href":"https:\/\/www.kedali.com\/de\/wp-json\/wp\/v2\/media?parent=2165"}],"wp:term":[{"taxonomy":"product_brand","embeddable":true,"href":"https:\/\/www.kedali.com\/de\/wp-json\/wp\/v2\/product_brand?post=2165"},{"taxonomy":"product_cat","embeddable":true,"href":"https:\/\/www.kedali.com\/de\/wp-json\/wp\/v2\/product_cat?post=2165"},{"taxonomy":"product_tag","embeddable":true,"href":"https:\/\/www.kedali.com\/de\/wp-json\/wp\/v2\/product_tag?post=2165"}],"curies":[{"name":"wp","href":"https:\/\/api.w.org\/{rel}","templated":true}]}}