{"id":2172,"date":"2026-02-24T08:29:02","date_gmt":"2026-02-24T08:29:02","guid":{"rendered":"https:\/\/www.kedali.com\/?post_type=product&#038;p=2172"},"modified":"2026-02-24T09:19:51","modified_gmt":"2026-02-24T09:19:51","slug":"colorful-bathtub-soap-dish-bulk-supply","status":"publish","type":"product","link":"https:\/\/www.kedali.com\/de\/produkt\/colorful-bathtub-soap-dish-bulk-supply\/","title":{"rendered":"Bunte Badewanne Seifenschale Bulk Supply - Keramische Seifenschale Lieferant"},"content":{"rendered":"<div class=\"wp-block-columns is-layout-flex wp-container-core-columns-is-layout-9d6595d7 wp-block-columns-is-layout-flex\">\n<div class=\"wp-block-column is-layout-flow wp-block-column-is-layout-flow\">\n<h3 class=\"wp-block-heading\">Eigenschaften von Seifenschalen f\u00fcr die Badewanne<\/h3>\n\n\n\n<ul class=\"wp-block-list\">\n<li><strong>Einzigartige Form der Badewanne:<\/strong> Unsere gro\u00dfen Seifenschalen haben ein charmantes, an die Badewanne angelehntes Design, das die Optik verbessert und gleichzeitig die Seife ordentlich aufbewahrt. Das macht sie zu einem stilvollen und praktischen Accessoire f\u00fcr private und Hotelb\u00e4der.<\/li>\n\n\n\n<li><strong>Lebendige und attraktive Designs:<\/strong> Unsere gro\u00dfen Seifenschalen sind in einer Vielzahl von Farben erh\u00e4ltlich, die leicht zu verschiedenen Badezimmereinrichtungen passen. Geeignet f\u00fcr den Einzelverkauf oder als Geschenksets.<\/li>\n\n\n\n<li><strong>Dauerhaftes keramisches Material: <\/strong>Diese Seifenschalen sind aus hochwertiger Keramik gefertigt, was sie robust, langlebig und resistent gegen Risse und Abbl\u00e4ttern macht. Sie k\u00f6nnen dem t\u00e4glichen Gebrauch in belebten Haushalten, Hotels oder Spas standhalten.<\/li>\n\n\n\n<li><strong>Wettbewerbsf\u00e4hige Gro\u00dfhandelspreise: <\/strong>Als Hersteller von Seifenschalen sind unsere keramischen Seifenschalen in gro\u00dfen Mengen zu wettbewerbsf\u00e4higen Preisen erh\u00e4ltlich und damit ideal f\u00fcr Hotels, Einzelh\u00e4ndler und Online-Shops.<\/li>\n<\/ul>\n\n\n\n<h3 class=\"wp-block-heading\">Kundenspezifischer Service<\/h3>\n\n\n\n<ul class=\"wp-block-list\">\n<li>OEM- und ODM-Unterst\u00fctzung<\/li>\n\n\n\n<li>Schnelle Musterlieferung.<\/li>\n\n\n\n<li>Wir bieten kundenspezifische Produktform, Farbe, Muster, Verpackung und andere kundenspezifische Dienstleistungen an.<\/li>\n<\/ul>\n<\/div>\n\n\n\n<div class=\"wp-block-column is-layout-flow wp-block-column-is-layout-flow\">\n<figure class=\"wp-block-image size-full\"><img decoding=\"async\" width=\"800\" height=\"800\" src=\"https:\/\/www.kedali.com\/wp-content\/uploads\/2026\/02\/bathtub-soap-dish-bulk\u200b-supply-3.webp\" alt=\"badewanne seifenschale bulk supply (3)\" class=\"wp-image-2175\" srcset=\"https:\/\/www.kedali.com\/wp-content\/uploads\/2026\/02\/bathtub-soap-dish-bulk\u200b-supply-3.webp 800w, https:\/\/www.kedali.com\/wp-content\/uploads\/2026\/02\/bathtub-soap-dish-bulk\u200b-supply-3-300x300.webp 300w, https:\/\/www.kedali.com\/wp-content\/uploads\/2026\/02\/bathtub-soap-dish-bulk\u200b-supply-3-150x150.webp 150w, https:\/\/www.kedali.com\/wp-content\/uploads\/2026\/02\/bathtub-soap-dish-bulk\u200b-supply-3-768x768.webp 768w, https:\/\/www.kedali.com\/wp-content\/uploads\/2026\/02\/bathtub-soap-dish-bulk\u200b-supply-3-12x12.webp 12w, https:\/\/www.kedali.com\/wp-content\/uploads\/2026\/02\/bathtub-soap-dish-bulk\u200b-supply-3-600x600.webp 600w, https:\/\/www.kedali.com\/wp-content\/uploads\/2026\/02\/bathtub-soap-dish-bulk\u200b-supply-3-100x100.webp 100w\" sizes=\"(max-width: 800px) 100vw, 800px\" \/><\/figure>\n<\/div>\n<\/div>\n\n\n\n<div class=\"wp-block-columns is-layout-flex wp-container-core-columns-is-layout-9d6595d7 wp-block-columns-is-layout-flex\">\n<div class=\"wp-block-column is-layout-flow wp-block-column-is-layout-flow\">\n<figure class=\"wp-block-image size-full\"><img decoding=\"async\" width=\"800\" height=\"800\" src=\"https:\/\/www.kedali.com\/wp-content\/uploads\/2026\/02\/bathtub-soap-dish-bulk-supply-1.webp\" alt=\"badewanne seifenschale bulk supply (1)\" class=\"wp-image-2173\" srcset=\"https:\/\/www.kedali.com\/wp-content\/uploads\/2026\/02\/bathtub-soap-dish-bulk\u200b-supply-1.webp 800w, https:\/\/www.kedali.com\/wp-content\/uploads\/2026\/02\/bathtub-soap-dish-bulk\u200b-supply-1-300x300.webp 300w, https:\/\/www.kedali.com\/wp-content\/uploads\/2026\/02\/bathtub-soap-dish-bulk\u200b-supply-1-150x150.webp 150w, https:\/\/www.kedali.com\/wp-content\/uploads\/2026\/02\/bathtub-soap-dish-bulk\u200b-supply-1-768x768.webp 768w, https:\/\/www.kedali.com\/wp-content\/uploads\/2026\/02\/bathtub-soap-dish-bulk\u200b-supply-1-12x12.webp 12w, https:\/\/www.kedali.com\/wp-content\/uploads\/2026\/02\/bathtub-soap-dish-bulk\u200b-supply-1-600x600.webp 600w, https:\/\/www.kedali.com\/wp-content\/uploads\/2026\/02\/bathtub-soap-dish-bulk\u200b-supply-1-100x100.webp 100w\" sizes=\"(max-width: 800px) 100vw, 800px\" \/><\/figure>\n<\/div>\n\n\n\n<div class=\"wp-block-column is-layout-flow wp-block-column-is-layout-flow\">\n<figure class=\"wp-block-image size-full\"><img decoding=\"async\" width=\"800\" height=\"800\" src=\"https:\/\/www.kedali.com\/wp-content\/uploads\/2026\/02\/bathtub-soap-dish-bulk\u200b-supply-2.webp\" alt=\"badewanne seifenschale bulk supply (2)\" class=\"wp-image-2174\" srcset=\"https:\/\/www.kedali.com\/wp-content\/uploads\/2026\/02\/bathtub-soap-dish-bulk\u200b-supply-2.webp 800w, https:\/\/www.kedali.com\/wp-content\/uploads\/2026\/02\/bathtub-soap-dish-bulk\u200b-supply-2-300x300.webp 300w, https:\/\/www.kedali.com\/wp-content\/uploads\/2026\/02\/bathtub-soap-dish-bulk\u200b-supply-2-150x150.webp 150w, https:\/\/www.kedali.com\/wp-content\/uploads\/2026\/02\/bathtub-soap-dish-bulk\u200b-supply-2-768x768.webp 768w, https:\/\/www.kedali.com\/wp-content\/uploads\/2026\/02\/bathtub-soap-dish-bulk\u200b-supply-2-12x12.webp 12w, https:\/\/www.kedali.com\/wp-content\/uploads\/2026\/02\/bathtub-soap-dish-bulk\u200b-supply-2-600x600.webp 600w, https:\/\/www.kedali.com\/wp-content\/uploads\/2026\/02\/bathtub-soap-dish-bulk\u200b-supply-2-100x100.webp 100w\" sizes=\"(max-width: 800px) 100vw, 800px\" \/><\/figure>\n<\/div>\n<\/div>\n\n\n\n<p><\/p>","protected":false},"excerpt":{"rendered":"<p>Unsere gro\u00dfen Seifenschalen aus Keramik zeichnen sich durch eine einzigartige, von der Badewanne inspirierte Form, leuchtende Farben und langlebiges Material aus. Sie halten die Seife trocken, sind leicht zu reinigen und ideal f\u00fcr Hotels, Privathaushalte und Spas. OEM\/ODM-Anpassung m\u00f6glich.<\/p>\n<h2>Spezifikationen f\u00fcr Seifenschale f\u00fcr die Badewanne<\/h2>\n<table width=\"235\">\n<tbody>\n<tr>\n<td width=\"69\">Marke<\/td>\n<td width=\"166\">KDL<\/td>\n<\/tr>\n<tr>\n<td width=\"69\">Modell<\/td>\n<td width=\"166\">BS247-5.5-K889<\/td>\n<\/tr>\n<tr>\n<td width=\"69\">Material<\/td>\n<td width=\"166\">Keramik<\/td>\n<\/tr>\n<tr>\n<td width=\"69\">Farbe<\/td>\n<td width=\"166\">Wei\u00df\/Schwarz\/Blau\/Rosa\/Orange\/Gr\u00fcn<\/td>\n<\/tr>\n<tr>\n<td width=\"69\">Anmeldung<\/td>\n<td width=\"166\">Seifenschale<\/td>\n<\/tr>\n<tr>\n<td width=\"69\">Merkmal<\/td>\n<td width=\"166\">Aufkleber<\/td>\n<\/tr>\n<tr>\n<td width=\"69\">Abmessungen<\/td>\n<td width=\"166\">14,2\u00d77,7\u00d77,7 cm<\/td>\n<\/tr>\n<tr>\n<td width=\"69\">Bruttogewicht (kg)<\/td>\n<td width=\"166\">0,3\/St\u00fcck<\/td>\n<\/tr>\n<tr>\n<td width=\"69\">Mindestbestellmenge<\/td>\n<td width=\"166\">800 S\u00e4tze<\/td>\n<\/tr>\n<\/tbody>\n<\/table>\n<p>&nbsp;<\/p>\n<p>\n<script src=\"chrome-extension:\/\/fpelahbljekknahkcaegamhcndkfpfnc\/iFrame.js\" type=\"text\/javascript\"><\/script><\/p>","protected":false},"featured_media":2173,"comment_status":"closed","ping_status":"closed","template":"","meta":{"_acf_changed":false},"product_brand":[],"product_cat":[17,33],"product_tag":[],"class_list":{"0":"post-2172","1":"product","2":"type-product","3":"status-publish","4":"has-post-thumbnail","6":"product_cat-wholesale-ceramic-bathroom-accessories","7":"product_cat-wholesale-ceramic-soap-dishes","9":"first","10":"instock","11":"shipping-taxable","12":"product-type-simple"},"acf":[],"_links":{"self":[{"href":"https:\/\/www.kedali.com\/de\/wp-json\/wp\/v2\/product\/2172","targetHints":{"allow":["GET"]}}],"collection":[{"href":"https:\/\/www.kedali.com\/de\/wp-json\/wp\/v2\/product"}],"about":[{"href":"https:\/\/www.kedali.com\/de\/wp-json\/wp\/v2\/types\/product"}],"replies":[{"embeddable":true,"href":"https:\/\/www.kedali.com\/de\/wp-json\/wp\/v2\/comments?post=2172"}],"wp:featuredmedia":[{"embeddable":true,"href":"https:\/\/www.kedali.com\/de\/wp-json\/wp\/v2\/media\/2173"}],"wp:attachment":[{"href":"https:\/\/www.kedali.com\/de\/wp-json\/wp\/v2\/media?parent=2172"}],"wp:term":[{"taxonomy":"product_brand","embeddable":true,"href":"https:\/\/www.kedali.com\/de\/wp-json\/wp\/v2\/product_brand?post=2172"},{"taxonomy":"product_cat","embeddable":true,"href":"https:\/\/www.kedali.com\/de\/wp-json\/wp\/v2\/product_cat?post=2172"},{"taxonomy":"product_tag","embeddable":true,"href":"https:\/\/www.kedali.com\/de\/wp-json\/wp\/v2\/product_tag?post=2172"}],"curies":[{"name":"wp","href":"https:\/\/api.w.org\/{rel}","templated":true}]}}