{"id":2178,"date":"2026-02-24T08:51:20","date_gmt":"2026-02-24T08:51:20","guid":{"rendered":"https:\/\/www.kedali.com\/?post_type=product&#038;p=2178"},"modified":"2026-02-24T09:17:12","modified_gmt":"2026-02-24T09:17:12","slug":"wholesale-bathtub-shaped-soap-dishes","status":"publish","type":"product","link":"https:\/\/www.kedali.com\/de\/produkt\/wholesale-bathtub-shaped-soap-dishes\/","title":{"rendered":"Keramische Badewanne Seifenschale in Bulk, Gro\u00dfhandel Badewanne geformt Seifenschale"},"content":{"rendered":"<div class=\"wp-block-columns is-layout-flex wp-container-core-columns-is-layout-9d6595d7 wp-block-columns-is-layout-flex\">\n<div class=\"wp-block-column is-layout-flow wp-block-column-is-layout-flow\">\n<h3 class=\"wp-block-heading\">Eigenschaften von Keramikseifenschalen f\u00fcr die Badewanne<\/h3>\n\n\n\n<ul class=\"wp-block-list\">\n<li><strong>Einzigartiges Badewannen-Design: <\/strong>Diese Seifenschale in Form einer Badewanne hebt sich von gew\u00f6hnlichen Seifenschalen ab und wertet jeden Raum \u00e4sthetisch auf.<\/li>\n\n\n\n<li><strong>Elegante Detaillierung: <\/strong>Die Seifenschalen aus dem Gro\u00dfhandel sind mit wundersch\u00f6nen Blumenmustern verziert und zeigen exquisite Handwerkskunst und Liebe zum Detail, die sich perfekt in verschiedene Badezimmerstile einf\u00fcgen.<\/li>\n\n\n\n<li><strong>Funktioneller Seifenhalter:<\/strong> Unsere Seifenschalen f\u00fcr den Gro\u00dfhandel verf\u00fcgen \u00fcber ein erh\u00f6htes Design mit inneren Perforationen, um die Seife hoch und trocken zu halten und zu verhindern, dass sie durchweicht und die Arbeitsfl\u00e4chen verschmutzt.<\/li>\n\n\n\n<li><strong>Leicht zu reinigen und zu pflegen:<\/strong> Die glatte, glasierte Keramikoberfl\u00e4che macht die Reinigung leicht. Einfach mit Wasser absp\u00fclen oder mit einem feuchten Tuch abwischen, um Seifenreste zu entfernen. So ist sie f\u00fcr den t\u00e4glichen Gebrauch geeignet und bleibt sauber und gl\u00e4nzend.<\/li>\n\n\n\n<li><strong>Bulk &amp; Gro\u00dfhandel freundlich:<\/strong> Unsere Seifenschalen werden zu wettbewerbsf\u00e4higen Fabrikpreisen verkauft und sind daher ideal f\u00fcr Einzelh\u00e4ndler, Geschenkel\u00e4den, Hotels und Veranstaltungsplaner und eignen sich perfekt als Erg\u00e4nzung zu Ihrem Produktsortiment.<\/li>\n<\/ul>\n\n\n\n<h3 class=\"wp-block-heading\">Kundenspezifischer Service<\/h3>\n\n\n\n<ul class=\"wp-block-list\">\n<li>OEM- und ODM-Unterst\u00fctzung<\/li>\n\n\n\n<li>Schnelle Musterlieferung.<\/li>\n\n\n\n<li>Wir bieten kundenspezifische Produktform, Farbe, Muster, Verpackung und andere kundenspezifische Dienstleistungen an.<\/li>\n<\/ul>\n<\/div>\n\n\n\n<div class=\"wp-block-column is-layout-flow wp-block-column-is-layout-flow\">\n<figure class=\"wp-block-image size-full\"><img decoding=\"async\" width=\"750\" height=\"750\" src=\"https:\/\/www.kedali.com\/wp-content\/uploads\/2026\/02\/Bathtub-shaped-soap-dish-dimensions.webp\" alt=\"Abmessungen der Seifenschale in Form einer Badewanne\" class=\"wp-image-2179\" srcset=\"https:\/\/www.kedali.com\/wp-content\/uploads\/2026\/02\/Bathtub-shaped-soap-dish-dimensions.webp 750w, https:\/\/www.kedali.com\/wp-content\/uploads\/2026\/02\/Bathtub-shaped-soap-dish-dimensions-300x300.webp 300w, https:\/\/www.kedali.com\/wp-content\/uploads\/2026\/02\/Bathtub-shaped-soap-dish-dimensions-150x150.webp 150w, https:\/\/www.kedali.com\/wp-content\/uploads\/2026\/02\/Bathtub-shaped-soap-dish-dimensions-12x12.webp 12w, https:\/\/www.kedali.com\/wp-content\/uploads\/2026\/02\/Bathtub-shaped-soap-dish-dimensions-600x600.webp 600w, https:\/\/www.kedali.com\/wp-content\/uploads\/2026\/02\/Bathtub-shaped-soap-dish-dimensions-100x100.webp 100w\" sizes=\"(max-width: 750px) 100vw, 750px\" \/><\/figure>\n<\/div>\n<\/div>\n\n\n\n<div class=\"wp-block-columns is-layout-flex wp-container-core-columns-is-layout-9d6595d7 wp-block-columns-is-layout-flex\">\n<div class=\"wp-block-column is-layout-flow wp-block-column-is-layout-flow\"><\/div>\n\n\n\n<div class=\"wp-block-column is-layout-flow wp-block-column-is-layout-flow\"><\/div>\n<\/div>\n\n\n\n<div class=\"wp-block-columns is-layout-flex wp-container-core-columns-is-layout-9d6595d7 wp-block-columns-is-layout-flex\">\n<div class=\"wp-block-column is-layout-flow wp-block-column-is-layout-flow\">\n<figure class=\"wp-block-image size-full\"><img decoding=\"async\" width=\"800\" height=\"800\" src=\"https:\/\/www.kedali.com\/wp-content\/uploads\/2026\/02\/wholesale-bathtub-shaped-soap-dish-2.webp\" alt=\"Gro\u00dfhandel Badewanne geformt Seifenschale (2)\" class=\"wp-image-2181\" srcset=\"https:\/\/www.kedali.com\/wp-content\/uploads\/2026\/02\/wholesale-bathtub-shaped-soap-dish-2.webp 800w, https:\/\/www.kedali.com\/wp-content\/uploads\/2026\/02\/wholesale-bathtub-shaped-soap-dish-2-300x300.webp 300w, https:\/\/www.kedali.com\/wp-content\/uploads\/2026\/02\/wholesale-bathtub-shaped-soap-dish-2-150x150.webp 150w, https:\/\/www.kedali.com\/wp-content\/uploads\/2026\/02\/wholesale-bathtub-shaped-soap-dish-2-768x768.webp 768w, https:\/\/www.kedali.com\/wp-content\/uploads\/2026\/02\/wholesale-bathtub-shaped-soap-dish-2-12x12.webp 12w, https:\/\/www.kedali.com\/wp-content\/uploads\/2026\/02\/wholesale-bathtub-shaped-soap-dish-2-600x600.webp 600w, https:\/\/www.kedali.com\/wp-content\/uploads\/2026\/02\/wholesale-bathtub-shaped-soap-dish-2-100x100.webp 100w\" sizes=\"(max-width: 800px) 100vw, 800px\" \/><\/figure>\n<\/div>\n\n\n\n<div class=\"wp-block-column is-layout-flow wp-block-column-is-layout-flow\">\n<figure class=\"wp-block-image size-full\"><img decoding=\"async\" width=\"800\" height=\"800\" src=\"https:\/\/www.kedali.com\/wp-content\/uploads\/2026\/02\/wholesale-bathtub-shaped-soap-dish-4.webp\" alt=\"Gro\u00dfhandel Badewanne geformt Seifenschale (4)\" class=\"wp-image-2183\" srcset=\"https:\/\/www.kedali.com\/wp-content\/uploads\/2026\/02\/wholesale-bathtub-shaped-soap-dish-4.webp 800w, https:\/\/www.kedali.com\/wp-content\/uploads\/2026\/02\/wholesale-bathtub-shaped-soap-dish-4-300x300.webp 300w, https:\/\/www.kedali.com\/wp-content\/uploads\/2026\/02\/wholesale-bathtub-shaped-soap-dish-4-150x150.webp 150w, https:\/\/www.kedali.com\/wp-content\/uploads\/2026\/02\/wholesale-bathtub-shaped-soap-dish-4-768x768.webp 768w, https:\/\/www.kedali.com\/wp-content\/uploads\/2026\/02\/wholesale-bathtub-shaped-soap-dish-4-12x12.webp 12w, https:\/\/www.kedali.com\/wp-content\/uploads\/2026\/02\/wholesale-bathtub-shaped-soap-dish-4-600x600.webp 600w, https:\/\/www.kedali.com\/wp-content\/uploads\/2026\/02\/wholesale-bathtub-shaped-soap-dish-4-100x100.webp 100w\" sizes=\"(max-width: 800px) 100vw, 800px\" \/><\/figure>\n<\/div>\n<\/div>","protected":false},"excerpt":{"rendered":"<p data-pm-slice=\"0 0 []\">Gro\u00dfhandel Keramik Badewanne Seifenschalen. Diese badewannenf\u00f6rmige Seifenschale ist multifunktional und eignet sich perfekt f\u00fcr Seife, kleine Schmuckst\u00fccke oder dekorative Akzente. Ideal als ein durchdachtes Geschenk f\u00fcr Haus oder Bad Dekor. Als Keramik Seifenschale Fabrik, bieten wir qualitativ hochwertige Produkte zu wettbewerbsf\u00e4higen Gro\u00dfhandelspreisen.<\/p>\n<h2>Spezifikationen f\u00fcr Seifenschalen aus Keramik f\u00fcr die Badewanne<\/h2>\n<table width=\"235\">\n<tbody>\n<tr>\n<td width=\"69\">Marke<\/td>\n<td width=\"166\">KDL<\/td>\n<\/tr>\n<tr>\n<td width=\"69\">Modell<\/td>\n<td width=\"166\">BS247-5.5<\/td>\n<\/tr>\n<tr>\n<td width=\"69\">Material<\/td>\n<td width=\"166\">Keramik<\/td>\n<\/tr>\n<tr>\n<td width=\"69\">Farbe<\/td>\n<td width=\"166\">wei\u00df<\/td>\n<\/tr>\n<tr>\n<td width=\"69\">Anmeldung<\/td>\n<td width=\"166\">Seifenschale<\/td>\n<\/tr>\n<tr>\n<td width=\"69\">Merkmal<\/td>\n<td width=\"166\">Aufkleber<\/td>\n<\/tr>\n<tr>\n<td width=\"69\">Abmessungen<\/td>\n<td width=\"166\">14,2\u00d77,7\u00d77,7 cm<\/td>\n<\/tr>\n<tr>\n<td width=\"69\">Bruttogewicht (kg)<\/td>\n<td width=\"166\">0,3 kg\/St\u00fcck<\/td>\n<\/tr>\n<tr>\n<td width=\"69\">Mindestbestellmenge<\/td>\n<td width=\"166\">800 S\u00e4tze<\/td>\n<\/tr>\n<\/tbody>\n<\/table>\n<p>&nbsp;<\/p>\n<p>&nbsp;<\/p>\n<p>&nbsp;<\/p>\n<p>\n<script src=\"chrome-extension:\/\/fpelahbljekknahkcaegamhcndkfpfnc\/iFrame.js\" type=\"text\/javascript\"><\/script><\/p>","protected":false},"featured_media":2181,"comment_status":"closed","ping_status":"closed","template":"","meta":{"_acf_changed":false},"product_brand":[],"product_cat":[17,33],"product_tag":[],"class_list":{"0":"post-2178","1":"product","2":"type-product","3":"status-publish","4":"has-post-thumbnail","6":"product_cat-wholesale-ceramic-bathroom-accessories","7":"product_cat-wholesale-ceramic-soap-dishes","9":"first","10":"instock","11":"shipping-taxable","12":"product-type-simple"},"acf":[],"_links":{"self":[{"href":"https:\/\/www.kedali.com\/de\/wp-json\/wp\/v2\/product\/2178","targetHints":{"allow":["GET"]}}],"collection":[{"href":"https:\/\/www.kedali.com\/de\/wp-json\/wp\/v2\/product"}],"about":[{"href":"https:\/\/www.kedali.com\/de\/wp-json\/wp\/v2\/types\/product"}],"replies":[{"embeddable":true,"href":"https:\/\/www.kedali.com\/de\/wp-json\/wp\/v2\/comments?post=2178"}],"wp:featuredmedia":[{"embeddable":true,"href":"https:\/\/www.kedali.com\/de\/wp-json\/wp\/v2\/media\/2181"}],"wp:attachment":[{"href":"https:\/\/www.kedali.com\/de\/wp-json\/wp\/v2\/media?parent=2178"}],"wp:term":[{"taxonomy":"product_brand","embeddable":true,"href":"https:\/\/www.kedali.com\/de\/wp-json\/wp\/v2\/product_brand?post=2178"},{"taxonomy":"product_cat","embeddable":true,"href":"https:\/\/www.kedali.com\/de\/wp-json\/wp\/v2\/product_cat?post=2178"},{"taxonomy":"product_tag","embeddable":true,"href":"https:\/\/www.kedali.com\/de\/wp-json\/wp\/v2\/product_tag?post=2178"}],"curies":[{"name":"wp","href":"https:\/\/api.w.org\/{rel}","templated":true}]}}