{"id":2184,"date":"2026-02-24T09:25:41","date_gmt":"2026-02-24T09:25:41","guid":{"rendered":"https:\/\/www.kedali.com\/?post_type=product&#038;p=2184"},"modified":"2026-02-24T09:46:40","modified_gmt":"2026-02-24T09:46:40","slug":"wholesale-bathtub-soap-dishes","status":"publish","type":"product","link":"https:\/\/www.kedali.com\/de\/produkt\/wholesale-bathtub-soap-dishes\/","title":{"rendered":"Gro\u00dfhandel Badewanne Seife Dish in Bulk - Bulk Seife Gerichte Lieferanten"},"content":{"rendered":"<div class=\"wp-block-columns is-layout-flex wp-container-core-columns-is-layout-9d6595d7 wp-block-columns-is-layout-flex\">\n<div class=\"wp-block-column is-layout-flow wp-block-column-is-layout-flow\">\n<h3 class=\"wp-block-heading\">Eigenschaften von Keramikseifenschalen f\u00fcr die Badewanne<\/h3>\n\n\n\n<ul class=\"wp-block-list\">\n<li><strong>Klassisches und elegantes Design:<\/strong> Diese Seifenschale hat ein klassisches Badewannendesign und bietet eine Vielzahl von Mustern zur Auswahl, darunter Lavendel und Rosen, die von der \u00c4sthetik des franz\u00f6sischen Landlebens inspiriert sind.<\/li>\n\n\n\n<li><strong>Anpassbare Muster:<\/strong> Diese Seifenschale bietet eine Vielzahl von klassischen Designs und Mustern und l\u00e4sst sich an verschiedene Einrichtungsstile oder pers\u00f6nliche Vorlieben anpassen.<\/li>\n\n\n\n<li><strong>Gro\u00dfhandel und Gro\u00dfeinkauf sind m\u00f6glich:<\/strong> Als Hersteller von Seifenschalen verf\u00fcgen wir \u00fcber eine hohe Produktionskapazit\u00e4t und einen stabilen Lagerbestand und bieten B2B-K\u00e4ufern wettbewerbsf\u00e4hige Gro\u00dfhandelspreise.<\/li>\n\n\n\n<li><strong>OEM- und ODM-Anpassung verf\u00fcgbar:<\/strong> F\u00fcr Unternehmen und Marken bieten diese Seifenschalen umfassende M\u00f6glichkeiten zur individuellen Gestaltung, einschlie\u00dflich einzigartiger Muster, Farben oder Verpackungsdesigns.<\/li>\n<\/ul>\n\n\n\n<h3 class=\"wp-block-heading\">Kundenspezifischer Service<\/h3>\n\n\n\n<ul class=\"wp-block-list\">\n<li>OEM- und ODM-Unterst\u00fctzung<\/li>\n\n\n\n<li>Schnelle Musterlieferung.<\/li>\n\n\n\n<li>Wir bieten kundenspezifische Produktform, Farbe, Muster, Verpackung und andere kundenspezifische Dienstleistungen an.<\/li>\n<\/ul>\n<\/div>\n\n\n\n<div class=\"wp-block-column is-layout-flow wp-block-column-is-layout-flow\">\n<figure class=\"wp-block-image size-full\"><img decoding=\"async\" width=\"750\" height=\"750\" src=\"https:\/\/www.kedali.com\/wp-content\/uploads\/2026\/02\/bathtub-soap-dishes-details.webp\" alt=\"badewanne seifenschalen details\" class=\"wp-image-2185\" srcset=\"https:\/\/www.kedali.com\/wp-content\/uploads\/2026\/02\/bathtub-soap-dishes-details.webp 750w, https:\/\/www.kedali.com\/wp-content\/uploads\/2026\/02\/bathtub-soap-dishes-details-300x300.webp 300w, https:\/\/www.kedali.com\/wp-content\/uploads\/2026\/02\/bathtub-soap-dishes-details-150x150.webp 150w, https:\/\/www.kedali.com\/wp-content\/uploads\/2026\/02\/bathtub-soap-dishes-details-12x12.webp 12w, https:\/\/www.kedali.com\/wp-content\/uploads\/2026\/02\/bathtub-soap-dishes-details-600x600.webp 600w, https:\/\/www.kedali.com\/wp-content\/uploads\/2026\/02\/bathtub-soap-dishes-details-100x100.webp 100w\" sizes=\"(max-width: 750px) 100vw, 750px\" \/><\/figure>\n<\/div>\n<\/div>\n\n\n\n<div class=\"wp-block-columns is-layout-flex wp-container-core-columns-is-layout-9d6595d7 wp-block-columns-is-layout-flex\">\n<div class=\"wp-block-column is-layout-flow wp-block-column-is-layout-flow\">\n<figure class=\"wp-block-image size-full\"><img decoding=\"async\" width=\"800\" height=\"800\" src=\"https:\/\/www.kedali.com\/wp-content\/uploads\/2026\/02\/wholesale-bathtub-soap-dish-in-bulk-1.webp\" alt=\"Gro\u00dfhandel Badewanne Seifenschale in loser Sch\u00fcttung (1)\" class=\"wp-image-2186\" srcset=\"https:\/\/www.kedali.com\/wp-content\/uploads\/2026\/02\/wholesale-bathtub-soap-dish-in-bulk-1.webp 800w, https:\/\/www.kedali.com\/wp-content\/uploads\/2026\/02\/wholesale-bathtub-soap-dish-in-bulk-1-300x300.webp 300w, https:\/\/www.kedali.com\/wp-content\/uploads\/2026\/02\/wholesale-bathtub-soap-dish-in-bulk-1-150x150.webp 150w, https:\/\/www.kedali.com\/wp-content\/uploads\/2026\/02\/wholesale-bathtub-soap-dish-in-bulk-1-768x768.webp 768w, https:\/\/www.kedali.com\/wp-content\/uploads\/2026\/02\/wholesale-bathtub-soap-dish-in-bulk-1-12x12.webp 12w, https:\/\/www.kedali.com\/wp-content\/uploads\/2026\/02\/wholesale-bathtub-soap-dish-in-bulk-1-600x600.webp 600w, https:\/\/www.kedali.com\/wp-content\/uploads\/2026\/02\/wholesale-bathtub-soap-dish-in-bulk-1-100x100.webp 100w\" sizes=\"(max-width: 800px) 100vw, 800px\" \/><\/figure>\n<\/div>\n\n\n\n<div class=\"wp-block-column is-layout-flow wp-block-column-is-layout-flow\">\n<figure class=\"wp-block-image size-full\"><img decoding=\"async\" width=\"750\" height=\"750\" src=\"https:\/\/www.kedali.com\/wp-content\/uploads\/2026\/02\/wholesale-bathtub-soap-dish-in-bulk-2.webp\" alt=\"Gro\u00dfhandel Badewanne Seifenschale in loser Sch\u00fcttung (2)\" class=\"wp-image-2187\" srcset=\"https:\/\/www.kedali.com\/wp-content\/uploads\/2026\/02\/wholesale-bathtub-soap-dish-in-bulk-2.webp 750w, https:\/\/www.kedali.com\/wp-content\/uploads\/2026\/02\/wholesale-bathtub-soap-dish-in-bulk-2-300x300.webp 300w, https:\/\/www.kedali.com\/wp-content\/uploads\/2026\/02\/wholesale-bathtub-soap-dish-in-bulk-2-150x150.webp 150w, https:\/\/www.kedali.com\/wp-content\/uploads\/2026\/02\/wholesale-bathtub-soap-dish-in-bulk-2-12x12.webp 12w, https:\/\/www.kedali.com\/wp-content\/uploads\/2026\/02\/wholesale-bathtub-soap-dish-in-bulk-2-600x600.webp 600w, https:\/\/www.kedali.com\/wp-content\/uploads\/2026\/02\/wholesale-bathtub-soap-dish-in-bulk-2-100x100.webp 100w\" sizes=\"(max-width: 750px) 100vw, 750px\" \/><\/figure>\n<\/div>\n<\/div>","protected":false},"excerpt":{"rendered":"<p>Versch\u00f6nern Sie Ihr Bad oder Ihren Waschtisch mit unseren <strong data-start=\"171\" data-end=\"202\">Gro\u00dfhandel Badewanne Seife Sch\u00fcssel<\/strong>, ist ein charmanter Seifenhalter aus Keramik in Form einer Badewanne, inspiriert vom franz\u00f6sischen Landhausstil. Er ist in mehreren klassischen Mustern erh\u00e4ltlich, die jedes Dekor erg\u00e4nzen, und kann auch an die Marke angepasst werden. Als Hersteller bieten wir qualitativ hochwertige, zuverl\u00e4ssige Gro\u00dfverbraucherprodukte an - kontaktieren Sie uns noch heute, um zu bestellen.<\/p>\n<h2>Spezifikationen f\u00fcr Seifenschale f\u00fcr die Badewanne<\/h2>\n<table width=\"235\">\n<tbody>\n<tr>\n<td width=\"69\">Marke<\/td>\n<td width=\"166\">KDL<\/td>\n<\/tr>\n<tr>\n<td width=\"69\">Modell<\/td>\n<td width=\"166\">BS294-6<\/td>\n<\/tr>\n<tr>\n<td width=\"69\">Material<\/td>\n<td width=\"166\">Keramik<\/td>\n<\/tr>\n<tr>\n<td width=\"69\">Farbe<\/td>\n<td width=\"166\">wie das Bild zeigt<\/td>\n<\/tr>\n<tr>\n<td width=\"69\">Anmeldung<\/td>\n<td width=\"166\">Badezimmer-Seifenschale<\/td>\n<\/tr>\n<tr>\n<td width=\"69\">Merkmal<\/td>\n<td width=\"166\">Aufkleber<\/td>\n<\/tr>\n<tr>\n<td width=\"69\">Abmessungen<\/td>\n<td width=\"166\">14,6\u00d77\u00d76,3 cm<\/td>\n<\/tr>\n<tr>\n<td width=\"69\">Bruttogewicht (kg)<\/td>\n<td width=\"166\">0,3 kg\/St\u00fcck<\/td>\n<\/tr>\n<tr>\n<td width=\"69\">Mindestbestellmenge<\/td>\n<td width=\"166\">800 S\u00e4tze<\/td>\n<\/tr>\n<\/tbody>\n<\/table>\n<p>&nbsp;<\/p>\n<p>&nbsp;<\/p>\n<p>&nbsp;<\/p>\n<p>\n<script src=\"chrome-extension:\/\/fpelahbljekknahkcaegamhcndkfpfnc\/iFrame.js\" type=\"text\/javascript\"><\/script><\/p>","protected":false},"featured_media":2186,"comment_status":"closed","ping_status":"closed","template":"","meta":{"_acf_changed":false},"product_brand":[],"product_cat":[17,33],"product_tag":[],"class_list":{"0":"post-2184","1":"product","2":"type-product","3":"status-publish","4":"has-post-thumbnail","6":"product_cat-wholesale-ceramic-bathroom-accessories","7":"product_cat-wholesale-ceramic-soap-dishes","9":"first","10":"instock","11":"shipping-taxable","12":"product-type-simple"},"acf":[],"_links":{"self":[{"href":"https:\/\/www.kedali.com\/de\/wp-json\/wp\/v2\/product\/2184","targetHints":{"allow":["GET"]}}],"collection":[{"href":"https:\/\/www.kedali.com\/de\/wp-json\/wp\/v2\/product"}],"about":[{"href":"https:\/\/www.kedali.com\/de\/wp-json\/wp\/v2\/types\/product"}],"replies":[{"embeddable":true,"href":"https:\/\/www.kedali.com\/de\/wp-json\/wp\/v2\/comments?post=2184"}],"wp:featuredmedia":[{"embeddable":true,"href":"https:\/\/www.kedali.com\/de\/wp-json\/wp\/v2\/media\/2186"}],"wp:attachment":[{"href":"https:\/\/www.kedali.com\/de\/wp-json\/wp\/v2\/media?parent=2184"}],"wp:term":[{"taxonomy":"product_brand","embeddable":true,"href":"https:\/\/www.kedali.com\/de\/wp-json\/wp\/v2\/product_brand?post=2184"},{"taxonomy":"product_cat","embeddable":true,"href":"https:\/\/www.kedali.com\/de\/wp-json\/wp\/v2\/product_cat?post=2184"},{"taxonomy":"product_tag","embeddable":true,"href":"https:\/\/www.kedali.com\/de\/wp-json\/wp\/v2\/product_tag?post=2184"}],"curies":[{"name":"wp","href":"https:\/\/api.w.org\/{rel}","templated":true}]}}