{"id":2190,"date":"2026-02-24T09:54:37","date_gmt":"2026-02-24T09:54:37","guid":{"rendered":"https:\/\/www.kedali.com\/?post_type=product&#038;p=2190"},"modified":"2026-02-24T10:18:36","modified_gmt":"2026-02-24T10:18:36","slug":"wholesale-ceramic-soap-trays","status":"publish","type":"product","link":"https:\/\/www.kedali.com\/de\/produkt\/wholesale-ceramic-soap-trays\/","title":{"rendered":"Gro\u00dfhandel keramische Seife Tabletts, Bulk Seife Tablett Hersteller"},"content":{"rendered":"<div class=\"wp-block-columns is-layout-flex wp-container-core-columns-is-layout-9d6595d7 wp-block-columns-is-layout-flex\">\n<div class=\"wp-block-column is-layout-flow wp-block-column-is-layout-flow\">\n<h3 class=\"wp-block-heading\">Eigenschaften von Keramikseifenschalen<\/h3>\n\n\n\n<ul class=\"wp-block-list\">\n<li><strong>Funktionale Entw\u00e4sserungsplanung:<\/strong> Diese Seifenschale verf\u00fcgt \u00fcber Abflussl\u00f6cher am Boden, um Wasseransammlungen um die Seife herum zu verhindern, was Flecken reduziert und die Lebensdauer verl\u00e4ngert.<\/li>\n\n\n\n<li><strong>Gebrochene Seilgriffe:<\/strong> Die Seifenschale mit ihren aus Keramik geflochtenen Seilgriffen ist praktisch und \u00e4sthetisch zugleich und l\u00e4sst sich leicht bewegen oder umstellen.<\/li>\n\n\n\n<li><strong>Vielseitiger Einsatz in verschiedenen R\u00e4umen: <\/strong>Diese Seifenablage eignet sich f\u00fcr verschiedene Umgebungen, darunter Badezimmer, Duschen, K\u00fcchen und sogar in der N\u00e4he von Waschbecken oder Badewannen. Dank ihres eleganten Designs l\u00e4sst sie sich sowohl in funktionale als auch in dekorative Bereiche integrieren.<\/li>\n\n\n\n<li><strong>Ideal f\u00fcr Gro\u00dfhandel und Gro\u00dfbestellungen: <\/strong>Als professioneller Hersteller von Seifenschalen bieten wir hochwertiges, stilvolles Seifenzubeh\u00f6r zu wettbewerbsf\u00e4higen Preisen, ideal f\u00fcr Hotels, Spas, Pensionen oder Einzelh\u00e4ndler.<\/li>\n<\/ul>\n\n\n\n<h3 class=\"wp-block-heading\">Kundenspezifischer Service<\/h3>\n\n\n\n<ul class=\"wp-block-list\">\n<li>OEM- und ODM-Unterst\u00fctzung<\/li>\n\n\n\n<li>Schnelle Musterlieferung.<\/li>\n\n\n\n<li>Wir bieten kundenspezifische Produktform, Farbe, Muster, Verpackung und andere kundenspezifische Dienstleistungen an.<\/li>\n<\/ul>\n<\/div>\n\n\n\n<div class=\"wp-block-column is-layout-flow wp-block-column-is-layout-flow\">\n<figure class=\"wp-block-image size-full\"><img decoding=\"async\" width=\"800\" height=\"800\" src=\"https:\/\/www.kedali.com\/wp-content\/uploads\/2026\/02\/ceramic-soap-trays-details.webp\" alt=\"keramik seifenschalen details\" class=\"wp-image-2191\" srcset=\"https:\/\/www.kedali.com\/wp-content\/uploads\/2026\/02\/ceramic-soap-trays-details.webp 800w, https:\/\/www.kedali.com\/wp-content\/uploads\/2026\/02\/ceramic-soap-trays-details-300x300.webp 300w, https:\/\/www.kedali.com\/wp-content\/uploads\/2026\/02\/ceramic-soap-trays-details-150x150.webp 150w, https:\/\/www.kedali.com\/wp-content\/uploads\/2026\/02\/ceramic-soap-trays-details-768x768.webp 768w, https:\/\/www.kedali.com\/wp-content\/uploads\/2026\/02\/ceramic-soap-trays-details-12x12.webp 12w, https:\/\/www.kedali.com\/wp-content\/uploads\/2026\/02\/ceramic-soap-trays-details-600x600.webp 600w, https:\/\/www.kedali.com\/wp-content\/uploads\/2026\/02\/ceramic-soap-trays-details-100x100.webp 100w\" sizes=\"(max-width: 800px) 100vw, 800px\" \/><\/figure>\n<\/div>\n<\/div>\n\n\n\n<div class=\"wp-block-columns is-layout-flex wp-container-core-columns-is-layout-9d6595d7 wp-block-columns-is-layout-flex\">\n<div class=\"wp-block-column is-layout-flow wp-block-column-is-layout-flow\">\n<figure class=\"wp-block-image size-full\"><img decoding=\"async\" width=\"800\" height=\"800\" src=\"https:\/\/www.kedali.com\/wp-content\/uploads\/2026\/02\/wholesale-ceramic-soap-trays-3.webp\" alt=\"Gro\u00dfhandel Keramik Seifenschalen (3)\" class=\"wp-image-2194\" srcset=\"https:\/\/www.kedali.com\/wp-content\/uploads\/2026\/02\/wholesale-ceramic-soap-trays-3.webp 800w, https:\/\/www.kedali.com\/wp-content\/uploads\/2026\/02\/wholesale-ceramic-soap-trays-3-300x300.webp 300w, https:\/\/www.kedali.com\/wp-content\/uploads\/2026\/02\/wholesale-ceramic-soap-trays-3-150x150.webp 150w, https:\/\/www.kedali.com\/wp-content\/uploads\/2026\/02\/wholesale-ceramic-soap-trays-3-768x768.webp 768w, https:\/\/www.kedali.com\/wp-content\/uploads\/2026\/02\/wholesale-ceramic-soap-trays-3-12x12.webp 12w, https:\/\/www.kedali.com\/wp-content\/uploads\/2026\/02\/wholesale-ceramic-soap-trays-3-600x600.webp 600w, https:\/\/www.kedali.com\/wp-content\/uploads\/2026\/02\/wholesale-ceramic-soap-trays-3-100x100.webp 100w\" sizes=\"(max-width: 800px) 100vw, 800px\" \/><\/figure>\n<\/div>\n\n\n\n<div class=\"wp-block-column is-layout-flow wp-block-column-is-layout-flow\">\n<figure class=\"wp-block-image size-full\"><img decoding=\"async\" width=\"800\" height=\"800\" src=\"https:\/\/www.kedali.com\/wp-content\/uploads\/2026\/02\/wholesale-ceramic-soap-trays-4.webp\" alt=\"Gro\u00dfhandel Keramik Seifenschalen (4)\" class=\"wp-image-2195\" srcset=\"https:\/\/www.kedali.com\/wp-content\/uploads\/2026\/02\/wholesale-ceramic-soap-trays-4.webp 800w, https:\/\/www.kedali.com\/wp-content\/uploads\/2026\/02\/wholesale-ceramic-soap-trays-4-300x300.webp 300w, https:\/\/www.kedali.com\/wp-content\/uploads\/2026\/02\/wholesale-ceramic-soap-trays-4-150x150.webp 150w, https:\/\/www.kedali.com\/wp-content\/uploads\/2026\/02\/wholesale-ceramic-soap-trays-4-768x768.webp 768w, https:\/\/www.kedali.com\/wp-content\/uploads\/2026\/02\/wholesale-ceramic-soap-trays-4-12x12.webp 12w, https:\/\/www.kedali.com\/wp-content\/uploads\/2026\/02\/wholesale-ceramic-soap-trays-4-600x600.webp 600w, https:\/\/www.kedali.com\/wp-content\/uploads\/2026\/02\/wholesale-ceramic-soap-trays-4-100x100.webp 100w\" sizes=\"(max-width: 800px) 100vw, 800px\" \/><\/figure>\n<\/div>\n<\/div>","protected":false},"excerpt":{"rendered":"<p>Unsere Keramikseifenschalen f\u00fcr den Gro\u00dfhandel sind sowohl stilvoll als auch funktional und verf\u00fcgen \u00fcber Abflussl\u00f6cher, um die Seife trocken zu halten und ihre Lebensdauer zu verl\u00e4ngern, w\u00e4hrend sie gleichzeitig eine saubere, aufger\u00e4umte Oberfl\u00e4che bieten. Wir bieten Fabrikpreise an, die sich perfekt f\u00fcr Gro\u00dfauftr\u00e4ge eignen. Kontaktieren Sie uns noch heute.<\/p>\n<h2>Spezifikationen f\u00fcr Seifenschalen aus Keramik<\/h2>\n<table width=\"235\">\n<tbody>\n<tr>\n<td width=\"69\">Marke<\/td>\n<td width=\"166\">KDL<\/td>\n<\/tr>\n<tr>\n<td width=\"69\">Modell<\/td>\n<td width=\"166\">BS637-4SG<\/td>\n<\/tr>\n<tr>\n<td width=\"69\">Material<\/td>\n<td width=\"166\">Keramik<\/td>\n<\/tr>\n<tr>\n<td width=\"69\">Farbe<\/td>\n<td width=\"166\">wie das Bild zeigt<\/td>\n<\/tr>\n<tr>\n<td width=\"69\">Anmeldung<\/td>\n<td width=\"166\">Badezimmer-Seifenschale<\/td>\n<\/tr>\n<tr>\n<td width=\"69\">Merkmal<\/td>\n<td width=\"166\">Farbe glasiert<\/td>\n<\/tr>\n<tr>\n<td width=\"69\">Abmessungen<\/td>\n<td width=\"166\">13,3\u00d710\u00d73,8 cm<\/td>\n<\/tr>\n<tr>\n<td width=\"69\">Bruttogewicht (kg)<\/td>\n<td width=\"166\">0,3 kg\/St\u00fcck<\/td>\n<\/tr>\n<tr>\n<td width=\"69\">Mindestbestellmenge<\/td>\n<td width=\"166\">800 S\u00e4tze<\/td>\n<\/tr>\n<\/tbody>\n<\/table>\n<p>&nbsp;<\/p>\n<p>&nbsp;<\/p>\n<p>&nbsp;<\/p>\n<p>\n<script src=\"chrome-extension:\/\/fpelahbljekknahkcaegamhcndkfpfnc\/iFrame.js\" type=\"text\/javascript\"><\/script><\/p>","protected":false},"featured_media":2192,"comment_status":"closed","ping_status":"closed","template":"","meta":{"_acf_changed":false},"product_brand":[],"product_cat":[17,33],"product_tag":[],"class_list":{"0":"post-2190","1":"product","2":"type-product","3":"status-publish","4":"has-post-thumbnail","6":"product_cat-wholesale-ceramic-bathroom-accessories","7":"product_cat-wholesale-ceramic-soap-dishes","9":"first","10":"instock","11":"shipping-taxable","12":"product-type-simple"},"acf":[],"_links":{"self":[{"href":"https:\/\/www.kedali.com\/de\/wp-json\/wp\/v2\/product\/2190","targetHints":{"allow":["GET"]}}],"collection":[{"href":"https:\/\/www.kedali.com\/de\/wp-json\/wp\/v2\/product"}],"about":[{"href":"https:\/\/www.kedali.com\/de\/wp-json\/wp\/v2\/types\/product"}],"replies":[{"embeddable":true,"href":"https:\/\/www.kedali.com\/de\/wp-json\/wp\/v2\/comments?post=2190"}],"wp:featuredmedia":[{"embeddable":true,"href":"https:\/\/www.kedali.com\/de\/wp-json\/wp\/v2\/media\/2192"}],"wp:attachment":[{"href":"https:\/\/www.kedali.com\/de\/wp-json\/wp\/v2\/media?parent=2190"}],"wp:term":[{"taxonomy":"product_brand","embeddable":true,"href":"https:\/\/www.kedali.com\/de\/wp-json\/wp\/v2\/product_brand?post=2190"},{"taxonomy":"product_cat","embeddable":true,"href":"https:\/\/www.kedali.com\/de\/wp-json\/wp\/v2\/product_cat?post=2190"},{"taxonomy":"product_tag","embeddable":true,"href":"https:\/\/www.kedali.com\/de\/wp-json\/wp\/v2\/product_tag?post=2190"}],"curies":[{"name":"wp","href":"https:\/\/api.w.org\/{rel}","templated":true}]}}