{"id":2552,"date":"2026-04-01T01:15:45","date_gmt":"2026-04-01T01:15:45","guid":{"rendered":"https:\/\/www.kedali.com\/?post_type=product&#038;p=2552"},"modified":"2026-04-01T01:15:47","modified_gmt":"2026-04-01T01:15:47","slug":"wholesale-ceramic-milk-cartons","status":"publish","type":"product","link":"https:\/\/www.kedali.com\/de\/produkt\/wholesale-ceramic-milk-cartons\/","title":{"rendered":"Gro\u00dfhandel keramische Milchkartons, Zuckerdose - praktische Lagerung &amp; stilvolle dekorative Beh\u00e4lter"},"content":{"rendered":"<div class=\"wp-block-columns is-layout-flex wp-container-core-columns-is-layout-9d6595d7 wp-block-columns-is-layout-flex\">\n<div class=\"wp-block-column is-layout-flow wp-block-column-is-layout-flow\">\n<h3 class=\"wp-block-heading\">Eigenschaften von Keramik-Milchkarton<\/h3>\n\n\n\n<ul class=\"wp-block-list\">\n<li><strong>Retro-Stimmung: <\/strong>Dieser Keramik-Milchkarton erinnert mit seiner cremefarbenen Oberfl\u00e4che, der auff\u00e4lligen roten Schrift und dem \u201cAA\u201d-Stempel an den amerikanischen Stil der 1950er Jahre oder an die \u00c4sthetik eines klassischen Lebensmittelgesch\u00e4fts.<\/li>\n\n\n\n<li><strong>Vielseitiges Dekor: <\/strong>Er ist nicht nur ein praktischer Aufbewahrungsbeh\u00e4lter, sondern f\u00fcgt sich auch nahtlos in eine Vielzahl beliebter Einrichtungsstile ein und eignet sich somit perfekt zur Aufwertung von Wohnr\u00e4umen, Caf\u00e9s und Themenbereichen.<\/li>\n\n\n\n<li><strong>Multifunktionale Aufbewahrung: <\/strong>Dieser Keramik-Milchkarton eignet sich zum Aufbewahren von Milch, Getr\u00e4nken, Snacks und anderen Kleinigkeiten. Er eignet sich sowohl f\u00fcr die heimische K\u00fcche als auch als Tischdekoration und Ausstellungsst\u00fcck in Restaurants.<\/li>\n\n\n\n<li><strong>Lebensmittelecht und ungiftig: <\/strong>Hergestellt aus lebensmittelechten Materialien und sicherer Verglasung, die den internationalen Normen entsprechen und einen sicheren Kontakt mit Lebensmitteln und Getr\u00e4nken gew\u00e4hrleisten.<\/li>\n<\/ul>\n\n\n\n<h3 class=\"wp-block-heading\">Kundenspezifischer Service<\/h3>\n\n\n\n<ul class=\"wp-block-list\">\n<li>OEM- und ODM-Unterst\u00fctzung<\/li>\n\n\n\n<li>Schnelle Musterlieferung.<\/li>\n\n\n\n<li>Wir bieten kundenspezifische Produktform, Farbe, Muster, Verpackung und andere kundenspezifische Dienstleistungen an.<\/li>\n<\/ul>\n<\/div>\n\n\n\n<div class=\"wp-block-column is-layout-flow wp-block-column-is-layout-flow\">\n<figure class=\"wp-block-image size-full\"><img decoding=\"async\" width=\"1600\" height=\"1600\" src=\"https:\/\/www.kedali.com\/wp-content\/uploads\/2026\/03\/TPS167-J-3-7.jpg\" alt=\"\" class=\"wp-image-2560\" srcset=\"https:\/\/www.kedali.com\/wp-content\/uploads\/2026\/03\/TPS167-J-3-7.jpg 1600w, https:\/\/www.kedali.com\/wp-content\/uploads\/2026\/03\/TPS167-J-3-7-300x300.jpg 300w, https:\/\/www.kedali.com\/wp-content\/uploads\/2026\/03\/TPS167-J-3-7-150x150.jpg 150w, https:\/\/www.kedali.com\/wp-content\/uploads\/2026\/03\/TPS167-J-3-7-768x768.jpg 768w, https:\/\/www.kedali.com\/wp-content\/uploads\/2026\/03\/TPS167-J-3-7-12x12.jpg 12w, https:\/\/www.kedali.com\/wp-content\/uploads\/2026\/03\/TPS167-J-3-7-1200x1200.jpg 1200w, https:\/\/www.kedali.com\/wp-content\/uploads\/2026\/03\/TPS167-J-3-7-600x600.jpg 600w, https:\/\/www.kedali.com\/wp-content\/uploads\/2026\/03\/TPS167-J-3-7-100x100.jpg 100w\" sizes=\"(max-width: 1600px) 100vw, 1600px\" \/><\/figure>\n<\/div>\n<\/div>\n\n\n\n<div class=\"wp-block-columns is-layout-flex wp-container-core-columns-is-layout-9d6595d7 wp-block-columns-is-layout-flex\">\n<div class=\"wp-block-column is-layout-flow wp-block-column-is-layout-flow\">\n<figure class=\"wp-block-image size-full\"><img decoding=\"async\" width=\"1838\" height=\"1838\" src=\"https:\/\/www.kedali.com\/wp-content\/uploads\/2026\/03\/TPS167-J-3-1.png\" alt=\"\" class=\"wp-image-2554\" srcset=\"https:\/\/www.kedali.com\/wp-content\/uploads\/2026\/03\/TPS167-J-3-1.png 1838w, https:\/\/www.kedali.com\/wp-content\/uploads\/2026\/03\/TPS167-J-3-1-300x300.png 300w, https:\/\/www.kedali.com\/wp-content\/uploads\/2026\/03\/TPS167-J-3-1-150x150.png 150w, https:\/\/www.kedali.com\/wp-content\/uploads\/2026\/03\/TPS167-J-3-1-768x768.png 768w, https:\/\/www.kedali.com\/wp-content\/uploads\/2026\/03\/TPS167-J-3-1-12x12.png 12w, https:\/\/www.kedali.com\/wp-content\/uploads\/2026\/03\/TPS167-J-3-1-1200x1200.png 1200w, https:\/\/www.kedali.com\/wp-content\/uploads\/2026\/03\/TPS167-J-3-1-600x600.png 600w, https:\/\/www.kedali.com\/wp-content\/uploads\/2026\/03\/TPS167-J-3-1-100x100.png 100w\" sizes=\"(max-width: 1838px) 100vw, 1838px\" \/><\/figure>\n<\/div>\n\n\n\n<div class=\"wp-block-column is-layout-flow wp-block-column-is-layout-flow\">\n<figure class=\"wp-block-image size-full\"><img decoding=\"async\" width=\"2048\" height=\"2048\" src=\"https:\/\/www.kedali.com\/wp-content\/uploads\/2026\/03\/TPS167-J-3-3.jpg\" alt=\"\" class=\"wp-image-2556\" srcset=\"https:\/\/www.kedali.com\/wp-content\/uploads\/2026\/03\/TPS167-J-3-3.jpg 2048w, https:\/\/www.kedali.com\/wp-content\/uploads\/2026\/03\/TPS167-J-3-3-300x300.jpg 300w, https:\/\/www.kedali.com\/wp-content\/uploads\/2026\/03\/TPS167-J-3-3-150x150.jpg 150w, https:\/\/www.kedali.com\/wp-content\/uploads\/2026\/03\/TPS167-J-3-3-768x768.jpg 768w, https:\/\/www.kedali.com\/wp-content\/uploads\/2026\/03\/TPS167-J-3-3-12x12.jpg 12w, https:\/\/www.kedali.com\/wp-content\/uploads\/2026\/03\/TPS167-J-3-3-1200x1200.jpg 1200w, https:\/\/www.kedali.com\/wp-content\/uploads\/2026\/03\/TPS167-J-3-3-600x600.jpg 600w, https:\/\/www.kedali.com\/wp-content\/uploads\/2026\/03\/TPS167-J-3-3-100x100.jpg 100w\" sizes=\"(max-width: 2048px) 100vw, 2048px\" \/><\/figure>\n<\/div>\n<\/div>\n\n\n\n<div class=\"wp-block-columns is-layout-flex wp-container-core-columns-is-layout-9d6595d7 wp-block-columns-is-layout-flex\">\n<div class=\"wp-block-column is-layout-flow wp-block-column-is-layout-flow\">\n<figure class=\"wp-block-image size-full\"><img decoding=\"async\" width=\"2048\" height=\"2048\" src=\"https:\/\/www.kedali.com\/wp-content\/uploads\/2026\/03\/TPS167-J-3-1.jpg\" alt=\"\" class=\"wp-image-2553\" srcset=\"https:\/\/www.kedali.com\/wp-content\/uploads\/2026\/03\/TPS167-J-3-1.jpg 2048w, https:\/\/www.kedali.com\/wp-content\/uploads\/2026\/03\/TPS167-J-3-1-300x300.jpg 300w, https:\/\/www.kedali.com\/wp-content\/uploads\/2026\/03\/TPS167-J-3-1-150x150.jpg 150w, https:\/\/www.kedali.com\/wp-content\/uploads\/2026\/03\/TPS167-J-3-1-768x768.jpg 768w, https:\/\/www.kedali.com\/wp-content\/uploads\/2026\/03\/TPS167-J-3-1-12x12.jpg 12w, https:\/\/www.kedali.com\/wp-content\/uploads\/2026\/03\/TPS167-J-3-1-1200x1200.jpg 1200w, https:\/\/www.kedali.com\/wp-content\/uploads\/2026\/03\/TPS167-J-3-1-600x600.jpg 600w, https:\/\/www.kedali.com\/wp-content\/uploads\/2026\/03\/TPS167-J-3-1-100x100.jpg 100w\" sizes=\"(max-width: 2048px) 100vw, 2048px\" \/><\/figure>\n<\/div>\n\n\n\n<div class=\"wp-block-column is-layout-flow wp-block-column-is-layout-flow\">\n<figure class=\"wp-block-image size-full\"><img decoding=\"async\" width=\"1262\" height=\"1262\" src=\"https:\/\/www.kedali.com\/wp-content\/uploads\/2026\/03\/TPS167-J-3-4.jpg\" alt=\"\" class=\"wp-image-2557\" srcset=\"https:\/\/www.kedali.com\/wp-content\/uploads\/2026\/03\/TPS167-J-3-4.jpg 1262w, https:\/\/www.kedali.com\/wp-content\/uploads\/2026\/03\/TPS167-J-3-4-300x300.jpg 300w, https:\/\/www.kedali.com\/wp-content\/uploads\/2026\/03\/TPS167-J-3-4-150x150.jpg 150w, https:\/\/www.kedali.com\/wp-content\/uploads\/2026\/03\/TPS167-J-3-4-768x768.jpg 768w, https:\/\/www.kedali.com\/wp-content\/uploads\/2026\/03\/TPS167-J-3-4-12x12.jpg 12w, https:\/\/www.kedali.com\/wp-content\/uploads\/2026\/03\/TPS167-J-3-4-1200x1200.jpg 1200w, https:\/\/www.kedali.com\/wp-content\/uploads\/2026\/03\/TPS167-J-3-4-600x600.jpg 600w, https:\/\/www.kedali.com\/wp-content\/uploads\/2026\/03\/TPS167-J-3-4-100x100.jpg 100w\" sizes=\"(max-width: 1262px) 100vw, 1262px\" \/><\/figure>\n<\/div>\n<\/div>","protected":false},"excerpt":{"rendered":"<p>Diese Milchkartons aus Keramik sind mehr als nur funktionale Beh\u00e4lter. Mit ihrer einzigartigen und verspielten Form werten sie jeden Raum auf. Die ikonische Form der Milcht\u00fcte in Kombination mit der glatten Keramikoberfl\u00e4che macht sie zu einem auff\u00e4lligen Dekorationsst\u00fcck f\u00fcr K\u00fcchen, Couchtische, Caf\u00e9s und Auslagen im Einzelhandel.<\/p>\n<h2>Spezifikationen von Keramik-Milchkartons<\/h2>\n<table width=\"235\">\n<tbody>\n<tr>\n<td width=\"69\">Marke<\/td>\n<td width=\"166\">KDL<\/td>\n<\/tr>\n<tr>\n<td width=\"69\">Modell<\/td>\n<td width=\"166\">TPS167-J-3.5Y-B428B<\/td>\n<\/tr>\n<tr>\n<td width=\"69\">Material<\/td>\n<td width=\"166\">Keramik<\/td>\n<\/tr>\n<tr>\n<td width=\"69\">Farbe<\/td>\n<td width=\"166\">rot\/blau<\/td>\n<\/tr>\n<tr>\n<td width=\"69\">Anmeldung<\/td>\n<td width=\"166\">Keramikbeh\u00e4lter<\/td>\n<\/tr>\n<tr>\n<td width=\"69\">Merkmal<\/td>\n<td width=\"166\">Aufkleber<\/td>\n<\/tr>\n<tr>\n<td width=\"69\">Abmessungen<\/td>\n<td width=\"166\">\n<p>Wasserkocher:8*6.9*9.5cm\/<\/p>\n<p>Dose:7*7*9.8cm<\/p>\n<\/td>\n<\/tr>\n<tr>\n<td width=\"69\">Mindestbestellmenge<\/td>\n<td width=\"166\">800 S\u00e4tze<\/td>\n<\/tr>\n<\/tbody>\n<\/table>\n<p>&nbsp;<\/p>\n<p>&nbsp;<\/p>\n<p>&nbsp;<\/p>","protected":false},"featured_media":2555,"comment_status":"closed","ping_status":"closed","template":"","meta":{"_acf_changed":false},"product_brand":[],"product_cat":[19],"product_tag":[],"class_list":{"0":"post-2552","1":"product","2":"type-product","3":"status-publish","4":"has-post-thumbnail","6":"product_cat-wholesale-ceramic-tableware","8":"first","9":"instock","10":"shipping-taxable","11":"product-type-simple"},"acf":[],"_links":{"self":[{"href":"https:\/\/www.kedali.com\/de\/wp-json\/wp\/v2\/product\/2552","targetHints":{"allow":["GET"]}}],"collection":[{"href":"https:\/\/www.kedali.com\/de\/wp-json\/wp\/v2\/product"}],"about":[{"href":"https:\/\/www.kedali.com\/de\/wp-json\/wp\/v2\/types\/product"}],"replies":[{"embeddable":true,"href":"https:\/\/www.kedali.com\/de\/wp-json\/wp\/v2\/comments?post=2552"}],"wp:featuredmedia":[{"embeddable":true,"href":"https:\/\/www.kedali.com\/de\/wp-json\/wp\/v2\/media\/2555"}],"wp:attachment":[{"href":"https:\/\/www.kedali.com\/de\/wp-json\/wp\/v2\/media?parent=2552"}],"wp:term":[{"taxonomy":"product_brand","embeddable":true,"href":"https:\/\/www.kedali.com\/de\/wp-json\/wp\/v2\/product_brand?post=2552"},{"taxonomy":"product_cat","embeddable":true,"href":"https:\/\/www.kedali.com\/de\/wp-json\/wp\/v2\/product_cat?post=2552"},{"taxonomy":"product_tag","embeddable":true,"href":"https:\/\/www.kedali.com\/de\/wp-json\/wp\/v2\/product_tag?post=2552"}],"curies":[{"name":"wp","href":"https:\/\/api.w.org\/{rel}","templated":true}]}}