{"id":452,"date":"2025-10-19T06:18:57","date_gmt":"2025-10-19T06:18:57","guid":{"rendered":"https:\/\/www.kedali.com\/?post_type=product&#038;p=452"},"modified":"2026-02-14T08:25:31","modified_gmt":"2026-02-14T08:25:31","slug":"wholesale-ceramic-jewelry-storage-tray","status":"publish","type":"product","link":"https:\/\/www.kedali.com\/de\/produkt\/wholesale-ceramic-jewelry-storage-tray\/","title":{"rendered":"Gro\u00dfhandel Keramik Bad-Accessoires - Keramik-Schmuck Aufbewahrungstablett"},"content":{"rendered":"<div class=\"wp-block-columns is-layout-flex wp-container-core-columns-is-layout-9d6595d7 wp-block-columns-is-layout-flex\">\n<div class=\"wp-block-column is-layout-flow wp-block-column-is-layout-flow\">\n<h3 class=\"wp-block-heading\">Keramik-Schmuckaufbewahrungstablett Merkmale <\/h3>\n\n\n\n<ul class=\"wp-block-list\">\n<li><strong>Kreatives Design: <\/strong>Unsere keramischen Schmuckaufbewahrungsschalen ahmen die Form von Aladins Wunderlampe nach und sorgen f\u00fcr einen Hauch von Spa\u00df. Das schlichte und elegante Design und die Marmorimitation unterstreichen den Stil Ihres Zuhauses.<\/li>\n\n\n\n<li><strong>Sicheres Material: <\/strong>Die Keramik ist umweltfreundlich und ungiftig, langlebig und f\u00fcr den langfristigen Gebrauch geeignet.<\/li>\n\n\n\n<li><strong>Vielseitig: <\/strong>Sie k\u00f6nnen kleine Gegenst\u00e4nde wie Schl\u00fcssel, Snacks und Schmuck aufbewahren, aber auch als Couchtischschmuck oder dekorative Tabletts verwendet werden.<\/li>\n\n\n\n<li><strong>Bequeme Aufbewahrung: <\/strong>Die hohen Beine sorgen f\u00fcr mehr Stabilit\u00e4t, und der gut durchdachte Innenraum erm\u00f6glicht ein einfaches Sortieren und Aufbewahren.<\/li>\n\n\n\n<li><strong>Wettbewerbsf\u00e4hige Preisgestaltung: <\/strong>Als professionelles Unternehmen liefern wir keramische Badaccessoires in gro\u00dfen Mengen zu \u00e4u\u00dferst wettbewerbsf\u00e4higen Preisen und verschaffen Ihnen so einen Wettbewerbsvorteil auf dem Markt.<\/li>\n<\/ul>\n\n\n\n<h3 class=\"wp-block-heading\">Kundenspezifischer Service<\/h3>\n\n\n\n<ul class=\"wp-block-list\">\n<li>OEM- und ODM-Unterst\u00fctzung<\/li>\n\n\n\n<li>Schnelle Musterlieferung.<\/li>\n\n\n\n<li>Wir bieten kundenspezifische Produktform, Farbe, Muster, Verpackung und andere kundenspezifische Dienstleistungen an.<\/li>\n<\/ul>\n<\/div>\n\n\n\n<div class=\"wp-block-column is-layout-flow wp-block-column-is-layout-flow\">\n<figure class=\"wp-block-image size-full\"><img decoding=\"async\" width=\"800\" height=\"800\" src=\"https:\/\/www.kedali.com\/wp-content\/uploads\/2025\/10\/ceramic-bathroom-accessories-dimensions.webp\" alt=\"keramik bad accessoires abmessungen\" class=\"wp-image-453\" srcset=\"https:\/\/www.kedali.com\/wp-content\/uploads\/2025\/10\/ceramic-bathroom-accessories-dimensions.webp 800w, https:\/\/www.kedali.com\/wp-content\/uploads\/2025\/10\/ceramic-bathroom-accessories-dimensions-300x300.webp 300w, https:\/\/www.kedali.com\/wp-content\/uploads\/2025\/10\/ceramic-bathroom-accessories-dimensions-150x150.webp 150w, https:\/\/www.kedali.com\/wp-content\/uploads\/2025\/10\/ceramic-bathroom-accessories-dimensions-768x768.webp 768w, https:\/\/www.kedali.com\/wp-content\/uploads\/2025\/10\/ceramic-bathroom-accessories-dimensions-600x600.webp 600w, https:\/\/www.kedali.com\/wp-content\/uploads\/2025\/10\/ceramic-bathroom-accessories-dimensions-100x100.webp 100w\" sizes=\"(max-width: 800px) 100vw, 800px\" \/><\/figure>\n<\/div>\n<\/div>\n\n\n\n<div class=\"wp-block-columns is-layout-flex wp-container-core-columns-is-layout-9d6595d7 wp-block-columns-is-layout-flex\">\n<div class=\"wp-block-column is-layout-flow wp-block-column-is-layout-flow\">\n<figure class=\"wp-block-image size-full\"><img decoding=\"async\" width=\"800\" height=\"800\" src=\"https:\/\/www.kedali.com\/wp-content\/uploads\/2025\/10\/ceramic-jewelry-storage-table-4.webp\" alt=\"Keramik-Schmuckaufbewahrungstisch (4)\" class=\"wp-image-457\" srcset=\"https:\/\/www.kedali.com\/wp-content\/uploads\/2025\/10\/ceramic-jewelry-storage-table-4.webp 800w, https:\/\/www.kedali.com\/wp-content\/uploads\/2025\/10\/ceramic-jewelry-storage-table-4-300x300.webp 300w, https:\/\/www.kedali.com\/wp-content\/uploads\/2025\/10\/ceramic-jewelry-storage-table-4-150x150.webp 150w, https:\/\/www.kedali.com\/wp-content\/uploads\/2025\/10\/ceramic-jewelry-storage-table-4-768x768.webp 768w, https:\/\/www.kedali.com\/wp-content\/uploads\/2025\/10\/ceramic-jewelry-storage-table-4-600x600.webp 600w, https:\/\/www.kedali.com\/wp-content\/uploads\/2025\/10\/ceramic-jewelry-storage-table-4-100x100.webp 100w\" sizes=\"(max-width: 800px) 100vw, 800px\" \/><\/figure>\n<\/div>\n\n\n\n<div class=\"wp-block-column is-layout-flow wp-block-column-is-layout-flow\">\n<figure class=\"wp-block-image size-full\"><img decoding=\"async\" width=\"800\" height=\"800\" src=\"https:\/\/www.kedali.com\/wp-content\/uploads\/2025\/10\/ceramic-jewelry-storage-table-5.webp\" alt=\"Keramik-Schmuckaufbewahrungstisch (5)\" class=\"wp-image-458\" srcset=\"https:\/\/www.kedali.com\/wp-content\/uploads\/2025\/10\/ceramic-jewelry-storage-table-5.webp 800w, https:\/\/www.kedali.com\/wp-content\/uploads\/2025\/10\/ceramic-jewelry-storage-table-5-300x300.webp 300w, https:\/\/www.kedali.com\/wp-content\/uploads\/2025\/10\/ceramic-jewelry-storage-table-5-150x150.webp 150w, https:\/\/www.kedali.com\/wp-content\/uploads\/2025\/10\/ceramic-jewelry-storage-table-5-768x768.webp 768w, https:\/\/www.kedali.com\/wp-content\/uploads\/2025\/10\/ceramic-jewelry-storage-table-5-600x600.webp 600w, https:\/\/www.kedali.com\/wp-content\/uploads\/2025\/10\/ceramic-jewelry-storage-table-5-100x100.webp 100w\" sizes=\"(max-width: 800px) 100vw, 800px\" \/><\/figure>\n<\/div>\n<\/div>","protected":false},"excerpt":{"rendered":"<p>Gro\u00dfhandel Keramik Schmuck Aufbewahrungsschalen, mit einem kreativen Aladins Lampe Design und elegante faux Marmor-Muster, sind perfekt f\u00fcr die Aufbewahrung von Schmuck, Schl\u00fcssel, Snacks, oder sogar Bad Dekorationen. Wir bieten Gro\u00dfhandelspreise direkt ab Werk und unterst\u00fctzen OEM- und ODM-Bestellungen. Kontaktieren Sie uns noch heute!<\/p>\n<h2>Spezifikationen f\u00fcr Keramik-Schmuckaufbewahrungstablett<\/h2>\n<table width=\"447\">\n<tbody>\n<tr>\n<td width=\"147\">Marke<\/td>\n<td width=\"300\">KDL<\/td>\n<\/tr>\n<tr>\n<td width=\"147\">Modell<\/td>\n<td width=\"300\">TDS1963-7.5<\/td>\n<\/tr>\n<tr>\n<td width=\"147\">Farbe<\/td>\n<td width=\"300\">Marmor<\/td>\n<\/tr>\n<tr>\n<td width=\"147\">Material<\/td>\n<td width=\"300\">Keramik<\/td>\n<\/tr>\n<tr>\n<td width=\"147\">Anmeldung<\/td>\n<td width=\"300\">badezimmer<\/td>\n<\/tr>\n<tr>\n<td width=\"147\">Abmessungen<\/td>\n<td width=\"300\">18,9*11,4*8cm<\/td>\n<\/tr>\n<tr>\n<td width=\"147\">Merkmal<\/td>\n<td width=\"300\">Verglaste<\/td>\n<\/tr>\n<tr>\n<td width=\"147\">Mindestbestellmenge<\/td>\n<td width=\"300\">800St\u00fcck<\/td>\n<\/tr>\n<\/tbody>\n<\/table>\n<p>&nbsp;<\/p>\n<p>\n<script src=\"chrome-extension:\/\/fpelahbljekknahkcaegamhcndkfpfnc\/iFrame.js\" type=\"text\/javascript\"><\/script><\/p>","protected":false},"featured_media":454,"comment_status":"closed","ping_status":"closed","template":"","meta":{"_acf_changed":false},"product_brand":[],"product_cat":[38,31,17,47],"product_tag":[],"class_list":{"0":"post-452","1":"product","2":"type-product","3":"status-publish","4":"has-post-thumbnail","6":"product_cat-wholesale-ceramic-home-decor","7":"product_cat-wholesale-ceramic-bath-storage","8":"product_cat-wholesale-ceramic-bathroom-accessories","9":"product_cat-wholesale-ceramic-vases","11":"first","12":"instock","13":"shipping-taxable","14":"product-type-simple"},"acf":[],"_links":{"self":[{"href":"https:\/\/www.kedali.com\/de\/wp-json\/wp\/v2\/product\/452","targetHints":{"allow":["GET"]}}],"collection":[{"href":"https:\/\/www.kedali.com\/de\/wp-json\/wp\/v2\/product"}],"about":[{"href":"https:\/\/www.kedali.com\/de\/wp-json\/wp\/v2\/types\/product"}],"replies":[{"embeddable":true,"href":"https:\/\/www.kedali.com\/de\/wp-json\/wp\/v2\/comments?post=452"}],"wp:featuredmedia":[{"embeddable":true,"href":"https:\/\/www.kedali.com\/de\/wp-json\/wp\/v2\/media\/454"}],"wp:attachment":[{"href":"https:\/\/www.kedali.com\/de\/wp-json\/wp\/v2\/media?parent=452"}],"wp:term":[{"taxonomy":"product_brand","embeddable":true,"href":"https:\/\/www.kedali.com\/de\/wp-json\/wp\/v2\/product_brand?post=452"},{"taxonomy":"product_cat","embeddable":true,"href":"https:\/\/www.kedali.com\/de\/wp-json\/wp\/v2\/product_cat?post=452"},{"taxonomy":"product_tag","embeddable":true,"href":"https:\/\/www.kedali.com\/de\/wp-json\/wp\/v2\/product_tag?post=452"}],"curies":[{"name":"wp","href":"https:\/\/api.w.org\/{rel}","templated":true}]}}