{"id":464,"date":"2025-10-19T06:31:30","date_gmt":"2025-10-19T06:31:30","guid":{"rendered":"https:\/\/www.kedali.com\/?post_type=product&#038;p=464"},"modified":"2026-02-02T09:00:48","modified_gmt":"2026-02-02T09:00:48","slug":"wholesale-bathtub-shaped-storage-containers","status":"publish","type":"product","link":"https:\/\/www.kedali.com\/de\/produkt\/wholesale-bathtub-shaped-storage-containers\/","title":{"rendered":"Gro\u00dfhandel Bad-Accessoires - Badewanne geformt Seife, Schmuck Storage Container"},"content":{"rendered":"<div class=\"wp-block-columns is-layout-flex wp-container-core-columns-is-layout-9d6595d7 wp-block-columns-is-layout-flex\">\n<div class=\"wp-block-column is-layout-flow wp-block-column-is-layout-flow\">\n<h3 class=\"wp-block-heading\">Bad-Accessoires Merkmale<\/h3>\n\n\n\n<ul class=\"wp-block-list\">\n<li><strong>Patentiertes Design:<\/strong> Dieses Produkt ist ein patentiertes Produkt, das von unserem Unternehmen unabh\u00e4ngig entwickelt wurde. Es handelt sich um einen wannenf\u00f6rmigen Keramikspeicher.<\/li>\n\n\n\n<li><strong>Premium-Keramik-Konstruktion: <\/strong>Jedes Teil des Sets ist sorgf\u00e4ltig aus hochwertiger Keramik gefertigt und garantiert Haltbarkeit und Langlebigkeit. Die glatte, glasierte Oberfl\u00e4che verleiht Ihrer Badezimmereinrichtung einen Hauch von Raffinesse.<\/li>\n\n\n\n<li><strong>Starke Haltbarkeit: <\/strong>Aufgrund des Herstellungsverfahrens und der Materialeigenschaften von dauerhaftem Porzellan ist es sehr hitzebest\u00e4ndig und sto\u00dffest, bricht nicht so leicht, hat eine lange Lebensdauer und ist f\u00fcr den t\u00e4glichen Gebrauch geeignet.<\/li>\n\n\n\n<li><strong>Leicht zu reinigen:<\/strong> Mit unserem Keramik-Accessoire-Set ist es m\u00fchelos, die Hygiene in Ihrem Badezimmer aufrechtzuerhalten. Wischen Sie sie einfach mit einem feuchten Tuch ab, damit sie Tag f\u00fcr Tag makellos aussehen.<\/li>\n<\/ul>\n\n\n\n<h3 class=\"wp-block-heading\">Ma\u00dfgeschneiderter Service f\u00fcr Badezimmerzubeh\u00f6r<\/h3>\n\n\n\n<ul class=\"wp-block-list\">\n<li>OEM- und ODM-Unterst\u00fctzung<\/li>\n\n\n\n<li>Schnelle Musterlieferung.<\/li>\n\n\n\n<li>Wir bieten kundenspezifische Produktform, Farbe, Muster, Verpackung und andere kundenspezifische Dienstleistungen an.<\/li>\n<\/ul>\n<\/div>\n\n\n\n<div class=\"wp-block-column is-layout-flow wp-block-column-is-layout-flow\">\n<figure class=\"wp-block-image size-full\"><img decoding=\"async\" width=\"800\" height=\"800\" src=\"https:\/\/www.kedali.com\/wp-content\/uploads\/2025\/10\/Ceramic-storage-box-dimensions.webp\" alt=\"Abmessungen der keramischen Aufbewahrungsbox\" class=\"wp-image-470\" srcset=\"https:\/\/www.kedali.com\/wp-content\/uploads\/2025\/10\/Ceramic-storage-box-dimensions.webp 800w, https:\/\/www.kedali.com\/wp-content\/uploads\/2025\/10\/Ceramic-storage-box-dimensions-300x300.webp 300w, https:\/\/www.kedali.com\/wp-content\/uploads\/2025\/10\/Ceramic-storage-box-dimensions-150x150.webp 150w, https:\/\/www.kedali.com\/wp-content\/uploads\/2025\/10\/Ceramic-storage-box-dimensions-768x768.webp 768w, https:\/\/www.kedali.com\/wp-content\/uploads\/2025\/10\/Ceramic-storage-box-dimensions-600x600.webp 600w, https:\/\/www.kedali.com\/wp-content\/uploads\/2025\/10\/Ceramic-storage-box-dimensions-100x100.webp 100w\" sizes=\"(max-width: 800px) 100vw, 800px\" \/><\/figure>\n<\/div>\n<\/div>\n\n\n\n<div class=\"wp-block-columns is-layout-flex wp-container-core-columns-is-layout-9d6595d7 wp-block-columns-is-layout-flex\">\n<div class=\"wp-block-column is-layout-flow wp-block-column-is-layout-flow\">\n<figure class=\"wp-block-image size-full\"><img decoding=\"async\" width=\"800\" height=\"800\" src=\"https:\/\/www.kedali.com\/wp-content\/uploads\/2025\/10\/bathroom-shaped-ceramic-storage-box-4.webp\" alt=\"Aufbewahrungsbox aus Keramik in Badezimmerform (4)\" class=\"wp-image-468\" srcset=\"https:\/\/www.kedali.com\/wp-content\/uploads\/2025\/10\/bathroom-shaped-ceramic-storage-box-4.webp 800w, https:\/\/www.kedali.com\/wp-content\/uploads\/2025\/10\/bathroom-shaped-ceramic-storage-box-4-300x300.webp 300w, https:\/\/www.kedali.com\/wp-content\/uploads\/2025\/10\/bathroom-shaped-ceramic-storage-box-4-150x150.webp 150w, https:\/\/www.kedali.com\/wp-content\/uploads\/2025\/10\/bathroom-shaped-ceramic-storage-box-4-768x768.webp 768w, https:\/\/www.kedali.com\/wp-content\/uploads\/2025\/10\/bathroom-shaped-ceramic-storage-box-4-600x600.webp 600w, https:\/\/www.kedali.com\/wp-content\/uploads\/2025\/10\/bathroom-shaped-ceramic-storage-box-4-100x100.webp 100w\" sizes=\"(max-width: 800px) 100vw, 800px\" \/><\/figure>\n<\/div>\n\n\n\n<div class=\"wp-block-column is-layout-flow wp-block-column-is-layout-flow\">\n<figure class=\"wp-block-image size-full\"><img decoding=\"async\" width=\"800\" height=\"800\" src=\"https:\/\/www.kedali.com\/wp-content\/uploads\/2025\/10\/bathroom-shaped-ceramic-storage-box-5.webp\" alt=\"Aufbewahrungsbox aus Keramik in Form eines Badezimmers (5)\" class=\"wp-image-469\" srcset=\"https:\/\/www.kedali.com\/wp-content\/uploads\/2025\/10\/bathroom-shaped-ceramic-storage-box-5.webp 800w, https:\/\/www.kedali.com\/wp-content\/uploads\/2025\/10\/bathroom-shaped-ceramic-storage-box-5-300x300.webp 300w, https:\/\/www.kedali.com\/wp-content\/uploads\/2025\/10\/bathroom-shaped-ceramic-storage-box-5-150x150.webp 150w, https:\/\/www.kedali.com\/wp-content\/uploads\/2025\/10\/bathroom-shaped-ceramic-storage-box-5-768x768.webp 768w, https:\/\/www.kedali.com\/wp-content\/uploads\/2025\/10\/bathroom-shaped-ceramic-storage-box-5-600x600.webp 600w, https:\/\/www.kedali.com\/wp-content\/uploads\/2025\/10\/bathroom-shaped-ceramic-storage-box-5-100x100.webp 100w\" sizes=\"(max-width: 800px) 100vw, 800px\" \/><\/figure>\n<\/div>\n<\/div>","protected":false},"excerpt":{"rendered":"<p>Dieser patentierte Keramikbeh\u00e4lter in Form einer Badewanne ist ein einzigartiges, hochwertiges Badezimmer-Accessoire, das Stil und Funktionalit\u00e4t vereint - perfekt f\u00fcr die Aufbewahrung von Seife, Schmuck oder anderen kleinen Dingen. Kontaktieren Sie uns f\u00fcr ein Angebot.<\/p>\n<h2>Technische Daten des wannenf\u00f6rmigen Aufbewahrungsbeh\u00e4lters<\/h2>\n<table style=\"border-collapse: collapse;width: 689px;height: 247px\" border=\"0\" width=\"447\" cellspacing=\"0\" cellpadding=\"0\">\n<tbody>\n<tr style=\"height: 13.50pt\">\n<td class=\"et2\" style=\"height: 13.50pt;width: 110.25pt\" width=\"147\" height=\"18\">Marke<\/td>\n<td class=\"et2\" style=\"width: 225.00pt\" width=\"300\">KDL<\/td>\n<\/tr>\n<tr style=\"height: 13.50pt\">\n<td class=\"et2\" style=\"height: 13.50pt;width: 110.25pt\" width=\"147\" height=\"18\">Modell<\/td>\n<td class=\"et2\" style=\"width: 225.00pt\" width=\"300\">BDL205-10-K306&amp;K146<\/td>\n<\/tr>\n<tr style=\"height: 13.50pt\">\n<td class=\"et2\" style=\"height: 13.50pt;width: 110.25pt\" width=\"147\" height=\"18\">Farbe<\/td>\n<td class=\"et2\" style=\"width: 225.00pt\" width=\"300\">wei\u00df<\/td>\n<\/tr>\n<tr style=\"height: 13.50pt\">\n<td class=\"et2\" style=\"height: 13.50pt;width: 110.25pt\" width=\"147\" height=\"18\">Material<\/td>\n<td class=\"et2\" style=\"width: 225.00pt\" width=\"300\">Keramik<\/td>\n<\/tr>\n<tr style=\"height: 13.50pt\">\n<td class=\"et2\" style=\"height: 13.50pt;width: 110.25pt\" width=\"147\" height=\"18\">Anmeldung<\/td>\n<td class=\"et2\" style=\"width: 225.00pt\" width=\"300\">Badablage<\/td>\n<\/tr>\n<tr style=\"height: 14.00pt\">\n<td class=\"et2\" style=\"height: 14.00pt;width: 110.25pt\" width=\"147\" height=\"18\">Abmessungen<\/td>\n<td class=\"et2\" style=\"width: 225.00pt\" width=\"300\">24,3*12,7*11cm<\/td>\n<\/tr>\n<tr style=\"height: 14.00pt\">\n<td class=\"et2\" style=\"height: 14.00pt;width: 110.25pt\" width=\"147\" height=\"18\">Bruttogewicht (kg)<\/td>\n<td class=\"et2\" style=\"width: 225.00pt\" width=\"300\">0,58kg\/SET<\/td>\n<\/tr>\n<tr style=\"height: 13.50pt\">\n<td class=\"et2\" style=\"height: 13.50pt;width: 110.25pt\" width=\"147\" height=\"18\">Merkmal<\/td>\n<td class=\"et2\" style=\"width: 225.00pt\" width=\"300\">Aufkleber<\/td>\n<\/tr>\n<tr style=\"height: 27.00pt\">\n<td class=\"et2\" style=\"height: 27.00pt;width: 110.25pt\" width=\"147\" height=\"36\">Mindestbestellmenge<\/td>\n<td class=\"et2\" style=\"width: 225.00pt\" width=\"300\">800St\u00fcck<\/td>\n<\/tr>\n<\/tbody>\n<\/table>","protected":false},"featured_media":465,"comment_status":"closed","ping_status":"closed","template":"","meta":{"_acf_changed":false},"product_brand":[],"product_cat":[17,31],"product_tag":[],"class_list":{"0":"post-464","1":"product","2":"type-product","3":"status-publish","4":"has-post-thumbnail","6":"product_cat-wholesale-ceramic-bathroom-accessories","7":"product_cat-wholesale-ceramic-bath-storage","9":"first","10":"instock","11":"shipping-taxable","12":"product-type-simple"},"acf":[],"_links":{"self":[{"href":"https:\/\/www.kedali.com\/de\/wp-json\/wp\/v2\/product\/464","targetHints":{"allow":["GET"]}}],"collection":[{"href":"https:\/\/www.kedali.com\/de\/wp-json\/wp\/v2\/product"}],"about":[{"href":"https:\/\/www.kedali.com\/de\/wp-json\/wp\/v2\/types\/product"}],"replies":[{"embeddable":true,"href":"https:\/\/www.kedali.com\/de\/wp-json\/wp\/v2\/comments?post=464"}],"wp:featuredmedia":[{"embeddable":true,"href":"https:\/\/www.kedali.com\/de\/wp-json\/wp\/v2\/media\/465"}],"wp:attachment":[{"href":"https:\/\/www.kedali.com\/de\/wp-json\/wp\/v2\/media?parent=464"}],"wp:term":[{"taxonomy":"product_brand","embeddable":true,"href":"https:\/\/www.kedali.com\/de\/wp-json\/wp\/v2\/product_brand?post=464"},{"taxonomy":"product_cat","embeddable":true,"href":"https:\/\/www.kedali.com\/de\/wp-json\/wp\/v2\/product_cat?post=464"},{"taxonomy":"product_tag","embeddable":true,"href":"https:\/\/www.kedali.com\/de\/wp-json\/wp\/v2\/product_tag?post=464"}],"curies":[{"name":"wp","href":"https:\/\/api.w.org\/{rel}","templated":true}]}}