{"id":472,"date":"2025-10-19T06:47:58","date_gmt":"2025-10-19T06:47:58","guid":{"rendered":"https:\/\/www.kedali.com\/?post_type=product&#038;p=472"},"modified":"2026-02-02T08:59:08","modified_gmt":"2026-02-02T08:59:08","slug":"bulk-ceramic-bathroom-accessories","status":"publish","type":"product","link":"https:\/\/www.kedali.com\/de\/produkt\/bulk-ceramic-bathroom-accessories\/","title":{"rendered":"Bulk Keramik Bad-Accessoires - Keramik Mini-Badewanne Organizer"},"content":{"rendered":"<div class=\"wp-block-columns is-layout-flex wp-container-core-columns-is-layout-9d6595d7 wp-block-columns-is-layout-flex\">\n<div class=\"wp-block-column is-layout-flow wp-block-column-is-layout-flow\">\n<h3 class=\"wp-block-heading\">Keramische Mini-Badewannen-Organizer Merkmale<\/h3>\n\n\n\n<ul class=\"wp-block-list\">\n<li><strong>Einzigartige Form: <\/strong>Sie hat die Form einer Badewanne und kann sowohl als Dekoration als auch zur Aufbewahrung verwendet werden.<\/li>\n\n\n\n<li><strong>Musterabziehbilder: <\/strong>Das Muster wird mit dem Abziehbildverfahren und der 800-Grad-Backtechnologie hergestellt, die auch nach langem Gebrauch nicht verblassen und die leuchtenden Farben erhalten.<\/li>\n\n\n\n<li><strong>Unterst\u00fctzung von Anpassungen: <\/strong>Wir bieten Gro\u00dfhandelspreise und Gro\u00dfeinkaufsdienste an und k\u00f6nnen je nach Kundenwunsch angepasst werden, einschlie\u00dflich der Auswahl von Farben und Mustern, um die unterschiedlichen Bed\u00fcrfnisse von Unternehmen und Privatpersonen zu erf\u00fcllen.<\/li>\n\n\n\n<li><strong>Richtige Gr\u00f6\u00dfe:<\/strong> Der Aufbewahrungsbeh\u00e4lter aus Keramik ist lang genug, um B\u00fcrsten oder Handt\u00fccher aufzubewahren, ohne zu viel Platz zu beanspruchen, und hilft Ihnen, Ihre begrenzte Waschtischfl\u00e4che optimal zu nutzen.<\/li>\n\n\n\n<li><strong>Langlebig und leicht zu reinigen: <\/strong>Unsere Gro\u00dfhandels-Badezimmer-Accessoires sind aus hochwertigen keramischen Materialien gefertigt, die rissfest, feuchtigkeitsbest\u00e4ndig, leicht zu reinigen und zu pflegen sind und auch bei langfristigem Gebrauch so hell wie neu bleiben.<\/li>\n<\/ul>\n\n\n\n<h3 class=\"wp-block-heading\">Kundenspezifischer Service<\/h3>\n\n\n\n<ul class=\"wp-block-list\">\n<li>OEM- und ODM-Unterst\u00fctzung<\/li>\n\n\n\n<li>Schnelle Musterlieferung.<\/li>\n\n\n\n<li>Wir bieten kundenspezifische Produktform, Farbe, Muster, Verpackung und andere kundenspezifische Dienstleistungen an.<\/li>\n<\/ul>\n<\/div>\n\n\n\n<div class=\"wp-block-column is-layout-flow wp-block-column-is-layout-flow\">\n<figure class=\"wp-block-image size-full\"><img decoding=\"async\" width=\"750\" height=\"750\" src=\"https:\/\/www.kedali.com\/wp-content\/uploads\/2025\/10\/Ceramic-mini-bathtub-organizer-dimensions.webp\" alt=\"Abmessungen des Mini-Badewannen-Organizers aus Keramik\" class=\"wp-image-473\" srcset=\"https:\/\/www.kedali.com\/wp-content\/uploads\/2025\/10\/Ceramic-mini-bathtub-organizer-dimensions.webp 750w, https:\/\/www.kedali.com\/wp-content\/uploads\/2025\/10\/Ceramic-mini-bathtub-organizer-dimensions-300x300.webp 300w, https:\/\/www.kedali.com\/wp-content\/uploads\/2025\/10\/Ceramic-mini-bathtub-organizer-dimensions-150x150.webp 150w, https:\/\/www.kedali.com\/wp-content\/uploads\/2025\/10\/Ceramic-mini-bathtub-organizer-dimensions-600x600.webp 600w, https:\/\/www.kedali.com\/wp-content\/uploads\/2025\/10\/Ceramic-mini-bathtub-organizer-dimensions-100x100.webp 100w\" sizes=\"(max-width: 750px) 100vw, 750px\" \/><\/figure>\n<\/div>\n<\/div>\n\n\n\n<div class=\"wp-block-columns is-layout-flex wp-container-core-columns-is-layout-9d6595d7 wp-block-columns-is-layout-flex\">\n<div class=\"wp-block-column is-layout-flow wp-block-column-is-layout-flow\">\n<figure class=\"wp-block-image size-full\"><img decoding=\"async\" width=\"750\" height=\"750\" src=\"https:\/\/www.kedali.com\/wp-content\/uploads\/2025\/10\/ceramic-mini-bathtub-organizers-4.webp\" alt=\"Keramik-Mini-Badewannen-Organisatoren (4)\" class=\"wp-image-477\" srcset=\"https:\/\/www.kedali.com\/wp-content\/uploads\/2025\/10\/ceramic-mini-bathtub-organizers-4.webp 750w, https:\/\/www.kedali.com\/wp-content\/uploads\/2025\/10\/ceramic-mini-bathtub-organizers-4-300x300.webp 300w, https:\/\/www.kedali.com\/wp-content\/uploads\/2025\/10\/ceramic-mini-bathtub-organizers-4-150x150.webp 150w, https:\/\/www.kedali.com\/wp-content\/uploads\/2025\/10\/ceramic-mini-bathtub-organizers-4-600x600.webp 600w, https:\/\/www.kedali.com\/wp-content\/uploads\/2025\/10\/ceramic-mini-bathtub-organizers-4-100x100.webp 100w\" sizes=\"(max-width: 750px) 100vw, 750px\" \/><\/figure>\n<\/div>\n\n\n\n<div class=\"wp-block-column is-layout-flow wp-block-column-is-layout-flow\">\n<figure class=\"wp-block-image size-full\"><img decoding=\"async\" width=\"750\" height=\"750\" src=\"https:\/\/www.kedali.com\/wp-content\/uploads\/2025\/10\/ceramic-mini-bathtub-organizers-5.webp\" alt=\"Keramik-Mini-Badewannen-Organisatoren (5)\" class=\"wp-image-478\" srcset=\"https:\/\/www.kedali.com\/wp-content\/uploads\/2025\/10\/ceramic-mini-bathtub-organizers-5.webp 750w, https:\/\/www.kedali.com\/wp-content\/uploads\/2025\/10\/ceramic-mini-bathtub-organizers-5-300x300.webp 300w, https:\/\/www.kedali.com\/wp-content\/uploads\/2025\/10\/ceramic-mini-bathtub-organizers-5-150x150.webp 150w, https:\/\/www.kedali.com\/wp-content\/uploads\/2025\/10\/ceramic-mini-bathtub-organizers-5-600x600.webp 600w, https:\/\/www.kedali.com\/wp-content\/uploads\/2025\/10\/ceramic-mini-bathtub-organizers-5-100x100.webp 100w\" sizes=\"(max-width: 750px) 100vw, 750px\" \/><\/figure>\n<\/div>\n<\/div>","protected":false},"excerpt":{"rendered":"<p>Dieser bezaubernde Mini-Badewannen-Organizer aus Keramik, der im Gro\u00dfhandel f\u00fcr Badezimmerzubeh\u00f6r erh\u00e4ltlich ist, besticht durch seine einzigartige und stilvolle Ausstrahlung. Mit seiner perfekten Gr\u00f6\u00dfe passt er perfekt auf Ihren Waschtisch oder Ihre Arbeitsplatte im Badezimmer und bietet Platz f\u00fcr Make-up-Pinsel, Handtuchrollen, Seife oder Beauty-Tools - eine praktische und zugleich sch\u00f6ne L\u00f6sung.<\/p>\n<p>Als professioneller Hersteller von Haushaltsporzellan bieten wir keramische Badaccessoires in gro\u00dfen Mengen zu Fabrikpreisen an und unterst\u00fctzen OEM- und ODM-Services. Kontaktieren Sie uns f\u00fcr ein Angebot.<\/p>\n<h2>Spezifikationen f\u00fcr keramische Badezimmer-Accessoires<\/h2>\n<table style=\"border-collapse: collapse;width: 676px;height: 250px\" border=\"0\" width=\"635\" cellspacing=\"0\" cellpadding=\"0\">\n<tbody>\n<tr style=\"height: 13.50pt\">\n<td class=\"et2\" style=\"height: 13.50pt;width: 110.25pt\" width=\"147\" height=\"18\">Marke<\/td>\n<td class=\"et2\" style=\"width: 366.00pt\" width=\"488\">KDL<\/td>\n<\/tr>\n<tr style=\"height: 13.50pt\">\n<td class=\"et2\" style=\"height: 13.50pt;width: 110.25pt\" width=\"147\" height=\"18\">Modell<\/td>\n<td class=\"et2\" style=\"width: 366.00pt\" width=\"488\">BDL205-10-K306&amp;K146<\/td>\n<\/tr>\n<tr style=\"height: 13.50pt\">\n<td class=\"et2\" style=\"height: 13.50pt;width: 110.25pt\" width=\"147\" height=\"18\">Farbe<\/td>\n<td class=\"et2\" style=\"width: 366.00pt\" width=\"488\">wei\u00df<\/td>\n<\/tr>\n<tr style=\"height: 13.50pt\">\n<td class=\"et2\" style=\"height: 13.50pt;width: 110.25pt\" width=\"147\" height=\"18\">Material<\/td>\n<td class=\"et2\" style=\"width: 366.00pt\" width=\"488\">Keramik<\/td>\n<\/tr>\n<tr style=\"height: 13.50pt\">\n<td class=\"et2\" style=\"height: 13.50pt;width: 110.25pt\" width=\"147\" height=\"18\">Anmeldung<\/td>\n<td class=\"et2\" style=\"width: 366.00pt\" width=\"488\">Badablage<\/td>\n<\/tr>\n<tr style=\"height: 14.00pt\">\n<td class=\"et2\" style=\"height: 14.00pt;width: 110.25pt\" width=\"147\" height=\"18\">Abmessungen<\/td>\n<td class=\"et2\" style=\"width: 366.00pt\" width=\"488\">24,3*12,7*11cm<\/td>\n<\/tr>\n<tr style=\"height: 14.00pt\">\n<td class=\"et2\" style=\"height: 14.00pt;width: 110.25pt\" width=\"147\" height=\"18\">Bruttogewicht (kg)<\/td>\n<td class=\"et2\" style=\"width: 366.00pt\" width=\"488\">0,58kg\/SET<\/td>\n<\/tr>\n<tr style=\"height: 13.50pt\">\n<td class=\"et2\" style=\"height: 13.50pt;width: 110.25pt\" width=\"147\" height=\"18\">Merkmal<\/td>\n<td class=\"et2\" style=\"width: 366.00pt\" width=\"488\">Aufkleber<\/td>\n<\/tr>\n<tr style=\"height: 27.00pt\">\n<td class=\"et2\" style=\"height: 27.00pt;width: 110.25pt\" width=\"147\" height=\"36\">Mindestbestellmenge<\/td>\n<td class=\"et2\" style=\"width: 366.00pt\" width=\"488\">800St\u00fcck<\/td>\n<\/tr>\n<\/tbody>\n<\/table>","protected":false},"featured_media":474,"comment_status":"closed","ping_status":"closed","template":"","meta":{"_acf_changed":false},"product_brand":[],"product_cat":[17,31],"product_tag":[],"class_list":{"0":"post-472","1":"product","2":"type-product","3":"status-publish","4":"has-post-thumbnail","6":"product_cat-wholesale-ceramic-bathroom-accessories","7":"product_cat-wholesale-ceramic-bath-storage","9":"first","10":"instock","11":"shipping-taxable","12":"product-type-simple"},"acf":[],"_links":{"self":[{"href":"https:\/\/www.kedali.com\/de\/wp-json\/wp\/v2\/product\/472","targetHints":{"allow":["GET"]}}],"collection":[{"href":"https:\/\/www.kedali.com\/de\/wp-json\/wp\/v2\/product"}],"about":[{"href":"https:\/\/www.kedali.com\/de\/wp-json\/wp\/v2\/types\/product"}],"replies":[{"embeddable":true,"href":"https:\/\/www.kedali.com\/de\/wp-json\/wp\/v2\/comments?post=472"}],"wp:featuredmedia":[{"embeddable":true,"href":"https:\/\/www.kedali.com\/de\/wp-json\/wp\/v2\/media\/474"}],"wp:attachment":[{"href":"https:\/\/www.kedali.com\/de\/wp-json\/wp\/v2\/media?parent=472"}],"wp:term":[{"taxonomy":"product_brand","embeddable":true,"href":"https:\/\/www.kedali.com\/de\/wp-json\/wp\/v2\/product_brand?post=472"},{"taxonomy":"product_cat","embeddable":true,"href":"https:\/\/www.kedali.com\/de\/wp-json\/wp\/v2\/product_cat?post=472"},{"taxonomy":"product_tag","embeddable":true,"href":"https:\/\/www.kedali.com\/de\/wp-json\/wp\/v2\/product_tag?post=472"}],"curies":[{"name":"wp","href":"https:\/\/api.w.org\/{rel}","templated":true}]}}