{"id":479,"date":"2025-10-19T07:30:00","date_gmt":"2025-10-19T07:30:00","guid":{"rendered":"https:\/\/www.kedali.com\/?post_type=product&#038;p=479"},"modified":"2026-01-22T08:55:40","modified_gmt":"2026-01-22T08:55:40","slug":"wholesale-ceramic-toothbrush-holders","status":"publish","type":"product","link":"https:\/\/www.kedali.com\/de\/produkt\/wholesale-ceramic-toothbrush-holders\/","title":{"rendered":"Gro\u00dfhandel Keramik Zahnb\u00fcrste Halter mit Identifikation Tag"},"content":{"rendered":"<div class=\"wp-block-columns is-layout-flex wp-container-core-columns-is-layout-9d6595d7 wp-block-columns-is-layout-flex\">\n<div class=\"wp-block-column is-layout-flow wp-block-column-is-layout-flow\">\n<h3 class=\"wp-block-heading\">Keramik-Zahnb\u00fcrstenhalter Merkmale<\/h3>\n\n\n\n<ul class=\"wp-block-list\">\n<li><strong>Vorteile des Materials: <\/strong>Keramik bietet eine glatte, empfindliche Oberfl\u00e4che, die gegen Wasserflecken resistent ist. Sie ist haltbarer als Kunststoff und widersteht Schimmel und Verf\u00e4rbungen. Die glasierte Oberfl\u00e4che reduziert wirksam das Bakterienwachstum und ist leicht zu reinigen; f\u00fcr die t\u00e4gliche Pflege gen\u00fcgt ein feuchtes Tuch.<\/li>\n\n\n\n<li><strong>Bohrerlose Konstruktion: <\/strong>Zahnb\u00fcrstenhalter aus Keramik k\u00f6nnen direkt auf Arbeitsplatten gestellt werden, ohne die W\u00e4nde zu besch\u00e4digen. Sie sind au\u00dferdem langlebig und eignen sich f\u00fcr kleine B\u00e4der oder Mietr\u00e4ume.<\/li>\n\n\n\n<li><strong>F\u00f6rdert die Hygiene: <\/strong>Im Gegensatz zu Gemeinschaftsbechern oder -gl\u00e4sern halten diese individuellen Keramik-Zahnb\u00fcrstenhalter jede Zahnb\u00fcrste separat und aufrecht. Dank dieses Designs k\u00f6nnen die Zahnb\u00fcrstenk\u00f6pfe nach dem Gebrauch vollst\u00e4ndig an der Luft trocknen.<\/li>\n\n\n\n<li><strong>Identifizierung und Anpassung der Familie: <\/strong>Erh\u00e4ltlich in einer Vielzahl von Ausf\u00fchrungen mit verschiedenen Designs wie \u201cMama\u201d, \u201cPapa\u201d, \u201cM\u00e4dchen\u201d und \u201cJunge\u201d. So findet jedes Familienmitglied, insbesondere Kinder, seine Zahnb\u00fcrste leicht wieder.<\/li>\n\n\n\n<li><strong>Individuelle Anpassung m\u00f6glich: <\/strong>Wir bieten Gro\u00dfhandelspreise und Gro\u00dfeinkaufsdienste an und k\u00f6nnen sie an die unterschiedlichen Bed\u00fcrfnisse von Unternehmen und Privatpersonen anpassen, einschlie\u00dflich Farb- und Musteroptionen.<\/li>\n<\/ul>\n\n\n\n<h3 class=\"wp-block-heading\">Kundenspezifischer Service<\/h3>\n\n\n\n<ul class=\"wp-block-list\">\n<li>OEM- und ODM-Unterst\u00fctzung<\/li>\n\n\n\n<li>Schnelle Musterlieferung.<\/li>\n\n\n\n<li>Wir bieten kundenspezifische Produktform, Farbe, Muster, Verpackung und andere kundenspezifische Dienstleistungen an.<\/li>\n<\/ul>\n<\/div>\n\n\n\n<div class=\"wp-block-column is-layout-flow wp-block-column-is-layout-flow\">\n<figure class=\"wp-block-image size-full\"><img decoding=\"async\" width=\"800\" height=\"800\" src=\"https:\/\/www.kedali.com\/wp-content\/uploads\/2025\/10\/Wholesale-Ceramic-Toothbrush-Holder-Dimensions.webp\" alt=\"Gro\u00dfhandel Keramik Zahnb\u00fcrste Halter Abmessungen\" class=\"wp-image-486\" srcset=\"https:\/\/www.kedali.com\/wp-content\/uploads\/2025\/10\/Wholesale-Ceramic-Toothbrush-Holder-Dimensions.webp 800w, https:\/\/www.kedali.com\/wp-content\/uploads\/2025\/10\/Wholesale-Ceramic-Toothbrush-Holder-Dimensions-300x300.webp 300w, https:\/\/www.kedali.com\/wp-content\/uploads\/2025\/10\/Wholesale-Ceramic-Toothbrush-Holder-Dimensions-150x150.webp 150w, https:\/\/www.kedali.com\/wp-content\/uploads\/2025\/10\/Wholesale-Ceramic-Toothbrush-Holder-Dimensions-768x768.webp 768w, https:\/\/www.kedali.com\/wp-content\/uploads\/2025\/10\/Wholesale-Ceramic-Toothbrush-Holder-Dimensions-600x600.webp 600w, https:\/\/www.kedali.com\/wp-content\/uploads\/2025\/10\/Wholesale-Ceramic-Toothbrush-Holder-Dimensions-100x100.webp 100w\" sizes=\"(max-width: 800px) 100vw, 800px\" \/><\/figure>\n<\/div>\n<\/div>\n\n\n\n<div class=\"wp-block-columns is-layout-flex wp-container-core-columns-is-layout-9d6595d7 wp-block-columns-is-layout-flex\">\n<div class=\"wp-block-column is-layout-flow wp-block-column-is-layout-flow\">\n<figure class=\"wp-block-image size-full\"><img decoding=\"async\" width=\"800\" height=\"800\" src=\"https:\/\/www.kedali.com\/wp-content\/uploads\/2025\/10\/Wholesale-Ceramic-Toothbrush-Holder-5.webp\" alt=\"Gro\u00dfhandel Keramik Zahnb\u00fcrstenhalter (5)\" class=\"wp-image-484\" srcset=\"https:\/\/www.kedali.com\/wp-content\/uploads\/2025\/10\/Wholesale-Ceramic-Toothbrush-Holder-5.webp 800w, https:\/\/www.kedali.com\/wp-content\/uploads\/2025\/10\/Wholesale-Ceramic-Toothbrush-Holder-5-300x300.webp 300w, https:\/\/www.kedali.com\/wp-content\/uploads\/2025\/10\/Wholesale-Ceramic-Toothbrush-Holder-5-150x150.webp 150w, https:\/\/www.kedali.com\/wp-content\/uploads\/2025\/10\/Wholesale-Ceramic-Toothbrush-Holder-5-768x768.webp 768w, https:\/\/www.kedali.com\/wp-content\/uploads\/2025\/10\/Wholesale-Ceramic-Toothbrush-Holder-5-600x600.webp 600w, https:\/\/www.kedali.com\/wp-content\/uploads\/2025\/10\/Wholesale-Ceramic-Toothbrush-Holder-5-100x100.webp 100w\" sizes=\"(max-width: 800px) 100vw, 800px\" \/><\/figure>\n<\/div>\n\n\n\n<div class=\"wp-block-column is-layout-flow wp-block-column-is-layout-flow\">\n<figure class=\"wp-block-image size-full\"><img decoding=\"async\" width=\"800\" height=\"800\" src=\"https:\/\/www.kedali.com\/wp-content\/uploads\/2025\/10\/Wholesale-Ceramic-Toothbrush-Holder-6.webp\" alt=\"Gro\u00dfhandel Keramik Zahnb\u00fcrstenhalter (6)\" class=\"wp-image-485\" srcset=\"https:\/\/www.kedali.com\/wp-content\/uploads\/2025\/10\/Wholesale-Ceramic-Toothbrush-Holder-6.webp 800w, https:\/\/www.kedali.com\/wp-content\/uploads\/2025\/10\/Wholesale-Ceramic-Toothbrush-Holder-6-300x300.webp 300w, https:\/\/www.kedali.com\/wp-content\/uploads\/2025\/10\/Wholesale-Ceramic-Toothbrush-Holder-6-150x150.webp 150w, https:\/\/www.kedali.com\/wp-content\/uploads\/2025\/10\/Wholesale-Ceramic-Toothbrush-Holder-6-768x768.webp 768w, https:\/\/www.kedali.com\/wp-content\/uploads\/2025\/10\/Wholesale-Ceramic-Toothbrush-Holder-6-600x600.webp 600w, https:\/\/www.kedali.com\/wp-content\/uploads\/2025\/10\/Wholesale-Ceramic-Toothbrush-Holder-6-100x100.webp 100w\" sizes=\"(max-width: 800px) 100vw, 800px\" \/><\/figure>\n<\/div>\n<\/div>","protected":false},"excerpt":{"rendered":"<p>Keramik-Zahnb\u00fcrstenhalter f\u00fcr den Gro\u00dfhandel. Dieses exzellente Einzelhandelsprodukt erf\u00fcllt die wachsende Nachfrage der Verbraucher nach hygienischer, individueller Aufbewahrung zu Hause. Sein wesentlicher kommerzieller Vorteil besteht darin, dass es eine gro\u00dfe Vielfalt an SKUs mit klarer Familienkategorisierung (Mama, Papa, M\u00e4dchen, Junge usw.) bietet, was die Kunden zum Kauf eines kompletten Sets anregt und so den durchschnittlichen Transaktionswert erh\u00f6ht. Dieses Produkt ist ideal f\u00fcr Haushaltswarenh\u00e4ndler und Geschenkboutiquen.<\/p>\n<p>Als professioneller Anbieter von Keramik-Badezimmerzubeh\u00f6r bieten wir Keramik-Badezimmerzubeh\u00f6r in gro\u00dfen Mengen zu Fabrikpreisen an. Kontaktieren Sie uns f\u00fcr Gro\u00dfeink\u00e4ufe.<\/p>\n<h2>Spezifikationen des Gro\u00dfhandels Keramik Zahnb\u00fcrstenhalter<\/h2>\n<table style=\"border-collapse: collapse; width: 701px; height: 250px;\" border=\"0\" width=\"635\" cellspacing=\"0\" cellpadding=\"0\">\n<tbody>\n<tr style=\"height: 13.50pt;\">\n<td class=\"et2\" style=\"height: 13.50pt; width: 110.25pt;\" width=\"147\" height=\"18\">Marke<\/td>\n<td class=\"et2\" style=\"width: 366.00pt;\" width=\"488\">KDL<\/td>\n<\/tr>\n<tr style=\"height: 13.50pt;\">\n<td class=\"et2\" style=\"height: 13.50pt; width: 110.25pt;\" width=\"147\" height=\"18\">Modell<\/td>\n<td class=\"et2\" style=\"width: 366.00pt;\" width=\"488\">BQ534<\/td>\n<\/tr>\n<tr style=\"height: 13.50pt;\">\n<td class=\"et2\" style=\"height: 13.50pt; width: 110.25pt;\" width=\"147\" height=\"18\">Farbe<\/td>\n<td class=\"et2\" style=\"width: 366.00pt;\" width=\"488\">wei\u00df<\/td>\n<\/tr>\n<tr style=\"height: 13.50pt;\">\n<td class=\"et2\" style=\"height: 13.50pt; width: 110.25pt;\" width=\"147\" height=\"18\">Material<\/td>\n<td class=\"et2\" style=\"width: 366.00pt;\" width=\"488\">Keramik<\/td>\n<\/tr>\n<tr style=\"height: 13.50pt;\">\n<td class=\"et2\" style=\"height: 13.50pt; width: 110.25pt;\" width=\"147\" height=\"18\">Anmeldung<\/td>\n<td class=\"et2\" style=\"width: 366.00pt;\" width=\"488\">Keramik-Zahnb\u00fcrstenhalter<\/td>\n<\/tr>\n<tr style=\"height: 14.00pt;\">\n<td class=\"et2\" style=\"height: 14.00pt; width: 110.25pt;\" width=\"147\" height=\"18\">Abmessungen<\/td>\n<td class=\"et2\" style=\"width: 366.00pt;\" width=\"488\">5.6*4.6*4.5 0cm<\/td>\n<\/tr>\n<tr style=\"height: 14.00pt;\">\n<td class=\"et2\" style=\"height: 14.00pt; width: 110.25pt;\" width=\"147\" height=\"18\">Bruttogewicht (kg)<\/td>\n<td class=\"et2\" style=\"width: 366.00pt;\" width=\"488\">0,1kg\/SET<\/td>\n<\/tr>\n<tr style=\"height: 13.50pt;\">\n<td class=\"et2\" style=\"height: 13.50pt; width: 110.25pt;\" width=\"147\" height=\"18\">Merkmal<\/td>\n<td class=\"et2\" style=\"width: 366.00pt;\" width=\"488\">Aufkleber<\/td>\n<\/tr>\n<tr style=\"height: 27.00pt;\">\n<td class=\"et2\" style=\"height: 27.00pt; width: 110.25pt;\" width=\"147\" height=\"36\">Mindestbestellmenge<\/td>\n<td class=\"et2\" style=\"width: 366.00pt;\" width=\"488\">800St\u00fcck<\/td>\n<\/tr>\n<\/tbody>\n<\/table>\n<p>&nbsp;<\/p>\n<p><script src=\"chrome-extension:\/\/fpelahbljekknahkcaegamhcndkfpfnc\/iFrame.js\" type=\"text\/javascript\"><\/script><\/p>\n<p><script src=\"chrome-extension:\/\/fpelahbljekknahkcaegamhcndkfpfnc\/iFrame.js\" type=\"text\/javascript\"><\/script><\/p>","protected":false},"featured_media":480,"comment_status":"closed","ping_status":"closed","template":"","meta":{"_acf_changed":false},"product_brand":[],"product_cat":[17,42],"product_tag":[],"class_list":{"0":"post-479","1":"product","2":"type-product","3":"status-publish","4":"has-post-thumbnail","6":"product_cat-wholesale-ceramic-bathroom-accessories","7":"product_cat-wholesale-ceramic-toothbrush-holders","9":"first","10":"instock","11":"shipping-taxable","12":"product-type-simple"},"acf":[],"_links":{"self":[{"href":"https:\/\/www.kedali.com\/de\/wp-json\/wp\/v2\/product\/479","targetHints":{"allow":["GET"]}}],"collection":[{"href":"https:\/\/www.kedali.com\/de\/wp-json\/wp\/v2\/product"}],"about":[{"href":"https:\/\/www.kedali.com\/de\/wp-json\/wp\/v2\/types\/product"}],"replies":[{"embeddable":true,"href":"https:\/\/www.kedali.com\/de\/wp-json\/wp\/v2\/comments?post=479"}],"wp:featuredmedia":[{"embeddable":true,"href":"https:\/\/www.kedali.com\/de\/wp-json\/wp\/v2\/media\/480"}],"wp:attachment":[{"href":"https:\/\/www.kedali.com\/de\/wp-json\/wp\/v2\/media?parent=479"}],"wp:term":[{"taxonomy":"product_brand","embeddable":true,"href":"https:\/\/www.kedali.com\/de\/wp-json\/wp\/v2\/product_brand?post=479"},{"taxonomy":"product_cat","embeddable":true,"href":"https:\/\/www.kedali.com\/de\/wp-json\/wp\/v2\/product_cat?post=479"},{"taxonomy":"product_tag","embeddable":true,"href":"https:\/\/www.kedali.com\/de\/wp-json\/wp\/v2\/product_tag?post=479"}],"curies":[{"name":"wp","href":"https:\/\/api.w.org\/{rel}","templated":true}]}}