{"id":501,"date":"2025-10-21T11:04:28","date_gmt":"2025-10-21T11:04:28","guid":{"rendered":"https:\/\/www.kedali.com\/?post_type=product&#038;p=501"},"modified":"2025-11-13T06:10:30","modified_gmt":"2025-11-13T06:10:30","slug":"4-piece-ceramic-bathroom-accessories-set-wholesale","status":"publish","type":"product","link":"https:\/\/www.kedali.com\/de\/produkt\/4-piece-ceramic-bathroom-accessories-set-wholesale\/","title":{"rendered":"Fabrikpreis keramische Bad-Accessoires Set 4 St\u00fcck mit gepr\u00e4gtem Schriftzug"},"content":{"rendered":"<div class=\"wp-block-columns is-layout-flex wp-container-core-columns-is-layout-9d6595d7 wp-block-columns-is-layout-flex\">\n<div class=\"wp-block-column is-layout-flow wp-block-column-is-layout-flow\">\n<h3 class=\"wp-block-heading\">Keramik-Badezimmer-Accessoires-Set Eigenschaften<\/h3>\n\n\n\n<ul class=\"wp-block-list\">\n<li><strong>Kreatives Design:<\/strong> Das einzigartige Design der Mason Jars verk\u00f6rpert eine moderne und klassische \u00c4sthetik.<\/li>\n\n\n\n<li><strong>Funktionelles Design: <\/strong>Jedes Teil des Sets wurde mit Blick auf die Funktionalit\u00e4t entworfen und erf\u00fcllt einen bestimmten Zweck, w\u00e4hrend es sich nahtlos in die Einrichtung Ihres Badezimmers einf\u00fcgt.<\/li>\n\n\n\n<li><strong>Vielseitig: <\/strong>Das Bad-Accessoires-Set besteht aus einem Seifenspender, einem Zahnb\u00fcrstenhalter, einem Glas\/Glas und einer Seifenschale und erf\u00fcllt damit alle Anforderungen, die Sie an Ihre Arbeitsfl\u00e4che im Bad stellen.<\/li>\n\n\n\n<li><strong>Farbenvielfalt: <\/strong>Das Set ist in einer Vielzahl von stilvollen, leuchtenden Farben erh\u00e4ltlich, darunter Wei\u00df, Grau, Beige\/Taupe und Hellblau\/Mintgr\u00fcn. Dank dieser Farbpalette f\u00fcgen sich die Teile nahtlos in jeden Badezimmerstil ein.<\/li>\n\n\n\n<li><strong>Langlebig: <\/strong>Die langlebige Keramik ist \u00e4u\u00dferst hitze- und sto\u00dfbest\u00e4ndig, was sie unzerbrechlich und langlebig f\u00fcr den t\u00e4glichen Gebrauch macht.<\/li>\n\n\n\n<li><strong>Leicht zu reinigen:<\/strong> Mit unserem Keramik-Accessoires-Set ist es ganz einfach, die Hygiene im Badezimmer aufrechtzuerhalten. Einfach mit einem feuchten Tuch abwischen und schon sieht das Bad Tag f\u00fcr Tag sauber und frisch aus.<\/li>\n<\/ul>\n\n\n\n<h3 class=\"wp-block-heading\">Kundenspezifischer Service<\/h3>\n\n\n\n<ul class=\"wp-block-list\">\n<li>OEM- und ODM-Unterst\u00fctzung<\/li>\n\n\n\n<li>Schnelle Musterlieferung.<\/li>\n\n\n\n<li>Wir bieten kundenspezifische Produktform, Farbe, Muster, Verpackung und andere kundenspezifische Dienstleistungen an.<\/li>\n<\/ul>\n<\/div>\n\n\n\n<div class=\"wp-block-column is-layout-flow wp-block-column-is-layout-flow\">\n<figure class=\"wp-block-image size-full\"><img decoding=\"async\" width=\"750\" height=\"750\" src=\"https:\/\/www.kedali.com\/wp-content\/uploads\/2025\/10\/4-piece-ceramic-bathroom-accessories-set-6.webp\" alt=\"4-teiliges Badezimmer-Accessoires-Set aus Keramik (6)\" class=\"wp-image-507\" srcset=\"https:\/\/www.kedali.com\/wp-content\/uploads\/2025\/10\/4-piece-ceramic-bathroom-accessories-set-6.webp 750w, https:\/\/www.kedali.com\/wp-content\/uploads\/2025\/10\/4-piece-ceramic-bathroom-accessories-set-6-300x300.webp 300w, https:\/\/www.kedali.com\/wp-content\/uploads\/2025\/10\/4-piece-ceramic-bathroom-accessories-set-6-150x150.webp 150w, https:\/\/www.kedali.com\/wp-content\/uploads\/2025\/10\/4-piece-ceramic-bathroom-accessories-set-6-600x600.webp 600w, https:\/\/www.kedali.com\/wp-content\/uploads\/2025\/10\/4-piece-ceramic-bathroom-accessories-set-6-100x100.webp 100w\" sizes=\"(max-width: 750px) 100vw, 750px\" \/><\/figure>\n<\/div>\n<\/div>\n\n\n\n<div class=\"wp-block-columns is-layout-flex wp-container-core-columns-is-layout-9d6595d7 wp-block-columns-is-layout-flex\">\n<div class=\"wp-block-column is-layout-flow wp-block-column-is-layout-flow\">\n<figure class=\"wp-block-image size-full\"><img decoding=\"async\" width=\"750\" height=\"750\" src=\"https:\/\/www.kedali.com\/wp-content\/uploads\/2025\/10\/4-piece-ceramic-bathroom-accessories-set-4.webp\" alt=\"4-teiliges Badezimmer-Accessoires-Set aus Keramik (4)\" class=\"wp-image-505\" srcset=\"https:\/\/www.kedali.com\/wp-content\/uploads\/2025\/10\/4-piece-ceramic-bathroom-accessories-set-4.webp 750w, https:\/\/www.kedali.com\/wp-content\/uploads\/2025\/10\/4-piece-ceramic-bathroom-accessories-set-4-300x300.webp 300w, https:\/\/www.kedali.com\/wp-content\/uploads\/2025\/10\/4-piece-ceramic-bathroom-accessories-set-4-150x150.webp 150w, https:\/\/www.kedali.com\/wp-content\/uploads\/2025\/10\/4-piece-ceramic-bathroom-accessories-set-4-600x600.webp 600w, https:\/\/www.kedali.com\/wp-content\/uploads\/2025\/10\/4-piece-ceramic-bathroom-accessories-set-4-100x100.webp 100w\" sizes=\"(max-width: 750px) 100vw, 750px\" \/><\/figure>\n<\/div>\n\n\n\n<div class=\"wp-block-column is-layout-flow wp-block-column-is-layout-flow\">\n<figure class=\"wp-block-image size-full\"><img decoding=\"async\" width=\"750\" height=\"750\" src=\"https:\/\/www.kedali.com\/wp-content\/uploads\/2025\/10\/4-piece-ceramic-bathroom-accessories-set-5.webp\" alt=\"4-teiliges Keramik-Badezimmer-Accessoires-Set (5)\" class=\"wp-image-506\" srcset=\"https:\/\/www.kedali.com\/wp-content\/uploads\/2025\/10\/4-piece-ceramic-bathroom-accessories-set-5.webp 750w, https:\/\/www.kedali.com\/wp-content\/uploads\/2025\/10\/4-piece-ceramic-bathroom-accessories-set-5-300x300.webp 300w, https:\/\/www.kedali.com\/wp-content\/uploads\/2025\/10\/4-piece-ceramic-bathroom-accessories-set-5-150x150.webp 150w, https:\/\/www.kedali.com\/wp-content\/uploads\/2025\/10\/4-piece-ceramic-bathroom-accessories-set-5-600x600.webp 600w, https:\/\/www.kedali.com\/wp-content\/uploads\/2025\/10\/4-piece-ceramic-bathroom-accessories-set-5-100x100.webp 100w\" sizes=\"(max-width: 750px) 100vw, 750px\" \/><\/figure>\n<\/div>\n<\/div>","protected":false},"excerpt":{"rendered":"<p style=\"text-align: left;\">Gro\u00dfhandel Keramik Mason jar Bad Zubeh\u00f6r-Sets. Jedes Set enth\u00e4lt einen Fl\u00fcssigseifenspender mit einer Edelstahlpumpe, einen offenen Zahnb\u00fcrstenhalter, einen Sp\u00fclbecher und eine clever gestaltete Seifenschale mit Lamellen, die alle wichtigen Badutensilien enth\u00e4lt. Erh\u00e4ltlich in einer Vielzahl von Farben, die zu jedem Badezimmerstil passen. Die Mindestbestellmenge betr\u00e4gt 800 Sets. Einzelh\u00e4ndler, Gro\u00dfh\u00e4ndler und Importeure sind herzlich eingeladen, sich mit uns in Verbindung zu setzen.<\/p>\n<h2 style=\"text-align: left;\">Technische Daten des 4-teiligen Keramik-Badezimmer-Accessoires-Sets<\/h2>\n<table class=\"alignleft\" width=\"635\">\n<tbody>\n<tr>\n<td width=\"147\">Marke<\/td>\n<td width=\"488\">KDL<\/td>\n<\/tr>\n<tr>\n<td width=\"147\">Modell<\/td>\n<td width=\"488\">DBS266-K466<\/td>\n<\/tr>\n<tr>\n<td width=\"147\">Name<\/td>\n<td width=\"488\">Keramik-Badezimmer-Accessoires-Set<\/td>\n<\/tr>\n<tr>\n<td width=\"147\">Farbe<\/td>\n<td width=\"488\">wei\u00df<\/td>\n<\/tr>\n<tr>\n<td width=\"147\">Material<\/td>\n<td width=\"488\">Keramik<\/td>\n<\/tr>\n<tr>\n<td width=\"147\">Anmeldung<\/td>\n<td width=\"488\">Badezimmer\u00a0<\/td>\n<\/tr>\n<tr>\n<td width=\"147\">Abmessungen<\/td>\n<td width=\"488\">Spender:7.7*7.7*18.5cm; Becher:7.7*7.7*12cm Zahnb\u00fcrstenhalter:7.7*7.7*12cm; Seifenschale:13.2*8*1.7cm;<\/td>\n<\/tr>\n<tr>\n<td width=\"147\">Bruttogewicht (kg)<\/td>\n<td width=\"488\">2kg\/Satz<\/td>\n<\/tr>\n<tr>\n<td width=\"147\">Merkmal<\/td>\n<td width=\"488\">Geschnitzt<\/td>\n<\/tr>\n<tr>\n<td width=\"147\">Mindestbestellmenge<\/td>\n<td width=\"488\">800 S\u00e4tze<\/td>\n<\/tr>\n<\/tbody>\n<\/table>\n<p style=\"text-align: left;\">\u00a0<\/p>\n<p style=\"text-align: left;\">\u00a0<\/p>","protected":false},"featured_media":502,"comment_status":"closed","ping_status":"closed","template":"","meta":{"_acf_changed":false},"product_brand":[],"product_cat":[17,32],"product_tag":[],"class_list":{"0":"post-501","1":"product","2":"type-product","3":"status-publish","4":"has-post-thumbnail","6":"product_cat-wholesale-ceramic-bathroom-accessories","7":"product_cat-wholesale-ceramic-bath-accessories-sets","9":"first","10":"instock","11":"shipping-taxable","12":"product-type-simple"},"acf":[],"_links":{"self":[{"href":"https:\/\/www.kedali.com\/de\/wp-json\/wp\/v2\/product\/501","targetHints":{"allow":["GET"]}}],"collection":[{"href":"https:\/\/www.kedali.com\/de\/wp-json\/wp\/v2\/product"}],"about":[{"href":"https:\/\/www.kedali.com\/de\/wp-json\/wp\/v2\/types\/product"}],"replies":[{"embeddable":true,"href":"https:\/\/www.kedali.com\/de\/wp-json\/wp\/v2\/comments?post=501"}],"wp:featuredmedia":[{"embeddable":true,"href":"https:\/\/www.kedali.com\/de\/wp-json\/wp\/v2\/media\/502"}],"wp:attachment":[{"href":"https:\/\/www.kedali.com\/de\/wp-json\/wp\/v2\/media?parent=501"}],"wp:term":[{"taxonomy":"product_brand","embeddable":true,"href":"https:\/\/www.kedali.com\/de\/wp-json\/wp\/v2\/product_brand?post=501"},{"taxonomy":"product_cat","embeddable":true,"href":"https:\/\/www.kedali.com\/de\/wp-json\/wp\/v2\/product_cat?post=501"},{"taxonomy":"product_tag","embeddable":true,"href":"https:\/\/www.kedali.com\/de\/wp-json\/wp\/v2\/product_tag?post=501"}],"curies":[{"name":"wp","href":"https:\/\/api.w.org\/{rel}","templated":true}]}}