{"id":652,"date":"2025-10-21T06:41:14","date_gmt":"2025-10-21T06:41:14","guid":{"rendered":"https:\/\/www.kedali.com\/?post_type=product&#038;p=652"},"modified":"2026-02-19T06:07:37","modified_gmt":"2026-02-19T06:07:37","slug":"wholesale-ceramic-tea-set-4-piece","status":"publish","type":"product","link":"https:\/\/www.kedali.com\/de\/produkt\/wholesale-ceramic-tea-set-4-piece\/","title":{"rendered":"Gro\u00dfhandel Keramik Tee-Set - Zwei-Tier-Dessert Stand und Tasse Rack enthalten"},"content":{"rendered":"<div class=\"wp-block-columns is-layout-flex wp-container-core-columns-is-layout-9d6595d7 wp-block-columns-is-layout-flex\">\n<div class=\"wp-block-column is-layout-flow wp-block-column-is-layout-flow\">\n<h3 class=\"wp-block-heading\">Keramik-Teeset Eigenschaften<\/h3>\n\n\n\n<ul class=\"wp-block-list\">\n<li><strong>Kreatives Design: <\/strong>Sowohl die Teekanne als auch die Teetassen haben als zentrales Designelement die Form eines Hei\u00dfluftballons und damit einen hohen Wiedererkennungs- und Erinnerungswert.<\/li>\n\n\n\n<li><strong>Sichere Materialien: <\/strong>Aus hochwertigem Kaolin oder Porzellanerde hergestellt, ergibt die hochdichte Sinterung eine glatte, partikelfreie Oberfl\u00e4che. Die lebensmittelechte Glasur ist resistent gegen die Freisetzung von Schwermetallen im Laufe der Zeit.<\/li>\n\n\n\n<li><strong>Exquisite Handwerkskunst: <\/strong>Bei diesem hochwertigen Teeservice wird ein Hochtemperaturverfahren mit langsamer Brenndauer angewandt, um die Dichte des Teegeschirrs zu erh\u00f6hen, die Wasseraufnahme zu verringern und eine hohe Sto\u00dffestigkeit zu gew\u00e4hrleisten.<\/li>\n\n\n\n<li><strong>Leicht zu reinigen:<\/strong> Dieses Teeservice aus Keramik ist leicht zu benutzen und zu reinigen und erh\u00e4lt seinen urspr\u00fcnglichen Glanz mit einer einfachen Reinigung zur\u00fcck.<\/li>\n<\/ul>\n\n\n\n<h3 class=\"wp-block-heading\">Kundenspezifischer Service<\/h3>\n\n\n\n<ul class=\"wp-block-list\">\n<li>OEM- und ODM-Unterst\u00fctzung<\/li>\n\n\n\n<li>Schnelle Musterlieferung.<\/li>\n\n\n\n<li>Wir bieten kundenspezifische Produktform, Farbe, Muster, Verpackung und andere kundenspezifische Dienstleistungen an.<\/li>\n<\/ul>\n<\/div>\n\n\n\n<div class=\"wp-block-column is-layout-flow wp-block-column-is-layout-flow\">\n<figure class=\"wp-block-image size-full\"><img decoding=\"async\" width=\"800\" height=\"800\" src=\"https:\/\/www.kedali.com\/wp-content\/uploads\/2025\/10\/ceramic-tea-set-dimensions-1.webp\" alt=\"Keramik-Teeservice Abmessungen\" class=\"wp-image-657\" srcset=\"https:\/\/www.kedali.com\/wp-content\/uploads\/2025\/10\/ceramic-tea-set-dimensions-1.webp 800w, https:\/\/www.kedali.com\/wp-content\/uploads\/2025\/10\/ceramic-tea-set-dimensions-1-300x300.webp 300w, https:\/\/www.kedali.com\/wp-content\/uploads\/2025\/10\/ceramic-tea-set-dimensions-1-150x150.webp 150w, https:\/\/www.kedali.com\/wp-content\/uploads\/2025\/10\/ceramic-tea-set-dimensions-1-768x768.webp 768w, https:\/\/www.kedali.com\/wp-content\/uploads\/2025\/10\/ceramic-tea-set-dimensions-1-600x600.webp 600w, https:\/\/www.kedali.com\/wp-content\/uploads\/2025\/10\/ceramic-tea-set-dimensions-1-100x100.webp 100w\" sizes=\"(max-width: 800px) 100vw, 800px\" \/><\/figure>\n<\/div>\n<\/div>\n\n\n\n<div class=\"wp-block-columns is-layout-flex wp-container-core-columns-is-layout-9d6595d7 wp-block-columns-is-layout-flex\">\n<div class=\"wp-block-column is-layout-flow wp-block-column-is-layout-flow\">\n<figure class=\"wp-block-image size-full\"><img decoding=\"async\" width=\"800\" height=\"800\" src=\"https:\/\/www.kedali.com\/wp-content\/uploads\/2025\/10\/wholesale-ceramic-tea-set-3.webp\" alt=\"Gro\u00dfhandel Keramik Tee-Set (3)\" class=\"wp-image-660\" srcset=\"https:\/\/www.kedali.com\/wp-content\/uploads\/2025\/10\/wholesale-ceramic-tea-set-3.webp 800w, https:\/\/www.kedali.com\/wp-content\/uploads\/2025\/10\/wholesale-ceramic-tea-set-3-300x300.webp 300w, https:\/\/www.kedali.com\/wp-content\/uploads\/2025\/10\/wholesale-ceramic-tea-set-3-150x150.webp 150w, https:\/\/www.kedali.com\/wp-content\/uploads\/2025\/10\/wholesale-ceramic-tea-set-3-768x768.webp 768w, https:\/\/www.kedali.com\/wp-content\/uploads\/2025\/10\/wholesale-ceramic-tea-set-3-600x600.webp 600w, https:\/\/www.kedali.com\/wp-content\/uploads\/2025\/10\/wholesale-ceramic-tea-set-3-100x100.webp 100w\" sizes=\"(max-width: 800px) 100vw, 800px\" \/><\/figure>\n<\/div>\n\n\n\n<div class=\"wp-block-column is-layout-flow wp-block-column-is-layout-flow\">\n<figure class=\"wp-block-image size-full\"><img decoding=\"async\" width=\"800\" height=\"800\" src=\"https:\/\/www.kedali.com\/wp-content\/uploads\/2025\/10\/wholesale-ceramic-tea-set-4.webp\" alt=\"Gro\u00dfhandel Keramik Tee-Set (4)\" class=\"wp-image-661\" srcset=\"https:\/\/www.kedali.com\/wp-content\/uploads\/2025\/10\/wholesale-ceramic-tea-set-4.webp 800w, https:\/\/www.kedali.com\/wp-content\/uploads\/2025\/10\/wholesale-ceramic-tea-set-4-300x300.webp 300w, https:\/\/www.kedali.com\/wp-content\/uploads\/2025\/10\/wholesale-ceramic-tea-set-4-150x150.webp 150w, https:\/\/www.kedali.com\/wp-content\/uploads\/2025\/10\/wholesale-ceramic-tea-set-4-768x768.webp 768w, https:\/\/www.kedali.com\/wp-content\/uploads\/2025\/10\/wholesale-ceramic-tea-set-4-600x600.webp 600w, https:\/\/www.kedali.com\/wp-content\/uploads\/2025\/10\/wholesale-ceramic-tea-set-4-100x100.webp 100w\" sizes=\"(max-width: 800px) 100vw, 800px\" \/><\/figure>\n<\/div>\n<\/div>","protected":false},"excerpt":{"rendered":"<p>Teeservice im Gro\u00dfhandel. Diese charmante Hei\u00dfluftballon Keramik Tee-Set perfekt mischt Laune und Opulenz, sicher zu Ihrem Nachmittagstee zu verbessern. Kontaktieren Sie uns f\u00fcr einen Gro\u00dfhandel Angebot.<\/p>\n<h2>Spezifikationen f\u00fcr Keramik-Teeset im Hei\u00dfluftballon-Stil<\/h2>\n<table style=\"height: 443px;\" width=\"438\">\n<tbody>\n<tr>\n<td width=\"107\">Marke<\/td>\n<td width=\"337\">KDL<\/td>\n<\/tr>\n<tr>\n<td width=\"107\">Modell<\/td>\n<td width=\"337\">TDQ241-A197<\/td>\n<\/tr>\n<tr>\n<td width=\"107\">Farbe<\/td>\n<td width=\"337\">Wei\u00df und Rot<\/td>\n<\/tr>\n<tr>\n<td width=\"107\">Material<\/td>\n<td width=\"337\">Keramik<\/td>\n<\/tr>\n<tr>\n<td width=\"107\">Anmeldung<\/td>\n<td width=\"337\">Teeservice aus Keramik<\/td>\n<\/tr>\n<tr>\n<td width=\"107\">Abmessungen<\/td>\n<td width=\"337\">Teekanne:24.5*13*21.8cm<br \/>Milchtopf:12*8*10 0cm<br \/>Tasse:11*7.8*9.2cm<br \/>Untertasse:14*14*2cm<br \/>Zwei Schichten Platte:25.5*25.5*24cm<\/td>\n<\/tr>\n<tr>\n<td width=\"107\">Bruttogewicht (kg)<\/td>\n<td width=\"337\">5kg<\/td>\n<\/tr>\n<tr>\n<td width=\"107\">Merkmal<\/td>\n<td width=\"337\">Farbe glasiert<\/td>\n<\/tr>\n<tr>\n<td width=\"107\">Mindestbestellmenge<\/td>\n<td width=\"337\">800 S\u00e4tze<\/td>\n<\/tr>\n<\/tbody>\n<\/table>","protected":false},"featured_media":658,"comment_status":"closed","ping_status":"closed","template":"","meta":{"_acf_changed":false},"product_brand":[],"product_cat":[29,53,21],"product_tag":[],"class_list":{"0":"post-652","1":"product","2":"type-product","3":"status-publish","4":"has-post-thumbnail","6":"product_cat-wholesale-ceramic-tea-sets","7":"product_cat-wholesale-coffee-and-tea-sets","8":"product_cat-wholesale-ceramic-mugs-and-cups","10":"first","11":"instock","12":"shipping-taxable","13":"product-type-simple"},"acf":[],"_links":{"self":[{"href":"https:\/\/www.kedali.com\/de\/wp-json\/wp\/v2\/product\/652","targetHints":{"allow":["GET"]}}],"collection":[{"href":"https:\/\/www.kedali.com\/de\/wp-json\/wp\/v2\/product"}],"about":[{"href":"https:\/\/www.kedali.com\/de\/wp-json\/wp\/v2\/types\/product"}],"replies":[{"embeddable":true,"href":"https:\/\/www.kedali.com\/de\/wp-json\/wp\/v2\/comments?post=652"}],"wp:featuredmedia":[{"embeddable":true,"href":"https:\/\/www.kedali.com\/de\/wp-json\/wp\/v2\/media\/658"}],"wp:attachment":[{"href":"https:\/\/www.kedali.com\/de\/wp-json\/wp\/v2\/media?parent=652"}],"wp:term":[{"taxonomy":"product_brand","embeddable":true,"href":"https:\/\/www.kedali.com\/de\/wp-json\/wp\/v2\/product_brand?post=652"},{"taxonomy":"product_cat","embeddable":true,"href":"https:\/\/www.kedali.com\/de\/wp-json\/wp\/v2\/product_cat?post=652"},{"taxonomy":"product_tag","embeddable":true,"href":"https:\/\/www.kedali.com\/de\/wp-json\/wp\/v2\/product_tag?post=652"}],"curies":[{"name":"wp","href":"https:\/\/api.w.org\/{rel}","templated":true}]}}