{"id":666,"date":"2025-10-21T09:05:42","date_gmt":"2025-10-21T09:05:42","guid":{"rendered":"https:\/\/www.kedali.com\/?post_type=product&#038;p=666"},"modified":"2026-02-19T06:07:27","modified_gmt":"2026-02-19T06:07:27","slug":"wholesale-elegant-embossed-ceramic-tea-set","status":"publish","type":"product","link":"https:\/\/www.kedali.com\/de\/produkt\/wholesale-elegant-embossed-ceramic-tea-set\/","title":{"rendered":"Gro\u00dfhandel Elegante gepr\u00e4gte keramische Tee-Set - 3 Farben erh\u00e4ltlich"},"content":{"rendered":"<div class=\"wp-block-columns is-layout-flex wp-container-core-columns-is-layout-9d6595d7 wp-block-columns-is-layout-flex\">\n<div class=\"wp-block-column is-layout-flow wp-block-column-is-layout-flow\">\n<h3 class=\"wp-block-heading\">&nbsp;4 St\u00fcck Keramik Teeset Eigenschaften<\/h3>\n\n\n\n<ul class=\"wp-block-list\">\n<li><strong>Mehrere Farboptionen:<\/strong> Diese Serie bietet Farbt\u00f6ne wie reines Wei\u00df, Hellrosa und Blaugrau, die verschiedenen \u00e4sthetischen Vorlieben entsprechen und sich leicht an jeden Wohnstil anpassen.<\/li>\n\n\n\n<li><strong>Kompletter Satz Konfiguration: <\/strong>Das Teeset besteht aus den wichtigsten Komponenten wie einer Teekanne, Teetassen, einem Milchk\u00e4nnchen und einer Zuckerdose und erf\u00fcllt alle Anforderungen an die Zubereitung, das Trinken und die Aufbewahrung von Tee, was es sehr praktisch macht.<\/li>\n\n\n\n<li><strong>Perfekte Geschenkidee: <\/strong>Das hochwertige Design, die verschiedenen Farboptionen und das komplette Set machen es zu einem durchdachten Geschenk zur Einweihung, zur Hochzeit, zum Muttertag oder f\u00fcr jeden Teeliebhaber.<\/li>\n\n\n\n<li><strong>Relief-Design:<\/strong> Durch die traditionelle Handschnitztechnik ist die Textur zart und vielschichtig, und der visuelle Effekt ist dreidimensional und lebendig.<\/li>\n\n\n\n<li><strong>Stabile Glasurfarbe: <\/strong>Durch das Brennen bei hohen Temperaturen bildet sich ein Schutzfilm auf der Glasuroberfl\u00e4che, der Sch\u00f6nheit und Sicherheit miteinander verbindet.<\/li>\n<\/ul>\n\n\n\n<h3 class=\"wp-block-heading\">Kundenspezifischer Service<\/h3>\n\n\n\n<ul class=\"wp-block-list\">\n<li>OEM- und ODM-Unterst\u00fctzung<\/li>\n\n\n\n<li>Schnelle Musterlieferung.<\/li>\n\n\n\n<li>Wir bieten kundenspezifische Produktform, Farbe, Muster, Verpackung und andere kundenspezifische Dienstleistungen an.<\/li>\n<\/ul>\n<\/div>\n\n\n\n<div class=\"wp-block-column is-layout-flow wp-block-column-is-layout-flow\">\n<figure class=\"wp-block-image size-full\"><img decoding=\"async\" width=\"800\" height=\"800\" src=\"https:\/\/www.kedali.com\/wp-content\/uploads\/2025\/10\/ceramic-tea-set-dimensions-2.webp\" alt=\"Keramik-Teeservice Abmessungen\" class=\"wp-image-667\" srcset=\"https:\/\/www.kedali.com\/wp-content\/uploads\/2025\/10\/ceramic-tea-set-dimensions-2.webp 800w, https:\/\/www.kedali.com\/wp-content\/uploads\/2025\/10\/ceramic-tea-set-dimensions-2-300x300.webp 300w, https:\/\/www.kedali.com\/wp-content\/uploads\/2025\/10\/ceramic-tea-set-dimensions-2-150x150.webp 150w, https:\/\/www.kedali.com\/wp-content\/uploads\/2025\/10\/ceramic-tea-set-dimensions-2-768x768.webp 768w, https:\/\/www.kedali.com\/wp-content\/uploads\/2025\/10\/ceramic-tea-set-dimensions-2-600x600.webp 600w, https:\/\/www.kedali.com\/wp-content\/uploads\/2025\/10\/ceramic-tea-set-dimensions-2-100x100.webp 100w\" sizes=\"(max-width: 800px) 100vw, 800px\" \/><\/figure>\n<\/div>\n<\/div>\n\n\n\n<div class=\"wp-block-columns is-layout-flex wp-container-core-columns-is-layout-9d6595d7 wp-block-columns-is-layout-flex\">\n<div class=\"wp-block-column is-layout-flow wp-block-column-is-layout-flow\">\n<figure class=\"wp-block-image size-full\"><img decoding=\"async\" width=\"800\" height=\"800\" src=\"https:\/\/www.kedali.com\/wp-content\/uploads\/2025\/10\/wholesale-ceramic-tea-sets-6.webp\" alt=\"Gro\u00dfhandel Keramik Tee-Sets (6)\" class=\"wp-image-673\" srcset=\"https:\/\/www.kedali.com\/wp-content\/uploads\/2025\/10\/wholesale-ceramic-tea-sets-6.webp 800w, https:\/\/www.kedali.com\/wp-content\/uploads\/2025\/10\/wholesale-ceramic-tea-sets-6-300x300.webp 300w, https:\/\/www.kedali.com\/wp-content\/uploads\/2025\/10\/wholesale-ceramic-tea-sets-6-150x150.webp 150w, https:\/\/www.kedali.com\/wp-content\/uploads\/2025\/10\/wholesale-ceramic-tea-sets-6-768x768.webp 768w, https:\/\/www.kedali.com\/wp-content\/uploads\/2025\/10\/wholesale-ceramic-tea-sets-6-600x600.webp 600w, https:\/\/www.kedali.com\/wp-content\/uploads\/2025\/10\/wholesale-ceramic-tea-sets-6-100x100.webp 100w\" sizes=\"(max-width: 800px) 100vw, 800px\" \/><\/figure>\n<\/div>\n\n\n\n<div class=\"wp-block-column is-layout-flow wp-block-column-is-layout-flow\">\n<figure class=\"wp-block-image size-full\"><img decoding=\"async\" width=\"800\" height=\"800\" src=\"https:\/\/www.kedali.com\/wp-content\/uploads\/2025\/10\/wholesale-ceramic-tea-sets-7-1.webp\" alt=\"Gro\u00dfhandel f\u00fcr Keramik-Teeservice (7)\" class=\"wp-image-674\" srcset=\"https:\/\/www.kedali.com\/wp-content\/uploads\/2025\/10\/wholesale-ceramic-tea-sets-7-1.webp 800w, https:\/\/www.kedali.com\/wp-content\/uploads\/2025\/10\/wholesale-ceramic-tea-sets-7-1-300x300.webp 300w, https:\/\/www.kedali.com\/wp-content\/uploads\/2025\/10\/wholesale-ceramic-tea-sets-7-1-150x150.webp 150w, https:\/\/www.kedali.com\/wp-content\/uploads\/2025\/10\/wholesale-ceramic-tea-sets-7-1-768x768.webp 768w, https:\/\/www.kedali.com\/wp-content\/uploads\/2025\/10\/wholesale-ceramic-tea-sets-7-1-600x600.webp 600w, https:\/\/www.kedali.com\/wp-content\/uploads\/2025\/10\/wholesale-ceramic-tea-sets-7-1-100x100.webp 100w\" sizes=\"(max-width: 800px) 100vw, 800px\" \/><\/figure>\n<\/div>\n<\/div>","protected":false},"excerpt":{"rendered":"<p>Gro\u00dfhandel Keramik Tee-Set. Fabrik Bulk verf\u00fcgbar. Erleben Sie die zeitlose Eleganz eines klassischen Tee-Set mit diesem exquisiten gepr\u00e4gte Keramik Tee-Set. Erh\u00e4ltlich in drei exquisiten Farben, um Ihr Heimdekor zu erg\u00e4nzen. Kontaktieren Sie uns f\u00fcr ein Angebot.<\/p>\n<h2>Spezifikationen f\u00fcr Teeservice aus Keramik<\/h2>\n<table width=\"444\">\n<tbody>\n<tr>\n<td width=\"107\">Marke<\/td>\n<td width=\"337\">KDL<\/td>\n<\/tr>\n<tr>\n<td width=\"107\">Modell<\/td>\n<td width=\"337\">TPQ069-F027<\/td>\n<\/tr>\n<tr>\n<td width=\"107\">Material<\/td>\n<td width=\"337\">Keramik<\/td>\n<\/tr>\n<tr>\n<td width=\"107\">Anmeldung<\/td>\n<td width=\"337\">Kaffee-Tee-Set<\/td>\n<\/tr>\n<tr>\n<td width=\"107\">Abmessungen<\/td>\n<td width=\"337\">Teekanne:21.8*13.4*14.5cm<br \/>Zuckerdose:9.6*9.9*9.2cm<br \/>Milchkanne:13.4*8.3*7.6cm<br \/>Tasse:11.2*8.9*6.3cm<br \/>Untertasse:11.2*8.9*6.3<\/td>\n<\/tr>\n<tr>\n<td width=\"107\">Bruttogewicht (kg)<\/td>\n<td width=\"337\">5kg<\/td>\n<\/tr>\n<tr>\n<td width=\"107\">Merkmal<\/td>\n<td width=\"337\">Beschichtung<\/td>\n<\/tr>\n<tr>\n<td width=\"107\">Mindestbestellmenge<\/td>\n<td width=\"337\">800 S\u00e4tze<\/td>\n<\/tr>\n<\/tbody>\n<\/table>\n<p>&nbsp;<\/p>","protected":false},"featured_media":668,"comment_status":"closed","ping_status":"closed","template":"","meta":{"_acf_changed":false},"product_brand":[],"product_cat":[29,53],"product_tag":[],"class_list":{"0":"post-666","1":"product","2":"type-product","3":"status-publish","4":"has-post-thumbnail","6":"product_cat-wholesale-ceramic-tea-sets","7":"product_cat-wholesale-coffee-and-tea-sets","9":"first","10":"instock","11":"shipping-taxable","12":"product-type-simple"},"acf":[],"_links":{"self":[{"href":"https:\/\/www.kedali.com\/de\/wp-json\/wp\/v2\/product\/666","targetHints":{"allow":["GET"]}}],"collection":[{"href":"https:\/\/www.kedali.com\/de\/wp-json\/wp\/v2\/product"}],"about":[{"href":"https:\/\/www.kedali.com\/de\/wp-json\/wp\/v2\/types\/product"}],"replies":[{"embeddable":true,"href":"https:\/\/www.kedali.com\/de\/wp-json\/wp\/v2\/comments?post=666"}],"wp:featuredmedia":[{"embeddable":true,"href":"https:\/\/www.kedali.com\/de\/wp-json\/wp\/v2\/media\/668"}],"wp:attachment":[{"href":"https:\/\/www.kedali.com\/de\/wp-json\/wp\/v2\/media?parent=666"}],"wp:term":[{"taxonomy":"product_brand","embeddable":true,"href":"https:\/\/www.kedali.com\/de\/wp-json\/wp\/v2\/product_brand?post=666"},{"taxonomy":"product_cat","embeddable":true,"href":"https:\/\/www.kedali.com\/de\/wp-json\/wp\/v2\/product_cat?post=666"},{"taxonomy":"product_tag","embeddable":true,"href":"https:\/\/www.kedali.com\/de\/wp-json\/wp\/v2\/product_tag?post=666"}],"curies":[{"name":"wp","href":"https:\/\/api.w.org\/{rel}","templated":true}]}}