{"id":676,"date":"2025-10-19T09:05:57","date_gmt":"2025-10-19T09:05:57","guid":{"rendered":"https:\/\/www.kedali.com\/?post_type=product&#038;p=676"},"modified":"2026-02-19T06:07:45","modified_gmt":"2026-02-19T06:07:45","slug":"wholesale-luxury-ceramic-tea-set","status":"publish","type":"product","link":"https:\/\/www.kedali.com\/de\/produkt\/wholesale-luxury-ceramic-tea-set\/","title":{"rendered":"Gro\u00dfhandel Luxus-Keramik-Tee-Set mit Jeweled Crescent Motiv"},"content":{"rendered":"<div class=\"wp-block-columns is-layout-flex wp-container-core-columns-is-layout-9d6595d7 wp-block-columns-is-layout-flex\">\n<div class=\"wp-block-column is-layout-flow wp-block-column-is-layout-flow\">\n<h3 class=\"wp-block-heading\">Luxus-Keramik-Teeset Eigenschaften<\/h3>\n\n\n\n<ul class=\"wp-block-list\">\n<li><strong>Einzigartige dekorative Kunst: <\/strong>Dieses Teeservice aus Keramik hat ein einzigartiges und auff\u00e4lliges Design. Das Muster zeigt eine goldene Mondsichel mit aufgeschichteten blauen \u201cEdelsteinen\u201d oder Perlen, die dem Set eine exotische und luxuri\u00f6se Atmosph\u00e4re verleihen.<\/li>\n\n\n\n<li><strong>Materielle Vorteile:<\/strong> Das keramische Material hat eine gute W\u00e4rmehaltung, so dass Kaffee oder Tee eine angemessene Temperatur beibehalten k\u00f6nnen. Gleichzeitig ist die Oberfl\u00e4che glatt und hinterl\u00e4sst nicht so leicht Tee- oder Kaffeeflecken, und sie ist leicht zu reinigen.<\/li>\n\n\n\n<li><strong>Emotionaler Wert:<\/strong> Die Verwendung eines Keramik-Kaffeesets kann das Ritual des t\u00e4glichen Kaffeetrinkens erheblich aufwerten und die gew\u00f6hnliche Kaffeezeit in eine entspannende und angenehme Slow-Life-Erfahrung verwandeln, die den Menschen hilft, der Schnelllebigkeit zu entfliehen und emotionale Entlastung und Zufriedenheit zu erlangen.<\/li>\n\n\n\n<li><strong>Unterst\u00fctzung von Anpassungen: <\/strong>Wir bieten Gro\u00dfhandelspreise und Gro\u00dfeinkaufsdienste an und k\u00f6nnen je nach Kundenwunsch angepasst werden, einschlie\u00dflich der Auswahl von Farben und Mustern, um die unterschiedlichen Bed\u00fcrfnisse von Unternehmen und Privatpersonen zu erf\u00fcllen.<\/li>\n<\/ul>\n\n\n\n<h3 class=\"wp-block-heading\">Kundenspezifischer Service<\/h3>\n\n\n\n<ul class=\"wp-block-list\">\n<li>OEM- und ODM-Unterst\u00fctzung<\/li>\n\n\n\n<li>Schnelle Musterlieferung.<\/li>\n\n\n\n<li>Wir bieten kundenspezifische Produktform, Farbe, Muster, Verpackung und andere kundenspezifische Dienstleistungen an.<\/li>\n<\/ul>\n<\/div>\n\n\n\n<div class=\"wp-block-column is-layout-flow wp-block-column-is-layout-flow\">\n<figure class=\"wp-block-image size-full\"><img decoding=\"async\" width=\"800\" height=\"800\" src=\"https:\/\/www.kedali.com\/wp-content\/uploads\/2025\/10\/ceramic-tea-set-dimensions-3.webp\" alt=\"Keramik-Teeservice Abmessungen\" class=\"wp-image-677\" srcset=\"https:\/\/www.kedali.com\/wp-content\/uploads\/2025\/10\/ceramic-tea-set-dimensions-3.webp 800w, https:\/\/www.kedali.com\/wp-content\/uploads\/2025\/10\/ceramic-tea-set-dimensions-3-300x300.webp 300w, https:\/\/www.kedali.com\/wp-content\/uploads\/2025\/10\/ceramic-tea-set-dimensions-3-150x150.webp 150w, https:\/\/www.kedali.com\/wp-content\/uploads\/2025\/10\/ceramic-tea-set-dimensions-3-768x768.webp 768w, https:\/\/www.kedali.com\/wp-content\/uploads\/2025\/10\/ceramic-tea-set-dimensions-3-600x600.webp 600w, https:\/\/www.kedali.com\/wp-content\/uploads\/2025\/10\/ceramic-tea-set-dimensions-3-100x100.webp 100w\" sizes=\"(max-width: 800px) 100vw, 800px\" \/><\/figure>\n<\/div>\n<\/div>\n\n\n\n<div class=\"wp-block-columns is-layout-flex wp-container-core-columns-is-layout-9d6595d7 wp-block-columns-is-layout-flex\">\n<div class=\"wp-block-column is-layout-flow wp-block-column-is-layout-flow\">\n<figure class=\"wp-block-image size-full\"><img decoding=\"async\" width=\"800\" height=\"800\" src=\"https:\/\/www.kedali.com\/wp-content\/uploads\/2025\/10\/wholesale-luxury-ceramic-tea-sets-5.webp\" alt=\"Gro\u00dfhandel Luxus-Keramik-Teesets (5)\" class=\"wp-image-682\" srcset=\"https:\/\/www.kedali.com\/wp-content\/uploads\/2025\/10\/wholesale-luxury-ceramic-tea-sets-5.webp 800w, https:\/\/www.kedali.com\/wp-content\/uploads\/2025\/10\/wholesale-luxury-ceramic-tea-sets-5-300x300.webp 300w, https:\/\/www.kedali.com\/wp-content\/uploads\/2025\/10\/wholesale-luxury-ceramic-tea-sets-5-150x150.webp 150w, https:\/\/www.kedali.com\/wp-content\/uploads\/2025\/10\/wholesale-luxury-ceramic-tea-sets-5-768x768.webp 768w, https:\/\/www.kedali.com\/wp-content\/uploads\/2025\/10\/wholesale-luxury-ceramic-tea-sets-5-600x600.webp 600w, https:\/\/www.kedali.com\/wp-content\/uploads\/2025\/10\/wholesale-luxury-ceramic-tea-sets-5-100x100.webp 100w\" sizes=\"(max-width: 800px) 100vw, 800px\" \/><\/figure>\n<\/div>\n\n\n\n<div class=\"wp-block-column is-layout-flow wp-block-column-is-layout-flow\">\n<figure class=\"wp-block-image size-full\"><img decoding=\"async\" width=\"800\" height=\"800\" src=\"https:\/\/www.kedali.com\/wp-content\/uploads\/2025\/10\/wholesale-luxury-ceramic-tea-sets-4.webp\" alt=\"Gro\u00dfhandel Luxus Keramik Tee-Sets (4)\" class=\"wp-image-681\" srcset=\"https:\/\/www.kedali.com\/wp-content\/uploads\/2025\/10\/wholesale-luxury-ceramic-tea-sets-4.webp 800w, https:\/\/www.kedali.com\/wp-content\/uploads\/2025\/10\/wholesale-luxury-ceramic-tea-sets-4-300x300.webp 300w, https:\/\/www.kedali.com\/wp-content\/uploads\/2025\/10\/wholesale-luxury-ceramic-tea-sets-4-150x150.webp 150w, https:\/\/www.kedali.com\/wp-content\/uploads\/2025\/10\/wholesale-luxury-ceramic-tea-sets-4-768x768.webp 768w, https:\/\/www.kedali.com\/wp-content\/uploads\/2025\/10\/wholesale-luxury-ceramic-tea-sets-4-600x600.webp 600w, https:\/\/www.kedali.com\/wp-content\/uploads\/2025\/10\/wholesale-luxury-ceramic-tea-sets-4-100x100.webp 100w\" sizes=\"(max-width: 800px) 100vw, 800px\" \/><\/figure>\n<\/div>\n<\/div>","protected":false},"excerpt":{"rendered":"<p>Kaufen Sie unsere Gro\u00dfhandelsteesets in gro\u00dfen Mengen. Dieses Teeservice aus Keramik mit Edelsteinmuster strahlt exotischen Luxus aus und verbindet auf verbl\u00fcffende Weise makelloses wei\u00dfes Porzellan mit lebendigem, verschn\u00f6rkeltem Design. Kontaktieren Sie uns f\u00fcr ein Angebot.<\/p>\n<h2>Spezifikationen f\u00fcr Luxus-Keramik-Tee-Set<\/h2>\n<table width=\"444\">\n<tbody>\n<tr>\n<td width=\"107\">Marke<\/td>\n<td width=\"337\">KDL<\/td>\n<\/tr>\n<tr>\n<td width=\"107\">Modell<\/td>\n<td width=\"337\">TPQ190-A128<\/td>\n<\/tr>\n<tr>\n<td width=\"107\">Material<\/td>\n<td width=\"337\">Keramik<\/td>\n<\/tr>\n<tr>\n<td width=\"107\">Anmeldung<\/td>\n<td width=\"337\">Kaffee-Tee-Set<\/td>\n<\/tr>\n<tr>\n<td width=\"107\">Abmessungen<\/td>\n<td width=\"337\">Kaffeekanne:21*12.3*19.5cm; Teekanne:21*12.8*14cm; Zuckerdose:9.4*9.4*9.5cm; Milchkanne:13*7.5*9.8cm; Tasse:12*9*6.9 cm; Untertasse:15*15*2cm<\/td>\n<\/tr>\n<tr>\n<td width=\"107\">Bruttogewicht (kg)<\/td>\n<td width=\"337\">5kg<\/td>\n<\/tr>\n<tr>\n<td width=\"107\">Merkmal<\/td>\n<td width=\"337\">Aufkleber<\/td>\n<\/tr>\n<tr>\n<td width=\"107\">Mindestbestellmenge<\/td>\n<td width=\"337\">800 S\u00e4tze<\/td>\n<\/tr>\n<\/tbody>\n<\/table>\n<p>&nbsp;<\/p>","protected":false},"featured_media":678,"comment_status":"closed","ping_status":"closed","template":"","meta":{"_acf_changed":false},"product_brand":[],"product_cat":[29,53,21],"product_tag":[],"class_list":{"0":"post-676","1":"product","2":"type-product","3":"status-publish","4":"has-post-thumbnail","6":"product_cat-wholesale-ceramic-tea-sets","7":"product_cat-wholesale-coffee-and-tea-sets","8":"product_cat-wholesale-ceramic-mugs-and-cups","10":"first","11":"instock","12":"shipping-taxable","13":"product-type-simple"},"acf":[],"_links":{"self":[{"href":"https:\/\/www.kedali.com\/de\/wp-json\/wp\/v2\/product\/676","targetHints":{"allow":["GET"]}}],"collection":[{"href":"https:\/\/www.kedali.com\/de\/wp-json\/wp\/v2\/product"}],"about":[{"href":"https:\/\/www.kedali.com\/de\/wp-json\/wp\/v2\/types\/product"}],"replies":[{"embeddable":true,"href":"https:\/\/www.kedali.com\/de\/wp-json\/wp\/v2\/comments?post=676"}],"wp:featuredmedia":[{"embeddable":true,"href":"https:\/\/www.kedali.com\/de\/wp-json\/wp\/v2\/media\/678"}],"wp:attachment":[{"href":"https:\/\/www.kedali.com\/de\/wp-json\/wp\/v2\/media?parent=676"}],"wp:term":[{"taxonomy":"product_brand","embeddable":true,"href":"https:\/\/www.kedali.com\/de\/wp-json\/wp\/v2\/product_brand?post=676"},{"taxonomy":"product_cat","embeddable":true,"href":"https:\/\/www.kedali.com\/de\/wp-json\/wp\/v2\/product_cat?post=676"},{"taxonomy":"product_tag","embeddable":true,"href":"https:\/\/www.kedali.com\/de\/wp-json\/wp\/v2\/product_tag?post=676"}],"curies":[{"name":"wp","href":"https:\/\/api.w.org\/{rel}","templated":true}]}}