{"id":684,"date":"2025-10-21T09:44:51","date_gmt":"2025-10-21T09:44:51","guid":{"rendered":"https:\/\/www.kedali.com\/?post_type=product&#038;p=684"},"modified":"2025-11-13T06:03:01","modified_gmt":"2025-11-13T06:03:01","slug":"wholesale-colorful-ceramic-baking-trays","status":"publish","type":"product","link":"https:\/\/www.kedali.com\/de\/produkt\/wholesale-colorful-ceramic-baking-trays\/","title":{"rendered":"Gro\u00dfhandel bunte Keramik Backbleche - Porzellan Ramekin"},"content":{"rendered":"<div class=\"wp-block-columns is-layout-flex wp-container-core-columns-is-layout-9d6595d7 wp-block-columns-is-layout-flex\">\n<div class=\"wp-block-column is-layout-flow wp-block-column-is-layout-flow\">\n<h3 class=\"wp-block-heading\">Keramik-Backblech Merkmale<\/h3>\n\n\n\n<ul class=\"wp-block-list\">\n<li><strong>Widerstandsf\u00e4higkeit gegen thermische Schocks:<\/strong> Die aus hochwertiger Keramik gefertigten Backbleche halten hohen Temperaturen stand und verteilen die W\u00e4rme gleichm\u00e4\u00dfig, so dass sie sich ideal zum Backen von Speisen wie Quiches, Tartes und Kuchen eignen.<\/li>\n\n\n\n<li><strong>Leicht zu reinigen: <\/strong>Die glatte Glasur l\u00e4sst sich leicht abwischen und ist sp\u00fclmaschinenfest, was sie ideal f\u00fcr den gewerblichen Bereich macht.<\/li>\n\n\n\n<li><strong>Optimale Gr\u00f6\u00dfe: <\/strong>Die Ma\u00dfe von 24,5 \u00d7 24,5 \u00d7 3,7 cm sind eine sehr praktische Gr\u00f6\u00dfe f\u00fcr die meisten Standardkuchen-, Torten- oder kleinen Quiche-Rezepte und damit eine praktische Erg\u00e4nzung f\u00fcr jede K\u00fcche.<\/li>\n\n\n\n<li><strong>Individuelle Anpassung m\u00f6glich:<\/strong> Wir bieten Keramik-Backbleche zu Fabrikpreisen und im Gro\u00dfhandel an und k\u00f6nnen sie nach Ihren Vorgaben anpassen, einschlie\u00dflich Farb- und Musteroptionen, um die unterschiedlichen Bed\u00fcrfnisse von Unternehmen und Privatpersonen zu erf\u00fcllen.<\/li>\n<\/ul>\n\n\n\n<h3 class=\"wp-block-heading\">Kundenspezifischer Service<\/h3>\n\n\n\n<ul class=\"wp-block-list\">\n<li>OEM- und ODM-Unterst\u00fctzung<\/li>\n\n\n\n<li>Schnelle Musterlieferung.<\/li>\n\n\n\n<li>Wir bieten kundenspezifische Produktform, Farbe, Muster, Verpackung und andere kundenspezifische Dienstleistungen an.<\/li>\n<\/ul>\n<\/div>\n\n\n\n<div class=\"wp-block-column is-layout-flow wp-block-column-is-layout-flow\">\n<figure class=\"wp-block-image size-full\"><img decoding=\"async\" width=\"800\" height=\"800\" src=\"https:\/\/www.kedali.com\/wp-content\/uploads\/2025\/10\/Ceramic-baking-tray-dimensions-1.webp\" alt=\"Abmessungen des Keramik-Backblechs\" class=\"wp-image-696\" srcset=\"https:\/\/www.kedali.com\/wp-content\/uploads\/2025\/10\/Ceramic-baking-tray-dimensions-1.webp 800w, https:\/\/www.kedali.com\/wp-content\/uploads\/2025\/10\/Ceramic-baking-tray-dimensions-1-300x300.webp 300w, https:\/\/www.kedali.com\/wp-content\/uploads\/2025\/10\/Ceramic-baking-tray-dimensions-1-150x150.webp 150w, https:\/\/www.kedali.com\/wp-content\/uploads\/2025\/10\/Ceramic-baking-tray-dimensions-1-768x768.webp 768w, https:\/\/www.kedali.com\/wp-content\/uploads\/2025\/10\/Ceramic-baking-tray-dimensions-1-600x600.webp 600w, https:\/\/www.kedali.com\/wp-content\/uploads\/2025\/10\/Ceramic-baking-tray-dimensions-1-100x100.webp 100w\" sizes=\"(max-width: 800px) 100vw, 800px\" \/><\/figure>\n<\/div>\n<\/div>\n\n\n\n<div class=\"wp-block-columns is-layout-flex wp-container-core-columns-is-layout-9d6595d7 wp-block-columns-is-layout-flex\">\n<div class=\"wp-block-column is-layout-flow wp-block-column-is-layout-flow\">\n<figure class=\"wp-block-image size-full\"><img decoding=\"async\" width=\"800\" height=\"800\" src=\"https:\/\/www.kedali.com\/wp-content\/uploads\/2025\/10\/wholesale-ceramic-baking-trays-4.webp\" alt=\"Gro\u00dfhandel Keramik Backbleche (4)\" class=\"wp-image-694\" srcset=\"https:\/\/www.kedali.com\/wp-content\/uploads\/2025\/10\/wholesale-ceramic-baking-trays-4.webp 800w, https:\/\/www.kedali.com\/wp-content\/uploads\/2025\/10\/wholesale-ceramic-baking-trays-4-300x300.webp 300w, https:\/\/www.kedali.com\/wp-content\/uploads\/2025\/10\/wholesale-ceramic-baking-trays-4-150x150.webp 150w, https:\/\/www.kedali.com\/wp-content\/uploads\/2025\/10\/wholesale-ceramic-baking-trays-4-768x768.webp 768w, https:\/\/www.kedali.com\/wp-content\/uploads\/2025\/10\/wholesale-ceramic-baking-trays-4-600x600.webp 600w, https:\/\/www.kedali.com\/wp-content\/uploads\/2025\/10\/wholesale-ceramic-baking-trays-4-100x100.webp 100w\" sizes=\"(max-width: 800px) 100vw, 800px\" \/><\/figure>\n<\/div>\n\n\n\n<div class=\"wp-block-column is-layout-flow wp-block-column-is-layout-flow\">\n<figure class=\"wp-block-image size-full\"><img decoding=\"async\" width=\"800\" height=\"800\" src=\"https:\/\/www.kedali.com\/wp-content\/uploads\/2025\/10\/wholesale-ceramic-baking-trays-2.webp\" alt=\"Gro\u00dfhandel Keramik Backbleche (2)\" class=\"wp-image-692\" srcset=\"https:\/\/www.kedali.com\/wp-content\/uploads\/2025\/10\/wholesale-ceramic-baking-trays-2.webp 800w, https:\/\/www.kedali.com\/wp-content\/uploads\/2025\/10\/wholesale-ceramic-baking-trays-2-300x300.webp 300w, https:\/\/www.kedali.com\/wp-content\/uploads\/2025\/10\/wholesale-ceramic-baking-trays-2-150x150.webp 150w, https:\/\/www.kedali.com\/wp-content\/uploads\/2025\/10\/wholesale-ceramic-baking-trays-2-768x768.webp 768w, https:\/\/www.kedali.com\/wp-content\/uploads\/2025\/10\/wholesale-ceramic-baking-trays-2-600x600.webp 600w, https:\/\/www.kedali.com\/wp-content\/uploads\/2025\/10\/wholesale-ceramic-baking-trays-2-100x100.webp 100w\" sizes=\"(max-width: 800px) 100vw, 800px\" \/><\/figure>\n<\/div>\n<\/div>","protected":false},"excerpt":{"rendered":"<p>Wir laden Sie ein, unsere Keramik-Backbleche in gro\u00dfen Mengen zu kaufen. Diese eleganten Keramik-Backbleche sind in einer Vielzahl von leuchtenden Farben erh\u00e4ltlich und k\u00f6nnen direkt vom Ofen auf den Tisch gebracht werden. Sie sind aus hochwertiger Keramik gefertigt und k\u00f6nnen hohen Temperaturen standhalten, w\u00e4hrend sie die W\u00e4rme gleichm\u00e4\u00dfig verteilen, was sie zu einer ausgezeichneten Wahl f\u00fcr das Backen macht.<\/p>\n<h2>Spezifikationen f\u00fcr bunte Keramik-Backbleche<\/h2>\n<table style=\"border-collapse: collapse; width: 409px; height: 262px;\" border=\"0\" width=\"444\" cellspacing=\"0\" cellpadding=\"0\">\n<tbody>\n<tr style=\"height: 13.50pt;\">\n<td class=\"et2\" style=\"height: 13.50pt; width: 80.25pt;\" width=\"107\" height=\"18\">Marke<\/td>\n<td class=\"et2\" style=\"width: 252.75pt;\" width=\"337\">KDL<\/td>\n<\/tr>\n<tr style=\"height: 13.50pt;\">\n<td class=\"et2\" style=\"height: 13.50pt; width: 80.25pt;\" width=\"107\" height=\"18\">Modell<\/td>\n<td class=\"et2\" style=\"width: 252.75pt;\" width=\"337\">TDS1781-9.5<\/td>\n<\/tr>\n<tr style=\"height: 13.50pt;\">\n<td class=\"et2\" style=\"height: 13.50pt; width: 80.25pt;\" width=\"107\" height=\"18\">Material<\/td>\n<td class=\"et2\" style=\"width: 252.75pt;\" width=\"337\">Keramik<\/td>\n<\/tr>\n<tr style=\"height: 13.50pt;\">\n<td class=\"et2\" style=\"height: 13.50pt; width: 80.25pt;\" width=\"107\" height=\"18\">Anmeldung<\/td>\n<td class=\"et2\" style=\"width: 252.75pt;\" width=\"337\">Kaffee-Tee-Set<\/td>\n<\/tr>\n<tr style=\"height: 13.50pt;\">\n<td class=\"et2\" style=\"height: 13.50pt; width: 80.25pt;\" width=\"107\" height=\"18\">Abmessungen<\/td>\n<td class=\"et2\" style=\"width: 252.75pt;\" width=\"337\">24.5*24.5*3.7cm<\/td>\n<\/tr>\n<tr style=\"height: 27.00pt;\">\n<td class=\"et2\" style=\"height: 27.00pt; width: 80.25pt;\" width=\"107\" height=\"36\">Bruttogewicht (kg)<\/td>\n<td class=\"et2\" style=\"width: 252.75pt;\" width=\"337\">5kg<\/td>\n<\/tr>\n<tr style=\"height: 13.50pt;\">\n<td class=\"et2\" style=\"height: 13.50pt; width: 80.25pt;\" width=\"107\" height=\"18\">Merkmal<\/td>\n<td class=\"et2\" style=\"width: 252.75pt;\" width=\"337\">Farbe glasiert<\/td>\n<\/tr>\n<tr style=\"height: 40.50pt;\">\n<td class=\"et2\" style=\"height: 40.50pt; width: 80.25pt;\" width=\"107\" height=\"54\">Mindestbestellmenge<\/td>\n<td class=\"et2\" style=\"width: 252.75pt;\" width=\"337\">800 S\u00e4tze<\/td>\n<\/tr>\n<\/tbody>\n<\/table>\n<p>&nbsp;<\/p>\n<p>&nbsp;<\/p>\n<p><script src=\"chrome-extension:\/\/fpelahbljekknahkcaegamhcndkfpfnc\/iFrame.js\" type=\"text\/javascript\"><\/script><\/p>\n<p><script src=\"chrome-extension:\/\/fpelahbljekknahkcaegamhcndkfpfnc\/iFrame.js\" type=\"text\/javascript\"><\/script><\/p>","protected":false},"featured_media":691,"comment_status":"closed","ping_status":"closed","template":"","meta":{"_acf_changed":false},"product_brand":[],"product_cat":[18,34],"product_tag":[],"class_list":{"0":"post-684","1":"product","2":"type-product","3":"status-publish","4":"has-post-thumbnail","6":"product_cat-wholesale-ceramic-kitchenware","7":"product_cat-wholesale-ceramic-bakeware","9":"first","10":"instock","11":"shipping-taxable","12":"product-type-simple"},"acf":[],"_links":{"self":[{"href":"https:\/\/www.kedali.com\/de\/wp-json\/wp\/v2\/product\/684","targetHints":{"allow":["GET"]}}],"collection":[{"href":"https:\/\/www.kedali.com\/de\/wp-json\/wp\/v2\/product"}],"about":[{"href":"https:\/\/www.kedali.com\/de\/wp-json\/wp\/v2\/types\/product"}],"replies":[{"embeddable":true,"href":"https:\/\/www.kedali.com\/de\/wp-json\/wp\/v2\/comments?post=684"}],"wp:featuredmedia":[{"embeddable":true,"href":"https:\/\/www.kedali.com\/de\/wp-json\/wp\/v2\/media\/691"}],"wp:attachment":[{"href":"https:\/\/www.kedali.com\/de\/wp-json\/wp\/v2\/media?parent=684"}],"wp:term":[{"taxonomy":"product_brand","embeddable":true,"href":"https:\/\/www.kedali.com\/de\/wp-json\/wp\/v2\/product_brand?post=684"},{"taxonomy":"product_cat","embeddable":true,"href":"https:\/\/www.kedali.com\/de\/wp-json\/wp\/v2\/product_cat?post=684"},{"taxonomy":"product_tag","embeddable":true,"href":"https:\/\/www.kedali.com\/de\/wp-json\/wp\/v2\/product_tag?post=684"}],"curies":[{"name":"wp","href":"https:\/\/api.w.org\/{rel}","templated":true}]}}