{"id":700,"date":"2025-10-21T10:14:14","date_gmt":"2025-10-21T10:14:14","guid":{"rendered":"https:\/\/www.kedali.com\/?post_type=product&#038;p=700"},"modified":"2025-11-13T06:05:26","modified_gmt":"2025-11-13T06:05:26","slug":"wholesale-ceramic-butter-dishes-with-lid","status":"publish","type":"product","link":"https:\/\/www.kedali.com\/de\/produkt\/wholesale-ceramic-butter-dishes-with-lid\/","title":{"rendered":"Gro\u00dfhandel Keramische Butterdosen mit Holzdeckel und Messer aus Edelstahl"},"content":{"rendered":"<div class=\"wp-block-columns is-layout-flex wp-container-core-columns-is-layout-9d6595d7 wp-block-columns-is-layout-flex\">\n<div class=\"wp-block-column is-layout-flow wp-block-column-is-layout-flow\">\n<h3 class=\"wp-block-heading\"> Eigenschaften<\/h3>\n\n\n\n<ul class=\"wp-block-list\">\n<li><strong>Starke Abdichtung:<\/strong> Das Design des Deckels isoliert Staub und \u00e4u\u00dfere Verschmutzungen, verhindert die Oxidation und den Verfall des \u00d6ls und verl\u00e4ngert die Lagerf\u00e4higkeit.<br><strong>Einfach zu bedienen: <\/strong>Die keramischen Butterdosen werden mit einem Porzellanl\u00f6ffel geliefert, der verhindert, dass der L\u00f6ffel den Beh\u00e4lter zerkratzt oder das \u00d6l verunreinigt, so dass eine genaue und verschwenderische \u00d6lentnahme m\u00f6glich ist.<br><strong>Materielle Sicherheit: <\/strong>Hergestellt aus Keramik, ohne das Risiko chemischer R\u00fcckst\u00e4nde wie bei Kunststoffbeh\u00e4ltern, in \u00dcbereinstimmung mit den Lebensmittelsicherheitsstandards.<br><strong>Leicht zu reinigen: <\/strong>Die keramische Oberfl\u00e4che ist glatt, und \u00d6lflecken und Verschmutzungen lassen sich leicht abwischen. Sie ist f\u00fcr K\u00fcchenger\u00e4te wie Geschirrsp\u00fcler und Desinfektionsschr\u00e4nke geeignet, und die t\u00e4gliche Pflege ist problemlos.<br><strong>\u00c4sthetisches Design: <\/strong>Keramische Butterdosen haben eine einfache und elegante Form mit kr\u00e4ftigen Farben. Sie k\u00f6nnen als Vorratsbeh\u00e4lter in der K\u00fcche oder als Dekoration verwendet werden, um die Lebensqualit\u00e4t zu verbessern.<\/li>\n<\/ul>\n\n\n\n<h3 class=\"wp-block-heading\">Kundenspezifischer Service<\/h3>\n\n\n\n<ul class=\"wp-block-list\">\n<li>OEM- und ODM-Unterst\u00fctzung<\/li>\n\n\n\n<li>Schnelle Musterlieferung.<\/li>\n\n\n\n<li>Wir bieten kundenspezifische Produktform, Farbe, Muster, Verpackung und andere kundenspezifische Dienstleistungen an.<\/li>\n<\/ul>\n<\/div>\n\n\n\n<div class=\"wp-block-column is-layout-flow wp-block-column-is-layout-flow\">\n<figure class=\"wp-block-image size-full\"><img decoding=\"async\" width=\"800\" height=\"800\" src=\"https:\/\/www.kedali.com\/wp-content\/uploads\/2025\/10\/ceramic-butter-dish-dimensions.webp\" alt=\"Abmessungen der Butterdose aus Keramik\" class=\"wp-image-701\" srcset=\"https:\/\/www.kedali.com\/wp-content\/uploads\/2025\/10\/ceramic-butter-dish-dimensions.webp 800w, https:\/\/www.kedali.com\/wp-content\/uploads\/2025\/10\/ceramic-butter-dish-dimensions-300x300.webp 300w, https:\/\/www.kedali.com\/wp-content\/uploads\/2025\/10\/ceramic-butter-dish-dimensions-150x150.webp 150w, https:\/\/www.kedali.com\/wp-content\/uploads\/2025\/10\/ceramic-butter-dish-dimensions-768x768.webp 768w, https:\/\/www.kedali.com\/wp-content\/uploads\/2025\/10\/ceramic-butter-dish-dimensions-600x600.webp 600w, https:\/\/www.kedali.com\/wp-content\/uploads\/2025\/10\/ceramic-butter-dish-dimensions-100x100.webp 100w\" sizes=\"(max-width: 800px) 100vw, 800px\" \/><\/figure>\n<\/div>\n<\/div>\n\n\n\n<div class=\"wp-block-columns is-layout-flex wp-container-core-columns-is-layout-9d6595d7 wp-block-columns-is-layout-flex\">\n<div class=\"wp-block-column is-layout-flow wp-block-column-is-layout-flow\">\n<figure class=\"wp-block-image size-full\"><img decoding=\"async\" width=\"800\" height=\"800\" src=\"https:\/\/www.kedali.com\/wp-content\/uploads\/2025\/10\/wholesale-ceramic-butter-dishes-4.webp\" alt=\"Gro\u00dfhandel Keramik Butterdosen (4)\" class=\"wp-image-705\" srcset=\"https:\/\/www.kedali.com\/wp-content\/uploads\/2025\/10\/wholesale-ceramic-butter-dishes-4.webp 800w, https:\/\/www.kedali.com\/wp-content\/uploads\/2025\/10\/wholesale-ceramic-butter-dishes-4-300x300.webp 300w, https:\/\/www.kedali.com\/wp-content\/uploads\/2025\/10\/wholesale-ceramic-butter-dishes-4-150x150.webp 150w, https:\/\/www.kedali.com\/wp-content\/uploads\/2025\/10\/wholesale-ceramic-butter-dishes-4-768x768.webp 768w, https:\/\/www.kedali.com\/wp-content\/uploads\/2025\/10\/wholesale-ceramic-butter-dishes-4-600x600.webp 600w, https:\/\/www.kedali.com\/wp-content\/uploads\/2025\/10\/wholesale-ceramic-butter-dishes-4-100x100.webp 100w\" sizes=\"(max-width: 800px) 100vw, 800px\" \/><\/figure>\n<\/div>\n\n\n\n<div class=\"wp-block-column is-layout-flow wp-block-column-is-layout-flow\">\n<figure class=\"wp-block-image size-full\"><img decoding=\"async\" width=\"800\" height=\"800\" src=\"https:\/\/www.kedali.com\/wp-content\/uploads\/2025\/10\/wholesale-ceramic-butter-dishes-6.webp\" alt=\"Gro\u00dfhandel Keramik Butterdosen (6)\" class=\"wp-image-707\" srcset=\"https:\/\/www.kedali.com\/wp-content\/uploads\/2025\/10\/wholesale-ceramic-butter-dishes-6.webp 800w, https:\/\/www.kedali.com\/wp-content\/uploads\/2025\/10\/wholesale-ceramic-butter-dishes-6-300x300.webp 300w, https:\/\/www.kedali.com\/wp-content\/uploads\/2025\/10\/wholesale-ceramic-butter-dishes-6-150x150.webp 150w, https:\/\/www.kedali.com\/wp-content\/uploads\/2025\/10\/wholesale-ceramic-butter-dishes-6-768x768.webp 768w, https:\/\/www.kedali.com\/wp-content\/uploads\/2025\/10\/wholesale-ceramic-butter-dishes-6-600x600.webp 600w, https:\/\/www.kedali.com\/wp-content\/uploads\/2025\/10\/wholesale-ceramic-butter-dishes-6-100x100.webp 100w\" sizes=\"(max-width: 800px) 100vw, 800px\" \/><\/figure>\n<\/div>\n<\/div>","protected":false},"excerpt":{"rendered":"<p>Gro\u00dfhandels-Keramik-Butterschalen aus haltbarer Keramik verf\u00fcgen \u00fcber einen Messeraufsatz aus rostfreiem Stahl und einen eleganten Deckel aus nat\u00fcrlichem Bambus, der zwei Aufgaben erf\u00fcllt: Er h\u00e4lt Ihre Butter frisch und dient gleichzeitig als praktisches Schneidebrett. Kontaktieren Sie uns f\u00fcr ein Angebot.<\/p>\n<h2>Spezifikationen f\u00fcr Butterdosen aus Keramik<\/h2>\n<table style=\"border-collapse: collapse; width: 333.02pt;\" border=\"0\" width=\"444\" cellspacing=\"0\" cellpadding=\"0\">\n<tbody>\n<tr style=\"height: 13.50pt;\">\n<td class=\"et2\" style=\"height: 13.50pt; width: 80.25pt;\" width=\"107\" height=\"18\">Marke<\/td>\n<td class=\"et2\" style=\"width: 252.75pt;\" width=\"337\">KDL<\/td>\n<\/tr>\n<tr style=\"height: 13.50pt;\">\n<td class=\"et2\" style=\"height: 13.50pt; width: 80.25pt;\" width=\"107\" height=\"18\">Modell<\/td>\n<td class=\"et2\" style=\"width: 252.75pt;\" width=\"337\">DTDS1675-7<\/td>\n<\/tr>\n<tr style=\"height: 13.50pt;\">\n<td class=\"et2\" style=\"height: 13.50pt; width: 80.25pt;\" width=\"107\" height=\"18\">Material<\/td>\n<td class=\"et2\" style=\"width: 252.75pt;\" width=\"337\">Keramik<\/td>\n<\/tr>\n<tr style=\"height: 13.50pt;\">\n<td class=\"et2\" style=\"height: 13.50pt; width: 80.25pt;\" width=\"107\" height=\"18\">Anmeldung<\/td>\n<td class=\"et2\" style=\"width: 252.75pt;\" width=\"337\">Kaffee-Tee-Set<\/td>\n<\/tr>\n<tr style=\"height: 38.00pt;\">\n<td class=\"et2\" style=\"height: 38.00pt; width: 80.25pt;\" width=\"107\" height=\"50\">Abmessungen<\/td>\n<td class=\"et2\" style=\"width: 252.75pt;\" width=\"337\">18.2*10*7.3cm<br \/>(Lid:18*10*2cm bowl:17.8*9.7*6.1cm)<\/td>\n<\/tr>\n<tr style=\"height: 27.00pt;\">\n<td class=\"et2\" style=\"height: 27.00pt; width: 80.25pt;\" width=\"107\" height=\"36\">Bruttogewicht (kg)<\/td>\n<td class=\"et2\" style=\"width: 252.75pt;\" width=\"337\">5kg<\/td>\n<\/tr>\n<tr style=\"height: 13.50pt;\">\n<td class=\"et2\" style=\"height: 13.50pt; width: 80.25pt;\" width=\"107\" height=\"18\">Merkmal<\/td>\n<td class=\"et2\" style=\"width: 252.75pt;\" width=\"337\">Gepr\u00e4gt<\/td>\n<\/tr>\n<tr style=\"height: 40.50pt;\">\n<td class=\"et2\" style=\"height: 40.50pt; width: 80.25pt;\" width=\"107\" height=\"54\">Mindestbestellmenge<\/td>\n<td class=\"et2\" style=\"width: 252.75pt;\" width=\"337\">800 S\u00e4tze<\/td>\n<\/tr>\n<\/tbody>\n<\/table>\n<p>&nbsp;<\/p>\n<p><script src=\"chrome-extension:\/\/fpelahbljekknahkcaegamhcndkfpfnc\/iFrame.js\" type=\"text\/javascript\"><\/script><\/p>","protected":false},"featured_media":702,"comment_status":"closed","ping_status":"closed","template":"","meta":{"_acf_changed":false},"product_brand":[],"product_cat":[18,35],"product_tag":[],"class_list":{"0":"post-700","1":"product","2":"type-product","3":"status-publish","4":"has-post-thumbnail","6":"product_cat-wholesale-ceramic-kitchenware","7":"product_cat-wholesale-ceramic-butter-dishes","9":"first","10":"instock","11":"shipping-taxable","12":"product-type-simple"},"acf":[],"_links":{"self":[{"href":"https:\/\/www.kedali.com\/de\/wp-json\/wp\/v2\/product\/700","targetHints":{"allow":["GET"]}}],"collection":[{"href":"https:\/\/www.kedali.com\/de\/wp-json\/wp\/v2\/product"}],"about":[{"href":"https:\/\/www.kedali.com\/de\/wp-json\/wp\/v2\/types\/product"}],"replies":[{"embeddable":true,"href":"https:\/\/www.kedali.com\/de\/wp-json\/wp\/v2\/comments?post=700"}],"wp:featuredmedia":[{"embeddable":true,"href":"https:\/\/www.kedali.com\/de\/wp-json\/wp\/v2\/media\/702"}],"wp:attachment":[{"href":"https:\/\/www.kedali.com\/de\/wp-json\/wp\/v2\/media?parent=700"}],"wp:term":[{"taxonomy":"product_brand","embeddable":true,"href":"https:\/\/www.kedali.com\/de\/wp-json\/wp\/v2\/product_brand?post=700"},{"taxonomy":"product_cat","embeddable":true,"href":"https:\/\/www.kedali.com\/de\/wp-json\/wp\/v2\/product_cat?post=700"},{"taxonomy":"product_tag","embeddable":true,"href":"https:\/\/www.kedali.com\/de\/wp-json\/wp\/v2\/product_tag?post=700"}],"curies":[{"name":"wp","href":"https:\/\/api.w.org\/{rel}","templated":true}]}}