{"id":718,"date":"2026-04-16T11:03:10","date_gmt":"2026-04-16T11:03:10","guid":{"rendered":"https:\/\/www.kedali.com\/?post_type=product&#038;p=718"},"modified":"2026-04-21T03:07:41","modified_gmt":"2026-04-21T03:07:41","slug":"wholesale-gothic-skeleton-style-ceramic-dinnerware-set","status":"publish","type":"product","link":"https:\/\/www.kedali.com\/de\/produkt\/wholesale-gothic-skeleton-style-ceramic-dinnerware-set\/","title":{"rendered":"Gro\u00dfhandel Keramik Geschirr Set 4 St\u00fcck Gothic Skelett Stil"},"content":{"rendered":"<div class=\"wp-block-columns is-layout-flex wp-container-core-columns-is-layout-9d6595d7 wp-block-columns-is-layout-flex\">\n<div class=\"wp-block-column is-layout-flow wp-block-column-is-layout-flow\">\n<h3 class=\"wp-block-heading\">Geschirrset 4 Teile Merkmale<\/h3>\n\n\n\n<ul class=\"wp-block-list\">\n<li><strong>K\u00fcnstlerische \u00c4sthetik:<\/strong> Dieses Geschirrset zeichnet sich durch eine \u00fcberwiegend schwarz-wei\u00dfe Farbgebung mit Totenkopf- und Blumenmotiven aus, wodurch ein einzigartiger und kreativer Look entsteht.<\/li>\n\n\n\n<li><strong>Langlebigkeit: <\/strong>Unser Gro\u00dfhandelsgeschirr besteht aus hochwertiger Keramik, die hitze- und korrosionsbest\u00e4ndig ist, sich auch bei t\u00e4glichem Gebrauch nicht verformt oder Risse bekommt und ihre Beschaffenheit \u00fcber lange Zeit beibeh\u00e4lt.<\/li>\n\n\n\n<li><strong>Leicht zu reinigen: <\/strong>Die glatte Oberfl\u00e4che der Keramik l\u00e4sst sich leicht von Fett und Essensresten befreien. Sp\u00fclmaschinentauglich (ausgew\u00e4hlte Artikel) f\u00fcr eine problemlose t\u00e4gliche Pflege.<\/li>\n\n\n\n<li><strong>Kultureller und sentimentaler Wert: <\/strong>Das Totenkopfmotiv verk\u00f6rpert kulturelle Symbole wie den Tag der Toten und Halloween. Dieses Geschirrset ist nicht nur praktisch, sondern auch ein Tr\u00e4ger f\u00fcr kulturelle Gef\u00fchle.<\/li>\n\n\n\n<li><strong>Vollst\u00e4ndige Vielfalt: <\/strong>Erh\u00e4ltlich in Form von Sch\u00fcsseln, Tellern, Kaffeetassen, Bechern und vielem mehr, erf\u00fcllt es die Bed\u00fcrfnisse des t\u00e4glichen Essens, einschlie\u00dflich des Servierens von Reis, Gerichten und Tee\/Kaffee. Es eignet sich sowohl f\u00fcr die Familie als auch f\u00fcr die Bewirtung von G\u00e4sten.<\/li>\n<\/ul>\n\n\n\n<h3 class=\"wp-block-heading\">Kundenspezifischer Service<\/h3>\n\n\n\n<ul class=\"wp-block-list\">\n<li>OEM- und ODM-Unterst\u00fctzung<\/li>\n\n\n\n<li>Schnelle Musterlieferung.<\/li>\n\n\n\n<li>Wir bieten kundenspezifische Produktform, Farbe, Muster, Verpackung und andere kundenspezifische Dienstleistungen an.<\/li>\n<\/ul>\n<\/div>\n\n\n\n<div class=\"wp-block-column is-layout-flow wp-block-column-is-layout-flow\">\n<figure class=\"wp-block-image size-full\"><img decoding=\"async\" width=\"1600\" height=\"1600\" src=\"https:\/\/www.kedali.com\/wp-content\/uploads\/2025\/10\/wholesale-ceramic-dinnerware-set_skull-style-5.webp\" alt=\"Gro\u00dfhandel Keramik Geschirr set_skull Stil (5)\" class=\"wp-image-723\" srcset=\"https:\/\/www.kedali.com\/wp-content\/uploads\/2025\/10\/wholesale-ceramic-dinnerware-set_skull-style-5.webp 1600w, https:\/\/www.kedali.com\/wp-content\/uploads\/2025\/10\/wholesale-ceramic-dinnerware-set_skull-style-5-300x300.webp 300w, https:\/\/www.kedali.com\/wp-content\/uploads\/2025\/10\/wholesale-ceramic-dinnerware-set_skull-style-5-150x150.webp 150w, https:\/\/www.kedali.com\/wp-content\/uploads\/2025\/10\/wholesale-ceramic-dinnerware-set_skull-style-5-768x768.webp 768w, https:\/\/www.kedali.com\/wp-content\/uploads\/2025\/10\/wholesale-ceramic-dinnerware-set_skull-style-5-1200x1200.webp 1200w, https:\/\/www.kedali.com\/wp-content\/uploads\/2025\/10\/wholesale-ceramic-dinnerware-set_skull-style-5-600x600.webp 600w, https:\/\/www.kedali.com\/wp-content\/uploads\/2025\/10\/wholesale-ceramic-dinnerware-set_skull-style-5-100x100.webp 100w\" sizes=\"(max-width: 1600px) 100vw, 1600px\" \/><\/figure>\n<\/div>\n<\/div>\n\n\n\n<div class=\"wp-block-columns is-layout-flex wp-container-core-columns-is-layout-9d6595d7 wp-block-columns-is-layout-flex\">\n<div class=\"wp-block-column is-layout-flow wp-block-column-is-layout-flow\">\n<figure class=\"wp-block-image size-full\"><img decoding=\"async\" width=\"1600\" height=\"1600\" src=\"https:\/\/www.kedali.com\/wp-content\/uploads\/2025\/10\/wholesale-ceramic-dinnerware-set_skull-style-4.webp\" alt=\"Gro\u00dfhandel Keramik Geschirr set_skull Stil (4)\" class=\"wp-image-722\" srcset=\"https:\/\/www.kedali.com\/wp-content\/uploads\/2025\/10\/wholesale-ceramic-dinnerware-set_skull-style-4.webp 1600w, https:\/\/www.kedali.com\/wp-content\/uploads\/2025\/10\/wholesale-ceramic-dinnerware-set_skull-style-4-300x300.webp 300w, https:\/\/www.kedali.com\/wp-content\/uploads\/2025\/10\/wholesale-ceramic-dinnerware-set_skull-style-4-150x150.webp 150w, https:\/\/www.kedali.com\/wp-content\/uploads\/2025\/10\/wholesale-ceramic-dinnerware-set_skull-style-4-768x768.webp 768w, https:\/\/www.kedali.com\/wp-content\/uploads\/2025\/10\/wholesale-ceramic-dinnerware-set_skull-style-4-1200x1200.webp 1200w, https:\/\/www.kedali.com\/wp-content\/uploads\/2025\/10\/wholesale-ceramic-dinnerware-set_skull-style-4-600x600.webp 600w, https:\/\/www.kedali.com\/wp-content\/uploads\/2025\/10\/wholesale-ceramic-dinnerware-set_skull-style-4-100x100.webp 100w\" sizes=\"(max-width: 1600px) 100vw, 1600px\" \/><\/figure>\n<\/div>\n\n\n\n<div class=\"wp-block-column is-layout-flow wp-block-column-is-layout-flow\">\n<figure class=\"wp-block-image size-full\"><img decoding=\"async\" width=\"1600\" height=\"1600\" src=\"https:\/\/www.kedali.com\/wp-content\/uploads\/2025\/10\/wholesale-ceramic-dinnerware-set_skull-style-3.webp\" alt=\"Gro\u00dfhandel Keramik Geschirr set_skull Stil (3)\" class=\"wp-image-721\" srcset=\"https:\/\/www.kedali.com\/wp-content\/uploads\/2025\/10\/wholesale-ceramic-dinnerware-set_skull-style-3.webp 1600w, https:\/\/www.kedali.com\/wp-content\/uploads\/2025\/10\/wholesale-ceramic-dinnerware-set_skull-style-3-300x300.webp 300w, https:\/\/www.kedali.com\/wp-content\/uploads\/2025\/10\/wholesale-ceramic-dinnerware-set_skull-style-3-150x150.webp 150w, https:\/\/www.kedali.com\/wp-content\/uploads\/2025\/10\/wholesale-ceramic-dinnerware-set_skull-style-3-768x768.webp 768w, https:\/\/www.kedali.com\/wp-content\/uploads\/2025\/10\/wholesale-ceramic-dinnerware-set_skull-style-3-1200x1200.webp 1200w, https:\/\/www.kedali.com\/wp-content\/uploads\/2025\/10\/wholesale-ceramic-dinnerware-set_skull-style-3-600x600.webp 600w, https:\/\/www.kedali.com\/wp-content\/uploads\/2025\/10\/wholesale-ceramic-dinnerware-set_skull-style-3-100x100.webp 100w\" sizes=\"(max-width: 1600px) 100vw, 1600px\" \/><\/figure>\n<\/div>\n<\/div>","protected":false},"excerpt":{"rendered":"<p>Dieses Gro\u00dfhandels-Keramikgeschirrset mit einem von einem gotischen Totenkopf inspirierten Design ist einzigartig und spricht Verbraucher an, die etwas anderes suchen. Das Set besteht aus einer Teetasse und Untertasse, einem hohen Getr\u00e4nkebecher sowie einem passenden Teller und einer Sch\u00fcssel. Dieses Produkt eignet sich perfekt f\u00fcr den Weihnachtseinzelhandel und Halloween-Promotions.<\/p>\n<h2>Spezifikationen f\u00fcr Keramikgeschirrset<\/h2>\n<table style=\"border-collapse: collapse; width: 272.27pt;\" border=\"0\" width=\"363\" cellspacing=\"0\" cellpadding=\"0\">\n<tbody>\n<tr style=\"height: 13.50pt;\">\n<td class=\"et2\" style=\"height: 13.50pt; width: 80.25pt;\" width=\"107\" height=\"18\">Marke<\/td>\n<td class=\"et2\" style=\"width: 192.00pt;\" width=\"256\">KDL<\/td>\n<\/tr>\n<tr style=\"height: 13.50pt;\">\n<td class=\"et2\" style=\"height: 13.50pt; width: 80.25pt;\" width=\"107\" height=\"18\">Modell<\/td>\n<td class=\"et2\" style=\"width: 192.00pt;\" width=\"256\">TDS1161-10.5AH-B026<\/td>\n<\/tr>\n<tr style=\"height: 13.50pt;\">\n<td class=\"et2\" style=\"height: 13.50pt; width: 80.25pt;\" width=\"107\" height=\"18\">Material<\/td>\n<td class=\"et2\" style=\"width: 192.00pt;\" width=\"256\">Keramik<\/td>\n<\/tr>\n<tr style=\"height: 13.50pt;\">\n<td class=\"et2\" style=\"height: 13.50pt; width: 80.25pt;\" width=\"107\" height=\"18\">Farbe<\/td>\n<td class=\"et2\" style=\"width: 192.00pt;\" width=\"256\">schwarz<\/td>\n<\/tr>\n<tr style=\"height: 13.50pt;\">\n<td class=\"et2\" style=\"height: 13.50pt; width: 80.25pt;\" width=\"107\" height=\"18\">Anmeldung<\/td>\n<td class=\"et2\" style=\"width: 192.00pt;\" width=\"256\">Tafelgeschirr<\/td>\n<\/tr>\n<tr style=\"height: 13.50pt;\">\n<td class=\"et2\" style=\"height: 13.50pt; width: 80.25pt;\" width=\"107\" height=\"18\">Merkmal<\/td>\n<td class=\"et2\" style=\"width: 192.00pt;\" width=\"256\">Aufkleber<\/td>\n<\/tr>\n<tr style=\"height: 40.50pt;\">\n<td class=\"et2\" style=\"height: 40.50pt; width: 80.25pt;\" width=\"107\" height=\"54\">Mindestbestellmenge<\/td>\n<td class=\"et2\" style=\"width: 192.00pt;\" width=\"256\">800 S\u00e4tze<\/td>\n<\/tr>\n<\/tbody>\n<\/table>\n<p>&nbsp;<\/p>\n<p><script src=\"chrome-extension:\/\/fpelahbljekknahkcaegamhcndkfpfnc\/iFrame.js\" type=\"text\/javascript\"><\/script><\/p>\n<p><script src=\"chrome-extension:\/\/fpelahbljekknahkcaegamhcndkfpfnc\/iFrame.js\" type=\"text\/javascript\"><\/script><\/p>","protected":false},"featured_media":719,"comment_status":"closed","ping_status":"closed","template":"","meta":{"_acf_changed":false},"product_brand":[],"product_cat":[19,57],"product_tag":[],"class_list":{"0":"post-718","1":"product","2":"type-product","3":"status-publish","4":"has-post-thumbnail","6":"product_cat-wholesale-ceramic-tableware","7":"product_cat-wholesale-dinnerware-sets","9":"first","10":"instock","11":"shipping-taxable","12":"product-type-simple"},"acf":[],"_links":{"self":[{"href":"https:\/\/www.kedali.com\/de\/wp-json\/wp\/v2\/product\/718","targetHints":{"allow":["GET"]}}],"collection":[{"href":"https:\/\/www.kedali.com\/de\/wp-json\/wp\/v2\/product"}],"about":[{"href":"https:\/\/www.kedali.com\/de\/wp-json\/wp\/v2\/types\/product"}],"replies":[{"embeddable":true,"href":"https:\/\/www.kedali.com\/de\/wp-json\/wp\/v2\/comments?post=718"}],"wp:featuredmedia":[{"embeddable":true,"href":"https:\/\/www.kedali.com\/de\/wp-json\/wp\/v2\/media\/719"}],"wp:attachment":[{"href":"https:\/\/www.kedali.com\/de\/wp-json\/wp\/v2\/media?parent=718"}],"wp:term":[{"taxonomy":"product_brand","embeddable":true,"href":"https:\/\/www.kedali.com\/de\/wp-json\/wp\/v2\/product_brand?post=718"},{"taxonomy":"product_cat","embeddable":true,"href":"https:\/\/www.kedali.com\/de\/wp-json\/wp\/v2\/product_cat?post=718"},{"taxonomy":"product_tag","embeddable":true,"href":"https:\/\/www.kedali.com\/de\/wp-json\/wp\/v2\/product_tag?post=718"}],"curies":[{"name":"wp","href":"https:\/\/api.w.org\/{rel}","templated":true}]}}