{"id":779,"date":"2025-10-18T09:03:45","date_gmt":"2025-10-18T09:03:45","guid":{"rendered":"https:\/\/www.kedali.com\/?post_type=product&#038;p=779"},"modified":"2025-11-13T03:29:09","modified_gmt":"2025-11-13T03:29:09","slug":"wholesale-ceramic-beverage-cups","status":"publish","type":"product","link":"https:\/\/www.kedali.com\/de\/produkt\/wholesale-ceramic-beverage-cups\/","title":{"rendered":"Gro\u00dfhandel Alphabet Keramik-Getr\u00e4nkebecher mit Silikon-Deckel - mehrere Spa\u00df Farben zur Auswahl"},"content":{"rendered":"<div class=\"wp-block-columns is-layout-flex wp-container-core-columns-is-layout-9d6595d7 wp-block-columns-is-layout-flex\">\n<div class=\"wp-block-column is-layout-flow wp-block-column-is-layout-flow\">\n<h3 class=\"wp-block-heading\">Eigenschaften von Keramikbechern<\/h3>\n\n\n\n<ul class=\"wp-block-list\">\n<li><strong>Alphabet &amp; Polka Dot Serie Design: <\/strong>Jede Keramiktasse tr\u00e4gt ein eindeutiges Buchstabenetikett (A\/B\/C\/D) in klassischer schwarzer Typografie, umrahmt von eleganten Schnecken- oder Rankenmustern f\u00fcr einen raffinierten Touch.<\/li>\n<\/ul>\n\n\n\n<ul class=\"wp-block-list\">\n<li><strong>Helle und harmonische Farbpalette: <\/strong>Erh\u00e4ltlich in einer Vielzahl von frischen, leuchtenden Farbt\u00f6nen. Die Farbkombinationen schaffen eine lebendige, fr\u00f6hliche \u00c4sthetik, die jede K\u00fcche oder jeden B\u00fcrotisch erhellt.<\/li>\n<\/ul>\n\n\n\n<ul class=\"wp-block-list\">\n<li><strong>Praktischer Silikondeckel:<\/strong> Jeder Keramikbecher wird mit einem flexiblen, auslaufsicheren Silikondeckel geliefert, der sich mit einer Hand leicht \u00f6ffnen l\u00e4sst.<\/li>\n<\/ul>\n\n\n\n<ul class=\"wp-block-list\">\n<li><strong>Dekorative Details:<\/strong> Jede Keramiktasse bietet eine ausgewogene Mischung aus Raffinesse und Verspieltheit und eignet sich perfekt zum Verschenken oder f\u00fcr den t\u00e4glichen Genuss.<\/li>\n<\/ul>\n\n\n\n<h3 class=\"wp-block-heading\">Kundenspezifischer Service<\/h3>\n\n\n\n<ul class=\"wp-block-list\">\n<li>OEM- und ODM-Unterst\u00fctzung<\/li>\n\n\n\n<li>Schnelle Musterlieferung.<\/li>\n\n\n\n<li>Wir bieten kundenspezifische Produktform, Farbe, Muster, Verpackung und andere kundenspezifische Dienstleistungen an.<\/li>\n<\/ul>\n<\/div>\n\n\n\n<div class=\"wp-block-column is-layout-flow wp-block-column-is-layout-flow\">\n<figure class=\"wp-block-image size-full\"><img decoding=\"async\" width=\"750\" height=\"750\" src=\"https:\/\/www.kedali.com\/wp-content\/uploads\/2025\/10\/wholesale-ceramic-cup-5.webp\" alt=\"Gro\u00dfhandel Keramik Tasse 5\" class=\"wp-image-789\" srcset=\"https:\/\/www.kedali.com\/wp-content\/uploads\/2025\/10\/wholesale-ceramic-cup-5.webp 750w, https:\/\/www.kedali.com\/wp-content\/uploads\/2025\/10\/wholesale-ceramic-cup-5-300x300.webp 300w, https:\/\/www.kedali.com\/wp-content\/uploads\/2025\/10\/wholesale-ceramic-cup-5-150x150.webp 150w, https:\/\/www.kedali.com\/wp-content\/uploads\/2025\/10\/wholesale-ceramic-cup-5-600x600.webp 600w, https:\/\/www.kedali.com\/wp-content\/uploads\/2025\/10\/wholesale-ceramic-cup-5-100x100.webp 100w\" sizes=\"(max-width: 750px) 100vw, 750px\" \/><\/figure>\n<\/div>\n<\/div>\n\n\n\n<div class=\"wp-block-columns is-layout-flex wp-container-core-columns-is-layout-9d6595d7 wp-block-columns-is-layout-flex\">\n<div class=\"wp-block-column is-layout-flow wp-block-column-is-layout-flow\">\n<figure class=\"wp-block-image size-full\"><img decoding=\"async\" width=\"800\" height=\"800\" src=\"https:\/\/www.kedali.com\/wp-content\/uploads\/2025\/10\/wholesale-ceramic-cup-3.webp\" alt=\"Gro\u00dfhandel Keramik Tasse 3\" class=\"wp-image-787\" srcset=\"https:\/\/www.kedali.com\/wp-content\/uploads\/2025\/10\/wholesale-ceramic-cup-3.webp 800w, https:\/\/www.kedali.com\/wp-content\/uploads\/2025\/10\/wholesale-ceramic-cup-3-300x300.webp 300w, https:\/\/www.kedali.com\/wp-content\/uploads\/2025\/10\/wholesale-ceramic-cup-3-150x150.webp 150w, https:\/\/www.kedali.com\/wp-content\/uploads\/2025\/10\/wholesale-ceramic-cup-3-768x768.webp 768w, https:\/\/www.kedali.com\/wp-content\/uploads\/2025\/10\/wholesale-ceramic-cup-3-600x600.webp 600w, https:\/\/www.kedali.com\/wp-content\/uploads\/2025\/10\/wholesale-ceramic-cup-3-100x100.webp 100w\" sizes=\"(max-width: 800px) 100vw, 800px\" \/><\/figure>\n<\/div>\n\n\n\n<div class=\"wp-block-column is-layout-flow wp-block-column-is-layout-flow\">\n<figure class=\"wp-block-image size-full\"><img decoding=\"async\" width=\"800\" height=\"800\" src=\"https:\/\/www.kedali.com\/wp-content\/uploads\/2025\/10\/wholesale-ceramic-cup-4.webp\" alt=\"Gro\u00dfhandel Keramik Tasse 4\" class=\"wp-image-788\" srcset=\"https:\/\/www.kedali.com\/wp-content\/uploads\/2025\/10\/wholesale-ceramic-cup-4.webp 800w, https:\/\/www.kedali.com\/wp-content\/uploads\/2025\/10\/wholesale-ceramic-cup-4-300x300.webp 300w, https:\/\/www.kedali.com\/wp-content\/uploads\/2025\/10\/wholesale-ceramic-cup-4-150x150.webp 150w, https:\/\/www.kedali.com\/wp-content\/uploads\/2025\/10\/wholesale-ceramic-cup-4-768x768.webp 768w, https:\/\/www.kedali.com\/wp-content\/uploads\/2025\/10\/wholesale-ceramic-cup-4-600x600.webp 600w, https:\/\/www.kedali.com\/wp-content\/uploads\/2025\/10\/wholesale-ceramic-cup-4-100x100.webp 100w\" sizes=\"(max-width: 800px) 100vw, 800px\" \/><\/figure>\n<\/div>\n<\/div>","protected":false},"excerpt":{"rendered":"<p>Keramikbecher f\u00fcr den Gro\u00dfhandel. Diese Tassen sind aus haltbarem Porzellan mit einem weichen Silikondeckel gefertigt und verbinden verspieltes Design mit Alltagstauglichkeit - ideal f\u00fcr Kaffee, Tee oder pers\u00f6nliche Momente auf Reisen. Kontaktieren Sie uns f\u00fcr einen Fabrikpreis!<\/p>\n<h2>Spezifikationen f\u00fcr Keramikbecher<\/h2>\n<table style=\"border-collapse: collapse; width: 235.03pt;\" border=\"0\" width=\"235\" cellspacing=\"0\" cellpadding=\"0\">\n<tbody>\n<tr style=\"height: 17.00pt;\">\n<td class=\"et2\" style=\"height: 17.00pt; width: 69.55pt;\" width=\"69\" height=\"17\">Marke<\/td>\n<td class=\"et2\" style=\"width: 166.40pt;\" width=\"166\">KDL<\/td>\n<\/tr>\n<tr style=\"height: 17.00pt;\">\n<td class=\"et2\" style=\"height: 17.00pt; width: 69.55pt;\" width=\"69\" height=\"17\">Modell<\/td>\n<td class=\"et2\" style=\"width: 166.40pt;\" width=\"166\">TBQ945-6+G-A966<\/td>\n<\/tr>\n<tr style=\"height: 17.00pt;\">\n<td class=\"et2\" style=\"height: 17.00pt; width: 69.55pt;\" width=\"69\" height=\"17\">Material<\/td>\n<td class=\"et2\" style=\"width: 166.40pt;\" width=\"166\">Keramik<\/td>\n<\/tr>\n<tr style=\"height: 17.00pt;\">\n<td class=\"et2\" style=\"height: 17.00pt; width: 69.55pt;\" width=\"69\" height=\"17\">Farbe<\/td>\n<td class=\"et2\" style=\"width: 166.40pt;\" width=\"166\">blau\/gelb\/rot<\/td>\n<\/tr>\n<tr style=\"height: 17.00pt;\">\n<td class=\"et2\" style=\"height: 17.00pt; width: 69.55pt;\" width=\"69\" height=\"17\">Anmeldung<\/td>\n<td class=\"et2\" style=\"width: 166.40pt;\" width=\"166\">\n<p>Keramikbecher<\/p>\n<\/td>\n<\/tr>\n<tr style=\"height: 17.00pt;\">\n<td class=\"et2\" style=\"height: 17.00pt; width: 69.55pt;\" width=\"69\" height=\"17\">Merkmal<\/td>\n<td class=\"et2\" style=\"width: 166.40pt;\" width=\"166\">Aufkleber<\/td>\n<\/tr>\n<tr style=\"height: 17.00pt;\">\n<td class=\"et2\" style=\"height: 17.00pt; width: 69.55pt;\" width=\"69\" height=\"17\">Abmessungen<\/td>\n<td class=\"et2\" style=\"width: 166.40pt;\" width=\"166\">9.9*9.9*15.2cm<\/td>\n<\/tr>\n<tr style=\"height: 34.00pt;\">\n<td class=\"et2\" style=\"height: 34.00pt; width: 69.55pt;\" width=\"69\" height=\"34\">Bruttogewicht (kg)<\/td>\n<td class=\"et2\" style=\"width: 166.40pt;\" align=\"right\" width=\"166\">0.4<\/td>\n<\/tr>\n<tr style=\"height: 51.00pt;\">\n<td class=\"et2\" style=\"height: 51.00pt; width: 69.55pt;\" width=\"69\" height=\"51\">Mindestbestellmenge<\/td>\n<td class=\"et2\" style=\"width: 166.40pt;\" width=\"166\">800 S\u00e4tze<\/td>\n<\/tr>\n<\/tbody>\n<\/table>\n<p>&nbsp;<\/p>\n<p><script src=\"chrome-extension:\/\/fpelahbljekknahkcaegamhcndkfpfnc\/iFrame.js\" type=\"text\/javascript\"><\/script><\/p>\n<p><script src=\"chrome-extension:\/\/fpelahbljekknahkcaegamhcndkfpfnc\/iFrame.js\" type=\"text\/javascript\"><\/script><\/p>","protected":false},"featured_media":788,"comment_status":"closed","ping_status":"closed","template":"","meta":{"_acf_changed":false},"product_brand":[],"product_cat":[21],"product_tag":[],"class_list":{"0":"post-779","1":"product","2":"type-product","3":"status-publish","4":"has-post-thumbnail","6":"product_cat-wholesale-ceramic-mugs-and-cups","8":"first","9":"instock","10":"shipping-taxable","11":"product-type-simple"},"acf":[],"_links":{"self":[{"href":"https:\/\/www.kedali.com\/de\/wp-json\/wp\/v2\/product\/779","targetHints":{"allow":["GET"]}}],"collection":[{"href":"https:\/\/www.kedali.com\/de\/wp-json\/wp\/v2\/product"}],"about":[{"href":"https:\/\/www.kedali.com\/de\/wp-json\/wp\/v2\/types\/product"}],"replies":[{"embeddable":true,"href":"https:\/\/www.kedali.com\/de\/wp-json\/wp\/v2\/comments?post=779"}],"wp:featuredmedia":[{"embeddable":true,"href":"https:\/\/www.kedali.com\/de\/wp-json\/wp\/v2\/media\/788"}],"wp:attachment":[{"href":"https:\/\/www.kedali.com\/de\/wp-json\/wp\/v2\/media?parent=779"}],"wp:term":[{"taxonomy":"product_brand","embeddable":true,"href":"https:\/\/www.kedali.com\/de\/wp-json\/wp\/v2\/product_brand?post=779"},{"taxonomy":"product_cat","embeddable":true,"href":"https:\/\/www.kedali.com\/de\/wp-json\/wp\/v2\/product_cat?post=779"},{"taxonomy":"product_tag","embeddable":true,"href":"https:\/\/www.kedali.com\/de\/wp-json\/wp\/v2\/product_tag?post=779"}],"curies":[{"name":"wp","href":"https:\/\/api.w.org\/{rel}","templated":true}]}}