{"id":797,"date":"2025-10-18T09:58:56","date_gmt":"2025-10-18T09:58:56","guid":{"rendered":"https:\/\/www.kedali.com\/?post_type=product&#038;p=797"},"modified":"2025-11-13T03:34:58","modified_gmt":"2025-11-13T03:34:58","slug":"bulk-ceramic-mugs-supply","status":"publish","type":"product","link":"https:\/\/www.kedali.com\/de\/produkt\/bulk-ceramic-mugs-supply\/","title":{"rendered":"Bulk-Keramik-Becher mit Alphabet Blatt-Muster - Fun Keramik-Becher Lieferant"},"content":{"rendered":"<div class=\"wp-block-columns is-layout-flex wp-container-core-columns-is-layout-9d6595d7 wp-block-columns-is-layout-flex\">\n<div class=\"wp-block-column is-layout-flow wp-block-column-is-layout-flow\">\n<h3 class=\"wp-block-heading\">Merkmale von Keramikbechern<\/h3>\n\n\n\n<ul class=\"wp-block-list\">\n<li><strong>Alphabet &amp; Blatt-Muster<\/strong>: Jede Keramiktasse zeigt einen zentralen Gro\u00dfbuchstaben in raffinierter k\u00fcnstlerischer Typografie, umgeben von symmetrischen schwarzen Blattmotiven. Schlicht und doch ausdrucksstark.<\/li>\n<\/ul>\n\n\n\n<ul class=\"wp-block-list\">\n<li><strong>Ergonomischer Handgriff: <\/strong>Der dunkle C-f\u00f6rmige Griff, der in matter oder gl\u00e4nzender Ausf\u00fchrung erh\u00e4ltlich ist, bietet einen festen und bequemen Griff und gew\u00e4hrleistet Alltagstauglichkeit mit \u00e4sthetischer Konsistenz.<\/li>\n<\/ul>\n\n\n\n<ul class=\"wp-block-list\">\n<li><strong>Premium-Keramik:<\/strong> Die Oberfl\u00e4che der Tasse aus hochwertiger wei\u00dfer Keramik ist glatt, glasiert und leicht gl\u00e4nzend und bietet einen zeitlosen, minimalistischen Look.<\/li>\n<\/ul>\n\n\n\n<ul class=\"wp-block-list\">\n<li><strong>Einheitliche Serie, eindeutige Identit\u00e4t:<\/strong> Jede Keramiktasse beh\u00e4lt das gleiche k\u00fcnstlerische Thema und schafft so die perfekte Balance zwischen Individualit\u00e4t und visueller Einheit. <\/li>\n<\/ul>\n\n\n\n<h3 class=\"wp-block-heading\">Kundenspezifischer Service<\/h3>\n\n\n\n<ul class=\"wp-block-list\">\n<li>OEM- und ODM-Unterst\u00fctzung<\/li>\n\n\n\n<li>Schnelle Musterlieferung.<\/li>\n\n\n\n<li>Wir bieten kundenspezifische Produktform, Farbe, Muster, Verpackung und andere kundenspezifische Dienstleistungen an.<\/li>\n<\/ul>\n<\/div>\n\n\n\n<div class=\"wp-block-column is-layout-flow wp-block-column-is-layout-flow\">\n<figure class=\"wp-block-image size-full\"><img decoding=\"async\" width=\"1328\" height=\"1328\" src=\"https:\/\/www.kedali.com\/wp-content\/uploads\/2025\/10\/bulk-ceramic-cup-wholeslaer-4.webp\" alt=\"Keramikbecher Gro\u00dfhandel 4\" class=\"wp-image-801\" srcset=\"https:\/\/www.kedali.com\/wp-content\/uploads\/2025\/10\/bulk-ceramic-cup-wholeslaer-4.webp 1328w, https:\/\/www.kedali.com\/wp-content\/uploads\/2025\/10\/bulk-ceramic-cup-wholeslaer-4-300x300.webp 300w, https:\/\/www.kedali.com\/wp-content\/uploads\/2025\/10\/bulk-ceramic-cup-wholeslaer-4-150x150.webp 150w, https:\/\/www.kedali.com\/wp-content\/uploads\/2025\/10\/bulk-ceramic-cup-wholeslaer-4-768x768.webp 768w, https:\/\/www.kedali.com\/wp-content\/uploads\/2025\/10\/bulk-ceramic-cup-wholeslaer-4-1200x1200.webp 1200w, https:\/\/www.kedali.com\/wp-content\/uploads\/2025\/10\/bulk-ceramic-cup-wholeslaer-4-600x600.webp 600w, https:\/\/www.kedali.com\/wp-content\/uploads\/2025\/10\/bulk-ceramic-cup-wholeslaer-4-100x100.webp 100w\" sizes=\"(max-width: 1328px) 100vw, 1328px\" \/><\/figure>\n<\/div>\n<\/div>\n\n\n\n<div class=\"wp-block-columns is-layout-flex wp-container-core-columns-is-layout-9d6595d7 wp-block-columns-is-layout-flex\">\n<div class=\"wp-block-column is-layout-flow wp-block-column-is-layout-flow\">\n<figure class=\"wp-block-image size-full\"><img decoding=\"async\" width=\"1328\" height=\"1328\" src=\"https:\/\/www.kedali.com\/wp-content\/uploads\/2025\/10\/bulk-ceramic-cup-wholeslaer-3.webp\" alt=\"Keramikbecher Gro\u00dfhandel 3\" class=\"wp-image-800\" srcset=\"https:\/\/www.kedali.com\/wp-content\/uploads\/2025\/10\/bulk-ceramic-cup-wholeslaer-3.webp 1328w, https:\/\/www.kedali.com\/wp-content\/uploads\/2025\/10\/bulk-ceramic-cup-wholeslaer-3-300x300.webp 300w, https:\/\/www.kedali.com\/wp-content\/uploads\/2025\/10\/bulk-ceramic-cup-wholeslaer-3-150x150.webp 150w, https:\/\/www.kedali.com\/wp-content\/uploads\/2025\/10\/bulk-ceramic-cup-wholeslaer-3-768x768.webp 768w, https:\/\/www.kedali.com\/wp-content\/uploads\/2025\/10\/bulk-ceramic-cup-wholeslaer-3-1200x1200.webp 1200w, https:\/\/www.kedali.com\/wp-content\/uploads\/2025\/10\/bulk-ceramic-cup-wholeslaer-3-600x600.webp 600w, https:\/\/www.kedali.com\/wp-content\/uploads\/2025\/10\/bulk-ceramic-cup-wholeslaer-3-100x100.webp 100w\" sizes=\"(max-width: 1328px) 100vw, 1328px\" \/><\/figure>\n<\/div>\n\n\n\n<div class=\"wp-block-column is-layout-flow wp-block-column-is-layout-flow\">\n<figure class=\"wp-block-image size-full\"><img decoding=\"async\" width=\"1328\" height=\"1328\" src=\"https:\/\/www.kedali.com\/wp-content\/uploads\/2025\/10\/bulk-ceramic-cup-wholeslaer-1.webp\" alt=\"Keramikbecher Gro\u00dfhandel 1\" class=\"wp-image-798\" srcset=\"https:\/\/www.kedali.com\/wp-content\/uploads\/2025\/10\/bulk-ceramic-cup-wholeslaer-1.webp 1328w, https:\/\/www.kedali.com\/wp-content\/uploads\/2025\/10\/bulk-ceramic-cup-wholeslaer-1-300x300.webp 300w, https:\/\/www.kedali.com\/wp-content\/uploads\/2025\/10\/bulk-ceramic-cup-wholeslaer-1-150x150.webp 150w, https:\/\/www.kedali.com\/wp-content\/uploads\/2025\/10\/bulk-ceramic-cup-wholeslaer-1-768x768.webp 768w, https:\/\/www.kedali.com\/wp-content\/uploads\/2025\/10\/bulk-ceramic-cup-wholeslaer-1-1200x1200.webp 1200w, https:\/\/www.kedali.com\/wp-content\/uploads\/2025\/10\/bulk-ceramic-cup-wholeslaer-1-600x600.webp 600w, https:\/\/www.kedali.com\/wp-content\/uploads\/2025\/10\/bulk-ceramic-cup-wholeslaer-1-100x100.webp 100w\" sizes=\"(max-width: 1328px) 100vw, 1328px\" \/><\/figure>\n<\/div>\n<\/div>","protected":false},"excerpt":{"rendered":"<p>Gro\u00dfhandel Alphabet Keramik Tassen. Jede Keramiktasse zeigt einen fetten Gro\u00dfbuchstaben, der von elegantem schwarzem Laub umgeben ist, und verbindet so Personalisierung mit nat\u00fcrlicher \u00c4sthetik. Als Keramik-Fabrik, unterst\u00fctzen wir OEM und ODM. Holen Sie sich ein Gro\u00dfhandel Angebot jetzt!<\/p>\n<h2>Spezifikationen f\u00fcr Keramikbecher<\/h2>\n<table width=\"235\">\n<tbody>\n<tr>\n<td width=\"69\">Marke<\/td>\n<td width=\"166\">KDL<\/td>\n<\/tr>\n<tr>\n<td width=\"69\">Modell<\/td>\n<td width=\"166\">TBQL101-5<\/td>\n<\/tr>\n<tr>\n<td width=\"69\">Material<\/td>\n<td width=\"166\">Keramik<\/td>\n<\/tr>\n<tr>\n<td width=\"69\">Farbe<\/td>\n<td width=\"166\">wei\u00df<\/td>\n<\/tr>\n<tr>\n<td width=\"69\">Anmeldung<\/td>\n<td width=\"166\">Keramiktasse<\/td>\n<\/tr>\n<tr>\n<td width=\"69\">Merkmal<\/td>\n<td width=\"166\">Aufkleber<\/td>\n<\/tr>\n<tr>\n<td width=\"69\">Abmessungen<\/td>\n<td width=\"166\">12,5*9*9,5cm \/ 8,5*6*6,4cm\u00a0<\/td>\n<\/tr>\n<tr>\n<td width=\"69\">Bruttogewicht (kg)<\/td>\n<td width=\"166\">0.32\/0.1<\/td>\n<\/tr>\n<tr>\n<td width=\"69\">Mindestbestellmenge<\/td>\n<td width=\"166\">800 S\u00e4tze<\/td>\n<\/tr>\n<\/tbody>\n<\/table>\n<p>&nbsp;<\/p>\n<p><script src=\"chrome-extension:\/\/fpelahbljekknahkcaegamhcndkfpfnc\/iFrame.js\" type=\"text\/javascript\"><\/script><\/p>","protected":false},"featured_media":799,"comment_status":"closed","ping_status":"closed","template":"","meta":{"_acf_changed":false},"product_brand":[],"product_cat":[21],"product_tag":[],"class_list":{"0":"post-797","1":"product","2":"type-product","3":"status-publish","4":"has-post-thumbnail","6":"product_cat-wholesale-ceramic-mugs-and-cups","8":"first","9":"instock","10":"shipping-taxable","11":"product-type-simple"},"acf":[],"_links":{"self":[{"href":"https:\/\/www.kedali.com\/de\/wp-json\/wp\/v2\/product\/797","targetHints":{"allow":["GET"]}}],"collection":[{"href":"https:\/\/www.kedali.com\/de\/wp-json\/wp\/v2\/product"}],"about":[{"href":"https:\/\/www.kedali.com\/de\/wp-json\/wp\/v2\/types\/product"}],"replies":[{"embeddable":true,"href":"https:\/\/www.kedali.com\/de\/wp-json\/wp\/v2\/comments?post=797"}],"wp:featuredmedia":[{"embeddable":true,"href":"https:\/\/www.kedali.com\/de\/wp-json\/wp\/v2\/media\/799"}],"wp:attachment":[{"href":"https:\/\/www.kedali.com\/de\/wp-json\/wp\/v2\/media?parent=797"}],"wp:term":[{"taxonomy":"product_brand","embeddable":true,"href":"https:\/\/www.kedali.com\/de\/wp-json\/wp\/v2\/product_brand?post=797"},{"taxonomy":"product_cat","embeddable":true,"href":"https:\/\/www.kedali.com\/de\/wp-json\/wp\/v2\/product_cat?post=797"},{"taxonomy":"product_tag","embeddable":true,"href":"https:\/\/www.kedali.com\/de\/wp-json\/wp\/v2\/product_tag?post=797"}],"curies":[{"name":"wp","href":"https:\/\/api.w.org\/{rel}","templated":true}]}}