{"id":909,"date":"2025-10-05T09:08:16","date_gmt":"2025-10-05T09:08:16","guid":{"rendered":"https:\/\/www.kedali.com\/?post_type=product&#038;p=909"},"modified":"2025-11-13T02:52:16","modified_gmt":"2025-11-13T02:52:16","slug":"wholesale-ceramic-mugs-with-floral-pattern","status":"publish","type":"product","link":"https:\/\/www.kedali.com\/de\/produkt\/wholesale-ceramic-mugs-with-floral-pattern\/","title":{"rendered":"Gro\u00dfhandel Keramik Becher mit Blumenmuster - Unterst\u00fctzung OEM und ODM"},"content":{"rendered":"<div class=\"wp-block-columns is-layout-flex wp-container-core-columns-is-layout-9d6595d7 wp-block-columns-is-layout-flex\">\n<div class=\"wp-block-column is-layout-flow wp-block-column-is-layout-flow\">\n<h3 class=\"wp-block-heading\">Merkmale von Keramikbechern<\/h3>\n\n\n\n<ul class=\"wp-block-list\">\n<li><strong>Handgemalter Glaube und Blumendesign: <\/strong>Jede Keramik zeigt handgezeichnete Blumen und blaue handgeschriebene Spr\u00fcche. Diese elegante Mischung sorgt f\u00fcr einen heiteren, eleganten Look, der den Glauben und die Freude im Alltag feiert.<\/li>\n<\/ul>\n\n\n\n<ul class=\"wp-block-list\">\n<li><strong>Erstklassige keramische Handwerkskunst: <\/strong>Die Becher aus glatter wei\u00dfer Keramik mit gl\u00e4nzender Glasur sind langlebig, leicht zu reinigen und liegen angenehm in der Hand. <\/li>\n<\/ul>\n\n\n\n<ul class=\"wp-block-list\">\n<li><strong>Bequemes und funktionales Design: <\/strong>Die breite \u00d6ffnung und der ergonomische Griff sorgen f\u00fcr einen bequemen Griff und ein einfaches Trinkerlebnis. Perfekt f\u00fcr den Genuss hei\u00dfer Getr\u00e4nke wie Kaffee, Tee oder hei\u00dfe Schokolade in der gem\u00fctlichen Morgen- oder Lesezeit.<\/li>\n<\/ul>\n\n\n\n<ul class=\"wp-block-list\">\n<li><strong>\u00c4sthetisches Lifestyle-Ambiente: <\/strong>Entworfen f\u00fcr ein ruhiges Zuhause. Bringt W\u00e4rme und einen Hauch von Spiritualit\u00e4t in jede Ess- oder Leseecke.<\/li>\n<\/ul>\n\n\n\n<h3 class=\"wp-block-heading\">Kundenspezifischer Service<\/h3>\n\n\n\n<ul class=\"wp-block-list\">\n<li>OEM- und ODM-Unterst\u00fctzung<\/li>\n\n\n\n<li>Schnelle Musterlieferung.<\/li>\n\n\n\n<li>Wir bieten kundenspezifische Produktform, Farbe, Muster, Verpackung und andere kundenspezifische Dienstleistungen an.<\/li>\n<\/ul>\n<\/div>\n\n\n\n<div class=\"wp-block-column is-layout-flow wp-block-column-is-layout-flow\">\n<figure class=\"wp-block-image size-full\"><img decoding=\"async\" width=\"800\" height=\"800\" src=\"https:\/\/www.kedali.com\/wp-content\/uploads\/2025\/11\/wholesale-flower-decor-ceramic-mug-7.webp\" alt=\"Gro\u00dfhandel Blumendekor Keramik Becher 7\" class=\"wp-image-916\" srcset=\"https:\/\/www.kedali.com\/wp-content\/uploads\/2025\/11\/wholesale-flower-decor-ceramic-mug-7.webp 800w, https:\/\/www.kedali.com\/wp-content\/uploads\/2025\/11\/wholesale-flower-decor-ceramic-mug-7-300x300.webp 300w, https:\/\/www.kedali.com\/wp-content\/uploads\/2025\/11\/wholesale-flower-decor-ceramic-mug-7-150x150.webp 150w, https:\/\/www.kedali.com\/wp-content\/uploads\/2025\/11\/wholesale-flower-decor-ceramic-mug-7-768x768.webp 768w, https:\/\/www.kedali.com\/wp-content\/uploads\/2025\/11\/wholesale-flower-decor-ceramic-mug-7-600x600.webp 600w, https:\/\/www.kedali.com\/wp-content\/uploads\/2025\/11\/wholesale-flower-decor-ceramic-mug-7-100x100.webp 100w\" sizes=\"(max-width: 800px) 100vw, 800px\" \/><\/figure>\n<\/div>\n<\/div>\n\n\n\n<div class=\"wp-block-columns is-layout-flex wp-container-core-columns-is-layout-9d6595d7 wp-block-columns-is-layout-flex\">\n<div class=\"wp-block-column is-layout-flow wp-block-column-is-layout-flow\">\n<figure class=\"wp-block-image size-full\"><img decoding=\"async\" width=\"1328\" height=\"1328\" src=\"https:\/\/www.kedali.com\/wp-content\/uploads\/2025\/11\/wholesale-flower-decor-ceramic-mug-3.webp\" alt=\"Gro\u00dfhandel Blumendekor Keramik Becher 3\" class=\"wp-image-912\" srcset=\"https:\/\/www.kedali.com\/wp-content\/uploads\/2025\/11\/wholesale-flower-decor-ceramic-mug-3.webp 1328w, https:\/\/www.kedali.com\/wp-content\/uploads\/2025\/11\/wholesale-flower-decor-ceramic-mug-3-300x300.webp 300w, https:\/\/www.kedali.com\/wp-content\/uploads\/2025\/11\/wholesale-flower-decor-ceramic-mug-3-150x150.webp 150w, https:\/\/www.kedali.com\/wp-content\/uploads\/2025\/11\/wholesale-flower-decor-ceramic-mug-3-768x768.webp 768w, https:\/\/www.kedali.com\/wp-content\/uploads\/2025\/11\/wholesale-flower-decor-ceramic-mug-3-1200x1200.webp 1200w, https:\/\/www.kedali.com\/wp-content\/uploads\/2025\/11\/wholesale-flower-decor-ceramic-mug-3-600x600.webp 600w, https:\/\/www.kedali.com\/wp-content\/uploads\/2025\/11\/wholesale-flower-decor-ceramic-mug-3-100x100.webp 100w\" sizes=\"(max-width: 1328px) 100vw, 1328px\" \/><\/figure>\n<\/div>\n\n\n\n<div class=\"wp-block-column is-layout-flow wp-block-column-is-layout-flow\">\n<figure class=\"wp-block-image size-full\"><img decoding=\"async\" width=\"1328\" height=\"1328\" src=\"https:\/\/www.kedali.com\/wp-content\/uploads\/2025\/11\/wholesale-flower-decor-ceramic-mug-4.webp\" alt=\"Gro\u00dfhandel Blumendekor Keramik Becher 4\" class=\"wp-image-913\" srcset=\"https:\/\/www.kedali.com\/wp-content\/uploads\/2025\/11\/wholesale-flower-decor-ceramic-mug-4.webp 1328w, https:\/\/www.kedali.com\/wp-content\/uploads\/2025\/11\/wholesale-flower-decor-ceramic-mug-4-300x300.webp 300w, https:\/\/www.kedali.com\/wp-content\/uploads\/2025\/11\/wholesale-flower-decor-ceramic-mug-4-150x150.webp 150w, https:\/\/www.kedali.com\/wp-content\/uploads\/2025\/11\/wholesale-flower-decor-ceramic-mug-4-768x768.webp 768w, https:\/\/www.kedali.com\/wp-content\/uploads\/2025\/11\/wholesale-flower-decor-ceramic-mug-4-1200x1200.webp 1200w, https:\/\/www.kedali.com\/wp-content\/uploads\/2025\/11\/wholesale-flower-decor-ceramic-mug-4-600x600.webp 600w, https:\/\/www.kedali.com\/wp-content\/uploads\/2025\/11\/wholesale-flower-decor-ceramic-mug-4-100x100.webp 100w\" sizes=\"(max-width: 1328px) 100vw, 1328px\" \/><\/figure>\n<\/div>\n<\/div>","protected":false},"excerpt":{"rendered":"<p>Keramikbecher f\u00fcr den Gro\u00dfhandel. Mit ihren floralen Mustern bieten sie eine einzigartige k\u00fcnstlerische \u00c4sthetik. Fabrik direkt liefern, erhalten Sie einen Gro\u00dfhandel Angebot jetzt!<\/p>\n<h2>Spezifikationen f\u00fcr Keramikbecher<\/h2>\n<table width=\"235\">\n<tbody>\n<tr>\n<td width=\"69\">Marke<\/td>\n<td width=\"166\">KDL<\/td>\n<\/tr>\n<tr>\n<td width=\"69\">Modell<\/td>\n<td width=\"166\">TBQL101-5-A510<\/td>\n<\/tr>\n<tr>\n<td width=\"69\">Material<\/td>\n<td width=\"166\">Keramik<\/td>\n<\/tr>\n<tr>\n<td width=\"69\">Farbe<\/td>\n<td width=\"166\">wei\u00df<\/td>\n<\/tr>\n<tr>\n<td width=\"69\">Anmeldung<\/td>\n<td width=\"166\">Keramikbecher<\/td>\n<\/tr>\n<tr>\n<td width=\"69\">Merkmal<\/td>\n<td width=\"166\">Aufkleber<\/td>\n<\/tr>\n<tr>\n<td width=\"69\">Abmessungen<\/td>\n<td width=\"166\">12,5*9*9,5cm<\/td>\n<\/tr>\n<tr>\n<td width=\"69\">Bruttogewicht (kg)<\/td>\n<td width=\"166\">0.32<\/td>\n<\/tr>\n<tr>\n<td width=\"69\">Mindestbestellmenge<\/td>\n<td width=\"166\">800 S\u00e4tze<\/td>\n<\/tr>\n<\/tbody>\n<\/table>\n<p>&nbsp;<\/p>\n<p><script src=\"chrome-extension:\/\/fpelahbljekknahkcaegamhcndkfpfnc\/iFrame.js\" type=\"text\/javascript\"><\/script><\/p>","protected":false},"featured_media":911,"comment_status":"closed","ping_status":"closed","template":"","meta":{"_acf_changed":false},"product_brand":[],"product_cat":[21],"product_tag":[],"class_list":{"0":"post-909","1":"product","2":"type-product","3":"status-publish","4":"has-post-thumbnail","6":"product_cat-wholesale-ceramic-mugs-and-cups","8":"first","9":"instock","10":"shipping-taxable","11":"product-type-simple"},"acf":[],"_links":{"self":[{"href":"https:\/\/www.kedali.com\/de\/wp-json\/wp\/v2\/product\/909","targetHints":{"allow":["GET"]}}],"collection":[{"href":"https:\/\/www.kedali.com\/de\/wp-json\/wp\/v2\/product"}],"about":[{"href":"https:\/\/www.kedali.com\/de\/wp-json\/wp\/v2\/types\/product"}],"replies":[{"embeddable":true,"href":"https:\/\/www.kedali.com\/de\/wp-json\/wp\/v2\/comments?post=909"}],"wp:featuredmedia":[{"embeddable":true,"href":"https:\/\/www.kedali.com\/de\/wp-json\/wp\/v2\/media\/911"}],"wp:attachment":[{"href":"https:\/\/www.kedali.com\/de\/wp-json\/wp\/v2\/media?parent=909"}],"wp:term":[{"taxonomy":"product_brand","embeddable":true,"href":"https:\/\/www.kedali.com\/de\/wp-json\/wp\/v2\/product_brand?post=909"},{"taxonomy":"product_cat","embeddable":true,"href":"https:\/\/www.kedali.com\/de\/wp-json\/wp\/v2\/product_cat?post=909"},{"taxonomy":"product_tag","embeddable":true,"href":"https:\/\/www.kedali.com\/de\/wp-json\/wp\/v2\/product_tag?post=909"}],"curies":[{"name":"wp","href":"https:\/\/api.w.org\/{rel}","templated":true}]}}