{"id":917,"date":"2025-10-05T09:03:27","date_gmt":"2025-10-05T09:03:27","guid":{"rendered":"https:\/\/www.kedali.com\/?post_type=product&#038;p=917"},"modified":"2025-11-13T02:49:19","modified_gmt":"2025-11-13T02:49:19","slug":"bulk-classic-ceramic-coffee-cup-supply","status":"publish","type":"product","link":"https:\/\/www.kedali.com\/de\/produkt\/bulk-classic-ceramic-coffee-cup-supply\/","title":{"rendered":"Bulk Classic Keramik-Kaffeetasse Supply - mit elegantem goldenen Henkel"},"content":{"rendered":"<div class=\"wp-block-columns is-layout-flex wp-container-core-columns-is-layout-9d6595d7 wp-block-columns-is-layout-flex\">\n<div class=\"wp-block-column is-layout-flow wp-block-column-is-layout-flow\">\n<h3 class=\"wp-block-heading\">Eigenschaften der Keramik-Kaffeetasse<\/h3>\n\n\n\n<ul class=\"wp-block-list\">\n<li><strong>Goldener Griff Design: <\/strong>Jede Keramiktasse wird mit einem goldenen Metallhenkel in einzigartigen Formen geliefert - von runden Ringen \u00fcber geometrische Balken bis hin zu minimalistischen Kugeln, die einen Hauch von Luxus und k\u00fcnstlerischem Flair vermitteln.<\/li>\n<\/ul>\n\n\n\n<ul class=\"wp-block-list\">\n<li><strong>Glatte Keramik Oberfl\u00e4che:<\/strong> Die aus erstklassiger glasierter Keramik gefertigten Kaffeetassen f\u00fchlen sich glatt an, sind leicht zu reinigen und \u00e4u\u00dferst langlebig. <\/li>\n<\/ul>\n\n\n\n<ul class=\"wp-block-list\">\n<li><strong>Moderne Form und ergonomisches Design: <\/strong>Mit ihren sanft gerundeten zylindrischen Silhouetten bietet jede Tasse einen bequemen Griff und ein ausgewogenes Gewicht. <\/li>\n<\/ul>\n\n\n\n<ul class=\"wp-block-list\">\n<li><strong>Stilvoll f\u00fcr jede Gelegenheit: <\/strong>Ob zum Fr\u00fchst\u00fcck oder zum Nachmittagstee, diese Keramiktasse passt zu minimalistischen, nordischen oder modernen Einrichtungen.<\/li>\n<\/ul>\n\n\n\n<h3 class=\"wp-block-heading\">Kundenspezifischer Service<\/h3>\n\n\n\n<ul class=\"wp-block-list\">\n<li>OEM- und ODM-Unterst\u00fctzung<\/li>\n\n\n\n<li>Schnelle Musterlieferung.<\/li>\n\n\n\n<li>Wir bieten kundenspezifische Produktform, Farbe, Muster, Verpackung und andere kundenspezifische Dienstleistungen an.<\/li>\n<\/ul>\n<\/div>\n\n\n\n<div class=\"wp-block-column is-layout-flow wp-block-column-is-layout-flow\">\n<figure class=\"wp-block-image size-full\"><img decoding=\"async\" width=\"800\" height=\"800\" src=\"https:\/\/www.kedali.com\/wp-content\/uploads\/2025\/11\/bulk-elegant-ceramic-coffee-cup-6.webp\" alt=\"bulk elegante keramik kaffeetasse 6\" class=\"wp-image-923\" srcset=\"https:\/\/www.kedali.com\/wp-content\/uploads\/2025\/11\/bulk-elegant-ceramic-coffee-cup-6.webp 800w, https:\/\/www.kedali.com\/wp-content\/uploads\/2025\/11\/bulk-elegant-ceramic-coffee-cup-6-300x300.webp 300w, https:\/\/www.kedali.com\/wp-content\/uploads\/2025\/11\/bulk-elegant-ceramic-coffee-cup-6-150x150.webp 150w, https:\/\/www.kedali.com\/wp-content\/uploads\/2025\/11\/bulk-elegant-ceramic-coffee-cup-6-768x768.webp 768w, https:\/\/www.kedali.com\/wp-content\/uploads\/2025\/11\/bulk-elegant-ceramic-coffee-cup-6-600x600.webp 600w, https:\/\/www.kedali.com\/wp-content\/uploads\/2025\/11\/bulk-elegant-ceramic-coffee-cup-6-100x100.webp 100w\" sizes=\"(max-width: 800px) 100vw, 800px\" \/><\/figure>\n<\/div>\n<\/div>\n\n\n\n<div class=\"wp-block-columns is-layout-flex wp-container-core-columns-is-layout-9d6595d7 wp-block-columns-is-layout-flex\">\n<div class=\"wp-block-column is-layout-flow wp-block-column-is-layout-flow\">\n<figure class=\"wp-block-image size-full\"><img decoding=\"async\" width=\"800\" height=\"800\" src=\"https:\/\/www.kedali.com\/wp-content\/uploads\/2025\/11\/bulk-elegant-ceramic-coffee-cup-5.webp\" alt=\"bulk elegante keramik kaffeetasse 5\" class=\"wp-image-922\" srcset=\"https:\/\/www.kedali.com\/wp-content\/uploads\/2025\/11\/bulk-elegant-ceramic-coffee-cup-5.webp 800w, https:\/\/www.kedali.com\/wp-content\/uploads\/2025\/11\/bulk-elegant-ceramic-coffee-cup-5-300x300.webp 300w, https:\/\/www.kedali.com\/wp-content\/uploads\/2025\/11\/bulk-elegant-ceramic-coffee-cup-5-150x150.webp 150w, https:\/\/www.kedali.com\/wp-content\/uploads\/2025\/11\/bulk-elegant-ceramic-coffee-cup-5-768x768.webp 768w, https:\/\/www.kedali.com\/wp-content\/uploads\/2025\/11\/bulk-elegant-ceramic-coffee-cup-5-600x600.webp 600w, https:\/\/www.kedali.com\/wp-content\/uploads\/2025\/11\/bulk-elegant-ceramic-coffee-cup-5-100x100.webp 100w\" sizes=\"(max-width: 800px) 100vw, 800px\" \/><\/figure>\n<\/div>\n\n\n\n<div class=\"wp-block-column is-layout-flow wp-block-column-is-layout-flow\">\n<figure class=\"wp-block-image size-full\"><img decoding=\"async\" width=\"800\" height=\"800\" src=\"https:\/\/www.kedali.com\/wp-content\/uploads\/2025\/11\/bulk-elegant-ceramic-coffee-cup-3.webp\" alt=\"bulk elegante keramik kaffeetasse 3\" class=\"wp-image-920\" srcset=\"https:\/\/www.kedali.com\/wp-content\/uploads\/2025\/11\/bulk-elegant-ceramic-coffee-cup-3.webp 800w, https:\/\/www.kedali.com\/wp-content\/uploads\/2025\/11\/bulk-elegant-ceramic-coffee-cup-3-300x300.webp 300w, https:\/\/www.kedali.com\/wp-content\/uploads\/2025\/11\/bulk-elegant-ceramic-coffee-cup-3-150x150.webp 150w, https:\/\/www.kedali.com\/wp-content\/uploads\/2025\/11\/bulk-elegant-ceramic-coffee-cup-3-768x768.webp 768w, https:\/\/www.kedali.com\/wp-content\/uploads\/2025\/11\/bulk-elegant-ceramic-coffee-cup-3-600x600.webp 600w, https:\/\/www.kedali.com\/wp-content\/uploads\/2025\/11\/bulk-elegant-ceramic-coffee-cup-3-100x100.webp 100w\" sizes=\"(max-width: 800px) 100vw, 800px\" \/><\/figure>\n<\/div>\n<\/div>","protected":false},"excerpt":{"rendered":"<p>Gro\u00dfhandel Keramik Kaffeetassen. Unsere Keramik-Kaffeetasse bietet glatte glasierte Oberfl\u00e4chen, reiche Farboptionen und luxuri\u00f6se goldene Griffe. Perfekt f\u00fcr Heimcaf\u00e9s, B\u00fcroeinrichtungen oder als durchdachte Geschenke - wo Stil auf Funktion trifft. Holen Sie sich jetzt Ihr Angebot!<\/p>\n<h2>Spezifikationen der Keramik-Kaffeetasse<\/h2>\n<table width=\"235\">\n<tbody>\n<tr>\n<td width=\"69\">Marke<\/td>\n<td width=\"166\">KDL<\/td>\n<\/tr>\n<tr>\n<td width=\"69\">Modell<\/td>\n<td width=\"166\">TBS588<\/td>\n<\/tr>\n<tr>\n<td width=\"69\">Material<\/td>\n<td width=\"166\">Keramik<\/td>\n<\/tr>\n<tr>\n<td width=\"69\">Farbe<\/td>\n<td width=\"166\">angepasst<\/td>\n<\/tr>\n<tr>\n<td width=\"69\">Anmeldung<\/td>\n<td width=\"166\">Keramik-Kaffeetasse<\/td>\n<\/tr>\n<tr>\n<td width=\"69\">Merkmal<\/td>\n<td width=\"166\">Farbe glasiert<\/td>\n<\/tr>\n<tr>\n<td width=\"69\">Abmessungen<\/td>\n<td width=\"166\">11.7*8.2*9.1cm<\/td>\n<\/tr>\n<tr>\n<td width=\"69\">Bruttogewicht (kg)<\/td>\n<td width=\"166\">0.33<\/td>\n<\/tr>\n<tr>\n<td width=\"69\">Mindestbestellmenge<\/td>\n<td width=\"166\">800 S\u00e4tze<\/td>\n<\/tr>\n<\/tbody>\n<\/table>\n<p>&nbsp;<\/p>\n<p><script src=\"chrome-extension:\/\/fpelahbljekknahkcaegamhcndkfpfnc\/iFrame.js\" type=\"text\/javascript\"><\/script><\/p>","protected":false},"featured_media":918,"comment_status":"closed","ping_status":"closed","template":"","meta":{"_acf_changed":false},"product_brand":[],"product_cat":[21],"product_tag":[],"class_list":{"0":"post-917","1":"product","2":"type-product","3":"status-publish","4":"has-post-thumbnail","6":"product_cat-wholesale-ceramic-mugs-and-cups","8":"first","9":"instock","10":"shipping-taxable","11":"product-type-simple"},"acf":[],"_links":{"self":[{"href":"https:\/\/www.kedali.com\/de\/wp-json\/wp\/v2\/product\/917","targetHints":{"allow":["GET"]}}],"collection":[{"href":"https:\/\/www.kedali.com\/de\/wp-json\/wp\/v2\/product"}],"about":[{"href":"https:\/\/www.kedali.com\/de\/wp-json\/wp\/v2\/types\/product"}],"replies":[{"embeddable":true,"href":"https:\/\/www.kedali.com\/de\/wp-json\/wp\/v2\/comments?post=917"}],"wp:featuredmedia":[{"embeddable":true,"href":"https:\/\/www.kedali.com\/de\/wp-json\/wp\/v2\/media\/918"}],"wp:attachment":[{"href":"https:\/\/www.kedali.com\/de\/wp-json\/wp\/v2\/media?parent=917"}],"wp:term":[{"taxonomy":"product_brand","embeddable":true,"href":"https:\/\/www.kedali.com\/de\/wp-json\/wp\/v2\/product_brand?post=917"},{"taxonomy":"product_cat","embeddable":true,"href":"https:\/\/www.kedali.com\/de\/wp-json\/wp\/v2\/product_cat?post=917"},{"taxonomy":"product_tag","embeddable":true,"href":"https:\/\/www.kedali.com\/de\/wp-json\/wp\/v2\/product_tag?post=917"}],"curies":[{"name":"wp","href":"https:\/\/api.w.org\/{rel}","templated":true}]}}